{"id":99,"date":"2018-10-13T00:54:02","date_gmt":"2018-10-12T22:54:02","guid":{"rendered":"http:\/\/hellasgarden.se\/?page_id=99"},"modified":"2026-01-16T14:25:14","modified_gmt":"2026-01-16T13:25:14","slug":"konferens","status":"publish","type":"page","link":"https:\/\/hellasgarden.se\/zh\/konferens\/","title":{"rendered":"\u4f1a\u8bae"},"content":{"rendered":"<div id=\"cs-content\" class=\"cs-content\"><\/div>","protected":false},"excerpt":{"rendered":"<p>\u5728\u7eb3\u5361\u7684 Hellasg\u00e5rden \u53ec\u5f00\u4f1a\u8bae--\u5065\u5eb7\u4f1a\u8baeHellasg\u00e5rden \u4e3a\u60a8\u7684\u516c\u53f8\u5e26\u6765\u5065\u5eb7\u65b0\u6d3b\u529b\u3002\u5728\u8fd9\u91cc\uff0c\u60a8\u53ef\u4ee5\u627e\u5230\u8212\u7f13\u7684\u4f1a\u8bae\u73af\u5883\u3002\u6b22\u8fce\u5149\u4e34... <\/p>\n<div><a href=\"https:\/\/hellasgarden.se\/zh\/konferens\/\" class=\"more-link\">\u9605\u8bfb\u66f4\u591a<\/a><\/div>","protected":false},"author":1,"featured_media":0,"parent":0,"menu_order":0,"comment_status":"closed","ping_status":"closed","template":"template-blank-4.php","meta":{"_monsterinsights_skip_tracking":false,"_monsterinsights_sitenote_active":false,"_monsterinsights_sitenote_note":"","_monsterinsights_sitenote_category":0},"yoast_head":"<!-- This site is optimized with the Yoast SEO plugin v21.8.1 - https:\/\/yoast.com\/wordpress\/plugins\/seo\/ -->\n<title>Konferens Nacka - Hellasg\u00e5rden<\/title>\n<meta name=\"description\" content=\"Tack vare n\u00e4rheten till en stor m\u00e4ngd olika idrotts- och friluftsaktiviteter kan vi tillsammans med dig s\u00e4tta ihop ett sp\u00e4nnande konferens.\" \/>\n<meta name=\"robots\" content=\"index, follow, max-snippet:-1, max-image-preview:large, max-video-preview:-1\" \/>\n<link rel=\"canonical\" href=\"https:\/\/hellasgarden.se\/zh\/konferens\/\" \/>\n<meta property=\"og:locale\" content=\"zh_CN\" \/>\n<meta property=\"og:type\" content=\"article\" \/>\n<meta property=\"og:title\" content=\"Konferens Nacka - Hellasg\u00e5rden\" \/>\n<meta property=\"og:description\" content=\"Tack vare n\u00e4rheten till en stor m\u00e4ngd olika idrotts- och friluftsaktiviteter kan vi tillsammans med dig s\u00e4tta ihop ett sp\u00e4nnande konferens.\" \/>\n<meta property=\"og:url\" content=\"https:\/\/hellasgarden.se\/zh\/konferens\/\" \/>\n<meta property=\"og:site_name\" content=\"Hellasg\u00e5rden\" \/>\n<meta property=\"article:modified_time\" content=\"2026-01-16T13:25:14+00:00\" \/>\n<meta name=\"twitter:card\" content=\"summary_large_image\" \/>\n<meta name=\"twitter:label1\" content=\"\u9884\u8ba1\u9605\u8bfb\u65f6\u95f4\" \/>\n\t<meta name=\"twitter:data1\" content=\"8\u5206\" \/>\n<script type=\"application\/ld+json\" class=\"yoast-schema-graph\">{\"@context\":\"https:\/\/schema.org\",\"@graph\":[{\"@type\":\"WebPage\",\"@id\":\"https:\/\/hellasgarden.se\/konferens\/\",\"url\":\"https:\/\/hellasgarden.se\/konferens\/\",\"name\":\"Konferens Nacka - Hellasg\u00e5rden\",\"isPartOf\":{\"@id\":\"https:\/\/hellasgarden.se\/#website\"},\"datePublished\":\"2018-10-12T22:54:02+00:00\",\"dateModified\":\"2026-01-16T13:25:14+00:00\",\"description\":\"Tack vare n\u00e4rheten till en stor m\u00e4ngd olika idrotts- och friluftsaktiviteter kan vi tillsammans med dig s\u00e4tta ihop ett sp\u00e4nnande konferens.\",\"breadcrumb\":{\"@id\":\"https:\/\/hellasgarden.se\/konferens\/#breadcrumb\"},\"inLanguage\":\"zh-CN\",\"potentialAction\":[{\"@type\":\"ReadAction\",\"target\":[\"https:\/\/hellasgarden.se\/konferens\/\"]}]},{\"@type\":\"BreadcrumbList\",\"@id\":\"https:\/\/hellasgarden.se\/konferens\/#breadcrumb\",\"itemListElement\":[{\"@type\":\"ListItem\",\"position\":1,\"name\":\"Hem\",\"item\":\"https:\/\/hellasgarden.se\/\"},{\"@type\":\"ListItem\",\"position\":2,\"name\":\"Konferens\"}]},{\"@type\":\"WebSite\",\"@id\":\"https:\/\/hellasgarden.se\/#website\",\"url\":\"https:\/\/hellasgarden.se\/\",\"name\":\"Hellasg\u00e5rden\",\"description\":\"Din port till naturen\",\"potentialAction\":[{\"@type\":\"SearchAction\",\"target\":{\"@type\":\"EntryPoint\",\"urlTemplate\":\"https:\/\/hellasgarden.se\/?s={search_term_string}\"},\"query-input\":\"required name=search_term_string\"}],\"inLanguage\":\"zh-CN\"}]}<\/script>\n<!-- \/ Yoast SEO plugin. -->","yoast_head_json":{"title":"Konferens Nacka - Hellasg\u00e5rden","description":"Tack vare n\u00e4rheten till en stor m\u00e4ngd olika idrotts- och friluftsaktiviteter kan vi tillsammans med dig s\u00e4tta ihop ett sp\u00e4nnande konferens.","robots":{"index":"index","follow":"follow","max-snippet":"max-snippet:-1","max-image-preview":"max-image-preview:large","max-video-preview":"max-video-preview:-1"},"canonical":"https:\/\/hellasgarden.se\/zh\/konferens\/","og_locale":"zh_CN","og_type":"article","og_title":"Konferens Nacka - Hellasg\u00e5rden","og_description":"Tack vare n\u00e4rheten till en stor m\u00e4ngd olika idrotts- och friluftsaktiviteter kan vi tillsammans med dig s\u00e4tta ihop ett sp\u00e4nnande konferens.","og_url":"https:\/\/hellasgarden.se\/zh\/konferens\/","og_site_name":"Hellasg\u00e5rden","article_modified_time":"2026-01-16T13:25:14+00:00","twitter_card":"summary_large_image","twitter_misc":{"\u9884\u8ba1\u9605\u8bfb\u65f6\u95f4":"8\u5206"},"schema":{"@context":"https:\/\/schema.org","@graph":[{"@type":"WebPage","@id":"https:\/\/hellasgarden.se\/konferens\/","url":"https:\/\/hellasgarden.se\/konferens\/","name":"Konferens Nacka - Hellasg\u00e5rden","isPartOf":{"@id":"https:\/\/hellasgarden.se\/#website"},"datePublished":"2018-10-12T22:54:02+00:00","dateModified":"2026-01-16T13:25:14+00:00","description":"Tack vare n\u00e4rheten till en stor m\u00e4ngd olika idrotts- och friluftsaktiviteter kan vi tillsammans med dig s\u00e4tta ihop ett sp\u00e4nnande konferens.","breadcrumb":{"@id":"https:\/\/hellasgarden.se\/konferens\/#breadcrumb"},"inLanguage":"zh-CN","potentialAction":[{"@type":"ReadAction","target":["https:\/\/hellasgarden.se\/konferens\/"]}]},{"@type":"BreadcrumbList","@id":"https:\/\/hellasgarden.se\/konferens\/#breadcrumb","itemListElement":[{"@type":"ListItem","position":1,"name":"Hem","item":"https:\/\/hellasgarden.se\/"},{"@type":"ListItem","position":2,"name":"Konferens"}]},{"@type":"WebSite","@id":"https:\/\/hellasgarden.se\/#website","url":"https:\/\/hellasgarden.se\/","name":"Hellasg\u00e5rden","description":"Din port till naturen","potentialAction":[{"@type":"SearchAction","target":{"@type":"EntryPoint","urlTemplate":"https:\/\/hellasgarden.se\/?s={search_term_string}"},"query-input":"required name=search_term_string"}],"inLanguage":"zh-CN"}]}},"_links":{"self":[{"href":"https:\/\/hellasgarden.se\/zh\/wp-json\/wp\/v2\/pages\/99"}],"collection":[{"href":"https:\/\/hellasgarden.se\/zh\/wp-json\/wp\/v2\/pages"}],"about":[{"href":"https:\/\/hellasgarden.se\/zh\/wp-json\/wp\/v2\/types\/page"}],"author":[{"embeddable":true,"href":"https:\/\/hellasgarden.se\/zh\/wp-json\/wp\/v2\/users\/1"}],"replies":[{"embeddable":true,"href":"https:\/\/hellasgarden.se\/zh\/wp-json\/wp\/v2\/comments?post=99"}],"version-history":[{"count":198,"href":"https:\/\/hellasgarden.se\/zh\/wp-json\/wp\/v2\/pages\/99\/revisions"}],"predecessor-version":[{"id":46691,"href":"https:\/\/hellasgarden.se\/zh\/wp-json\/wp\/v2\/pages\/99\/revisions\/46691"}],"wp:attachment":[{"href":"https:\/\/hellasgarden.se\/zh\/wp-json\/wp\/v2\/media?parent=99"}],"curies":[{"name":"wp","href":"https:\/\/api.w.org\/{rel}","templated":true}]}}