{"id":604,"date":"2018-10-31T11:40:15","date_gmt":"2018-10-31T10:40:15","guid":{"rendered":"http:\/\/hellasgarden.se\/?page_id=604"},"modified":"2022-09-12T10:32:27","modified_gmt":"2022-09-12T08:32:27","slug":"vandring","status":"publish","type":"page","link":"https:\/\/hellasgarden.se\/zh\/aktiviteter\/vandring\/","title":{"rendered":"\u5f92\u6b65\u65c5\u884c"},"content":{"rendered":"<div id=\"cs-content\" class=\"cs-content\"><\/div>","protected":false},"excerpt":{"rendered":"<p>\u5f92\u6b65\u65c5\u884c\u4e3b\u9875\u5f92\u6b65\u65c5\u884c\u5728Nackareservatet\uff01Hellasg\u00e5rden\u662f\u4e00\u4e2a\u4f18\u79c0\u7684\u4e00\u65e5\u6e38\u8d77\u70b9\u3002\u5728\u8fd9\u91cc\uff0c\u4f60\u53ef\u4ee5\u81ea\u5df1\u62ff\u7740\u5730\u56fe\u4e0e\u5927\u81ea\u7136\u4eb2\u5bc6\u63a5\u89e6\uff0c\u4e5f\u53ef\u4ee5\u5728\u4f18\u79c0\u5c0f\u5f84\u7684\u5e2e\u52a9\u4e0b\u4e0e\u5927\u81ea\u7136\u63a5\u89e6\u3002\u5728\u8fd9\u91cc\uff0c\u4f60\u53ef\u4ee5\u81ea\u7531\u5730\u5b8c\u6210... <\/p>\n<div><a href=\"https:\/\/hellasgarden.se\/zh\/aktiviteter\/vandring\/\" class=\"more-link\">\u9605\u8bfb\u66f4\u591a<\/a><\/div>","protected":false},"author":1,"featured_media":0,"parent":213,"menu_order":0,"comment_status":"closed","ping_status":"closed","template":"template-blank-4.php","meta":{"_monsterinsights_skip_tracking":false,"_monsterinsights_sitenote_active":false,"_monsterinsights_sitenote_note":"","_monsterinsights_sitenote_category":0},"yoast_head":"<!-- This site is optimized with the Yoast SEO plugin v21.8.1 - https:\/\/yoast.com\/wordpress\/plugins\/seo\/ -->\n<title>Vandring - Hellasg\u00e5rden<\/title>\n<meta name=\"robots\" content=\"index, follow, max-snippet:-1, max-image-preview:large, max-video-preview:-1\" \/>\n<link rel=\"canonical\" href=\"https:\/\/hellasgarden.se\/zh\/aktiviteter\/vandring\/\" \/>\n<meta property=\"og:locale\" content=\"zh_CN\" \/>\n<meta property=\"og:type\" content=\"article\" \/>\n<meta property=\"og:title\" content=\"Vandring - Hellasg\u00e5rden\" \/>\n<meta property=\"og:description\" content=\"Vandring&nbsp;HemVandra i Nackareservatet!Hellasg\u00e5rden \u00e4r en utm\u00e4rkt utg\u00e5ngspunkt f\u00f6r dagsutflykten. H\u00e4r kan du p\u00e5 egen hand med karta, eller med hj\u00e4lpt av utm\u00e4rkta leder, komma i n\u00e4rkontakt med naturen. Avrunda g\u00e4rna ... Read More\" \/>\n<meta property=\"og:url\" content=\"https:\/\/hellasgarden.se\/zh\/aktiviteter\/vandring\/\" \/>\n<meta property=\"og:site_name\" content=\"Hellasg\u00e5rden\" \/>\n<meta property=\"article:modified_time\" content=\"2022-09-12T08:32:27+00:00\" \/>\n<meta name=\"twitter:card\" content=\"summary_large_image\" \/>\n<meta name=\"twitter:label1\" content=\"\u9884\u8ba1\u9605\u8bfb\u65f6\u95f4\" \/>\n\t<meta name=\"twitter:data1\" content=\"1\u5206\" \/>\n<script type=\"application\/ld+json\" class=\"yoast-schema-graph\">{\"@context\":\"https:\/\/schema.org\",\"@graph\":[{\"@type\":\"WebPage\",\"@id\":\"https:\/\/hellasgarden.se\/aktiviteter\/vandring\/\",\"url\":\"https:\/\/hellasgarden.se\/aktiviteter\/vandring\/\",\"name\":\"Vandring - Hellasg\u00e5rden\",\"isPartOf\":{\"@id\":\"https:\/\/hellasgarden.se\/#website\"},\"datePublished\":\"2018-10-31T10:40:15+00:00\",\"dateModified\":\"2022-09-12T08:32:27+00:00\",\"breadcrumb\":{\"@id\":\"https:\/\/hellasgarden.se\/aktiviteter\/vandring\/#breadcrumb\"},\"inLanguage\":\"zh-CN\",\"potentialAction\":[{\"@type\":\"ReadAction\",\"target\":[\"https:\/\/hellasgarden.se\/aktiviteter\/vandring\/\"]}]},{\"@type\":\"BreadcrumbList\",\"@id\":\"https:\/\/hellasgarden.se\/aktiviteter\/vandring\/#breadcrumb\",\"itemListElement\":[{\"@type\":\"ListItem\",\"position\":1,\"name\":\"Hem\",\"item\":\"https:\/\/hellasgarden.se\/\"},{\"@type\":\"ListItem\",\"position\":2,\"name\":\"Aktiviteter\",\"item\":\"https:\/\/hellasgarden.se\/aktiviteter\/\"},{\"@type\":\"ListItem\",\"position\":3,\"name\":\"Vandring\"}]},{\"@type\":\"WebSite\",\"@id\":\"https:\/\/hellasgarden.se\/#website\",\"url\":\"https:\/\/hellasgarden.se\/\",\"name\":\"Hellasg\u00e5rden\",\"description\":\"Din port till naturen\",\"potentialAction\":[{\"@type\":\"SearchAction\",\"target\":{\"@type\":\"EntryPoint\",\"urlTemplate\":\"https:\/\/hellasgarden.se\/?s={search_term_string}\"},\"query-input\":\"required name=search_term_string\"}],\"inLanguage\":\"zh-CN\"}]}<\/script>\n<!-- \/ Yoast SEO plugin. -->","yoast_head_json":{"title":"Vandring - Hellasg\u00e5rden","robots":{"index":"index","follow":"follow","max-snippet":"max-snippet:-1","max-image-preview":"max-image-preview:large","max-video-preview":"max-video-preview:-1"},"canonical":"https:\/\/hellasgarden.se\/zh\/aktiviteter\/vandring\/","og_locale":"zh_CN","og_type":"article","og_title":"Vandring - Hellasg\u00e5rden","og_description":"Vandring&nbsp;HemVandra i Nackareservatet!Hellasg\u00e5rden \u00e4r en utm\u00e4rkt utg\u00e5ngspunkt f\u00f6r dagsutflykten. H\u00e4r kan du p\u00e5 egen hand med karta, eller med hj\u00e4lpt av utm\u00e4rkta leder, komma i n\u00e4rkontakt med naturen. Avrunda g\u00e4rna ... Read More","og_url":"https:\/\/hellasgarden.se\/zh\/aktiviteter\/vandring\/","og_site_name":"Hellasg\u00e5rden","article_modified_time":"2022-09-12T08:32:27+00:00","twitter_card":"summary_large_image","twitter_misc":{"\u9884\u8ba1\u9605\u8bfb\u65f6\u95f4":"1\u5206"},"schema":{"@context":"https:\/\/schema.org","@graph":[{"@type":"WebPage","@id":"https:\/\/hellasgarden.se\/aktiviteter\/vandring\/","url":"https:\/\/hellasgarden.se\/aktiviteter\/vandring\/","name":"Vandring - Hellasg\u00e5rden","isPartOf":{"@id":"https:\/\/hellasgarden.se\/#website"},"datePublished":"2018-10-31T10:40:15+00:00","dateModified":"2022-09-12T08:32:27+00:00","breadcrumb":{"@id":"https:\/\/hellasgarden.se\/aktiviteter\/vandring\/#breadcrumb"},"inLanguage":"zh-CN","potentialAction":[{"@type":"ReadAction","target":["https:\/\/hellasgarden.se\/aktiviteter\/vandring\/"]}]},{"@type":"BreadcrumbList","@id":"https:\/\/hellasgarden.se\/aktiviteter\/vandring\/#breadcrumb","itemListElement":[{"@type":"ListItem","position":1,"name":"Hem","item":"https:\/\/hellasgarden.se\/"},{"@type":"ListItem","position":2,"name":"Aktiviteter","item":"https:\/\/hellasgarden.se\/aktiviteter\/"},{"@type":"ListItem","position":3,"name":"Vandring"}]},{"@type":"WebSite","@id":"https:\/\/hellasgarden.se\/#website","url":"https:\/\/hellasgarden.se\/","name":"Hellasg\u00e5rden","description":"Din port till naturen","potentialAction":[{"@type":"SearchAction","target":{"@type":"EntryPoint","urlTemplate":"https:\/\/hellasgarden.se\/?s={search_term_string}"},"query-input":"required name=search_term_string"}],"inLanguage":"zh-CN"}]}},"_links":{"self":[{"href":"https:\/\/hellasgarden.se\/zh\/wp-json\/wp\/v2\/pages\/604"}],"collection":[{"href":"https:\/\/hellasgarden.se\/zh\/wp-json\/wp\/v2\/pages"}],"about":[{"href":"https:\/\/hellasgarden.se\/zh\/wp-json\/wp\/v2\/types\/page"}],"author":[{"embeddable":true,"href":"https:\/\/hellasgarden.se\/zh\/wp-json\/wp\/v2\/users\/1"}],"replies":[{"embeddable":true,"href":"https:\/\/hellasgarden.se\/zh\/wp-json\/wp\/v2\/comments?post=604"}],"version-history":[{"count":7,"href":"https:\/\/hellasgarden.se\/zh\/wp-json\/wp\/v2\/pages\/604\/revisions"}],"predecessor-version":[{"id":43988,"href":"https:\/\/hellasgarden.se\/zh\/wp-json\/wp\/v2\/pages\/604\/revisions\/43988"}],"up":[{"embeddable":true,"href":"https:\/\/hellasgarden.se\/zh\/wp-json\/wp\/v2\/pages\/213"}],"wp:attachment":[{"href":"https:\/\/hellasgarden.se\/zh\/wp-json\/wp\/v2\/media?parent=604"}],"curies":[{"name":"wp","href":"https:\/\/api.w.org\/{rel}","templated":true}]}}