{"id":602,"date":"2018-10-31T11:39:49","date_gmt":"2018-10-31T10:39:49","guid":{"rendered":"http:\/\/hellasgarden.se\/?page_id=602"},"modified":"2025-06-24T13:37:32","modified_gmt":"2025-06-24T11:37:32","slug":"tennis","status":"publish","type":"page","link":"https:\/\/hellasgarden.se\/zh\/aktiviteter\/tennis\/","title":{"rendered":"\u7f51\u7403"},"content":{"rendered":"<div id=\"cs-content\" class=\"cs-content\"><\/div>","protected":false},"excerpt":{"rendered":"<p>\u7f51\u7403\u4e3b\u9875\u5728\u7ea2\u571f\u4e0a\u6253\u7f51\u7403\uff01Hellasg\u00e5rden \u6709\u516d\u4e2a\u65b0\u7684\u7ea2\u571f\u7f51\u7403\u573a\u3002\u5f00\u653e\u65f6\u95f4\uff1a5 \u6708\u81f3 9 \u6708\u3002\u5f00\u653e\u65f6\u95f4 \u5168\u5929 07.00-22.00\uff08\u5728\u5929\u6c14\u548c\u65e5\u7167\u65f6\u95f4\u5141\u8bb8\u7684\u60c5\u51b5\u4e0b\uff09 \u5982\u9700\u76f4\u63a5\u524d\u5f80\u7f51\u7403\u573a\uff0c\u8bf7\u8054\u7cfb\u6211\u4eec\u3002 <\/p>\n<div><a href=\"https:\/\/hellasgarden.se\/zh\/aktiviteter\/tennis\/\" class=\"more-link\">\u9605\u8bfb\u66f4\u591a<\/a><\/div>","protected":false},"author":1,"featured_media":0,"parent":213,"menu_order":0,"comment_status":"closed","ping_status":"closed","template":"template-blank-4.php","meta":{"_monsterinsights_skip_tracking":false,"_monsterinsights_sitenote_active":false,"_monsterinsights_sitenote_note":"","_monsterinsights_sitenote_category":0},"yoast_head":"<!-- This site is optimized with the Yoast SEO plugin v21.8.1 - https:\/\/yoast.com\/wordpress\/plugins\/seo\/ -->\n<title>Tennis - Hellasg\u00e5rden<\/title>\n<meta name=\"robots\" content=\"index, follow, max-snippet:-1, max-image-preview:large, max-video-preview:-1\" \/>\n<link rel=\"canonical\" href=\"https:\/\/hellasgarden.se\/zh\/aktiviteter\/tennis\/\" \/>\n<meta property=\"og:locale\" content=\"zh_CN\" \/>\n<meta property=\"og:type\" content=\"article\" \/>\n<meta property=\"og:title\" content=\"Tennis - Hellasg\u00e5rden\" \/>\n<meta property=\"og:description\" content=\"Tennis&nbsp;HemSpela tennis p&aring; grus!Hellasg\u00e5rden har sex nya fina tennisbanor p\u00e5 grus. Anl\u00e4ggningen \u00e4r \u00f6ppen maj \u2013 september. \u00d6ppettider Alla dagar 07.00-22.00 (n\u00e4r v\u00e4der och soltimmar till\u00e5ter) F\u00f6r att komma direkt ... Read More\" \/>\n<meta property=\"og:url\" content=\"https:\/\/hellasgarden.se\/zh\/aktiviteter\/tennis\/\" \/>\n<meta property=\"og:site_name\" content=\"Hellasg\u00e5rden\" \/>\n<meta property=\"article:modified_time\" content=\"2025-06-24T11:37:32+00:00\" \/>\n<meta name=\"twitter:card\" content=\"summary_large_image\" \/>\n<meta name=\"twitter:label1\" content=\"\u9884\u8ba1\u9605\u8bfb\u65f6\u95f4\" \/>\n\t<meta name=\"twitter:data1\" content=\"1\u5206\" \/>\n<script type=\"application\/ld+json\" class=\"yoast-schema-graph\">{\"@context\":\"https:\/\/schema.org\",\"@graph\":[{\"@type\":\"WebPage\",\"@id\":\"https:\/\/hellasgarden.se\/aktiviteter\/tennis\/\",\"url\":\"https:\/\/hellasgarden.se\/aktiviteter\/tennis\/\",\"name\":\"Tennis - Hellasg\u00e5rden\",\"isPartOf\":{\"@id\":\"https:\/\/hellasgarden.se\/#website\"},\"datePublished\":\"2018-10-31T10:39:49+00:00\",\"dateModified\":\"2025-06-24T11:37:32+00:00\",\"breadcrumb\":{\"@id\":\"https:\/\/hellasgarden.se\/aktiviteter\/tennis\/#breadcrumb\"},\"inLanguage\":\"zh-CN\",\"potentialAction\":[{\"@type\":\"ReadAction\",\"target\":[\"https:\/\/hellasgarden.se\/aktiviteter\/tennis\/\"]}]},{\"@type\":\"BreadcrumbList\",\"@id\":\"https:\/\/hellasgarden.se\/aktiviteter\/tennis\/#breadcrumb\",\"itemListElement\":[{\"@type\":\"ListItem\",\"position\":1,\"name\":\"Hem\",\"item\":\"https:\/\/hellasgarden.se\/\"},{\"@type\":\"ListItem\",\"position\":2,\"name\":\"Aktiviteter\",\"item\":\"https:\/\/hellasgarden.se\/aktiviteter\/\"},{\"@type\":\"ListItem\",\"position\":3,\"name\":\"Tennis\"}]},{\"@type\":\"WebSite\",\"@id\":\"https:\/\/hellasgarden.se\/#website\",\"url\":\"https:\/\/hellasgarden.se\/\",\"name\":\"Hellasg\u00e5rden\",\"description\":\"Din port till naturen\",\"potentialAction\":[{\"@type\":\"SearchAction\",\"target\":{\"@type\":\"EntryPoint\",\"urlTemplate\":\"https:\/\/hellasgarden.se\/?s={search_term_string}\"},\"query-input\":\"required name=search_term_string\"}],\"inLanguage\":\"zh-CN\"}]}<\/script>\n<!-- \/ Yoast SEO plugin. -->","yoast_head_json":{"title":"Tennis - Hellasg\u00e5rden","robots":{"index":"index","follow":"follow","max-snippet":"max-snippet:-1","max-image-preview":"max-image-preview:large","max-video-preview":"max-video-preview:-1"},"canonical":"https:\/\/hellasgarden.se\/zh\/aktiviteter\/tennis\/","og_locale":"zh_CN","og_type":"article","og_title":"Tennis - Hellasg\u00e5rden","og_description":"Tennis&nbsp;HemSpela tennis p&aring; grus!Hellasg\u00e5rden har sex nya fina tennisbanor p\u00e5 grus. Anl\u00e4ggningen \u00e4r \u00f6ppen maj \u2013 september. \u00d6ppettider Alla dagar 07.00-22.00 (n\u00e4r v\u00e4der och soltimmar till\u00e5ter) F\u00f6r att komma direkt ... Read More","og_url":"https:\/\/hellasgarden.se\/zh\/aktiviteter\/tennis\/","og_site_name":"Hellasg\u00e5rden","article_modified_time":"2025-06-24T11:37:32+00:00","twitter_card":"summary_large_image","twitter_misc":{"\u9884\u8ba1\u9605\u8bfb\u65f6\u95f4":"1\u5206"},"schema":{"@context":"https:\/\/schema.org","@graph":[{"@type":"WebPage","@id":"https:\/\/hellasgarden.se\/aktiviteter\/tennis\/","url":"https:\/\/hellasgarden.se\/aktiviteter\/tennis\/","name":"Tennis - Hellasg\u00e5rden","isPartOf":{"@id":"https:\/\/hellasgarden.se\/#website"},"datePublished":"2018-10-31T10:39:49+00:00","dateModified":"2025-06-24T11:37:32+00:00","breadcrumb":{"@id":"https:\/\/hellasgarden.se\/aktiviteter\/tennis\/#breadcrumb"},"inLanguage":"zh-CN","potentialAction":[{"@type":"ReadAction","target":["https:\/\/hellasgarden.se\/aktiviteter\/tennis\/"]}]},{"@type":"BreadcrumbList","@id":"https:\/\/hellasgarden.se\/aktiviteter\/tennis\/#breadcrumb","itemListElement":[{"@type":"ListItem","position":1,"name":"Hem","item":"https:\/\/hellasgarden.se\/"},{"@type":"ListItem","position":2,"name":"Aktiviteter","item":"https:\/\/hellasgarden.se\/aktiviteter\/"},{"@type":"ListItem","position":3,"name":"Tennis"}]},{"@type":"WebSite","@id":"https:\/\/hellasgarden.se\/#website","url":"https:\/\/hellasgarden.se\/","name":"Hellasg\u00e5rden","description":"Din port till naturen","potentialAction":[{"@type":"SearchAction","target":{"@type":"EntryPoint","urlTemplate":"https:\/\/hellasgarden.se\/?s={search_term_string}"},"query-input":"required name=search_term_string"}],"inLanguage":"zh-CN"}]}},"_links":{"self":[{"href":"https:\/\/hellasgarden.se\/zh\/wp-json\/wp\/v2\/pages\/602"}],"collection":[{"href":"https:\/\/hellasgarden.se\/zh\/wp-json\/wp\/v2\/pages"}],"about":[{"href":"https:\/\/hellasgarden.se\/zh\/wp-json\/wp\/v2\/types\/page"}],"author":[{"embeddable":true,"href":"https:\/\/hellasgarden.se\/zh\/wp-json\/wp\/v2\/users\/1"}],"replies":[{"embeddable":true,"href":"https:\/\/hellasgarden.se\/zh\/wp-json\/wp\/v2\/comments?post=602"}],"version-history":[{"count":8,"href":"https:\/\/hellasgarden.se\/zh\/wp-json\/wp\/v2\/pages\/602\/revisions"}],"predecessor-version":[{"id":46414,"href":"https:\/\/hellasgarden.se\/zh\/wp-json\/wp\/v2\/pages\/602\/revisions\/46414"}],"up":[{"embeddable":true,"href":"https:\/\/hellasgarden.se\/zh\/wp-json\/wp\/v2\/pages\/213"}],"wp:attachment":[{"href":"https:\/\/hellasgarden.se\/zh\/wp-json\/wp\/v2\/media?parent=602"}],"curies":[{"name":"wp","href":"https:\/\/api.w.org\/{rel}","templated":true}]}}