{"id":594,"date":"2018-10-31T11:38:09","date_gmt":"2018-10-31T10:38:09","guid":{"rendered":"http:\/\/hellasgarden.se\/?page_id=594"},"modified":"2025-12-01T10:38:45","modified_gmt":"2025-12-01T09:38:45","slug":"hyra-kanot","status":"publish","type":"page","link":"https:\/\/hellasgarden.se\/zh\/aktiviteter\/hyra-kanot\/","title":{"rendered":"\u72ec\u6728\u821f"},"content":{"rendered":"<div id=\"cs-content\" class=\"cs-content\"><\/div>","protected":false},"excerpt":{"rendered":"<p>\u5212\u8239\u4e3b\u9875\u5728\u65af\u5fb7\u54e5\u5c14\u6469Hellasg\u00e5rden\u79df\u4e00\u8258\u72ec\u6728\u821f\u5728\u8fd9\u91cc\u4f60\u53ef\u4ee5\u79df\u4e00\u8258\u72ec\u6728\u821f\uff0c\u5728\u9644\u8fd1\u7684K\u00e4lltorpssj\u00f6n\u6216\u65af\u5fb7\u54e5\u5c14\u6469\u7684\u90bb\u8fd1\u6e56\u6cca\u5212\u8239\u3002\u5728Hellasg\u00e5rden\uff0c\u4f60\u53ef\u4ee5\u79df\u5230\u76ae\u5212\u8247\u3001\u72ec\u6728\u821f\u548cSUP\u3002 <\/p>\n<div><a href=\"https:\/\/hellasgarden.se\/zh\/aktiviteter\/hyra-kanot\/\" class=\"more-link\">\u9605\u8bfb\u66f4\u591a<\/a><\/div>","protected":false},"author":1,"featured_media":0,"parent":213,"menu_order":0,"comment_status":"closed","ping_status":"closed","template":"template-blank-4.php","meta":{"_monsterinsights_skip_tracking":false,"_monsterinsights_sitenote_active":false,"_monsterinsights_sitenote_note":"","_monsterinsights_sitenote_category":0},"yoast_head":"<!-- This site is optimized with the Yoast SEO plugin v21.8.1 - https:\/\/yoast.com\/wordpress\/plugins\/seo\/ -->\n<title>Hyra kanot i Stockholm - Hellasg\u00e5rden<\/title>\n<meta name=\"description\" content=\"H\u00e4r kan du hyra kanot och paddla i n\u00e4rliggande K\u00e4lltorpssj\u00f6n eller i angr\u00e4nsande sj\u00f6ar i Stockholm. Vi har kajak, kanadensare och SUP.\" \/>\n<meta name=\"robots\" content=\"index, follow, max-snippet:-1, max-image-preview:large, max-video-preview:-1\" \/>\n<link rel=\"canonical\" href=\"https:\/\/hellasgarden.se\/zh\/aktiviteter\/hyra-kanot\/\" \/>\n<meta property=\"og:locale\" content=\"zh_CN\" \/>\n<meta property=\"og:type\" content=\"article\" \/>\n<meta property=\"og:title\" content=\"Hyra kanot i Stockholm - Hellasg\u00e5rden\" \/>\n<meta property=\"og:description\" content=\"H\u00e4r kan du hyra kanot och paddla i n\u00e4rliggande K\u00e4lltorpssj\u00f6n eller i angr\u00e4nsande sj\u00f6ar i Stockholm. Vi har kajak, kanadensare och SUP.\" \/>\n<meta property=\"og:url\" content=\"https:\/\/hellasgarden.se\/zh\/aktiviteter\/hyra-kanot\/\" \/>\n<meta property=\"og:site_name\" content=\"Hellasg\u00e5rden\" \/>\n<meta property=\"article:modified_time\" content=\"2025-12-01T09:38:45+00:00\" \/>\n<meta name=\"twitter:card\" content=\"summary_large_image\" \/>\n<meta name=\"twitter:label1\" content=\"\u9884\u8ba1\u9605\u8bfb\u65f6\u95f4\" \/>\n\t<meta name=\"twitter:data1\" content=\"3\u5206\" \/>\n<script type=\"application\/ld+json\" class=\"yoast-schema-graph\">{\"@context\":\"https:\/\/schema.org\",\"@graph\":[{\"@type\":\"WebPage\",\"@id\":\"https:\/\/hellasgarden.se\/aktiviteter\/hyra-kanot\/\",\"url\":\"https:\/\/hellasgarden.se\/aktiviteter\/hyra-kanot\/\",\"name\":\"Hyra kanot i Stockholm - Hellasg\u00e5rden\",\"isPartOf\":{\"@id\":\"https:\/\/hellasgarden.se\/#website\"},\"datePublished\":\"2018-10-31T10:38:09+00:00\",\"dateModified\":\"2025-12-01T09:38:45+00:00\",\"description\":\"H\u00e4r kan du hyra kanot och paddla i n\u00e4rliggande K\u00e4lltorpssj\u00f6n eller i angr\u00e4nsande sj\u00f6ar i Stockholm. Vi har kajak, kanadensare och SUP.\",\"breadcrumb\":{\"@id\":\"https:\/\/hellasgarden.se\/aktiviteter\/hyra-kanot\/#breadcrumb\"},\"inLanguage\":\"zh-CN\",\"potentialAction\":[{\"@type\":\"ReadAction\",\"target\":[\"https:\/\/hellasgarden.se\/aktiviteter\/hyra-kanot\/\"]}]},{\"@type\":\"BreadcrumbList\",\"@id\":\"https:\/\/hellasgarden.se\/aktiviteter\/hyra-kanot\/#breadcrumb\",\"itemListElement\":[{\"@type\":\"ListItem\",\"position\":1,\"name\":\"Hem\",\"item\":\"https:\/\/hellasgarden.se\/\"},{\"@type\":\"ListItem\",\"position\":2,\"name\":\"Aktiviteter\",\"item\":\"https:\/\/hellasgarden.se\/aktiviteter\/\"},{\"@type\":\"ListItem\",\"position\":3,\"name\":\"Kanot\"}]},{\"@type\":\"WebSite\",\"@id\":\"https:\/\/hellasgarden.se\/#website\",\"url\":\"https:\/\/hellasgarden.se\/\",\"name\":\"Hellasg\u00e5rden\",\"description\":\"Din port till naturen\",\"potentialAction\":[{\"@type\":\"SearchAction\",\"target\":{\"@type\":\"EntryPoint\",\"urlTemplate\":\"https:\/\/hellasgarden.se\/?s={search_term_string}\"},\"query-input\":\"required name=search_term_string\"}],\"inLanguage\":\"zh-CN\"}]}<\/script>\n<!-- \/ Yoast SEO plugin. -->","yoast_head_json":{"title":"Hyra kanot i Stockholm - Hellasg\u00e5rden","description":"H\u00e4r kan du hyra kanot och paddla i n\u00e4rliggande K\u00e4lltorpssj\u00f6n eller i angr\u00e4nsande sj\u00f6ar i Stockholm. Vi har kajak, kanadensare och SUP.","robots":{"index":"index","follow":"follow","max-snippet":"max-snippet:-1","max-image-preview":"max-image-preview:large","max-video-preview":"max-video-preview:-1"},"canonical":"https:\/\/hellasgarden.se\/zh\/aktiviteter\/hyra-kanot\/","og_locale":"zh_CN","og_type":"article","og_title":"Hyra kanot i Stockholm - Hellasg\u00e5rden","og_description":"H\u00e4r kan du hyra kanot och paddla i n\u00e4rliggande K\u00e4lltorpssj\u00f6n eller i angr\u00e4nsande sj\u00f6ar i Stockholm. Vi har kajak, kanadensare och SUP.","og_url":"https:\/\/hellasgarden.se\/zh\/aktiviteter\/hyra-kanot\/","og_site_name":"Hellasg\u00e5rden","article_modified_time":"2025-12-01T09:38:45+00:00","twitter_card":"summary_large_image","twitter_misc":{"\u9884\u8ba1\u9605\u8bfb\u65f6\u95f4":"3\u5206"},"schema":{"@context":"https:\/\/schema.org","@graph":[{"@type":"WebPage","@id":"https:\/\/hellasgarden.se\/aktiviteter\/hyra-kanot\/","url":"https:\/\/hellasgarden.se\/aktiviteter\/hyra-kanot\/","name":"Hyra kanot i Stockholm - Hellasg\u00e5rden","isPartOf":{"@id":"https:\/\/hellasgarden.se\/#website"},"datePublished":"2018-10-31T10:38:09+00:00","dateModified":"2025-12-01T09:38:45+00:00","description":"H\u00e4r kan du hyra kanot och paddla i n\u00e4rliggande K\u00e4lltorpssj\u00f6n eller i angr\u00e4nsande sj\u00f6ar i Stockholm. Vi har kajak, kanadensare och SUP.","breadcrumb":{"@id":"https:\/\/hellasgarden.se\/aktiviteter\/hyra-kanot\/#breadcrumb"},"inLanguage":"zh-CN","potentialAction":[{"@type":"ReadAction","target":["https:\/\/hellasgarden.se\/aktiviteter\/hyra-kanot\/"]}]},{"@type":"BreadcrumbList","@id":"https:\/\/hellasgarden.se\/aktiviteter\/hyra-kanot\/#breadcrumb","itemListElement":[{"@type":"ListItem","position":1,"name":"Hem","item":"https:\/\/hellasgarden.se\/"},{"@type":"ListItem","position":2,"name":"Aktiviteter","item":"https:\/\/hellasgarden.se\/aktiviteter\/"},{"@type":"ListItem","position":3,"name":"Kanot"}]},{"@type":"WebSite","@id":"https:\/\/hellasgarden.se\/#website","url":"https:\/\/hellasgarden.se\/","name":"Hellasg\u00e5rden","description":"Din port till naturen","potentialAction":[{"@type":"SearchAction","target":{"@type":"EntryPoint","urlTemplate":"https:\/\/hellasgarden.se\/?s={search_term_string}"},"query-input":"required name=search_term_string"}],"inLanguage":"zh-CN"}]}},"_links":{"self":[{"href":"https:\/\/hellasgarden.se\/zh\/wp-json\/wp\/v2\/pages\/594"}],"collection":[{"href":"https:\/\/hellasgarden.se\/zh\/wp-json\/wp\/v2\/pages"}],"about":[{"href":"https:\/\/hellasgarden.se\/zh\/wp-json\/wp\/v2\/types\/page"}],"author":[{"embeddable":true,"href":"https:\/\/hellasgarden.se\/zh\/wp-json\/wp\/v2\/users\/1"}],"replies":[{"embeddable":true,"href":"https:\/\/hellasgarden.se\/zh\/wp-json\/wp\/v2\/comments?post=594"}],"version-history":[{"count":24,"href":"https:\/\/hellasgarden.se\/zh\/wp-json\/wp\/v2\/pages\/594\/revisions"}],"predecessor-version":[{"id":46583,"href":"https:\/\/hellasgarden.se\/zh\/wp-json\/wp\/v2\/pages\/594\/revisions\/46583"}],"up":[{"embeddable":true,"href":"https:\/\/hellasgarden.se\/zh\/wp-json\/wp\/v2\/pages\/213"}],"wp:attachment":[{"href":"https:\/\/hellasgarden.se\/zh\/wp-json\/wp\/v2\/media?parent=594"}],"curies":[{"name":"wp","href":"https:\/\/api.w.org\/{rel}","templated":true}]}}