{"id":573,"date":"2018-10-31T11:33:12","date_gmt":"2018-10-31T10:33:12","guid":{"rendered":"http:\/\/hellasgarden.se\/?page_id=573"},"modified":"2025-06-25T11:44:42","modified_gmt":"2025-06-25T09:44:42","slug":"brannboll","status":"publish","type":"page","link":"https:\/\/hellasgarden.se\/zh\/aktiviteter\/brannboll\/","title":{"rendered":"\u70ed\u7a7a\u6c14\u7403"},"content":{"rendered":"<div id=\"cs-content\" class=\"cs-content\"><\/div>","protected":false},"excerpt":{"rendered":"<p>\u706b\u7403\u4e3b\u9875\u73a9\u706b\u7403\uff01\u706b\u7403\u662f\u4e00\u6b3e\u4eba\u4eba\u90fd\u80fd\u53c2\u4e0e\u7684\u68cb\u76d8\u6e38\u620f\u3002\u5411\u6211\u4eec\u79df\u4e00\u5957\uff01\u4ef7\u683c\uff1a70 \u745e\u5178\u514b\u6717\/\u5957\/\u5c0f\u65f6\uff08\u62bc\u91d1\u8eab\u4efd\u8bc1\u4ef6\uff09\u5f00\u653e\u65f6\u95f4\u3002&nbsp;<\/p>","protected":false},"author":1,"featured_media":0,"parent":213,"menu_order":0,"comment_status":"closed","ping_status":"closed","template":"template-blank-4.php","meta":{"_monsterinsights_skip_tracking":false,"_monsterinsights_sitenote_active":false,"_monsterinsights_sitenote_note":"","_monsterinsights_sitenote_category":0},"yoast_head":"<!-- This site is optimized with the Yoast SEO plugin v21.8.1 - https:\/\/yoast.com\/wordpress\/plugins\/seo\/ -->\n<title>Br\u00e4nnboll - Hellasg\u00e5rden<\/title>\n<meta name=\"robots\" content=\"index, follow, max-snippet:-1, max-image-preview:large, max-video-preview:-1\" \/>\n<link rel=\"canonical\" href=\"https:\/\/hellasgarden.se\/zh\/aktiviteter\/brannboll\/\" \/>\n<meta property=\"og:locale\" content=\"zh_CN\" \/>\n<meta property=\"og:type\" content=\"article\" \/>\n<meta property=\"og:title\" content=\"Br\u00e4nnboll - Hellasg\u00e5rden\" \/>\n<meta property=\"og:description\" content=\"Br\u00e4nnboll&nbsp;HemSpela br\u00e4nnboll!Br\u00e4nnboll \u00e4r ett s\u00e4llskapsspel som alla kan vara med p\u00e5. Hyr ett set hos oss! Pris: 70 kr\/set och timme (deposition ID-handling) \u00d6ppettider.Tillbaks till Aktiviteter&nbsp;\" \/>\n<meta property=\"og:url\" content=\"https:\/\/hellasgarden.se\/zh\/aktiviteter\/brannboll\/\" \/>\n<meta property=\"og:site_name\" content=\"Hellasg\u00e5rden\" \/>\n<meta property=\"article:modified_time\" content=\"2025-06-25T09:44:42+00:00\" \/>\n<meta name=\"twitter:card\" content=\"summary_large_image\" \/>\n<meta name=\"twitter:label1\" content=\"\u9884\u8ba1\u9605\u8bfb\u65f6\u95f4\" \/>\n\t<meta name=\"twitter:data1\" content=\"1\u5206\" \/>\n<script type=\"application\/ld+json\" class=\"yoast-schema-graph\">{\"@context\":\"https:\/\/schema.org\",\"@graph\":[{\"@type\":\"WebPage\",\"@id\":\"https:\/\/hellasgarden.se\/aktiviteter\/brannboll\/\",\"url\":\"https:\/\/hellasgarden.se\/aktiviteter\/brannboll\/\",\"name\":\"Br\u00e4nnboll - Hellasg\u00e5rden\",\"isPartOf\":{\"@id\":\"https:\/\/hellasgarden.se\/#website\"},\"datePublished\":\"2018-10-31T10:33:12+00:00\",\"dateModified\":\"2025-06-25T09:44:42+00:00\",\"breadcrumb\":{\"@id\":\"https:\/\/hellasgarden.se\/aktiviteter\/brannboll\/#breadcrumb\"},\"inLanguage\":\"zh-CN\",\"potentialAction\":[{\"@type\":\"ReadAction\",\"target\":[\"https:\/\/hellasgarden.se\/aktiviteter\/brannboll\/\"]}]},{\"@type\":\"BreadcrumbList\",\"@id\":\"https:\/\/hellasgarden.se\/aktiviteter\/brannboll\/#breadcrumb\",\"itemListElement\":[{\"@type\":\"ListItem\",\"position\":1,\"name\":\"Hem\",\"item\":\"https:\/\/hellasgarden.se\/\"},{\"@type\":\"ListItem\",\"position\":2,\"name\":\"Aktiviteter\",\"item\":\"https:\/\/hellasgarden.se\/aktiviteter\/\"},{\"@type\":\"ListItem\",\"position\":3,\"name\":\"Br\u00e4nnboll\"}]},{\"@type\":\"WebSite\",\"@id\":\"https:\/\/hellasgarden.se\/#website\",\"url\":\"https:\/\/hellasgarden.se\/\",\"name\":\"Hellasg\u00e5rden\",\"description\":\"Din port till naturen\",\"potentialAction\":[{\"@type\":\"SearchAction\",\"target\":{\"@type\":\"EntryPoint\",\"urlTemplate\":\"https:\/\/hellasgarden.se\/?s={search_term_string}\"},\"query-input\":\"required name=search_term_string\"}],\"inLanguage\":\"zh-CN\"}]}<\/script>\n<!-- \/ Yoast SEO plugin. -->","yoast_head_json":{"title":"Br\u00e4nnboll - Hellasg\u00e5rden","robots":{"index":"index","follow":"follow","max-snippet":"max-snippet:-1","max-image-preview":"max-image-preview:large","max-video-preview":"max-video-preview:-1"},"canonical":"https:\/\/hellasgarden.se\/zh\/aktiviteter\/brannboll\/","og_locale":"zh_CN","og_type":"article","og_title":"Br\u00e4nnboll - Hellasg\u00e5rden","og_description":"Br\u00e4nnboll&nbsp;HemSpela br\u00e4nnboll!Br\u00e4nnboll \u00e4r ett s\u00e4llskapsspel som alla kan vara med p\u00e5. Hyr ett set hos oss! Pris: 70 kr\/set och timme (deposition ID-handling) \u00d6ppettider.Tillbaks till Aktiviteter&nbsp;","og_url":"https:\/\/hellasgarden.se\/zh\/aktiviteter\/brannboll\/","og_site_name":"Hellasg\u00e5rden","article_modified_time":"2025-06-25T09:44:42+00:00","twitter_card":"summary_large_image","twitter_misc":{"\u9884\u8ba1\u9605\u8bfb\u65f6\u95f4":"1\u5206"},"schema":{"@context":"https:\/\/schema.org","@graph":[{"@type":"WebPage","@id":"https:\/\/hellasgarden.se\/aktiviteter\/brannboll\/","url":"https:\/\/hellasgarden.se\/aktiviteter\/brannboll\/","name":"Br\u00e4nnboll - Hellasg\u00e5rden","isPartOf":{"@id":"https:\/\/hellasgarden.se\/#website"},"datePublished":"2018-10-31T10:33:12+00:00","dateModified":"2025-06-25T09:44:42+00:00","breadcrumb":{"@id":"https:\/\/hellasgarden.se\/aktiviteter\/brannboll\/#breadcrumb"},"inLanguage":"zh-CN","potentialAction":[{"@type":"ReadAction","target":["https:\/\/hellasgarden.se\/aktiviteter\/brannboll\/"]}]},{"@type":"BreadcrumbList","@id":"https:\/\/hellasgarden.se\/aktiviteter\/brannboll\/#breadcrumb","itemListElement":[{"@type":"ListItem","position":1,"name":"Hem","item":"https:\/\/hellasgarden.se\/"},{"@type":"ListItem","position":2,"name":"Aktiviteter","item":"https:\/\/hellasgarden.se\/aktiviteter\/"},{"@type":"ListItem","position":3,"name":"Br\u00e4nnboll"}]},{"@type":"WebSite","@id":"https:\/\/hellasgarden.se\/#website","url":"https:\/\/hellasgarden.se\/","name":"Hellasg\u00e5rden","description":"Din port till naturen","potentialAction":[{"@type":"SearchAction","target":{"@type":"EntryPoint","urlTemplate":"https:\/\/hellasgarden.se\/?s={search_term_string}"},"query-input":"required name=search_term_string"}],"inLanguage":"zh-CN"}]}},"_links":{"self":[{"href":"https:\/\/hellasgarden.se\/zh\/wp-json\/wp\/v2\/pages\/573"}],"collection":[{"href":"https:\/\/hellasgarden.se\/zh\/wp-json\/wp\/v2\/pages"}],"about":[{"href":"https:\/\/hellasgarden.se\/zh\/wp-json\/wp\/v2\/types\/page"}],"author":[{"embeddable":true,"href":"https:\/\/hellasgarden.se\/zh\/wp-json\/wp\/v2\/users\/1"}],"replies":[{"embeddable":true,"href":"https:\/\/hellasgarden.se\/zh\/wp-json\/wp\/v2\/comments?post=573"}],"version-history":[{"count":7,"href":"https:\/\/hellasgarden.se\/zh\/wp-json\/wp\/v2\/pages\/573\/revisions"}],"predecessor-version":[{"id":46418,"href":"https:\/\/hellasgarden.se\/zh\/wp-json\/wp\/v2\/pages\/573\/revisions\/46418"}],"up":[{"embeddable":true,"href":"https:\/\/hellasgarden.se\/zh\/wp-json\/wp\/v2\/pages\/213"}],"wp:attachment":[{"href":"https:\/\/hellasgarden.se\/zh\/wp-json\/wp\/v2\/media?parent=573"}],"curies":[{"name":"wp","href":"https:\/\/api.w.org\/{rel}","templated":true}]}}