{"id":570,"date":"2018-10-31T11:32:44","date_gmt":"2018-10-31T10:32:44","guid":{"rendered":"http:\/\/hellasgarden.se\/?page_id=570"},"modified":"2023-08-19T08:21:49","modified_gmt":"2023-08-19T06:21:49","slug":"boule","status":"publish","type":"page","link":"https:\/\/hellasgarden.se\/zh\/aktiviteter\/boule\/","title":{"rendered":"\u5956\u91d1"},"content":{"rendered":"<div id=\"cs-content\" class=\"cs-content\"><\/div>","protected":false},"excerpt":{"rendered":"<p>\u53cc\u9646\u7403\u4e3b\u9875\u5728\u6211\u4eec\u7684\u65b0\u7403\u573a\u4e0a\u73a9\u53cc\u9646\u7403\u6211\u4eec\u7684\u4e24\u4e2a\u53cc\u9646\u7403\u7403\u573a\u4f4d\u4e8e\u5ba4\u5916\u5065\u8eab\u623f\u548c\u6c99\u6ee9\u6392\u7403\u573a\u65c1\u8fb9\u3002\u4efb\u4f55\u4eba\u5728\u4efb\u4f55\u65f6\u95f4\u90fd\u53ef\u4ee5\u514d\u8d39\u4f7f\u7528\u7403\u573a\uff0c\u4f46\u6211\u4eec\u5efa\u8bae... <\/p>\n<div><a href=\"https:\/\/hellasgarden.se\/zh\/aktiviteter\/boule\/\" class=\"more-link\">\u9605\u8bfb\u66f4\u591a<\/a><\/div>","protected":false},"author":1,"featured_media":0,"parent":213,"menu_order":0,"comment_status":"closed","ping_status":"closed","template":"template-blank-4.php","meta":{"_monsterinsights_skip_tracking":false,"_monsterinsights_sitenote_active":false,"_monsterinsights_sitenote_note":"","_monsterinsights_sitenote_category":0},"yoast_head":"<!-- This site is optimized with the Yoast SEO plugin v21.8.1 - https:\/\/yoast.com\/wordpress\/plugins\/seo\/ -->\n<title>Boule - Hellasg\u00e5rden<\/title>\n<meta name=\"robots\" content=\"index, follow, max-snippet:-1, max-image-preview:large, max-video-preview:-1\" \/>\n<link rel=\"canonical\" href=\"https:\/\/hellasgarden.se\/zh\/aktiviteter\/boule\/\" \/>\n<meta property=\"og:locale\" content=\"zh_CN\" \/>\n<meta property=\"og:type\" content=\"article\" \/>\n<meta property=\"og:title\" content=\"Boule - Hellasg\u00e5rden\" \/>\n<meta property=\"og:description\" content=\"Boule&nbsp;HemSpela boule p\u00e5 v\u00e5ra nya banorV\u00e5ra tv\u00e5 boulebanor hittar du vid utegymmet och beachvolleybollplanen. Banorna \u00e4r fria att anv\u00e4nda n\u00e4r som helst och av vem som helst, men vi rekommenderar ... Read More\" \/>\n<meta property=\"og:url\" content=\"https:\/\/hellasgarden.se\/zh\/aktiviteter\/boule\/\" \/>\n<meta property=\"og:site_name\" content=\"Hellasg\u00e5rden\" \/>\n<meta property=\"article:modified_time\" content=\"2023-08-19T06:21:49+00:00\" \/>\n<meta name=\"twitter:card\" content=\"summary_large_image\" \/>\n<meta name=\"twitter:label1\" content=\"\u9884\u8ba1\u9605\u8bfb\u65f6\u95f4\" \/>\n\t<meta name=\"twitter:data1\" content=\"2\u5206\" \/>\n<script type=\"application\/ld+json\" class=\"yoast-schema-graph\">{\"@context\":\"https:\/\/schema.org\",\"@graph\":[{\"@type\":\"WebPage\",\"@id\":\"https:\/\/hellasgarden.se\/aktiviteter\/boule\/\",\"url\":\"https:\/\/hellasgarden.se\/aktiviteter\/boule\/\",\"name\":\"Boule - Hellasg\u00e5rden\",\"isPartOf\":{\"@id\":\"https:\/\/hellasgarden.se\/#website\"},\"datePublished\":\"2018-10-31T10:32:44+00:00\",\"dateModified\":\"2023-08-19T06:21:49+00:00\",\"breadcrumb\":{\"@id\":\"https:\/\/hellasgarden.se\/aktiviteter\/boule\/#breadcrumb\"},\"inLanguage\":\"zh-CN\",\"potentialAction\":[{\"@type\":\"ReadAction\",\"target\":[\"https:\/\/hellasgarden.se\/aktiviteter\/boule\/\"]}]},{\"@type\":\"BreadcrumbList\",\"@id\":\"https:\/\/hellasgarden.se\/aktiviteter\/boule\/#breadcrumb\",\"itemListElement\":[{\"@type\":\"ListItem\",\"position\":1,\"name\":\"Hem\",\"item\":\"https:\/\/hellasgarden.se\/\"},{\"@type\":\"ListItem\",\"position\":2,\"name\":\"Aktiviteter\",\"item\":\"https:\/\/hellasgarden.se\/aktiviteter\/\"},{\"@type\":\"ListItem\",\"position\":3,\"name\":\"Boule\"}]},{\"@type\":\"WebSite\",\"@id\":\"https:\/\/hellasgarden.se\/#website\",\"url\":\"https:\/\/hellasgarden.se\/\",\"name\":\"Hellasg\u00e5rden\",\"description\":\"Din port till naturen\",\"potentialAction\":[{\"@type\":\"SearchAction\",\"target\":{\"@type\":\"EntryPoint\",\"urlTemplate\":\"https:\/\/hellasgarden.se\/?s={search_term_string}\"},\"query-input\":\"required name=search_term_string\"}],\"inLanguage\":\"zh-CN\"}]}<\/script>\n<!-- \/ Yoast SEO plugin. -->","yoast_head_json":{"title":"Boule - Hellasg\u00e5rden","robots":{"index":"index","follow":"follow","max-snippet":"max-snippet:-1","max-image-preview":"max-image-preview:large","max-video-preview":"max-video-preview:-1"},"canonical":"https:\/\/hellasgarden.se\/zh\/aktiviteter\/boule\/","og_locale":"zh_CN","og_type":"article","og_title":"Boule - Hellasg\u00e5rden","og_description":"Boule&nbsp;HemSpela boule p\u00e5 v\u00e5ra nya banorV\u00e5ra tv\u00e5 boulebanor hittar du vid utegymmet och beachvolleybollplanen. Banorna \u00e4r fria att anv\u00e4nda n\u00e4r som helst och av vem som helst, men vi rekommenderar ... Read More","og_url":"https:\/\/hellasgarden.se\/zh\/aktiviteter\/boule\/","og_site_name":"Hellasg\u00e5rden","article_modified_time":"2023-08-19T06:21:49+00:00","twitter_card":"summary_large_image","twitter_misc":{"\u9884\u8ba1\u9605\u8bfb\u65f6\u95f4":"2\u5206"},"schema":{"@context":"https:\/\/schema.org","@graph":[{"@type":"WebPage","@id":"https:\/\/hellasgarden.se\/aktiviteter\/boule\/","url":"https:\/\/hellasgarden.se\/aktiviteter\/boule\/","name":"Boule - Hellasg\u00e5rden","isPartOf":{"@id":"https:\/\/hellasgarden.se\/#website"},"datePublished":"2018-10-31T10:32:44+00:00","dateModified":"2023-08-19T06:21:49+00:00","breadcrumb":{"@id":"https:\/\/hellasgarden.se\/aktiviteter\/boule\/#breadcrumb"},"inLanguage":"zh-CN","potentialAction":[{"@type":"ReadAction","target":["https:\/\/hellasgarden.se\/aktiviteter\/boule\/"]}]},{"@type":"BreadcrumbList","@id":"https:\/\/hellasgarden.se\/aktiviteter\/boule\/#breadcrumb","itemListElement":[{"@type":"ListItem","position":1,"name":"Hem","item":"https:\/\/hellasgarden.se\/"},{"@type":"ListItem","position":2,"name":"Aktiviteter","item":"https:\/\/hellasgarden.se\/aktiviteter\/"},{"@type":"ListItem","position":3,"name":"Boule"}]},{"@type":"WebSite","@id":"https:\/\/hellasgarden.se\/#website","url":"https:\/\/hellasgarden.se\/","name":"Hellasg\u00e5rden","description":"Din port till naturen","potentialAction":[{"@type":"SearchAction","target":{"@type":"EntryPoint","urlTemplate":"https:\/\/hellasgarden.se\/?s={search_term_string}"},"query-input":"required name=search_term_string"}],"inLanguage":"zh-CN"}]}},"_links":{"self":[{"href":"https:\/\/hellasgarden.se\/zh\/wp-json\/wp\/v2\/pages\/570"}],"collection":[{"href":"https:\/\/hellasgarden.se\/zh\/wp-json\/wp\/v2\/pages"}],"about":[{"href":"https:\/\/hellasgarden.se\/zh\/wp-json\/wp\/v2\/types\/page"}],"author":[{"embeddable":true,"href":"https:\/\/hellasgarden.se\/zh\/wp-json\/wp\/v2\/users\/1"}],"replies":[{"embeddable":true,"href":"https:\/\/hellasgarden.se\/zh\/wp-json\/wp\/v2\/comments?post=570"}],"version-history":[{"count":10,"href":"https:\/\/hellasgarden.se\/zh\/wp-json\/wp\/v2\/pages\/570\/revisions"}],"predecessor-version":[{"id":45041,"href":"https:\/\/hellasgarden.se\/zh\/wp-json\/wp\/v2\/pages\/570\/revisions\/45041"}],"up":[{"embeddable":true,"href":"https:\/\/hellasgarden.se\/zh\/wp-json\/wp\/v2\/pages\/213"}],"wp:attachment":[{"href":"https:\/\/hellasgarden.se\/zh\/wp-json\/wp\/v2\/media?parent=570"}],"curies":[{"name":"wp","href":"https:\/\/api.w.org\/{rel}","templated":true}]}}