{"id":567,"date":"2018-10-31T11:32:15","date_gmt":"2018-10-31T10:32:15","guid":{"rendered":"http:\/\/hellasgarden.se\/?page_id=567"},"modified":"2024-08-23T13:22:01","modified_gmt":"2024-08-23T11:22:01","slug":"beachvolleyboll","status":"publish","type":"page","link":"https:\/\/hellasgarden.se\/zh\/aktiviteter\/beachvolleyboll\/","title":{"rendered":"\u6c99\u6ee9\u6392\u7403"},"content":{"rendered":"<div id=\"cs-content\" class=\"cs-content\"><\/div>","protected":false},"excerpt":{"rendered":"<p>\u6c99\u6ee9\u6392\u7403\u4e3b\u9875\u4e0e\u60a8\u7684\u670b\u53cb\u4e00\u8d77\u6253\u6c99\u6ee9\u6392\u7403\uff01\u60a8\u53ef\u4ee5\u4f7f\u7528\u53f3\u8fb9\u7684\u6309\u94ae\u9884\u8ba2\u6c99\u6ee9\u6392\u7403\u573a \u5728Hellasg\u00e5rden\uff0c\u60a8\u53ef\u4ee5\u6253\u6c99\u6ee9\u6392\u7403\u3002\u6211\u4eec\u6bcf\u5929\u90fd\u5f00\u653e\uff0c\u6211\u4eec\u53ea\u63a5\u53d7\u7f51\u4e0a\u7684\u9884\u8ba2\u3002  \u4ef7\u683c\uff1a320 ... <\/p>\n<div><a href=\"https:\/\/hellasgarden.se\/zh\/aktiviteter\/beachvolleyboll\/\" class=\"more-link\">\u9605\u8bfb\u66f4\u591a<\/a><\/div>","protected":false},"author":1,"featured_media":0,"parent":213,"menu_order":0,"comment_status":"closed","ping_status":"closed","template":"template-blank-4.php","meta":{"_monsterinsights_skip_tracking":false,"_monsterinsights_sitenote_active":false,"_monsterinsights_sitenote_note":"","_monsterinsights_sitenote_category":0},"yoast_head":"<!-- This site is optimized with the Yoast SEO plugin v21.8.1 - https:\/\/yoast.com\/wordpress\/plugins\/seo\/ -->\n<title>Beachvolleyboll - Hellasg\u00e5rden<\/title>\n<meta name=\"robots\" content=\"index, follow, max-snippet:-1, max-image-preview:large, max-video-preview:-1\" \/>\n<link rel=\"canonical\" href=\"https:\/\/hellasgarden.se\/zh\/aktiviteter\/beachvolleyboll\/\" \/>\n<meta property=\"og:locale\" content=\"zh_CN\" \/>\n<meta property=\"og:type\" content=\"article\" \/>\n<meta property=\"og:title\" content=\"Beachvolleyboll - Hellasg\u00e5rden\" \/>\n<meta property=\"og:description\" content=\"Beachvolleyboll&nbsp;HemSpela beachvolleyboll med dina v\u00e4nner!Beachvolleybollplanen bokar du p&aring; knappen till h&ouml;ger P\u00e5 Hellasg\u00e5rden kan du spela beachvolleyboll. Vi har \u00f6ppet varje dag och vi tar enbart f\u00f6rbokningar online.\u00a0 Pris: 320 ... Read More\" \/>\n<meta property=\"og:url\" content=\"https:\/\/hellasgarden.se\/zh\/aktiviteter\/beachvolleyboll\/\" \/>\n<meta property=\"og:site_name\" content=\"Hellasg\u00e5rden\" \/>\n<meta property=\"article:modified_time\" content=\"2024-08-23T11:22:01+00:00\" \/>\n<meta name=\"twitter:card\" content=\"summary_large_image\" \/>\n<meta name=\"twitter:label1\" content=\"\u9884\u8ba1\u9605\u8bfb\u65f6\u95f4\" \/>\n\t<meta name=\"twitter:data1\" content=\"2\u5206\" \/>\n<script type=\"application\/ld+json\" class=\"yoast-schema-graph\">{\"@context\":\"https:\/\/schema.org\",\"@graph\":[{\"@type\":\"WebPage\",\"@id\":\"https:\/\/hellasgarden.se\/aktiviteter\/beachvolleyboll\/\",\"url\":\"https:\/\/hellasgarden.se\/aktiviteter\/beachvolleyboll\/\",\"name\":\"Beachvolleyboll - Hellasg\u00e5rden\",\"isPartOf\":{\"@id\":\"https:\/\/hellasgarden.se\/#website\"},\"datePublished\":\"2018-10-31T10:32:15+00:00\",\"dateModified\":\"2024-08-23T11:22:01+00:00\",\"breadcrumb\":{\"@id\":\"https:\/\/hellasgarden.se\/aktiviteter\/beachvolleyboll\/#breadcrumb\"},\"inLanguage\":\"zh-CN\",\"potentialAction\":[{\"@type\":\"ReadAction\",\"target\":[\"https:\/\/hellasgarden.se\/aktiviteter\/beachvolleyboll\/\"]}]},{\"@type\":\"BreadcrumbList\",\"@id\":\"https:\/\/hellasgarden.se\/aktiviteter\/beachvolleyboll\/#breadcrumb\",\"itemListElement\":[{\"@type\":\"ListItem\",\"position\":1,\"name\":\"Hem\",\"item\":\"https:\/\/hellasgarden.se\/\"},{\"@type\":\"ListItem\",\"position\":2,\"name\":\"Aktiviteter\",\"item\":\"https:\/\/hellasgarden.se\/aktiviteter\/\"},{\"@type\":\"ListItem\",\"position\":3,\"name\":\"Beachvolleyboll\"}]},{\"@type\":\"WebSite\",\"@id\":\"https:\/\/hellasgarden.se\/#website\",\"url\":\"https:\/\/hellasgarden.se\/\",\"name\":\"Hellasg\u00e5rden\",\"description\":\"Din port till naturen\",\"potentialAction\":[{\"@type\":\"SearchAction\",\"target\":{\"@type\":\"EntryPoint\",\"urlTemplate\":\"https:\/\/hellasgarden.se\/?s={search_term_string}\"},\"query-input\":\"required name=search_term_string\"}],\"inLanguage\":\"zh-CN\"}]}<\/script>\n<!-- \/ Yoast SEO plugin. -->","yoast_head_json":{"title":"Beachvolleyboll - Hellasg\u00e5rden","robots":{"index":"index","follow":"follow","max-snippet":"max-snippet:-1","max-image-preview":"max-image-preview:large","max-video-preview":"max-video-preview:-1"},"canonical":"https:\/\/hellasgarden.se\/zh\/aktiviteter\/beachvolleyboll\/","og_locale":"zh_CN","og_type":"article","og_title":"Beachvolleyboll - Hellasg\u00e5rden","og_description":"Beachvolleyboll&nbsp;HemSpela beachvolleyboll med dina v\u00e4nner!Beachvolleybollplanen bokar du p&aring; knappen till h&ouml;ger P\u00e5 Hellasg\u00e5rden kan du spela beachvolleyboll. Vi har \u00f6ppet varje dag och vi tar enbart f\u00f6rbokningar online.\u00a0 Pris: 320 ... Read More","og_url":"https:\/\/hellasgarden.se\/zh\/aktiviteter\/beachvolleyboll\/","og_site_name":"Hellasg\u00e5rden","article_modified_time":"2024-08-23T11:22:01+00:00","twitter_card":"summary_large_image","twitter_misc":{"\u9884\u8ba1\u9605\u8bfb\u65f6\u95f4":"2\u5206"},"schema":{"@context":"https:\/\/schema.org","@graph":[{"@type":"WebPage","@id":"https:\/\/hellasgarden.se\/aktiviteter\/beachvolleyboll\/","url":"https:\/\/hellasgarden.se\/aktiviteter\/beachvolleyboll\/","name":"Beachvolleyboll - Hellasg\u00e5rden","isPartOf":{"@id":"https:\/\/hellasgarden.se\/#website"},"datePublished":"2018-10-31T10:32:15+00:00","dateModified":"2024-08-23T11:22:01+00:00","breadcrumb":{"@id":"https:\/\/hellasgarden.se\/aktiviteter\/beachvolleyboll\/#breadcrumb"},"inLanguage":"zh-CN","potentialAction":[{"@type":"ReadAction","target":["https:\/\/hellasgarden.se\/aktiviteter\/beachvolleyboll\/"]}]},{"@type":"BreadcrumbList","@id":"https:\/\/hellasgarden.se\/aktiviteter\/beachvolleyboll\/#breadcrumb","itemListElement":[{"@type":"ListItem","position":1,"name":"Hem","item":"https:\/\/hellasgarden.se\/"},{"@type":"ListItem","position":2,"name":"Aktiviteter","item":"https:\/\/hellasgarden.se\/aktiviteter\/"},{"@type":"ListItem","position":3,"name":"Beachvolleyboll"}]},{"@type":"WebSite","@id":"https:\/\/hellasgarden.se\/#website","url":"https:\/\/hellasgarden.se\/","name":"Hellasg\u00e5rden","description":"Din port till naturen","potentialAction":[{"@type":"SearchAction","target":{"@type":"EntryPoint","urlTemplate":"https:\/\/hellasgarden.se\/?s={search_term_string}"},"query-input":"required name=search_term_string"}],"inLanguage":"zh-CN"}]}},"_links":{"self":[{"href":"https:\/\/hellasgarden.se\/zh\/wp-json\/wp\/v2\/pages\/567"}],"collection":[{"href":"https:\/\/hellasgarden.se\/zh\/wp-json\/wp\/v2\/pages"}],"about":[{"href":"https:\/\/hellasgarden.se\/zh\/wp-json\/wp\/v2\/types\/page"}],"author":[{"embeddable":true,"href":"https:\/\/hellasgarden.se\/zh\/wp-json\/wp\/v2\/users\/1"}],"replies":[{"embeddable":true,"href":"https:\/\/hellasgarden.se\/zh\/wp-json\/wp\/v2\/comments?post=567"}],"version-history":[{"count":56,"href":"https:\/\/hellasgarden.se\/zh\/wp-json\/wp\/v2\/pages\/567\/revisions"}],"predecessor-version":[{"id":44980,"href":"https:\/\/hellasgarden.se\/zh\/wp-json\/wp\/v2\/pages\/567\/revisions\/44980"}],"up":[{"embeddable":true,"href":"https:\/\/hellasgarden.se\/zh\/wp-json\/wp\/v2\/pages\/213"}],"wp:attachment":[{"href":"https:\/\/hellasgarden.se\/zh\/wp-json\/wp\/v2\/media?parent=567"}],"curies":[{"name":"wp","href":"https:\/\/api.w.org\/{rel}","templated":true}]}}