{"id":46239,"date":"2025-02-12T14:55:15","date_gmt":"2025-02-12T13:55:15","guid":{"rendered":"https:\/\/hellasgarden.se\/?page_id=46239"},"modified":"2025-02-18T15:01:52","modified_gmt":"2025-02-18T14:01:52","slug":"foretagsevent-stockholm","status":"publish","type":"page","link":"https:\/\/hellasgarden.se\/zh\/foretagsevent-stockholm\/","title":{"rendered":"\u65af\u5fb7\u54e5\u5c14\u6469\u4f01\u4e1a\u6d3b\u52a8"},"content":{"rendered":"<div id=\"cs-content\" class=\"cs-content\"><\/div>","protected":false},"excerpt":{"rendered":"<p>&nbsp;\u65af\u5fb7\u54e5\u5c14\u6469\u4f01\u4e1a\u6d3b\u52a8 - \u5728\u7eb3\u5361\u7684 Hellasg\u00e5rden \u4e3e\u529e\u60a8\u7684\u4f01\u4e1a\u6d3b\u52a8\uff0c\u8fd9\u91cc\u662f\u4e00\u7247\u98ce\u666f\u4f18\u7f8e\u7684\u7eff\u6d32\uff0c\u53ef\u5bb9\u7eb3\u591a\u79cd\u4e0d\u540c\u7684\u6d3b\u52a8 \u53c2\u52a0 20 \u591a\u9879\u6d3b\u52a8Hellasg\u00e5rden \u63d0\u4f9b\u591a\u79cd\u6d3b\u52a8 ... <\/p>\n<div><a href=\"https:\/\/hellasgarden.se\/zh\/events\/smutsa-ned-dig-med-chefen-stigcykling-med-kollegorna\/\" class=\"more-link\">\u9605\u8bfb\u66f4\u591a<\/a><\/div>","protected":false},"author":2,"featured_media":0,"parent":0,"menu_order":0,"comment_status":"closed","ping_status":"closed","template":"template-blank-4.php","meta":{"_monsterinsights_skip_tracking":false,"_monsterinsights_sitenote_active":false,"_monsterinsights_sitenote_note":"","_monsterinsights_sitenote_category":0},"yoast_head":"<!-- This site is optimized with the Yoast SEO plugin v21.8.1 - https:\/\/yoast.com\/wordpress\/plugins\/seo\/ -->\n<title>F\u00f6retagsevent i Stockholm - Hellasg\u00e5rden<\/title>\n<meta name=\"description\" content=\"F\u00f6r f\u00f6retag som vill kombinera effektiva m\u00f6ten med friluftsaktiviteter, \u00e4r Hellasg\u00e5rden det sj\u00e4lvklara valet. H\u00e4r kan ni genomf\u00f6ra teambuildingaktiviteter, inspirerande konferenser eller bara njuta av en v\u00e4lbeh\u00f6vlig paus fr\u00e5n kontorsmilj\u00f6n.\" \/>\n<meta name=\"robots\" content=\"index, follow, max-snippet:-1, max-image-preview:large, max-video-preview:-1\" \/>\n<link rel=\"canonical\" href=\"https:\/\/hellasgarden.se\/zh\/foretagsevent-stockholm\/\" \/>\n<meta property=\"og:locale\" content=\"zh_CN\" \/>\n<meta property=\"og:type\" content=\"article\" \/>\n<meta property=\"og:title\" content=\"F\u00f6retagsevent i Stockholm - Hellasg\u00e5rden\" \/>\n<meta property=\"og:description\" content=\"F\u00f6r f\u00f6retag som vill kombinera effektiva m\u00f6ten med friluftsaktiviteter, \u00e4r Hellasg\u00e5rden det sj\u00e4lvklara valet. H\u00e4r kan ni genomf\u00f6ra teambuildingaktiviteter, inspirerande konferenser eller bara njuta av en v\u00e4lbeh\u00f6vlig paus fr\u00e5n kontorsmilj\u00f6n.\" \/>\n<meta property=\"og:url\" content=\"https:\/\/hellasgarden.se\/zh\/foretagsevent-stockholm\/\" \/>\n<meta property=\"og:site_name\" content=\"Hellasg\u00e5rden\" \/>\n<meta property=\"article:modified_time\" content=\"2025-02-18T14:01:52+00:00\" \/>\n<meta name=\"twitter:card\" content=\"summary_large_image\" \/>\n<script type=\"application\/ld+json\" class=\"yoast-schema-graph\">{\"@context\":\"https:\/\/schema.org\",\"@graph\":[{\"@type\":\"WebPage\",\"@id\":\"https:\/\/hellasgarden.se\/uk\/foretagsevent-stockholm\/\",\"url\":\"https:\/\/hellasgarden.se\/uk\/foretagsevent-stockholm\/\",\"name\":\"F\u00f6retagsevent i Stockholm - Hellasg\u00e5rden\",\"isPartOf\":{\"@id\":\"https:\/\/hellasgarden.se\/#website\"},\"datePublished\":\"2025-02-12T13:55:15+00:00\",\"dateModified\":\"2025-02-18T14:01:52+00:00\",\"description\":\"F\u00f6r f\u00f6retag som vill kombinera effektiva m\u00f6ten med friluftsaktiviteter, \u00e4r Hellasg\u00e5rden det sj\u00e4lvklara valet. H\u00e4r kan ni genomf\u00f6ra teambuildingaktiviteter, inspirerande konferenser eller bara njuta av en v\u00e4lbeh\u00f6vlig paus fr\u00e5n kontorsmilj\u00f6n.\",\"breadcrumb\":{\"@id\":\"https:\/\/hellasgarden.se\/uk\/foretagsevent-stockholm\/#breadcrumb\"},\"inLanguage\":\"zh-CN\",\"potentialAction\":[{\"@type\":\"ReadAction\",\"target\":[\"https:\/\/hellasgarden.se\/uk\/foretagsevent-stockholm\/\"]}]},{\"@type\":\"BreadcrumbList\",\"@id\":\"https:\/\/hellasgarden.se\/uk\/foretagsevent-stockholm\/#breadcrumb\",\"itemListElement\":[{\"@type\":\"ListItem\",\"position\":1,\"name\":\"Hem\",\"item\":\"https:\/\/hellasgarden.se\/\"},{\"@type\":\"ListItem\",\"position\":2,\"name\":\"F\u00f6retagsevent Stockholm\"}]},{\"@type\":\"WebSite\",\"@id\":\"https:\/\/hellasgarden.se\/#website\",\"url\":\"https:\/\/hellasgarden.se\/\",\"name\":\"Hellasg\u00e5rden\",\"description\":\"Din port till naturen\",\"potentialAction\":[{\"@type\":\"SearchAction\",\"target\":{\"@type\":\"EntryPoint\",\"urlTemplate\":\"https:\/\/hellasgarden.se\/?s={search_term_string}\"},\"query-input\":\"required name=search_term_string\"}],\"inLanguage\":\"zh-CN\"}]}<\/script>\n<!-- \/ Yoast SEO plugin. -->","yoast_head_json":{"title":"F\u00f6retagsevent i Stockholm - Hellasg\u00e5rden","description":"F\u00f6r f\u00f6retag som vill kombinera effektiva m\u00f6ten med friluftsaktiviteter, \u00e4r Hellasg\u00e5rden det sj\u00e4lvklara valet. H\u00e4r kan ni genomf\u00f6ra teambuildingaktiviteter, inspirerande konferenser eller bara njuta av en v\u00e4lbeh\u00f6vlig paus fr\u00e5n kontorsmilj\u00f6n.","robots":{"index":"index","follow":"follow","max-snippet":"max-snippet:-1","max-image-preview":"max-image-preview:large","max-video-preview":"max-video-preview:-1"},"canonical":"https:\/\/hellasgarden.se\/zh\/foretagsevent-stockholm\/","og_locale":"zh_CN","og_type":"article","og_title":"F\u00f6retagsevent i Stockholm - Hellasg\u00e5rden","og_description":"F\u00f6r f\u00f6retag som vill kombinera effektiva m\u00f6ten med friluftsaktiviteter, \u00e4r Hellasg\u00e5rden det sj\u00e4lvklara valet. H\u00e4r kan ni genomf\u00f6ra teambuildingaktiviteter, inspirerande konferenser eller bara njuta av en v\u00e4lbeh\u00f6vlig paus fr\u00e5n kontorsmilj\u00f6n.","og_url":"https:\/\/hellasgarden.se\/zh\/foretagsevent-stockholm\/","og_site_name":"Hellasg\u00e5rden","article_modified_time":"2025-02-18T14:01:52+00:00","twitter_card":"summary_large_image","schema":{"@context":"https:\/\/schema.org","@graph":[{"@type":"WebPage","@id":"https:\/\/hellasgarden.se\/uk\/foretagsevent-stockholm\/","url":"https:\/\/hellasgarden.se\/uk\/foretagsevent-stockholm\/","name":"F\u00f6retagsevent i Stockholm - Hellasg\u00e5rden","isPartOf":{"@id":"https:\/\/hellasgarden.se\/#website"},"datePublished":"2025-02-12T13:55:15+00:00","dateModified":"2025-02-18T14:01:52+00:00","description":"F\u00f6r f\u00f6retag som vill kombinera effektiva m\u00f6ten med friluftsaktiviteter, \u00e4r Hellasg\u00e5rden det sj\u00e4lvklara valet. H\u00e4r kan ni genomf\u00f6ra teambuildingaktiviteter, inspirerande konferenser eller bara njuta av en v\u00e4lbeh\u00f6vlig paus fr\u00e5n kontorsmilj\u00f6n.","breadcrumb":{"@id":"https:\/\/hellasgarden.se\/uk\/foretagsevent-stockholm\/#breadcrumb"},"inLanguage":"zh-CN","potentialAction":[{"@type":"ReadAction","target":["https:\/\/hellasgarden.se\/uk\/foretagsevent-stockholm\/"]}]},{"@type":"BreadcrumbList","@id":"https:\/\/hellasgarden.se\/uk\/foretagsevent-stockholm\/#breadcrumb","itemListElement":[{"@type":"ListItem","position":1,"name":"Hem","item":"https:\/\/hellasgarden.se\/"},{"@type":"ListItem","position":2,"name":"F\u00f6retagsevent Stockholm"}]},{"@type":"WebSite","@id":"https:\/\/hellasgarden.se\/#website","url":"https:\/\/hellasgarden.se\/","name":"Hellasg\u00e5rden","description":"Din port till naturen","potentialAction":[{"@type":"SearchAction","target":{"@type":"EntryPoint","urlTemplate":"https:\/\/hellasgarden.se\/?s={search_term_string}"},"query-input":"required name=search_term_string"}],"inLanguage":"zh-CN"}]}},"_links":{"self":[{"href":"https:\/\/hellasgarden.se\/zh\/wp-json\/wp\/v2\/pages\/46239"}],"collection":[{"href":"https:\/\/hellasgarden.se\/zh\/wp-json\/wp\/v2\/pages"}],"about":[{"href":"https:\/\/hellasgarden.se\/zh\/wp-json\/wp\/v2\/types\/page"}],"author":[{"embeddable":true,"href":"https:\/\/hellasgarden.se\/zh\/wp-json\/wp\/v2\/users\/2"}],"replies":[{"embeddable":true,"href":"https:\/\/hellasgarden.se\/zh\/wp-json\/wp\/v2\/comments?post=46239"}],"version-history":[{"count":9,"href":"https:\/\/hellasgarden.se\/zh\/wp-json\/wp\/v2\/pages\/46239\/revisions"}],"predecessor-version":[{"id":46249,"href":"https:\/\/hellasgarden.se\/zh\/wp-json\/wp\/v2\/pages\/46239\/revisions\/46249"}],"wp:attachment":[{"href":"https:\/\/hellasgarden.se\/zh\/wp-json\/wp\/v2\/media?parent=46239"}],"curies":[{"name":"wp","href":"https:\/\/api.w.org\/{rel}","templated":true}]}}