{"id":45869,"date":"2024-10-14T14:01:47","date_gmt":"2024-10-14T12:01:47","guid":{"rendered":"https:\/\/hellasgarden.se\/?page_id=45869"},"modified":"2024-10-14T14:02:36","modified_gmt":"2024-10-14T12:02:36","slug":"skolorientering","status":"publish","type":"page","link":"https:\/\/hellasgarden.se\/zh\/aktiviteter\/orientering\/skolorientering\/","title":{"rendered":"\u5b66\u6821\u6982\u51b5"},"content":{"rendered":"<div id=\"cs-content\" class=\"cs-content\"><\/div>","protected":false},"excerpt":{"rendered":"<p>\u5b66\u6821\u5b9a\u5411HomeHellasg\u00e5rden\u5e2e\u52a9\u60a8\u4f5c\u4e3a\u4f53\u80b2\u6559\u5e08\u5f00\u5c55\u5b66\u6821\u5b9a\u5411\u6d3b\u52a8Hellasg\u00e5rden\u62e5\u6709\u4e00\u652f\u6280\u672f\u5a34\u719f\u7684\u5b9a\u5411\u961f\uff0c\u5e2e\u52a9\u60a8\u4f5c\u4e3a\u4f53\u80b2\u6559\u5e08\u5f00\u5c55\u5b66\u6821\u73ed\u7ea7\u5b9a\u5411\u6d3b\u52a8\u3002\u8bb8\u591a\u4f53\u80b2\u6559\u5e08\u53d1\u73b0\uff0c\u5b66\u6821\u5b9a\u5411\u8d8a\u91ce\u8fd0\u52a8\u53ef\u4ee5\u5e2e\u52a9\u4ed6\u4eec\u66f4\u597d\u5730\u9002\u5e94\u5b66\u6821\u751f\u6d3b\u3002 <\/p>\n<div><a href=\"https:\/\/hellasgarden.se\/zh\/aktiviteter\/orientering\/skolorientering\/\" class=\"more-link\">\u9605\u8bfb\u66f4\u591a<\/a><\/div>","protected":false},"author":1,"featured_media":0,"parent":1175,"menu_order":0,"comment_status":"closed","ping_status":"closed","template":"template-blank-4.php","meta":{"_monsterinsights_skip_tracking":false,"_monsterinsights_sitenote_active":false,"_monsterinsights_sitenote_note":"","_monsterinsights_sitenote_category":0},"yoast_head":"<!-- This site is optimized with the Yoast SEO plugin v21.8.1 - https:\/\/yoast.com\/wordpress\/plugins\/seo\/ -->\n<title>Arrangera din skolorientering p\u00e5 Hellasg\u00e5rden i Stockholm - Hellasg\u00e5rden<\/title>\n<meta name=\"description\" content=\"Hellasg\u00e5rden har ett team av duktiga orienterare som hj\u00e4lper dig som idrottsl\u00e4rare att genomf\u00f6ra orienteringsdagar f\u00f6r skolklasser.\" \/>\n<meta name=\"robots\" content=\"index, follow, max-snippet:-1, max-image-preview:large, max-video-preview:-1\" \/>\n<link rel=\"canonical\" href=\"https:\/\/hellasgarden.se\/zh\/aktiviteter\/orientering\/skolorientering\/\" \/>\n<meta property=\"og:locale\" content=\"zh_CN\" \/>\n<meta property=\"og:type\" content=\"article\" \/>\n<meta property=\"og:title\" content=\"Arrangera din skolorientering p\u00e5 Hellasg\u00e5rden i Stockholm - Hellasg\u00e5rden\" \/>\n<meta property=\"og:description\" content=\"Hellasg\u00e5rden har ett team av duktiga orienterare som hj\u00e4lper dig som idrottsl\u00e4rare att genomf\u00f6ra orienteringsdagar f\u00f6r skolklasser.\" \/>\n<meta property=\"og:url\" content=\"https:\/\/hellasgarden.se\/zh\/aktiviteter\/orientering\/skolorientering\/\" \/>\n<meta property=\"og:site_name\" content=\"Hellasg\u00e5rden\" \/>\n<meta property=\"article:modified_time\" content=\"2024-10-14T12:02:36+00:00\" \/>\n<meta name=\"twitter:card\" content=\"summary_large_image\" \/>\n<script type=\"application\/ld+json\" class=\"yoast-schema-graph\">{\"@context\":\"https:\/\/schema.org\",\"@graph\":[{\"@type\":\"WebPage\",\"@id\":\"https:\/\/hellasgarden.se\/aktiviteter\/orientering\/skolorientering\/\",\"url\":\"https:\/\/hellasgarden.se\/aktiviteter\/orientering\/skolorientering\/\",\"name\":\"Arrangera din skolorientering p\u00e5 Hellasg\u00e5rden i Stockholm - Hellasg\u00e5rden\",\"isPartOf\":{\"@id\":\"https:\/\/hellasgarden.se\/#website\"},\"datePublished\":\"2024-10-14T12:01:47+00:00\",\"dateModified\":\"2024-10-14T12:02:36+00:00\",\"description\":\"Hellasg\u00e5rden har ett team av duktiga orienterare som hj\u00e4lper dig som idrottsl\u00e4rare att genomf\u00f6ra orienteringsdagar f\u00f6r skolklasser.\",\"breadcrumb\":{\"@id\":\"https:\/\/hellasgarden.se\/aktiviteter\/orientering\/skolorientering\/#breadcrumb\"},\"inLanguage\":\"zh-CN\",\"potentialAction\":[{\"@type\":\"ReadAction\",\"target\":[\"https:\/\/hellasgarden.se\/aktiviteter\/orientering\/skolorientering\/\"]}]},{\"@type\":\"BreadcrumbList\",\"@id\":\"https:\/\/hellasgarden.se\/aktiviteter\/orientering\/skolorientering\/#breadcrumb\",\"itemListElement\":[{\"@type\":\"ListItem\",\"position\":1,\"name\":\"Hem\",\"item\":\"https:\/\/hellasgarden.se\/\"},{\"@type\":\"ListItem\",\"position\":2,\"name\":\"Aktiviteter\",\"item\":\"https:\/\/hellasgarden.se\/aktiviteter\/\"},{\"@type\":\"ListItem\",\"position\":3,\"name\":\"Orientering\",\"item\":\"https:\/\/hellasgarden.se\/aktiviteter\/orientering\/\"},{\"@type\":\"ListItem\",\"position\":4,\"name\":\"Skolorientering\"}]},{\"@type\":\"WebSite\",\"@id\":\"https:\/\/hellasgarden.se\/#website\",\"url\":\"https:\/\/hellasgarden.se\/\",\"name\":\"Hellasg\u00e5rden\",\"description\":\"Din port till naturen\",\"potentialAction\":[{\"@type\":\"SearchAction\",\"target\":{\"@type\":\"EntryPoint\",\"urlTemplate\":\"https:\/\/hellasgarden.se\/?s={search_term_string}\"},\"query-input\":\"required name=search_term_string\"}],\"inLanguage\":\"zh-CN\"}]}<\/script>\n<!-- \/ Yoast SEO plugin. -->","yoast_head_json":{"title":"Arrangera din skolorientering p\u00e5 Hellasg\u00e5rden i Stockholm - Hellasg\u00e5rden","description":"Hellasg\u00e5rden har ett team av duktiga orienterare som hj\u00e4lper dig som idrottsl\u00e4rare att genomf\u00f6ra orienteringsdagar f\u00f6r skolklasser.","robots":{"index":"index","follow":"follow","max-snippet":"max-snippet:-1","max-image-preview":"max-image-preview:large","max-video-preview":"max-video-preview:-1"},"canonical":"https:\/\/hellasgarden.se\/zh\/aktiviteter\/orientering\/skolorientering\/","og_locale":"zh_CN","og_type":"article","og_title":"Arrangera din skolorientering p\u00e5 Hellasg\u00e5rden i Stockholm - Hellasg\u00e5rden","og_description":"Hellasg\u00e5rden har ett team av duktiga orienterare som hj\u00e4lper dig som idrottsl\u00e4rare att genomf\u00f6ra orienteringsdagar f\u00f6r skolklasser.","og_url":"https:\/\/hellasgarden.se\/zh\/aktiviteter\/orientering\/skolorientering\/","og_site_name":"Hellasg\u00e5rden","article_modified_time":"2024-10-14T12:02:36+00:00","twitter_card":"summary_large_image","schema":{"@context":"https:\/\/schema.org","@graph":[{"@type":"WebPage","@id":"https:\/\/hellasgarden.se\/aktiviteter\/orientering\/skolorientering\/","url":"https:\/\/hellasgarden.se\/aktiviteter\/orientering\/skolorientering\/","name":"Arrangera din skolorientering p\u00e5 Hellasg\u00e5rden i Stockholm - Hellasg\u00e5rden","isPartOf":{"@id":"https:\/\/hellasgarden.se\/#website"},"datePublished":"2024-10-14T12:01:47+00:00","dateModified":"2024-10-14T12:02:36+00:00","description":"Hellasg\u00e5rden har ett team av duktiga orienterare som hj\u00e4lper dig som idrottsl\u00e4rare att genomf\u00f6ra orienteringsdagar f\u00f6r skolklasser.","breadcrumb":{"@id":"https:\/\/hellasgarden.se\/aktiviteter\/orientering\/skolorientering\/#breadcrumb"},"inLanguage":"zh-CN","potentialAction":[{"@type":"ReadAction","target":["https:\/\/hellasgarden.se\/aktiviteter\/orientering\/skolorientering\/"]}]},{"@type":"BreadcrumbList","@id":"https:\/\/hellasgarden.se\/aktiviteter\/orientering\/skolorientering\/#breadcrumb","itemListElement":[{"@type":"ListItem","position":1,"name":"Hem","item":"https:\/\/hellasgarden.se\/"},{"@type":"ListItem","position":2,"name":"Aktiviteter","item":"https:\/\/hellasgarden.se\/aktiviteter\/"},{"@type":"ListItem","position":3,"name":"Orientering","item":"https:\/\/hellasgarden.se\/aktiviteter\/orientering\/"},{"@type":"ListItem","position":4,"name":"Skolorientering"}]},{"@type":"WebSite","@id":"https:\/\/hellasgarden.se\/#website","url":"https:\/\/hellasgarden.se\/","name":"Hellasg\u00e5rden","description":"Din port till naturen","potentialAction":[{"@type":"SearchAction","target":{"@type":"EntryPoint","urlTemplate":"https:\/\/hellasgarden.se\/?s={search_term_string}"},"query-input":"required name=search_term_string"}],"inLanguage":"zh-CN"}]}},"_links":{"self":[{"href":"https:\/\/hellasgarden.se\/zh\/wp-json\/wp\/v2\/pages\/45869"}],"collection":[{"href":"https:\/\/hellasgarden.se\/zh\/wp-json\/wp\/v2\/pages"}],"about":[{"href":"https:\/\/hellasgarden.se\/zh\/wp-json\/wp\/v2\/types\/page"}],"author":[{"embeddable":true,"href":"https:\/\/hellasgarden.se\/zh\/wp-json\/wp\/v2\/users\/1"}],"replies":[{"embeddable":true,"href":"https:\/\/hellasgarden.se\/zh\/wp-json\/wp\/v2\/comments?post=45869"}],"version-history":[{"count":3,"href":"https:\/\/hellasgarden.se\/zh\/wp-json\/wp\/v2\/pages\/45869\/revisions"}],"predecessor-version":[{"id":45872,"href":"https:\/\/hellasgarden.se\/zh\/wp-json\/wp\/v2\/pages\/45869\/revisions\/45872"}],"up":[{"embeddable":true,"href":"https:\/\/hellasgarden.se\/zh\/wp-json\/wp\/v2\/pages\/1175"}],"wp:attachment":[{"href":"https:\/\/hellasgarden.se\/zh\/wp-json\/wp\/v2\/media?parent=45869"}],"curies":[{"name":"wp","href":"https:\/\/api.w.org\/{rel}","templated":true}]}}