{"id":45168,"date":"2023-12-05T13:51:13","date_gmt":"2023-12-05T12:51:13","guid":{"rendered":"https:\/\/hellasgarden.se\/?page_id=45168"},"modified":"2023-12-05T14:34:32","modified_gmt":"2023-12-05T13:34:32","slug":"test123","status":"publish","type":"page","link":"https:\/\/hellasgarden.se\/zh\/test123\/","title":{"rendered":"\u6d4b\u8bd5123"},"content":{"rendered":"<div id=\"cs-content\" class=\"cs-content\"><\/div>","protected":false},"excerpt":{"rendered":"<p>\u6b22\u8fce\u6765\u5230\u8d6b\u62c9\u65af\u683c\u52d2\u5fb7\uff08HELLASG\u00c5RD\uff09\u60a8\u901a\u5f80\u5927\u81ea\u7136\u7684\u5927\u95e8\uff0c\u8ddd\u5e02\u533a 15 \u5206\u949f\u8def\u7a0b\u9884\u8ba2\u6d3b\u52a8\u4e0e\u6211\u4eec\u4e00\u8d77\u5b89\u6392\u5929\u6c14\u60c5\u51b5\u63a5\u5f85\u5904\u5468\u4e00\u81f3\u5468\u4e94\uff1a9-21 \u5468\u516d\u81f3\u5468\u65e5\uff1a9-18 \"\u65b0\u6e56\u5496\u5561\u5385\" \u6bcf\u5929 9-16 \uff08\u5468\u4e8c\uff1a9-19\uff0c\u5468\u516d\uff1a... <\/p>\n<div><a href=\"https:\/\/hellasgarden.se\/zh\/test123\/\" class=\"more-link\">\u9605\u8bfb\u66f4\u591a<\/a><\/div>","protected":false},"author":1,"featured_media":0,"parent":0,"menu_order":0,"comment_status":"closed","ping_status":"closed","template":"template-blank-4.php","meta":{"_monsterinsights_skip_tracking":false,"_monsterinsights_sitenote_active":false,"_monsterinsights_sitenote_note":"","_monsterinsights_sitenote_category":0},"yoast_head":"<!-- This site is optimized with the Yoast SEO plugin v21.8.1 - https:\/\/yoast.com\/wordpress\/plugins\/seo\/ -->\n<title>test123 - Hellasg\u00e5rden<\/title>\n<meta name=\"robots\" content=\"index, follow, max-snippet:-1, max-image-preview:large, max-video-preview:-1\" \/>\n<link rel=\"canonical\" href=\"https:\/\/hellasgarden.se\/zh\/test123\/\" \/>\n<meta property=\"og:locale\" content=\"zh_CN\" \/>\n<meta property=\"og:type\" content=\"article\" \/>\n<meta property=\"og:title\" content=\"test123 - Hellasg\u00e5rden\" \/>\n<meta property=\"og:description\" content=\"V\u00c4LKOMMEN TILL HELLASG\u00c5RDENDin port till naturen 15 min fr\u00e5n cityBoka aktivitetArrangera hos ossSTATUSV\u00c4DERReception M\u00e5ndag - Fredag: 9-21\u00a0 L\u00f6rdag - S\u00f6ndag: 9-18 &quot;Nya sj\u00f6caf\u00e9et&quot; Alla dagar kl. 9-16 (Tisd: 9-19, L\u00f6rd: ... Read More\" \/>\n<meta property=\"og:url\" content=\"https:\/\/hellasgarden.se\/zh\/test123\/\" \/>\n<meta property=\"og:site_name\" content=\"Hellasg\u00e5rden\" \/>\n<meta property=\"article:modified_time\" content=\"2023-12-05T13:34:32+00:00\" \/>\n<meta name=\"twitter:card\" content=\"summary_large_image\" \/>\n<meta name=\"twitter:label1\" content=\"\u9884\u8ba1\u9605\u8bfb\u65f6\u95f4\" \/>\n\t<meta name=\"twitter:data1\" content=\"1\u5206\" \/>\n<script type=\"application\/ld+json\" class=\"yoast-schema-graph\">{\"@context\":\"https:\/\/schema.org\",\"@graph\":[{\"@type\":\"WebPage\",\"@id\":\"https:\/\/hellasgarden.se\/test123\/\",\"url\":\"https:\/\/hellasgarden.se\/test123\/\",\"name\":\"test123 - Hellasg\u00e5rden\",\"isPartOf\":{\"@id\":\"https:\/\/hellasgarden.se\/#website\"},\"datePublished\":\"2023-12-05T12:51:13+00:00\",\"dateModified\":\"2023-12-05T13:34:32+00:00\",\"breadcrumb\":{\"@id\":\"https:\/\/hellasgarden.se\/test123\/#breadcrumb\"},\"inLanguage\":\"zh-CN\",\"potentialAction\":[{\"@type\":\"ReadAction\",\"target\":[\"https:\/\/hellasgarden.se\/test123\/\"]}]},{\"@type\":\"BreadcrumbList\",\"@id\":\"https:\/\/hellasgarden.se\/test123\/#breadcrumb\",\"itemListElement\":[{\"@type\":\"ListItem\",\"position\":1,\"name\":\"Hem\",\"item\":\"https:\/\/hellasgarden.se\/\"},{\"@type\":\"ListItem\",\"position\":2,\"name\":\"test123\"}]},{\"@type\":\"WebSite\",\"@id\":\"https:\/\/hellasgarden.se\/#website\",\"url\":\"https:\/\/hellasgarden.se\/\",\"name\":\"Hellasg\u00e5rden\",\"description\":\"Din port till naturen\",\"potentialAction\":[{\"@type\":\"SearchAction\",\"target\":{\"@type\":\"EntryPoint\",\"urlTemplate\":\"https:\/\/hellasgarden.se\/?s={search_term_string}\"},\"query-input\":\"required name=search_term_string\"}],\"inLanguage\":\"zh-CN\"}]}<\/script>\n<!-- \/ Yoast SEO plugin. -->","yoast_head_json":{"title":"test123 - Hellasg\u00e5rden","robots":{"index":"index","follow":"follow","max-snippet":"max-snippet:-1","max-image-preview":"max-image-preview:large","max-video-preview":"max-video-preview:-1"},"canonical":"https:\/\/hellasgarden.se\/zh\/test123\/","og_locale":"zh_CN","og_type":"article","og_title":"test123 - Hellasg\u00e5rden","og_description":"V\u00c4LKOMMEN TILL HELLASG\u00c5RDENDin port till naturen 15 min fr\u00e5n cityBoka aktivitetArrangera hos ossSTATUSV\u00c4DERReception M\u00e5ndag - Fredag: 9-21\u00a0 L\u00f6rdag - S\u00f6ndag: 9-18 \"Nya sj\u00f6caf\u00e9et\" Alla dagar kl. 9-16 (Tisd: 9-19, L\u00f6rd: ... Read More","og_url":"https:\/\/hellasgarden.se\/zh\/test123\/","og_site_name":"Hellasg\u00e5rden","article_modified_time":"2023-12-05T13:34:32+00:00","twitter_card":"summary_large_image","twitter_misc":{"\u9884\u8ba1\u9605\u8bfb\u65f6\u95f4":"1\u5206"},"schema":{"@context":"https:\/\/schema.org","@graph":[{"@type":"WebPage","@id":"https:\/\/hellasgarden.se\/test123\/","url":"https:\/\/hellasgarden.se\/test123\/","name":"test123 - Hellasg\u00e5rden","isPartOf":{"@id":"https:\/\/hellasgarden.se\/#website"},"datePublished":"2023-12-05T12:51:13+00:00","dateModified":"2023-12-05T13:34:32+00:00","breadcrumb":{"@id":"https:\/\/hellasgarden.se\/test123\/#breadcrumb"},"inLanguage":"zh-CN","potentialAction":[{"@type":"ReadAction","target":["https:\/\/hellasgarden.se\/test123\/"]}]},{"@type":"BreadcrumbList","@id":"https:\/\/hellasgarden.se\/test123\/#breadcrumb","itemListElement":[{"@type":"ListItem","position":1,"name":"Hem","item":"https:\/\/hellasgarden.se\/"},{"@type":"ListItem","position":2,"name":"test123"}]},{"@type":"WebSite","@id":"https:\/\/hellasgarden.se\/#website","url":"https:\/\/hellasgarden.se\/","name":"Hellasg\u00e5rden","description":"Din port till naturen","potentialAction":[{"@type":"SearchAction","target":{"@type":"EntryPoint","urlTemplate":"https:\/\/hellasgarden.se\/?s={search_term_string}"},"query-input":"required name=search_term_string"}],"inLanguage":"zh-CN"}]}},"_links":{"self":[{"href":"https:\/\/hellasgarden.se\/zh\/wp-json\/wp\/v2\/pages\/45168"}],"collection":[{"href":"https:\/\/hellasgarden.se\/zh\/wp-json\/wp\/v2\/pages"}],"about":[{"href":"https:\/\/hellasgarden.se\/zh\/wp-json\/wp\/v2\/types\/page"}],"author":[{"embeddable":true,"href":"https:\/\/hellasgarden.se\/zh\/wp-json\/wp\/v2\/users\/1"}],"replies":[{"embeddable":true,"href":"https:\/\/hellasgarden.se\/zh\/wp-json\/wp\/v2\/comments?post=45168"}],"version-history":[{"count":12,"href":"https:\/\/hellasgarden.se\/zh\/wp-json\/wp\/v2\/pages\/45168\/revisions"}],"predecessor-version":[{"id":45182,"href":"https:\/\/hellasgarden.se\/zh\/wp-json\/wp\/v2\/pages\/45168\/revisions\/45182"}],"wp:attachment":[{"href":"https:\/\/hellasgarden.se\/zh\/wp-json\/wp\/v2\/media?parent=45168"}],"curies":[{"name":"wp","href":"https:\/\/api.w.org\/{rel}","templated":true}]}}