{"id":45146,"date":"2023-12-05T13:18:43","date_gmt":"2023-12-05T12:18:43","guid":{"rendered":"https:\/\/hellasgarden.se\/?page_id=45146"},"modified":"2025-11-26T11:20:59","modified_gmt":"2025-11-26T10:20:59","slug":"sjocafeet","status":"publish","type":"page","link":"https:\/\/hellasgarden.se\/zh\/sjocafeet\/","title":{"rendered":"\u6e56\u7554\u5496\u5561\u9986"},"content":{"rendered":"<div id=\"cs-content\" class=\"cs-content\"><\/div>","protected":false},"excerpt":{"rendered":"<p>Sj\u00f6caf\u00e9et\u9996\u9875\u6b22\u8fce\u5149\u4e34 Sj\u00f6caf\u00e9et\uff01\u6211\u4eec\u4f4d\u4e8e\u51ef\u5c14\u6258\u666e\u6e56\uff08K\u00e4lltorp\uff09\u7554\uff0c\u8ddd\u79bb\u63a5\u5f85\u5904\u3001\u6851\u62ff\u623f\u548c\u5065\u8eab\u623f\u4ec5\u5341\u51e0\u7c73\u4e4b\u9065\u3002\u5728\u5496\u5561\u5385\u548c\u9732\u53f0\u4e0a\uff0c\u60a8\u53ef\u4ee5\u5c3d\u60c5\u4eab\u53d7\u4ece\u5496\u5561\u5385\u5230\u9732\u53f0\u7684\u60ec\u610f\u65f6\u5149\u3002 <\/p>\n<div><a href=\"https:\/\/hellasgarden.se\/zh\/sjocafeet\/\" class=\"more-link\">\u9605\u8bfb\u66f4\u591a<\/a><\/div>","protected":false},"author":1,"featured_media":0,"parent":0,"menu_order":0,"comment_status":"closed","ping_status":"closed","template":"template-blank-4.php","meta":{"_monsterinsights_skip_tracking":false,"_monsterinsights_sitenote_active":false,"_monsterinsights_sitenote_note":"","_monsterinsights_sitenote_category":0},"yoast_head":"<!-- This site is optimized with the Yoast SEO plugin v21.8.1 - https:\/\/yoast.com\/wordpress\/plugins\/seo\/ -->\n<title>Sj\u00f6caf\u00e9et - Hellasg\u00e5rden<\/title>\n<meta name=\"description\" content=\"V\u00e4lkommen till &quot;nya&quot; Sj\u00f6caf\u00e9et! H\u00e4r kan du l\u00e4sa mer om v\u00e5rt sortiment och alla ingredienser och njuta av trivsam inredning och utsikt.\" \/>\n<meta name=\"robots\" content=\"index, follow, max-snippet:-1, max-image-preview:large, max-video-preview:-1\" \/>\n<link rel=\"canonical\" href=\"https:\/\/hellasgarden.se\/zh\/sjocafeet\/\" \/>\n<meta property=\"og:locale\" content=\"zh_CN\" \/>\n<meta property=\"og:type\" content=\"article\" \/>\n<meta property=\"og:title\" content=\"Sj\u00f6caf\u00e9et - Hellasg\u00e5rden\" \/>\n<meta property=\"og:description\" content=\"V\u00e4lkommen till &quot;nya&quot; Sj\u00f6caf\u00e9et! H\u00e4r kan du l\u00e4sa mer om v\u00e5rt sortiment och alla ingredienser och njuta av trivsam inredning och utsikt.\" \/>\n<meta property=\"og:url\" content=\"https:\/\/hellasgarden.se\/zh\/sjocafeet\/\" \/>\n<meta property=\"og:site_name\" content=\"Hellasg\u00e5rden\" \/>\n<meta property=\"article:modified_time\" content=\"2025-11-26T10:20:59+00:00\" \/>\n<meta property=\"og:image\" content=\"http:\/\/hellasgarden.se\/wp-content\/uploads\/2025\/09\/image00005.jpeg\" \/>\n<meta name=\"twitter:card\" content=\"summary_large_image\" \/>\n<meta name=\"twitter:label1\" content=\"\u9884\u8ba1\u9605\u8bfb\u65f6\u95f4\" \/>\n\t<meta name=\"twitter:data1\" content=\"5\u5206\" \/>\n<script type=\"application\/ld+json\" class=\"yoast-schema-graph\">{\"@context\":\"https:\/\/schema.org\",\"@graph\":[{\"@type\":\"WebPage\",\"@id\":\"https:\/\/hellasgarden.se\/sjocafeet\/\",\"url\":\"https:\/\/hellasgarden.se\/sjocafeet\/\",\"name\":\"Sj\u00f6caf\u00e9et - Hellasg\u00e5rden\",\"isPartOf\":{\"@id\":\"https:\/\/hellasgarden.se\/#website\"},\"datePublished\":\"2023-12-05T12:18:43+00:00\",\"dateModified\":\"2025-11-26T10:20:59+00:00\",\"description\":\"V\u00e4lkommen till \\\"nya\\\" Sj\u00f6caf\u00e9et! H\u00e4r kan du l\u00e4sa mer om v\u00e5rt sortiment och alla ingredienser och njuta av trivsam inredning och utsikt.\",\"breadcrumb\":{\"@id\":\"https:\/\/hellasgarden.se\/sjocafeet\/#breadcrumb\"},\"inLanguage\":\"zh-CN\",\"potentialAction\":[{\"@type\":\"ReadAction\",\"target\":[\"https:\/\/hellasgarden.se\/sjocafeet\/\"]}]},{\"@type\":\"BreadcrumbList\",\"@id\":\"https:\/\/hellasgarden.se\/sjocafeet\/#breadcrumb\",\"itemListElement\":[{\"@type\":\"ListItem\",\"position\":1,\"name\":\"Hem\",\"item\":\"https:\/\/hellasgarden.se\/\"},{\"@type\":\"ListItem\",\"position\":2,\"name\":\"Sj\u00f6caf\u00e9et\"}]},{\"@type\":\"WebSite\",\"@id\":\"https:\/\/hellasgarden.se\/#website\",\"url\":\"https:\/\/hellasgarden.se\/\",\"name\":\"Hellasg\u00e5rden\",\"description\":\"Din port till naturen\",\"potentialAction\":[{\"@type\":\"SearchAction\",\"target\":{\"@type\":\"EntryPoint\",\"urlTemplate\":\"https:\/\/hellasgarden.se\/?s={search_term_string}\"},\"query-input\":\"required name=search_term_string\"}],\"inLanguage\":\"zh-CN\"}]}<\/script>\n<!-- \/ Yoast SEO plugin. -->","yoast_head_json":{"title":"Sj\u00f6caf\u00e9et - Hellasg\u00e5rden","description":"V\u00e4lkommen till \"nya\" Sj\u00f6caf\u00e9et! H\u00e4r kan du l\u00e4sa mer om v\u00e5rt sortiment och alla ingredienser och njuta av trivsam inredning och utsikt.","robots":{"index":"index","follow":"follow","max-snippet":"max-snippet:-1","max-image-preview":"max-image-preview:large","max-video-preview":"max-video-preview:-1"},"canonical":"https:\/\/hellasgarden.se\/zh\/sjocafeet\/","og_locale":"zh_CN","og_type":"article","og_title":"Sj\u00f6caf\u00e9et - Hellasg\u00e5rden","og_description":"V\u00e4lkommen till \"nya\" Sj\u00f6caf\u00e9et! H\u00e4r kan du l\u00e4sa mer om v\u00e5rt sortiment och alla ingredienser och njuta av trivsam inredning och utsikt.","og_url":"https:\/\/hellasgarden.se\/zh\/sjocafeet\/","og_site_name":"Hellasg\u00e5rden","article_modified_time":"2025-11-26T10:20:59+00:00","og_image":[{"url":"http:\/\/hellasgarden.se\/wp-content\/uploads\/2025\/09\/image00005.jpeg"}],"twitter_card":"summary_large_image","twitter_misc":{"\u9884\u8ba1\u9605\u8bfb\u65f6\u95f4":"5\u5206"},"schema":{"@context":"https:\/\/schema.org","@graph":[{"@type":"WebPage","@id":"https:\/\/hellasgarden.se\/sjocafeet\/","url":"https:\/\/hellasgarden.se\/sjocafeet\/","name":"Sj\u00f6caf\u00e9et - Hellasg\u00e5rden","isPartOf":{"@id":"https:\/\/hellasgarden.se\/#website"},"datePublished":"2023-12-05T12:18:43+00:00","dateModified":"2025-11-26T10:20:59+00:00","description":"V\u00e4lkommen till \"nya\" Sj\u00f6caf\u00e9et! H\u00e4r kan du l\u00e4sa mer om v\u00e5rt sortiment och alla ingredienser och njuta av trivsam inredning och utsikt.","breadcrumb":{"@id":"https:\/\/hellasgarden.se\/sjocafeet\/#breadcrumb"},"inLanguage":"zh-CN","potentialAction":[{"@type":"ReadAction","target":["https:\/\/hellasgarden.se\/sjocafeet\/"]}]},{"@type":"BreadcrumbList","@id":"https:\/\/hellasgarden.se\/sjocafeet\/#breadcrumb","itemListElement":[{"@type":"ListItem","position":1,"name":"Hem","item":"https:\/\/hellasgarden.se\/"},{"@type":"ListItem","position":2,"name":"Sj\u00f6caf\u00e9et"}]},{"@type":"WebSite","@id":"https:\/\/hellasgarden.se\/#website","url":"https:\/\/hellasgarden.se\/","name":"Hellasg\u00e5rden","description":"Din port till naturen","potentialAction":[{"@type":"SearchAction","target":{"@type":"EntryPoint","urlTemplate":"https:\/\/hellasgarden.se\/?s={search_term_string}"},"query-input":"required name=search_term_string"}],"inLanguage":"zh-CN"}]}},"_links":{"self":[{"href":"https:\/\/hellasgarden.se\/zh\/wp-json\/wp\/v2\/pages\/45146"}],"collection":[{"href":"https:\/\/hellasgarden.se\/zh\/wp-json\/wp\/v2\/pages"}],"about":[{"href":"https:\/\/hellasgarden.se\/zh\/wp-json\/wp\/v2\/types\/page"}],"author":[{"embeddable":true,"href":"https:\/\/hellasgarden.se\/zh\/wp-json\/wp\/v2\/users\/1"}],"replies":[{"embeddable":true,"href":"https:\/\/hellasgarden.se\/zh\/wp-json\/wp\/v2\/comments?post=45146"}],"version-history":[{"count":38,"href":"https:\/\/hellasgarden.se\/zh\/wp-json\/wp\/v2\/pages\/45146\/revisions"}],"predecessor-version":[{"id":46559,"href":"https:\/\/hellasgarden.se\/zh\/wp-json\/wp\/v2\/pages\/45146\/revisions\/46559"}],"wp:attachment":[{"href":"https:\/\/hellasgarden.se\/zh\/wp-json\/wp\/v2\/media?parent=45146"}],"curies":[{"name":"wp","href":"https:\/\/api.w.org\/{rel}","templated":true}]}}