{"id":44992,"date":"2023-06-09T12:41:21","date_gmt":"2023-06-09T10:41:21","guid":{"rendered":"https:\/\/hellasgarden.se\/aktiviteter\/bastu-2\/"},"modified":"2023-06-09T12:41:21","modified_gmt":"2023-06-09T10:41:21","slug":"bastu-2","status":"publish","type":"page","link":"https:\/\/hellasgarden.se\/zh\/aktiviteter\/bastu-2\/","title":{"rendered":"\u6851\u62ff (\u590d\u5236)"},"content":{"rendered":"<div id=\"cs-content\" class=\"cs-content\"><\/div>","protected":false},"excerpt":{"rendered":"<p>\u65af\u5fb7\u54e5\u5c14\u6469\u7684BastuHemBastubad\u6709\u6e56\u6c34\u6d74\u548c\u5065\u8eab\u623f \u56fe\u7247\u6765\u81ea\u65b0\u7684\u5973\u5b50\u6851\u62ff\u623f\u3002\u4e0b\u9762\u4f60\u53ef\u4ee5\u4e86\u89e3\u66f4\u591a\u5173\u4e8e\u5b83\u7684\u6765\u5386\u548c\u539f\u56e0\u3002 (2023-05-25) \u6539\u53d8\uff0c... <\/p>\n<div><a href=\"https:\/\/hellasgarden.se\/zh\/aktiviteter\/bastu-2\/\" class=\"more-link\">\u9605\u8bfb\u66f4\u591a<\/a><\/div>","protected":false},"author":1,"featured_media":0,"parent":213,"menu_order":0,"comment_status":"closed","ping_status":"closed","template":"template-blank-4.php","meta":{"_monsterinsights_skip_tracking":false,"_monsterinsights_sitenote_active":false,"_monsterinsights_sitenote_note":"","_monsterinsights_sitenote_category":0},"yoast_head":"<!-- This site is optimized with the Yoast SEO plugin v21.8.1 - https:\/\/yoast.com\/wordpress\/plugins\/seo\/ -->\n<title>Bastu (Copy) - Hellasg\u00e5rden<\/title>\n<meta name=\"robots\" content=\"index, follow, max-snippet:-1, max-image-preview:large, max-video-preview:-1\" \/>\n<link rel=\"canonical\" href=\"https:\/\/hellasgarden.se\/zh\/aktiviteter\/bastu-2\/\" \/>\n<meta property=\"og:locale\" content=\"zh_CN\" \/>\n<meta property=\"og:type\" content=\"article\" \/>\n<meta property=\"og:title\" content=\"Bastu (Copy) - Hellasg\u00e5rden\" \/>\n<meta property=\"og:description\" content=\"BastuHemBastubad i Stockholm med bad i sj\u00f6 och gym Bilden \u00e4r fr\u00e5n nya dambastun. H\u00e4r nedan kan du l\u00e4sa mer om hur den kom till och varf\u00f6r.\u00a0 (2023-05-25) Byt om, ... Read More\" \/>\n<meta property=\"og:url\" content=\"https:\/\/hellasgarden.se\/zh\/aktiviteter\/bastu-2\/\" \/>\n<meta property=\"og:site_name\" content=\"Hellasg\u00e5rden\" \/>\n<meta property=\"og:image\" content=\"http:\/\/hellasgarden.se\/wp-content\/uploads\/2022\/02\/nya-bastun-640.gif\" \/>\n<meta name=\"twitter:card\" content=\"summary_large_image\" \/>\n<meta name=\"twitter:label1\" content=\"\u9884\u8ba1\u9605\u8bfb\u65f6\u95f4\" \/>\n\t<meta name=\"twitter:data1\" content=\"27\u5206\" \/>\n<script type=\"application\/ld+json\" class=\"yoast-schema-graph\">{\"@context\":\"https:\/\/schema.org\",\"@graph\":[{\"@type\":\"WebPage\",\"@id\":\"https:\/\/hellasgarden.se\/aktiviteter\/bastu-2\/\",\"url\":\"https:\/\/hellasgarden.se\/aktiviteter\/bastu-2\/\",\"name\":\"Bastu (Copy) - Hellasg\u00e5rden\",\"isPartOf\":{\"@id\":\"https:\/\/hellasgarden.se\/#website\"},\"datePublished\":\"2023-06-09T10:41:21+00:00\",\"dateModified\":\"2023-06-09T10:41:21+00:00\",\"breadcrumb\":{\"@id\":\"https:\/\/hellasgarden.se\/aktiviteter\/bastu-2\/#breadcrumb\"},\"inLanguage\":\"zh-CN\",\"potentialAction\":[{\"@type\":\"ReadAction\",\"target\":[\"https:\/\/hellasgarden.se\/aktiviteter\/bastu-2\/\"]}]},{\"@type\":\"BreadcrumbList\",\"@id\":\"https:\/\/hellasgarden.se\/aktiviteter\/bastu-2\/#breadcrumb\",\"itemListElement\":[{\"@type\":\"ListItem\",\"position\":1,\"name\":\"Hem\",\"item\":\"https:\/\/hellasgarden.se\/\"},{\"@type\":\"ListItem\",\"position\":2,\"name\":\"Aktiviteter\",\"item\":\"https:\/\/hellasgarden.se\/aktiviteter\/\"},{\"@type\":\"ListItem\",\"position\":3,\"name\":\"Bastu (Copy)\"}]},{\"@type\":\"WebSite\",\"@id\":\"https:\/\/hellasgarden.se\/#website\",\"url\":\"https:\/\/hellasgarden.se\/\",\"name\":\"Hellasg\u00e5rden\",\"description\":\"Din port till naturen\",\"potentialAction\":[{\"@type\":\"SearchAction\",\"target\":{\"@type\":\"EntryPoint\",\"urlTemplate\":\"https:\/\/hellasgarden.se\/?s={search_term_string}\"},\"query-input\":\"required name=search_term_string\"}],\"inLanguage\":\"zh-CN\"}]}<\/script>\n<!-- \/ Yoast SEO plugin. -->","yoast_head_json":{"title":"Bastu (Copy) - Hellasg\u00e5rden","robots":{"index":"index","follow":"follow","max-snippet":"max-snippet:-1","max-image-preview":"max-image-preview:large","max-video-preview":"max-video-preview:-1"},"canonical":"https:\/\/hellasgarden.se\/zh\/aktiviteter\/bastu-2\/","og_locale":"zh_CN","og_type":"article","og_title":"Bastu (Copy) - Hellasg\u00e5rden","og_description":"BastuHemBastubad i Stockholm med bad i sj\u00f6 och gym Bilden \u00e4r fr\u00e5n nya dambastun. H\u00e4r nedan kan du l\u00e4sa mer om hur den kom till och varf\u00f6r.\u00a0 (2023-05-25) Byt om, ... Read More","og_url":"https:\/\/hellasgarden.se\/zh\/aktiviteter\/bastu-2\/","og_site_name":"Hellasg\u00e5rden","og_image":[{"url":"http:\/\/hellasgarden.se\/wp-content\/uploads\/2022\/02\/nya-bastun-640.gif"}],"twitter_card":"summary_large_image","twitter_misc":{"\u9884\u8ba1\u9605\u8bfb\u65f6\u95f4":"27\u5206"},"schema":{"@context":"https:\/\/schema.org","@graph":[{"@type":"WebPage","@id":"https:\/\/hellasgarden.se\/aktiviteter\/bastu-2\/","url":"https:\/\/hellasgarden.se\/aktiviteter\/bastu-2\/","name":"Bastu (Copy) - Hellasg\u00e5rden","isPartOf":{"@id":"https:\/\/hellasgarden.se\/#website"},"datePublished":"2023-06-09T10:41:21+00:00","dateModified":"2023-06-09T10:41:21+00:00","breadcrumb":{"@id":"https:\/\/hellasgarden.se\/aktiviteter\/bastu-2\/#breadcrumb"},"inLanguage":"zh-CN","potentialAction":[{"@type":"ReadAction","target":["https:\/\/hellasgarden.se\/aktiviteter\/bastu-2\/"]}]},{"@type":"BreadcrumbList","@id":"https:\/\/hellasgarden.se\/aktiviteter\/bastu-2\/#breadcrumb","itemListElement":[{"@type":"ListItem","position":1,"name":"Hem","item":"https:\/\/hellasgarden.se\/"},{"@type":"ListItem","position":2,"name":"Aktiviteter","item":"https:\/\/hellasgarden.se\/aktiviteter\/"},{"@type":"ListItem","position":3,"name":"Bastu (Copy)"}]},{"@type":"WebSite","@id":"https:\/\/hellasgarden.se\/#website","url":"https:\/\/hellasgarden.se\/","name":"Hellasg\u00e5rden","description":"Din port till naturen","potentialAction":[{"@type":"SearchAction","target":{"@type":"EntryPoint","urlTemplate":"https:\/\/hellasgarden.se\/?s={search_term_string}"},"query-input":"required name=search_term_string"}],"inLanguage":"zh-CN"}]}},"_links":{"self":[{"href":"https:\/\/hellasgarden.se\/zh\/wp-json\/wp\/v2\/pages\/44992"}],"collection":[{"href":"https:\/\/hellasgarden.se\/zh\/wp-json\/wp\/v2\/pages"}],"about":[{"href":"https:\/\/hellasgarden.se\/zh\/wp-json\/wp\/v2\/types\/page"}],"author":[{"embeddable":true,"href":"https:\/\/hellasgarden.se\/zh\/wp-json\/wp\/v2\/users\/1"}],"replies":[{"embeddable":true,"href":"https:\/\/hellasgarden.se\/zh\/wp-json\/wp\/v2\/comments?post=44992"}],"version-history":[{"count":1,"href":"https:\/\/hellasgarden.se\/zh\/wp-json\/wp\/v2\/pages\/44992\/revisions"}],"predecessor-version":[{"id":44993,"href":"https:\/\/hellasgarden.se\/zh\/wp-json\/wp\/v2\/pages\/44992\/revisions\/44993"}],"up":[{"embeddable":true,"href":"https:\/\/hellasgarden.se\/zh\/wp-json\/wp\/v2\/pages\/213"}],"wp:attachment":[{"href":"https:\/\/hellasgarden.se\/zh\/wp-json\/wp\/v2\/media?parent=44992"}],"curies":[{"name":"wp","href":"https:\/\/api.w.org\/{rel}","templated":true}]}}