{"id":44698,"date":"2023-04-05T10:43:18","date_gmt":"2023-04-05T08:43:18","guid":{"rendered":"https:\/\/hellasgarden.se\/?page_id=44698"},"modified":"2023-04-05T10:44:37","modified_gmt":"2023-04-05T08:44:37","slug":"orienteringssasongen-drar-igang-med-veckans-bana-och-kurser-bade-for-vuxna-och-barn","status":"publish","type":"page","link":"https:\/\/hellasgarden.se\/zh\/orienteringssasongen-drar-igang-med-veckans-bana-och-kurser-bade-for-vuxna-och-barn\/","title":{"rendered":"\u5b9a\u5411\u8d8a\u91ce\u8d5b\u5b63\u5f00\u59cb\u540e\uff0c\u6bcf\u5468\u90fd\u4f1a\u4e3a\u6210\u4eba\u548c\u513f\u7ae5\u5f00\u8bbe\u8bfe\u7a0b\u3002"},"content":{"rendered":"<p>(2023-04-05)\u7531\u4e8e\u4e00\u573a\u7a81\u5982\u5176\u6765\u7684\u5927\u96ea\uff0c\u6211\u4eec\u7a0d\u4f5c\u4f11\u6574\uff0c\u672c\u5468\u7684\u5b9a\u5411\u8d8a\u91ce\u8bfe\u7a0b\u53c8\u5f00\u59cb\u4e86\u3002\u53e6\u8bf7\u53c2\u9605 4 \u6708 22 \u65e5\u548c 25 \u65e5\u5f00\u59cb\u7684\u5b9a\u5411\u8d8a\u91ce\u8bfe\u7a0b\u3002 <a href=\"https:\/\/hellasgarden.se\/zh\/aktiviteter\/orientering\/\" target=\"_blank\" rel=\"noreferrer noopener\">\u5728\u6b64\u9605\u8bfb\u66f4\u591a\u5185\u5bb9!<\/a><\/p>","protected":false},"excerpt":{"rendered":"<p>(2023-04-05)\u7531\u4e8e\u4e00\u573a\u7a81\u5982\u5176\u6765\u7684\u5927\u96ea\uff0c\u6211\u4eec\u7a0d\u4f5c\u4f11\u6574\uff0c\u672c\u5468\u7684\u5b9a\u5411\u8d8a\u91ce\u8bfe\u7a0b\u53c8\u5f00\u59cb\u4e86\u3002\u53e6\u8bf7\u53c2\u9605 4 \u6708 22 \u65e5\u548c 25 \u65e5\u5f00\u59cb\u7684\u5b9a\u5411\u8d8a\u91ce\u8bfe\u7a0b\u3002 <\/p>\n<div><a href=\"https:\/\/hellasgarden.se\/zh\/orienteringssasongen-drar-igang-med-veckans-bana-och-kurser-bade-for-vuxna-och-barn\/\" class=\"more-link\">\u9605\u8bfb\u66f4\u591a<\/a><\/div>","protected":false},"author":1,"featured_media":43680,"parent":0,"menu_order":0,"comment_status":"closed","ping_status":"closed","template":"","meta":{"_monsterinsights_skip_tracking":false,"_monsterinsights_sitenote_active":false,"_monsterinsights_sitenote_note":"","_monsterinsights_sitenote_category":0},"yoast_head":"<!-- This site is optimized with the Yoast SEO plugin v21.8.1 - https:\/\/yoast.com\/wordpress\/plugins\/seo\/ -->\n<title>Orienteringss\u00e4songen drar ig\u00e5ng med veckans bana och kurser b\u00e5de f\u00f6r vuxna och barn -<\/title>\n<meta name=\"description\" content=\"Efter ett mindre uppeh\u00e5ll p\u00e5 grund av mycket och ov\u00e4ntad sn\u00f6 \u00e4r vi nu p\u00e5 g\u00e5ng igen med veckans orienteringsbana. Se \u00e4ven orienteringskurser som startar 22 respektive 25 april.\" \/>\n<meta name=\"robots\" content=\"index, follow, max-snippet:-1, max-image-preview:large, max-video-preview:-1\" \/>\n<link rel=\"canonical\" href=\"https:\/\/hellasgarden.se\/zh\/orienteringssasongen-drar-igang-med-veckans-bana-och-kurser-bade-for-vuxna-och-barn\/\" \/>\n<meta property=\"og:locale\" content=\"zh_CN\" \/>\n<meta property=\"og:type\" content=\"article\" \/>\n<meta property=\"og:title\" content=\"Orienteringss\u00e4songen drar ig\u00e5ng med veckans bana och kurser b\u00e5de f\u00f6r vuxna och barn -\" \/>\n<meta property=\"og:description\" content=\"Efter ett mindre uppeh\u00e5ll p\u00e5 grund av mycket och ov\u00e4ntad sn\u00f6 \u00e4r vi nu p\u00e5 g\u00e5ng igen med veckans orienteringsbana. Se \u00e4ven orienteringskurser som startar 22 respektive 25 april.\" \/>\n<meta property=\"og:url\" content=\"https:\/\/hellasgarden.se\/zh\/orienteringssasongen-drar-igang-med-veckans-bana-och-kurser-bade-for-vuxna-och-barn\/\" \/>\n<meta property=\"og:site_name\" content=\"Hellasg\u00e5rden\" \/>\n<meta property=\"article:modified_time\" content=\"2023-04-05T08:44:37+00:00\" \/>\n<meta property=\"og:image\" content=\"https:\/\/hellasgarden.se\/wp-content\/uploads\/2022\/03\/orientering-kurs-och-veckans-bana.jpg\" \/>\n\t<meta property=\"og:image:width\" content=\"640\" \/>\n\t<meta property=\"og:image:height\" content=\"426\" \/>\n\t<meta property=\"og:image:type\" content=\"image\/jpeg\" \/>\n<meta name=\"twitter:card\" content=\"summary_large_image\" \/>\n<meta name=\"twitter:label1\" content=\"\u9884\u8ba1\u9605\u8bfb\u65f6\u95f4\" \/>\n\t<meta name=\"twitter:data1\" content=\"1\u5206\" \/>\n<script type=\"application\/ld+json\" class=\"yoast-schema-graph\">{\"@context\":\"https:\/\/schema.org\",\"@graph\":[{\"@type\":\"WebPage\",\"@id\":\"https:\/\/hellasgarden.se\/orienteringssasongen-drar-igang-med-veckans-bana-och-kurser-bade-for-vuxna-och-barn\/\",\"url\":\"https:\/\/hellasgarden.se\/orienteringssasongen-drar-igang-med-veckans-bana-och-kurser-bade-for-vuxna-och-barn\/\",\"name\":\"Orienteringss\u00e4songen drar ig\u00e5ng med veckans bana och kurser b\u00e5de f\u00f6r vuxna och barn -\",\"isPartOf\":{\"@id\":\"https:\/\/hellasgarden.se\/#website\"},\"datePublished\":\"2023-04-05T08:43:18+00:00\",\"dateModified\":\"2023-04-05T08:44:37+00:00\",\"description\":\"Efter ett mindre uppeh\u00e5ll p\u00e5 grund av mycket och ov\u00e4ntad sn\u00f6 \u00e4r vi nu p\u00e5 g\u00e5ng igen med veckans orienteringsbana. Se \u00e4ven orienteringskurser som startar 22 respektive 25 april.\",\"breadcrumb\":{\"@id\":\"https:\/\/hellasgarden.se\/orienteringssasongen-drar-igang-med-veckans-bana-och-kurser-bade-for-vuxna-och-barn\/#breadcrumb\"},\"inLanguage\":\"zh-CN\",\"potentialAction\":[{\"@type\":\"ReadAction\",\"target\":[\"https:\/\/hellasgarden.se\/orienteringssasongen-drar-igang-med-veckans-bana-och-kurser-bade-for-vuxna-och-barn\/\"]}]},{\"@type\":\"BreadcrumbList\",\"@id\":\"https:\/\/hellasgarden.se\/orienteringssasongen-drar-igang-med-veckans-bana-och-kurser-bade-for-vuxna-och-barn\/#breadcrumb\",\"itemListElement\":[{\"@type\":\"ListItem\",\"position\":1,\"name\":\"Hem\",\"item\":\"https:\/\/hellasgarden.se\/\"},{\"@type\":\"ListItem\",\"position\":2,\"name\":\"Orienteringss\u00e4songen drar ig\u00e5ng med veckans bana och kurser b\u00e5de f\u00f6r vuxna och barn\"}]},{\"@type\":\"WebSite\",\"@id\":\"https:\/\/hellasgarden.se\/#website\",\"url\":\"https:\/\/hellasgarden.se\/\",\"name\":\"Hellasg\u00e5rden\",\"description\":\"Din port till naturen\",\"potentialAction\":[{\"@type\":\"SearchAction\",\"target\":{\"@type\":\"EntryPoint\",\"urlTemplate\":\"https:\/\/hellasgarden.se\/?s={search_term_string}\"},\"query-input\":\"required name=search_term_string\"}],\"inLanguage\":\"zh-CN\"}]}<\/script>\n<!-- \/ Yoast SEO plugin. -->","yoast_head_json":{"title":"Orienteringss\u00e4songen drar ig\u00e5ng med veckans bana och kurser b\u00e5de f\u00f6r vuxna och barn -","description":"Efter ett mindre uppeh\u00e5ll p\u00e5 grund av mycket och ov\u00e4ntad sn\u00f6 \u00e4r vi nu p\u00e5 g\u00e5ng igen med veckans orienteringsbana. Se \u00e4ven orienteringskurser som startar 22 respektive 25 april.","robots":{"index":"index","follow":"follow","max-snippet":"max-snippet:-1","max-image-preview":"max-image-preview:large","max-video-preview":"max-video-preview:-1"},"canonical":"https:\/\/hellasgarden.se\/zh\/orienteringssasongen-drar-igang-med-veckans-bana-och-kurser-bade-for-vuxna-och-barn\/","og_locale":"zh_CN","og_type":"article","og_title":"Orienteringss\u00e4songen drar ig\u00e5ng med veckans bana och kurser b\u00e5de f\u00f6r vuxna och barn -","og_description":"Efter ett mindre uppeh\u00e5ll p\u00e5 grund av mycket och ov\u00e4ntad sn\u00f6 \u00e4r vi nu p\u00e5 g\u00e5ng igen med veckans orienteringsbana. Se \u00e4ven orienteringskurser som startar 22 respektive 25 april.","og_url":"https:\/\/hellasgarden.se\/zh\/orienteringssasongen-drar-igang-med-veckans-bana-och-kurser-bade-for-vuxna-och-barn\/","og_site_name":"Hellasg\u00e5rden","article_modified_time":"2023-04-05T08:44:37+00:00","og_image":[{"width":640,"height":426,"url":"https:\/\/hellasgarden.se\/wp-content\/uploads\/2022\/03\/orientering-kurs-och-veckans-bana.jpg","type":"image\/jpeg"}],"twitter_card":"summary_large_image","twitter_misc":{"\u9884\u8ba1\u9605\u8bfb\u65f6\u95f4":"1\u5206"},"schema":{"@context":"https:\/\/schema.org","@graph":[{"@type":"WebPage","@id":"https:\/\/hellasgarden.se\/orienteringssasongen-drar-igang-med-veckans-bana-och-kurser-bade-for-vuxna-och-barn\/","url":"https:\/\/hellasgarden.se\/orienteringssasongen-drar-igang-med-veckans-bana-och-kurser-bade-for-vuxna-och-barn\/","name":"Orienteringss\u00e4songen drar ig\u00e5ng med veckans bana och kurser b\u00e5de f\u00f6r vuxna och barn -","isPartOf":{"@id":"https:\/\/hellasgarden.se\/#website"},"datePublished":"2023-04-05T08:43:18+00:00","dateModified":"2023-04-05T08:44:37+00:00","description":"Efter ett mindre uppeh\u00e5ll p\u00e5 grund av mycket och ov\u00e4ntad sn\u00f6 \u00e4r vi nu p\u00e5 g\u00e5ng igen med veckans orienteringsbana. Se \u00e4ven orienteringskurser som startar 22 respektive 25 april.","breadcrumb":{"@id":"https:\/\/hellasgarden.se\/orienteringssasongen-drar-igang-med-veckans-bana-och-kurser-bade-for-vuxna-och-barn\/#breadcrumb"},"inLanguage":"zh-CN","potentialAction":[{"@type":"ReadAction","target":["https:\/\/hellasgarden.se\/orienteringssasongen-drar-igang-med-veckans-bana-och-kurser-bade-for-vuxna-och-barn\/"]}]},{"@type":"BreadcrumbList","@id":"https:\/\/hellasgarden.se\/orienteringssasongen-drar-igang-med-veckans-bana-och-kurser-bade-for-vuxna-och-barn\/#breadcrumb","itemListElement":[{"@type":"ListItem","position":1,"name":"Hem","item":"https:\/\/hellasgarden.se\/"},{"@type":"ListItem","position":2,"name":"Orienteringss\u00e4songen drar ig\u00e5ng med veckans bana och kurser b\u00e5de f\u00f6r vuxna och barn"}]},{"@type":"WebSite","@id":"https:\/\/hellasgarden.se\/#website","url":"https:\/\/hellasgarden.se\/","name":"Hellasg\u00e5rden","description":"Din port till naturen","potentialAction":[{"@type":"SearchAction","target":{"@type":"EntryPoint","urlTemplate":"https:\/\/hellasgarden.se\/?s={search_term_string}"},"query-input":"required name=search_term_string"}],"inLanguage":"zh-CN"}]}},"_links":{"self":[{"href":"https:\/\/hellasgarden.se\/zh\/wp-json\/wp\/v2\/pages\/44698"}],"collection":[{"href":"https:\/\/hellasgarden.se\/zh\/wp-json\/wp\/v2\/pages"}],"about":[{"href":"https:\/\/hellasgarden.se\/zh\/wp-json\/wp\/v2\/types\/page"}],"author":[{"embeddable":true,"href":"https:\/\/hellasgarden.se\/zh\/wp-json\/wp\/v2\/users\/1"}],"replies":[{"embeddable":true,"href":"https:\/\/hellasgarden.se\/zh\/wp-json\/wp\/v2\/comments?post=44698"}],"version-history":[{"count":2,"href":"https:\/\/hellasgarden.se\/zh\/wp-json\/wp\/v2\/pages\/44698\/revisions"}],"predecessor-version":[{"id":44701,"href":"https:\/\/hellasgarden.se\/zh\/wp-json\/wp\/v2\/pages\/44698\/revisions\/44701"}],"wp:featuredmedia":[{"embeddable":true,"href":"https:\/\/hellasgarden.se\/zh\/wp-json\/wp\/v2\/media\/43680"}],"wp:attachment":[{"href":"https:\/\/hellasgarden.se\/zh\/wp-json\/wp\/v2\/media?parent=44698"}],"curies":[{"name":"wp","href":"https:\/\/api.w.org\/{rel}","templated":true}]}}