{"id":43879,"date":"2022-07-13T13:28:55","date_gmt":"2022-07-13T11:28:55","guid":{"rendered":"https:\/\/hellasgarden.se\/?page_id=43879"},"modified":"2022-09-12T10:27:58","modified_gmt":"2022-09-12T08:27:58","slug":"krocket","status":"publish","type":"page","link":"https:\/\/hellasgarden.se\/zh\/aktiviteter\/krocket\/","title":{"rendered":"\u69cc\u7403"},"content":{"rendered":"<div id=\"cs-content\" class=\"cs-content\"><\/div>","protected":false},"excerpt":{"rendered":"<p>\u69cc\u7403\u4e4b\u5bb6\u69cc\u7403--\u9002\u5408\u6240\u6709\u4eba\u7684\u8212\u9002\u7684\u68cb\u76d8\u6e38\u620f\u4f60\u77e5\u9053\u5417\uff0c\u5373\u4f7f\u4f60\u4e0d\u5728\u4e61\u95f4\u522b\u5885\uff0c\u5373\u4f7f\u4e0d\u662f\u4ef2\u590f\uff0c\u4f60\u4e5f\u53ef\u4ee5\u73a9\u69cc\u7403\uff1f... <\/p>\n<div><a href=\"https:\/\/hellasgarden.se\/zh\/aktiviteter\/krocket\/\" class=\"more-link\">\u9605\u8bfb\u66f4\u591a<\/a><\/div>","protected":false},"author":1,"featured_media":0,"parent":213,"menu_order":0,"comment_status":"closed","ping_status":"closed","template":"template-blank-4.php","meta":{"_monsterinsights_skip_tracking":false,"_monsterinsights_sitenote_active":false,"_monsterinsights_sitenote_note":"","_monsterinsights_sitenote_category":0},"yoast_head":"<!-- This site is optimized with the Yoast SEO plugin v21.8.1 - https:\/\/yoast.com\/wordpress\/plugins\/seo\/ -->\n<title>Krocket - Hellasg\u00e5rden<\/title>\n<meta name=\"robots\" content=\"index, follow, max-snippet:-1, max-image-preview:large, max-video-preview:-1\" \/>\n<link rel=\"canonical\" href=\"https:\/\/hellasgarden.se\/zh\/aktiviteter\/krocket\/\" \/>\n<meta property=\"og:locale\" content=\"zh_CN\" \/>\n<meta property=\"og:type\" content=\"article\" \/>\n<meta property=\"og:title\" content=\"Krocket - Hellasg\u00e5rden\" \/>\n<meta property=\"og:description\" content=\"KrocketHemKrocket - mysigt s\u00e4llskapsspel f\u00f6r alla Visste du att de &auml;r till&aring;tet att spela krocket &auml;ven om du inte &auml;r p&aring; ett lantst&auml;lle och &auml;ven om det inte &auml;r midsommar? ... Read More\" \/>\n<meta property=\"og:url\" content=\"https:\/\/hellasgarden.se\/zh\/aktiviteter\/krocket\/\" \/>\n<meta property=\"og:site_name\" content=\"Hellasg\u00e5rden\" \/>\n<meta property=\"article:modified_time\" content=\"2022-09-12T08:27:58+00:00\" \/>\n<meta name=\"twitter:card\" content=\"summary_large_image\" \/>\n<meta name=\"twitter:label1\" content=\"\u9884\u8ba1\u9605\u8bfb\u65f6\u95f4\" \/>\n\t<meta name=\"twitter:data1\" content=\"1\u5206\" \/>\n<script type=\"application\/ld+json\" class=\"yoast-schema-graph\">{\"@context\":\"https:\/\/schema.org\",\"@graph\":[{\"@type\":\"WebPage\",\"@id\":\"https:\/\/hellasgarden.se\/aktiviteter\/krocket\/\",\"url\":\"https:\/\/hellasgarden.se\/aktiviteter\/krocket\/\",\"name\":\"Krocket - Hellasg\u00e5rden\",\"isPartOf\":{\"@id\":\"https:\/\/hellasgarden.se\/#website\"},\"datePublished\":\"2022-07-13T11:28:55+00:00\",\"dateModified\":\"2022-09-12T08:27:58+00:00\",\"breadcrumb\":{\"@id\":\"https:\/\/hellasgarden.se\/aktiviteter\/krocket\/#breadcrumb\"},\"inLanguage\":\"zh-CN\",\"potentialAction\":[{\"@type\":\"ReadAction\",\"target\":[\"https:\/\/hellasgarden.se\/aktiviteter\/krocket\/\"]}]},{\"@type\":\"BreadcrumbList\",\"@id\":\"https:\/\/hellasgarden.se\/aktiviteter\/krocket\/#breadcrumb\",\"itemListElement\":[{\"@type\":\"ListItem\",\"position\":1,\"name\":\"Hem\",\"item\":\"https:\/\/hellasgarden.se\/\"},{\"@type\":\"ListItem\",\"position\":2,\"name\":\"Aktiviteter\",\"item\":\"https:\/\/hellasgarden.se\/aktiviteter\/\"},{\"@type\":\"ListItem\",\"position\":3,\"name\":\"Krocket\"}]},{\"@type\":\"WebSite\",\"@id\":\"https:\/\/hellasgarden.se\/#website\",\"url\":\"https:\/\/hellasgarden.se\/\",\"name\":\"Hellasg\u00e5rden\",\"description\":\"Din port till naturen\",\"potentialAction\":[{\"@type\":\"SearchAction\",\"target\":{\"@type\":\"EntryPoint\",\"urlTemplate\":\"https:\/\/hellasgarden.se\/?s={search_term_string}\"},\"query-input\":\"required name=search_term_string\"}],\"inLanguage\":\"zh-CN\"}]}<\/script>\n<!-- \/ Yoast SEO plugin. -->","yoast_head_json":{"title":"Krocket - Hellasg\u00e5rden","robots":{"index":"index","follow":"follow","max-snippet":"max-snippet:-1","max-image-preview":"max-image-preview:large","max-video-preview":"max-video-preview:-1"},"canonical":"https:\/\/hellasgarden.se\/zh\/aktiviteter\/krocket\/","og_locale":"zh_CN","og_type":"article","og_title":"Krocket - Hellasg\u00e5rden","og_description":"KrocketHemKrocket - mysigt s\u00e4llskapsspel f\u00f6r alla Visste du att de &auml;r till&aring;tet att spela krocket &auml;ven om du inte &auml;r p&aring; ett lantst&auml;lle och &auml;ven om det inte &auml;r midsommar? ... Read More","og_url":"https:\/\/hellasgarden.se\/zh\/aktiviteter\/krocket\/","og_site_name":"Hellasg\u00e5rden","article_modified_time":"2022-09-12T08:27:58+00:00","twitter_card":"summary_large_image","twitter_misc":{"\u9884\u8ba1\u9605\u8bfb\u65f6\u95f4":"1\u5206"},"schema":{"@context":"https:\/\/schema.org","@graph":[{"@type":"WebPage","@id":"https:\/\/hellasgarden.se\/aktiviteter\/krocket\/","url":"https:\/\/hellasgarden.se\/aktiviteter\/krocket\/","name":"Krocket - Hellasg\u00e5rden","isPartOf":{"@id":"https:\/\/hellasgarden.se\/#website"},"datePublished":"2022-07-13T11:28:55+00:00","dateModified":"2022-09-12T08:27:58+00:00","breadcrumb":{"@id":"https:\/\/hellasgarden.se\/aktiviteter\/krocket\/#breadcrumb"},"inLanguage":"zh-CN","potentialAction":[{"@type":"ReadAction","target":["https:\/\/hellasgarden.se\/aktiviteter\/krocket\/"]}]},{"@type":"BreadcrumbList","@id":"https:\/\/hellasgarden.se\/aktiviteter\/krocket\/#breadcrumb","itemListElement":[{"@type":"ListItem","position":1,"name":"Hem","item":"https:\/\/hellasgarden.se\/"},{"@type":"ListItem","position":2,"name":"Aktiviteter","item":"https:\/\/hellasgarden.se\/aktiviteter\/"},{"@type":"ListItem","position":3,"name":"Krocket"}]},{"@type":"WebSite","@id":"https:\/\/hellasgarden.se\/#website","url":"https:\/\/hellasgarden.se\/","name":"Hellasg\u00e5rden","description":"Din port till naturen","potentialAction":[{"@type":"SearchAction","target":{"@type":"EntryPoint","urlTemplate":"https:\/\/hellasgarden.se\/?s={search_term_string}"},"query-input":"required name=search_term_string"}],"inLanguage":"zh-CN"}]}},"_links":{"self":[{"href":"https:\/\/hellasgarden.se\/zh\/wp-json\/wp\/v2\/pages\/43879"}],"collection":[{"href":"https:\/\/hellasgarden.se\/zh\/wp-json\/wp\/v2\/pages"}],"about":[{"href":"https:\/\/hellasgarden.se\/zh\/wp-json\/wp\/v2\/types\/page"}],"author":[{"embeddable":true,"href":"https:\/\/hellasgarden.se\/zh\/wp-json\/wp\/v2\/users\/1"}],"replies":[{"embeddable":true,"href":"https:\/\/hellasgarden.se\/zh\/wp-json\/wp\/v2\/comments?post=43879"}],"version-history":[{"count":4,"href":"https:\/\/hellasgarden.se\/zh\/wp-json\/wp\/v2\/pages\/43879\/revisions"}],"predecessor-version":[{"id":43978,"href":"https:\/\/hellasgarden.se\/zh\/wp-json\/wp\/v2\/pages\/43879\/revisions\/43978"}],"up":[{"embeddable":true,"href":"https:\/\/hellasgarden.se\/zh\/wp-json\/wp\/v2\/pages\/213"}],"wp:attachment":[{"href":"https:\/\/hellasgarden.se\/zh\/wp-json\/wp\/v2\/media?parent=43879"}],"curies":[{"name":"wp","href":"https:\/\/api.w.org\/{rel}","templated":true}]}}