{"id":43856,"date":"2022-06-23T15:23:42","date_gmt":"2022-06-23T13:23:42","guid":{"rendered":"https:\/\/hellasgarden.se\/badminton\/"},"modified":"2022-09-12T10:23:03","modified_gmt":"2022-09-12T08:23:03","slug":"badminton","status":"publish","type":"page","link":"https:\/\/hellasgarden.se\/zh\/aktiviteter\/badminton\/","title":{"rendered":"\u7fbd\u6bdb\u7403"},"content":{"rendered":"<div id=\"cs-content\" class=\"cs-content\"><\/div>","protected":false},"excerpt":{"rendered":"<p>BadmintonHome\u6253\u7fbd\u6bdb\u7403\uff01\u6b22\u8fce\u79df\u7528\u6211\u4eec\u7684\u4fbf\u643a\u5f0f\u7fbd\u6bdb\u7403\u7f51\uff0c\u5305\u62ec\u56db\u4e2a\u7403\u62cd\u548c\u7403\u3002  \u4f60\u53ef\u4ee5\u5728\u9644\u8fd1\u7684\u4efb\u4f55\u4e00\u5757\u8349\u5730\u4e0a\u6253\u7403\uff0c\u4f8b\u5982\u5728\u4f53\u80b2\u9986\u65c1\u8fb9\uff0c\u5728\u53e6\u4e00\u8fb9\u7684\u8db3\u7403\u573a\u4e0a ... <\/p>\n<div><a href=\"https:\/\/hellasgarden.se\/zh\/aktiviteter\/badminton\/\" class=\"more-link\">\u9605\u8bfb\u66f4\u591a<\/a><\/div>","protected":false},"author":1,"featured_media":0,"parent":213,"menu_order":0,"comment_status":"closed","ping_status":"closed","template":"template-blank-4.php","meta":{"_monsterinsights_skip_tracking":false,"_monsterinsights_sitenote_active":false,"_monsterinsights_sitenote_note":"","_monsterinsights_sitenote_category":0},"yoast_head":"<!-- This site is optimized with the Yoast SEO plugin v21.8.1 - https:\/\/yoast.com\/wordpress\/plugins\/seo\/ -->\n<title>Badminton - Hellasg\u00e5rden<\/title>\n<meta name=\"robots\" content=\"index, follow, max-snippet:-1, max-image-preview:large, max-video-preview:-1\" \/>\n<link rel=\"canonical\" href=\"https:\/\/hellasgarden.se\/zh\/aktiviteter\/badminton\/\" \/>\n<meta property=\"og:locale\" content=\"zh_CN\" \/>\n<meta property=\"og:type\" content=\"article\" \/>\n<meta property=\"og:title\" content=\"Badminton - Hellasg\u00e5rden\" \/>\n<meta property=\"og:description\" content=\"BadmintonHemSpela badminton!V\u00e4lkommen att hyra v\u00e5rt portabla badmintonn\u00e4t inklusive fyra racketar och bollar.\u00a0 Du kan spela p\u00e5 n\u00e5gon av gr\u00e4sytorna h\u00e4r i n\u00e4rheten, exempelvis intill utgymmet, vid fotbollsplanen p\u00e5 andra sidan ... Read More\" \/>\n<meta property=\"og:url\" content=\"https:\/\/hellasgarden.se\/zh\/aktiviteter\/badminton\/\" \/>\n<meta property=\"og:site_name\" content=\"Hellasg\u00e5rden\" \/>\n<meta property=\"article:modified_time\" content=\"2022-09-12T08:23:03+00:00\" \/>\n<meta name=\"twitter:card\" content=\"summary_large_image\" \/>\n<meta name=\"twitter:label1\" content=\"\u9884\u8ba1\u9605\u8bfb\u65f6\u95f4\" \/>\n\t<meta name=\"twitter:data1\" content=\"1\u5206\" \/>\n<script type=\"application\/ld+json\" class=\"yoast-schema-graph\">{\"@context\":\"https:\/\/schema.org\",\"@graph\":[{\"@type\":\"WebPage\",\"@id\":\"https:\/\/hellasgarden.se\/aktiviteter\/badminton\/\",\"url\":\"https:\/\/hellasgarden.se\/aktiviteter\/badminton\/\",\"name\":\"Badminton - Hellasg\u00e5rden\",\"isPartOf\":{\"@id\":\"https:\/\/hellasgarden.se\/#website\"},\"datePublished\":\"2022-06-23T13:23:42+00:00\",\"dateModified\":\"2022-09-12T08:23:03+00:00\",\"breadcrumb\":{\"@id\":\"https:\/\/hellasgarden.se\/aktiviteter\/badminton\/#breadcrumb\"},\"inLanguage\":\"zh-CN\",\"potentialAction\":[{\"@type\":\"ReadAction\",\"target\":[\"https:\/\/hellasgarden.se\/aktiviteter\/badminton\/\"]}]},{\"@type\":\"BreadcrumbList\",\"@id\":\"https:\/\/hellasgarden.se\/aktiviteter\/badminton\/#breadcrumb\",\"itemListElement\":[{\"@type\":\"ListItem\",\"position\":1,\"name\":\"Hem\",\"item\":\"https:\/\/hellasgarden.se\/\"},{\"@type\":\"ListItem\",\"position\":2,\"name\":\"Aktiviteter\",\"item\":\"https:\/\/hellasgarden.se\/aktiviteter\/\"},{\"@type\":\"ListItem\",\"position\":3,\"name\":\"Badminton\"}]},{\"@type\":\"WebSite\",\"@id\":\"https:\/\/hellasgarden.se\/#website\",\"url\":\"https:\/\/hellasgarden.se\/\",\"name\":\"Hellasg\u00e5rden\",\"description\":\"Din port till naturen\",\"potentialAction\":[{\"@type\":\"SearchAction\",\"target\":{\"@type\":\"EntryPoint\",\"urlTemplate\":\"https:\/\/hellasgarden.se\/?s={search_term_string}\"},\"query-input\":\"required name=search_term_string\"}],\"inLanguage\":\"zh-CN\"}]}<\/script>\n<!-- \/ Yoast SEO plugin. -->","yoast_head_json":{"title":"Badminton - Hellasg\u00e5rden","robots":{"index":"index","follow":"follow","max-snippet":"max-snippet:-1","max-image-preview":"max-image-preview:large","max-video-preview":"max-video-preview:-1"},"canonical":"https:\/\/hellasgarden.se\/zh\/aktiviteter\/badminton\/","og_locale":"zh_CN","og_type":"article","og_title":"Badminton - Hellasg\u00e5rden","og_description":"BadmintonHemSpela badminton!V\u00e4lkommen att hyra v\u00e5rt portabla badmintonn\u00e4t inklusive fyra racketar och bollar.\u00a0 Du kan spela p\u00e5 n\u00e5gon av gr\u00e4sytorna h\u00e4r i n\u00e4rheten, exempelvis intill utgymmet, vid fotbollsplanen p\u00e5 andra sidan ... Read More","og_url":"https:\/\/hellasgarden.se\/zh\/aktiviteter\/badminton\/","og_site_name":"Hellasg\u00e5rden","article_modified_time":"2022-09-12T08:23:03+00:00","twitter_card":"summary_large_image","twitter_misc":{"\u9884\u8ba1\u9605\u8bfb\u65f6\u95f4":"1\u5206"},"schema":{"@context":"https:\/\/schema.org","@graph":[{"@type":"WebPage","@id":"https:\/\/hellasgarden.se\/aktiviteter\/badminton\/","url":"https:\/\/hellasgarden.se\/aktiviteter\/badminton\/","name":"Badminton - Hellasg\u00e5rden","isPartOf":{"@id":"https:\/\/hellasgarden.se\/#website"},"datePublished":"2022-06-23T13:23:42+00:00","dateModified":"2022-09-12T08:23:03+00:00","breadcrumb":{"@id":"https:\/\/hellasgarden.se\/aktiviteter\/badminton\/#breadcrumb"},"inLanguage":"zh-CN","potentialAction":[{"@type":"ReadAction","target":["https:\/\/hellasgarden.se\/aktiviteter\/badminton\/"]}]},{"@type":"BreadcrumbList","@id":"https:\/\/hellasgarden.se\/aktiviteter\/badminton\/#breadcrumb","itemListElement":[{"@type":"ListItem","position":1,"name":"Hem","item":"https:\/\/hellasgarden.se\/"},{"@type":"ListItem","position":2,"name":"Aktiviteter","item":"https:\/\/hellasgarden.se\/aktiviteter\/"},{"@type":"ListItem","position":3,"name":"Badminton"}]},{"@type":"WebSite","@id":"https:\/\/hellasgarden.se\/#website","url":"https:\/\/hellasgarden.se\/","name":"Hellasg\u00e5rden","description":"Din port till naturen","potentialAction":[{"@type":"SearchAction","target":{"@type":"EntryPoint","urlTemplate":"https:\/\/hellasgarden.se\/?s={search_term_string}"},"query-input":"required name=search_term_string"}],"inLanguage":"zh-CN"}]}},"_links":{"self":[{"href":"https:\/\/hellasgarden.se\/zh\/wp-json\/wp\/v2\/pages\/43856"}],"collection":[{"href":"https:\/\/hellasgarden.se\/zh\/wp-json\/wp\/v2\/pages"}],"about":[{"href":"https:\/\/hellasgarden.se\/zh\/wp-json\/wp\/v2\/types\/page"}],"author":[{"embeddable":true,"href":"https:\/\/hellasgarden.se\/zh\/wp-json\/wp\/v2\/users\/1"}],"replies":[{"embeddable":true,"href":"https:\/\/hellasgarden.se\/zh\/wp-json\/wp\/v2\/comments?post=43856"}],"version-history":[{"count":6,"href":"https:\/\/hellasgarden.se\/zh\/wp-json\/wp\/v2\/pages\/43856\/revisions"}],"predecessor-version":[{"id":43961,"href":"https:\/\/hellasgarden.se\/zh\/wp-json\/wp\/v2\/pages\/43856\/revisions\/43961"}],"up":[{"embeddable":true,"href":"https:\/\/hellasgarden.se\/zh\/wp-json\/wp\/v2\/pages\/213"}],"wp:attachment":[{"href":"https:\/\/hellasgarden.se\/zh\/wp-json\/wp\/v2\/media?parent=43856"}],"curies":[{"name":"wp","href":"https:\/\/api.w.org\/{rel}","templated":true}]}}