{"id":2592,"date":"2019-08-29T20:32:21","date_gmt":"2019-08-29T18:32:21","guid":{"rendered":"http:\/\/hellasgarden.se\/?page_id=2592"},"modified":"2019-08-29T21:02:08","modified_gmt":"2019-08-29T19:02:08","slug":"skolor-bokningsbara-tider","status":"publish","type":"page","link":"https:\/\/hellasgarden.se\/zh\/skolor-bokningsbara-tider\/","title":{"rendered":"\u53ef\u9884\u8ba2\u65f6\u95f4"},"content":{"rendered":"<h5 class=\"wp-block-heading\">\u53ef\u9884\u8ba2\u65f6\u95f4&nbsp;<\/h5>\n\n\n\n<p>\u6b22\u8fce\u5b66\u6821\u9884\u8ba2\u6851\u62ff\u623f\u548c\u66f4\u8863\u5ba4\u8fdb\u884c\u51b0\u7403\u7ec3\u4e60\u3002<\/p>\n\n\n\n<p>\u5468\u4e8c08:00-12:00<\/p>\n\n\n\n<p>\u5468\u4e09 08:00-12:00<\/p>\n\n\n\n<p>\u661f\u671f\u56db 08:00-12:00<\/p>\n\n\n\n<p>\u5468\u4e9408:00-12:00<\/p>\n\n\n\n<p>\u8bf7\u6ce8\u610f\uff0c\u4e3a\u51b0\u4e0a\u66f2\u68cd\u7403\u7ec3\u4e60\u9884\u8ba2\u66f4\u8863\u5ba4\u548c\u6851\u62ff\u623f\uff0c\u5e76\u4e0d\u610f\u5473\u7740\u4f60\u53ef\u4ee5\u72ec\u5bb6\u4f7f\u7528\u8be5\u8bbe\u65bd\u3002\u5728\u60a8\u9884\u8ba2\u671f\u95f4\uff0c\u5176\u4ed6\u5ba2\u4eba\u6709\u6743\u5229\u4f7f\u7528\u8be5\u8bbe\u65bd\u3002\u5728\u4e0a\u534810:00\u4e4b\u524d\uff0c\u5c45\u6c11\u548c\u5e74\u7968\u6301\u6709\u4eba\u53ef\u4ee5\u8fdb\u5165\uff0c\u4ece\u4e0a\u534810:00\u5f00\u59cb\uff0c\u8be5\u8bbe\u65bd\u5411\u516c\u4f17\u5f00\u653e\u3002<\/p>\n\n\n\n<p>\u6eaf\u6e90<\/p>","protected":false},"excerpt":{"rendered":"<p>\u53ef\u9884\u8ba2\u65f6\u95f4 \u6b22\u8fce\u5b66\u6821\u9884\u8ba2\u6851\u62ff\u623f\u548c\u66f4\u8863\u5ba4\u8fdb\u884c\u6ed1\u51b0\u7ec3\u4e60\uff1a \u661f\u671f\u4e8c 08:00-12:00 \u661f\u671f\u4e09 08:00-12:00 \u661f\u671f\u56db 08:00-12:00 \u661f\u671f\u4e94 08:00-12:00 \u8bf7\u6ce8\u610f\uff0c\u9884\u8ba2\u66f4\u8863\u5ba4\u548c... <\/p>\n<div><a href=\"https:\/\/hellasgarden.se\/zh\/skolor-bokningsbara-tider\/\" class=\"more-link\">\u9605\u8bfb\u66f4\u591a<\/a><\/div>","protected":false},"author":1,"featured_media":0,"parent":0,"menu_order":0,"comment_status":"closed","ping_status":"closed","template":"","meta":{"_monsterinsights_skip_tracking":false,"_monsterinsights_sitenote_active":false,"_monsterinsights_sitenote_note":"","_monsterinsights_sitenote_category":0},"yoast_head":"<!-- This site is optimized with the Yoast SEO plugin v21.8.1 - https:\/\/yoast.com\/wordpress\/plugins\/seo\/ -->\n<title>Bokningsbara tider - Hellasg\u00e5rden<\/title>\n<meta name=\"robots\" content=\"index, follow, max-snippet:-1, max-image-preview:large, max-video-preview:-1\" \/>\n<link rel=\"canonical\" href=\"https:\/\/hellasgarden.se\/zh\/skolor-bokningsbara-tider\/\" \/>\n<meta property=\"og:locale\" content=\"zh_CN\" \/>\n<meta property=\"og:type\" content=\"article\" \/>\n<meta property=\"og:title\" content=\"Bokningsbara tider - Hellasg\u00e5rden\" \/>\n<meta property=\"og:description\" content=\"Bokningsbara tider&nbsp; Skolor \u00e4r v\u00e4lkomna att boka bastu och omkl\u00e4dningsrum f\u00f6r isvaks\u00f6vningar: Tisdagar kl 08:00-12:00 Onsdagar kl 08:00-12:00 Torsdagar kl 08:00-12:00 Fredagar kl 08:00-12:00 Observera att bokning av omkl\u00e4dningsrum och ... Read More\" \/>\n<meta property=\"og:url\" content=\"https:\/\/hellasgarden.se\/zh\/skolor-bokningsbara-tider\/\" \/>\n<meta property=\"og:site_name\" content=\"Hellasg\u00e5rden\" \/>\n<meta property=\"article:modified_time\" content=\"2019-08-29T19:02:08+00:00\" \/>\n<meta name=\"twitter:card\" content=\"summary_large_image\" \/>\n<script type=\"application\/ld+json\" class=\"yoast-schema-graph\">{\"@context\":\"https:\/\/schema.org\",\"@graph\":[{\"@type\":\"WebPage\",\"@id\":\"https:\/\/hellasgarden.se\/skolor-bokningsbara-tider\/\",\"url\":\"https:\/\/hellasgarden.se\/skolor-bokningsbara-tider\/\",\"name\":\"Bokningsbara tider - Hellasg\u00e5rden\",\"isPartOf\":{\"@id\":\"https:\/\/hellasgarden.se\/#website\"},\"datePublished\":\"2019-08-29T18:32:21+00:00\",\"dateModified\":\"2019-08-29T19:02:08+00:00\",\"breadcrumb\":{\"@id\":\"https:\/\/hellasgarden.se\/skolor-bokningsbara-tider\/#breadcrumb\"},\"inLanguage\":\"zh-CN\",\"potentialAction\":[{\"@type\":\"ReadAction\",\"target\":[\"https:\/\/hellasgarden.se\/skolor-bokningsbara-tider\/\"]}]},{\"@type\":\"BreadcrumbList\",\"@id\":\"https:\/\/hellasgarden.se\/skolor-bokningsbara-tider\/#breadcrumb\",\"itemListElement\":[{\"@type\":\"ListItem\",\"position\":1,\"name\":\"Hem\",\"item\":\"https:\/\/hellasgarden.se\/\"},{\"@type\":\"ListItem\",\"position\":2,\"name\":\"Bokningsbara tider\"}]},{\"@type\":\"WebSite\",\"@id\":\"https:\/\/hellasgarden.se\/#website\",\"url\":\"https:\/\/hellasgarden.se\/\",\"name\":\"Hellasg\u00e5rden\",\"description\":\"Din port till naturen\",\"potentialAction\":[{\"@type\":\"SearchAction\",\"target\":{\"@type\":\"EntryPoint\",\"urlTemplate\":\"https:\/\/hellasgarden.se\/?s={search_term_string}\"},\"query-input\":\"required name=search_term_string\"}],\"inLanguage\":\"zh-CN\"}]}<\/script>\n<!-- \/ Yoast SEO plugin. -->","yoast_head_json":{"title":"Bokningsbara tider - Hellasg\u00e5rden","robots":{"index":"index","follow":"follow","max-snippet":"max-snippet:-1","max-image-preview":"max-image-preview:large","max-video-preview":"max-video-preview:-1"},"canonical":"https:\/\/hellasgarden.se\/zh\/skolor-bokningsbara-tider\/","og_locale":"zh_CN","og_type":"article","og_title":"Bokningsbara tider - Hellasg\u00e5rden","og_description":"Bokningsbara tider&nbsp; Skolor \u00e4r v\u00e4lkomna att boka bastu och omkl\u00e4dningsrum f\u00f6r isvaks\u00f6vningar: Tisdagar kl 08:00-12:00 Onsdagar kl 08:00-12:00 Torsdagar kl 08:00-12:00 Fredagar kl 08:00-12:00 Observera att bokning av omkl\u00e4dningsrum och ... Read More","og_url":"https:\/\/hellasgarden.se\/zh\/skolor-bokningsbara-tider\/","og_site_name":"Hellasg\u00e5rden","article_modified_time":"2019-08-29T19:02:08+00:00","twitter_card":"summary_large_image","schema":{"@context":"https:\/\/schema.org","@graph":[{"@type":"WebPage","@id":"https:\/\/hellasgarden.se\/skolor-bokningsbara-tider\/","url":"https:\/\/hellasgarden.se\/skolor-bokningsbara-tider\/","name":"Bokningsbara tider - Hellasg\u00e5rden","isPartOf":{"@id":"https:\/\/hellasgarden.se\/#website"},"datePublished":"2019-08-29T18:32:21+00:00","dateModified":"2019-08-29T19:02:08+00:00","breadcrumb":{"@id":"https:\/\/hellasgarden.se\/skolor-bokningsbara-tider\/#breadcrumb"},"inLanguage":"zh-CN","potentialAction":[{"@type":"ReadAction","target":["https:\/\/hellasgarden.se\/skolor-bokningsbara-tider\/"]}]},{"@type":"BreadcrumbList","@id":"https:\/\/hellasgarden.se\/skolor-bokningsbara-tider\/#breadcrumb","itemListElement":[{"@type":"ListItem","position":1,"name":"Hem","item":"https:\/\/hellasgarden.se\/"},{"@type":"ListItem","position":2,"name":"Bokningsbara tider"}]},{"@type":"WebSite","@id":"https:\/\/hellasgarden.se\/#website","url":"https:\/\/hellasgarden.se\/","name":"Hellasg\u00e5rden","description":"Din port till naturen","potentialAction":[{"@type":"SearchAction","target":{"@type":"EntryPoint","urlTemplate":"https:\/\/hellasgarden.se\/?s={search_term_string}"},"query-input":"required name=search_term_string"}],"inLanguage":"zh-CN"}]}},"_links":{"self":[{"href":"https:\/\/hellasgarden.se\/zh\/wp-json\/wp\/v2\/pages\/2592"}],"collection":[{"href":"https:\/\/hellasgarden.se\/zh\/wp-json\/wp\/v2\/pages"}],"about":[{"href":"https:\/\/hellasgarden.se\/zh\/wp-json\/wp\/v2\/types\/page"}],"author":[{"embeddable":true,"href":"https:\/\/hellasgarden.se\/zh\/wp-json\/wp\/v2\/users\/1"}],"replies":[{"embeddable":true,"href":"https:\/\/hellasgarden.se\/zh\/wp-json\/wp\/v2\/comments?post=2592"}],"version-history":[{"count":0,"href":"https:\/\/hellasgarden.se\/zh\/wp-json\/wp\/v2\/pages\/2592\/revisions"}],"wp:attachment":[{"href":"https:\/\/hellasgarden.se\/zh\/wp-json\/wp\/v2\/media?parent=2592"}],"curies":[{"name":"wp","href":"https:\/\/api.w.org\/{rel}","templated":true}]}}