{"id":2260,"date":"2019-05-28T14:04:15","date_gmt":"2019-05-28T12:04:15","guid":{"rendered":"http:\/\/hellasgarden.se\/?page_id=2260"},"modified":"2025-12-01T10:39:12","modified_gmt":"2025-12-01T09:39:12","slug":"sup-stand-up-paddle","status":"publish","type":"page","link":"https:\/\/hellasgarden.se\/zh\/aktiviteter\/sup-stand-up-paddle\/","title":{"rendered":"SUP - \u7ad9\u7acb\u5f0f\u5212\u6868"},"content":{"rendered":"<div id=\"cs-content\" class=\"cs-content\"><\/div>","protected":false},"excerpt":{"rendered":"<p>\u7ad9\u7acb\u5212\u6868\u4e3b\u9875\u5728\u65af\u5fb7\u54e5\u5c14\u6469\u7684Hellasg\u00e5rden\u79df\u501fSUP\u5728Hellasg\u00e5rden\uff0c\u4f60\u53ef\u4ee5\u79df\u501f\u76ae\u8247\u3001\u72ec\u6728\u821f\u548cSUP\u3002\u6211\u4eec\u53ea\u63a5\u53d7\u5728\u7ebf\u9884\u8ba2\u3002\u60a8\u7684\u9884\u8ba2\u5305\u62ec\u4e00\u4ef6\u6551\u751f\u8863\u3002\u60a8\u4f1a\u53d1\u73b0\u6211\u4eec\u7684\u79df\u501f\u670d\u52a1\u5f88\u597d\u3002 <\/p>\n<div><a href=\"https:\/\/hellasgarden.se\/zh\/aktiviteter\/sup-stand-up-paddle\/\" class=\"more-link\">\u9605\u8bfb\u66f4\u591a<\/a><\/div>","protected":false},"author":1,"featured_media":0,"parent":213,"menu_order":0,"comment_status":"closed","ping_status":"closed","template":"template-blank-4.php","meta":{"_monsterinsights_skip_tracking":false,"_monsterinsights_sitenote_active":false,"_monsterinsights_sitenote_note":"","_monsterinsights_sitenote_category":0},"yoast_head":"<!-- This site is optimized with the Yoast SEO plugin v21.8.1 - https:\/\/yoast.com\/wordpress\/plugins\/seo\/ -->\n<title>Hyra SUP i Stockholm - Hellasg\u00e5rden<\/title>\n<meta name=\"description\" content=\"Hos oss p\u00e5 Hellasg\u00e5rden kan du hyra SUP och paddla i vackra naturreservat.\" \/>\n<meta name=\"robots\" content=\"index, follow, max-snippet:-1, max-image-preview:large, max-video-preview:-1\" \/>\n<link rel=\"canonical\" href=\"https:\/\/hellasgarden.se\/zh\/aktiviteter\/sup-stand-up-paddle\/\" \/>\n<meta property=\"og:locale\" content=\"zh_CN\" \/>\n<meta property=\"og:type\" content=\"article\" \/>\n<meta property=\"og:title\" content=\"Hyra SUP i Stockholm - Hellasg\u00e5rden\" \/>\n<meta property=\"og:description\" content=\"Hos oss p\u00e5 Hellasg\u00e5rden kan du hyra SUP och paddla i vackra naturreservat.\" \/>\n<meta property=\"og:url\" content=\"https:\/\/hellasgarden.se\/zh\/aktiviteter\/sup-stand-up-paddle\/\" \/>\n<meta property=\"og:site_name\" content=\"Hellasg\u00e5rden\" \/>\n<meta property=\"article:modified_time\" content=\"2025-12-01T09:39:12+00:00\" \/>\n<meta name=\"twitter:card\" content=\"summary_large_image\" \/>\n<meta name=\"twitter:label1\" content=\"\u9884\u8ba1\u9605\u8bfb\u65f6\u95f4\" \/>\n\t<meta name=\"twitter:data1\" content=\"3\u5206\" \/>\n<script type=\"application\/ld+json\" class=\"yoast-schema-graph\">{\"@context\":\"https:\/\/schema.org\",\"@graph\":[{\"@type\":\"WebPage\",\"@id\":\"https:\/\/hellasgarden.se\/aktiviteter\/sup-stand-up-paddle\/\",\"url\":\"https:\/\/hellasgarden.se\/aktiviteter\/sup-stand-up-paddle\/\",\"name\":\"Hyra SUP i Stockholm - Hellasg\u00e5rden\",\"isPartOf\":{\"@id\":\"https:\/\/hellasgarden.se\/#website\"},\"datePublished\":\"2019-05-28T12:04:15+00:00\",\"dateModified\":\"2025-12-01T09:39:12+00:00\",\"description\":\"Hos oss p\u00e5 Hellasg\u00e5rden kan du hyra SUP och paddla i vackra naturreservat.\",\"breadcrumb\":{\"@id\":\"https:\/\/hellasgarden.se\/aktiviteter\/sup-stand-up-paddle\/#breadcrumb\"},\"inLanguage\":\"zh-CN\",\"potentialAction\":[{\"@type\":\"ReadAction\",\"target\":[\"https:\/\/hellasgarden.se\/aktiviteter\/sup-stand-up-paddle\/\"]}]},{\"@type\":\"BreadcrumbList\",\"@id\":\"https:\/\/hellasgarden.se\/aktiviteter\/sup-stand-up-paddle\/#breadcrumb\",\"itemListElement\":[{\"@type\":\"ListItem\",\"position\":1,\"name\":\"Hem\",\"item\":\"https:\/\/hellasgarden.se\/\"},{\"@type\":\"ListItem\",\"position\":2,\"name\":\"Aktiviteter\",\"item\":\"https:\/\/hellasgarden.se\/aktiviteter\/\"},{\"@type\":\"ListItem\",\"position\":3,\"name\":\"SUP &#8211; Stand Up Paddle\"}]},{\"@type\":\"WebSite\",\"@id\":\"https:\/\/hellasgarden.se\/#website\",\"url\":\"https:\/\/hellasgarden.se\/\",\"name\":\"Hellasg\u00e5rden\",\"description\":\"Din port till naturen\",\"potentialAction\":[{\"@type\":\"SearchAction\",\"target\":{\"@type\":\"EntryPoint\",\"urlTemplate\":\"https:\/\/hellasgarden.se\/?s={search_term_string}\"},\"query-input\":\"required name=search_term_string\"}],\"inLanguage\":\"zh-CN\"}]}<\/script>\n<!-- \/ Yoast SEO plugin. -->","yoast_head_json":{"title":"Hyra SUP i Stockholm - Hellasg\u00e5rden","description":"Hos oss p\u00e5 Hellasg\u00e5rden kan du hyra SUP och paddla i vackra naturreservat.","robots":{"index":"index","follow":"follow","max-snippet":"max-snippet:-1","max-image-preview":"max-image-preview:large","max-video-preview":"max-video-preview:-1"},"canonical":"https:\/\/hellasgarden.se\/zh\/aktiviteter\/sup-stand-up-paddle\/","og_locale":"zh_CN","og_type":"article","og_title":"Hyra SUP i Stockholm - Hellasg\u00e5rden","og_description":"Hos oss p\u00e5 Hellasg\u00e5rden kan du hyra SUP och paddla i vackra naturreservat.","og_url":"https:\/\/hellasgarden.se\/zh\/aktiviteter\/sup-stand-up-paddle\/","og_site_name":"Hellasg\u00e5rden","article_modified_time":"2025-12-01T09:39:12+00:00","twitter_card":"summary_large_image","twitter_misc":{"\u9884\u8ba1\u9605\u8bfb\u65f6\u95f4":"3\u5206"},"schema":{"@context":"https:\/\/schema.org","@graph":[{"@type":"WebPage","@id":"https:\/\/hellasgarden.se\/aktiviteter\/sup-stand-up-paddle\/","url":"https:\/\/hellasgarden.se\/aktiviteter\/sup-stand-up-paddle\/","name":"Hyra SUP i Stockholm - Hellasg\u00e5rden","isPartOf":{"@id":"https:\/\/hellasgarden.se\/#website"},"datePublished":"2019-05-28T12:04:15+00:00","dateModified":"2025-12-01T09:39:12+00:00","description":"Hos oss p\u00e5 Hellasg\u00e5rden kan du hyra SUP och paddla i vackra naturreservat.","breadcrumb":{"@id":"https:\/\/hellasgarden.se\/aktiviteter\/sup-stand-up-paddle\/#breadcrumb"},"inLanguage":"zh-CN","potentialAction":[{"@type":"ReadAction","target":["https:\/\/hellasgarden.se\/aktiviteter\/sup-stand-up-paddle\/"]}]},{"@type":"BreadcrumbList","@id":"https:\/\/hellasgarden.se\/aktiviteter\/sup-stand-up-paddle\/#breadcrumb","itemListElement":[{"@type":"ListItem","position":1,"name":"Hem","item":"https:\/\/hellasgarden.se\/"},{"@type":"ListItem","position":2,"name":"Aktiviteter","item":"https:\/\/hellasgarden.se\/aktiviteter\/"},{"@type":"ListItem","position":3,"name":"SUP &#8211; Stand Up Paddle"}]},{"@type":"WebSite","@id":"https:\/\/hellasgarden.se\/#website","url":"https:\/\/hellasgarden.se\/","name":"Hellasg\u00e5rden","description":"Din port till naturen","potentialAction":[{"@type":"SearchAction","target":{"@type":"EntryPoint","urlTemplate":"https:\/\/hellasgarden.se\/?s={search_term_string}"},"query-input":"required name=search_term_string"}],"inLanguage":"zh-CN"}]}},"_links":{"self":[{"href":"https:\/\/hellasgarden.se\/zh\/wp-json\/wp\/v2\/pages\/2260"}],"collection":[{"href":"https:\/\/hellasgarden.se\/zh\/wp-json\/wp\/v2\/pages"}],"about":[{"href":"https:\/\/hellasgarden.se\/zh\/wp-json\/wp\/v2\/types\/page"}],"author":[{"embeddable":true,"href":"https:\/\/hellasgarden.se\/zh\/wp-json\/wp\/v2\/users\/1"}],"replies":[{"embeddable":true,"href":"https:\/\/hellasgarden.se\/zh\/wp-json\/wp\/v2\/comments?post=2260"}],"version-history":[{"count":32,"href":"https:\/\/hellasgarden.se\/zh\/wp-json\/wp\/v2\/pages\/2260\/revisions"}],"predecessor-version":[{"id":46584,"href":"https:\/\/hellasgarden.se\/zh\/wp-json\/wp\/v2\/pages\/2260\/revisions\/46584"}],"up":[{"embeddable":true,"href":"https:\/\/hellasgarden.se\/zh\/wp-json\/wp\/v2\/pages\/213"}],"wp:attachment":[{"href":"https:\/\/hellasgarden.se\/zh\/wp-json\/wp\/v2\/media?parent=2260"}],"curies":[{"name":"wp","href":"https:\/\/api.w.org\/{rel}","templated":true}]}}