{"id":1254,"date":"2018-11-29T13:12:18","date_gmt":"2018-11-29T12:12:18","guid":{"rendered":"http:\/\/hellasgarden.se\/?page_id=1254"},"modified":"2025-06-05T13:49:47","modified_gmt":"2025-06-05T11:49:47","slug":"presentkort","status":"publish","type":"page","link":"https:\/\/hellasgarden.se\/zh\/presentkort\/","title":{"rendered":"\u793c\u54c1\u5361"},"content":{"rendered":"<div id=\"cs-content\" class=\"cs-content\"><\/div>","protected":false},"excerpt":{"rendered":"<p>\u793c\u54c1\u5361\u9996\u9875\u4e3a\u5df2\u7ecf\u62e5\u6709\u4e00\u5207\u7684\u4eba--\u5728 Hellasg\u00e5rden \u8d60\u9001\u793c\u54c1\u5361\u5c06\u4e00\u9879\u6d3b\u52a8\u4f5c\u4e3a\u793c\u7269\uff01\u8ba2\u8d2d\u793c\u5238\u6216\u5c06\u793c\u5238\u5bc4\u7ed9\u4ed6\u4eba\u3002\u8d2d\u4e70... <\/p>\n<div><a href=\"https:\/\/hellasgarden.se\/zh\/presentkort\/\" class=\"more-link\">\u9605\u8bfb\u66f4\u591a<\/a><\/div>","protected":false},"author":1,"featured_media":0,"parent":0,"menu_order":0,"comment_status":"closed","ping_status":"closed","template":"template-blank-4.php","meta":{"_monsterinsights_skip_tracking":false,"_monsterinsights_sitenote_active":false,"_monsterinsights_sitenote_note":"","_monsterinsights_sitenote_category":0},"yoast_head":"<!-- This site is optimized with the Yoast SEO plugin v21.8.1 - https:\/\/yoast.com\/wordpress\/plugins\/seo\/ -->\n<title>Presentkort - Hellasg\u00e5rden<\/title>\n<meta name=\"robots\" content=\"index, follow, max-snippet:-1, max-image-preview:large, max-video-preview:-1\" \/>\n<link rel=\"canonical\" href=\"https:\/\/hellasgarden.se\/zh\/presentkort\/\" \/>\n<meta property=\"og:locale\" content=\"zh_CN\" \/>\n<meta property=\"og:type\" content=\"article\" \/>\n<meta property=\"og:title\" content=\"Presentkort - Hellasg\u00e5rden\" \/>\n<meta property=\"og:description\" content=\"Presentkort&nbsp;HemTill den som redan har allt &ndash; ge bort ett presentkort p&aring; Hellasg&aring;rdenGe bort en aktivitet i present! Best\u00e4ll hem ett presentkort eller f\u00e5 det skickat till n\u00e5gon annan. K\u00f6p ... Read More\" \/>\n<meta property=\"og:url\" content=\"https:\/\/hellasgarden.se\/zh\/presentkort\/\" \/>\n<meta property=\"og:site_name\" content=\"Hellasg\u00e5rden\" \/>\n<meta property=\"article:modified_time\" content=\"2025-06-05T11:49:47+00:00\" \/>\n<meta name=\"twitter:card\" content=\"summary_large_image\" \/>\n<meta name=\"twitter:label1\" content=\"\u9884\u8ba1\u9605\u8bfb\u65f6\u95f4\" \/>\n\t<meta name=\"twitter:data1\" content=\"1\u5206\" \/>\n<script type=\"application\/ld+json\" class=\"yoast-schema-graph\">{\"@context\":\"https:\/\/schema.org\",\"@graph\":[{\"@type\":\"WebPage\",\"@id\":\"https:\/\/hellasgarden.se\/presentkort\/\",\"url\":\"https:\/\/hellasgarden.se\/presentkort\/\",\"name\":\"Presentkort - Hellasg\u00e5rden\",\"isPartOf\":{\"@id\":\"https:\/\/hellasgarden.se\/#website\"},\"datePublished\":\"2018-11-29T12:12:18+00:00\",\"dateModified\":\"2025-06-05T11:49:47+00:00\",\"breadcrumb\":{\"@id\":\"https:\/\/hellasgarden.se\/presentkort\/#breadcrumb\"},\"inLanguage\":\"zh-CN\",\"potentialAction\":[{\"@type\":\"ReadAction\",\"target\":[\"https:\/\/hellasgarden.se\/presentkort\/\"]}]},{\"@type\":\"BreadcrumbList\",\"@id\":\"https:\/\/hellasgarden.se\/presentkort\/#breadcrumb\",\"itemListElement\":[{\"@type\":\"ListItem\",\"position\":1,\"name\":\"Hem\",\"item\":\"https:\/\/hellasgarden.se\/\"},{\"@type\":\"ListItem\",\"position\":2,\"name\":\"Presentkort\"}]},{\"@type\":\"WebSite\",\"@id\":\"https:\/\/hellasgarden.se\/#website\",\"url\":\"https:\/\/hellasgarden.se\/\",\"name\":\"Hellasg\u00e5rden\",\"description\":\"Din port till naturen\",\"potentialAction\":[{\"@type\":\"SearchAction\",\"target\":{\"@type\":\"EntryPoint\",\"urlTemplate\":\"https:\/\/hellasgarden.se\/?s={search_term_string}\"},\"query-input\":\"required name=search_term_string\"}],\"inLanguage\":\"zh-CN\"}]}<\/script>\n<!-- \/ Yoast SEO plugin. -->","yoast_head_json":{"title":"Presentkort - Hellasg\u00e5rden","robots":{"index":"index","follow":"follow","max-snippet":"max-snippet:-1","max-image-preview":"max-image-preview:large","max-video-preview":"max-video-preview:-1"},"canonical":"https:\/\/hellasgarden.se\/zh\/presentkort\/","og_locale":"zh_CN","og_type":"article","og_title":"Presentkort - Hellasg\u00e5rden","og_description":"Presentkort&nbsp;HemTill den som redan har allt &ndash; ge bort ett presentkort p&aring; Hellasg&aring;rdenGe bort en aktivitet i present! Best\u00e4ll hem ett presentkort eller f\u00e5 det skickat till n\u00e5gon annan. K\u00f6p ... Read More","og_url":"https:\/\/hellasgarden.se\/zh\/presentkort\/","og_site_name":"Hellasg\u00e5rden","article_modified_time":"2025-06-05T11:49:47+00:00","twitter_card":"summary_large_image","twitter_misc":{"\u9884\u8ba1\u9605\u8bfb\u65f6\u95f4":"1\u5206"},"schema":{"@context":"https:\/\/schema.org","@graph":[{"@type":"WebPage","@id":"https:\/\/hellasgarden.se\/presentkort\/","url":"https:\/\/hellasgarden.se\/presentkort\/","name":"Presentkort - Hellasg\u00e5rden","isPartOf":{"@id":"https:\/\/hellasgarden.se\/#website"},"datePublished":"2018-11-29T12:12:18+00:00","dateModified":"2025-06-05T11:49:47+00:00","breadcrumb":{"@id":"https:\/\/hellasgarden.se\/presentkort\/#breadcrumb"},"inLanguage":"zh-CN","potentialAction":[{"@type":"ReadAction","target":["https:\/\/hellasgarden.se\/presentkort\/"]}]},{"@type":"BreadcrumbList","@id":"https:\/\/hellasgarden.se\/presentkort\/#breadcrumb","itemListElement":[{"@type":"ListItem","position":1,"name":"Hem","item":"https:\/\/hellasgarden.se\/"},{"@type":"ListItem","position":2,"name":"Presentkort"}]},{"@type":"WebSite","@id":"https:\/\/hellasgarden.se\/#website","url":"https:\/\/hellasgarden.se\/","name":"Hellasg\u00e5rden","description":"Din port till naturen","potentialAction":[{"@type":"SearchAction","target":{"@type":"EntryPoint","urlTemplate":"https:\/\/hellasgarden.se\/?s={search_term_string}"},"query-input":"required name=search_term_string"}],"inLanguage":"zh-CN"}]}},"_links":{"self":[{"href":"https:\/\/hellasgarden.se\/zh\/wp-json\/wp\/v2\/pages\/1254"}],"collection":[{"href":"https:\/\/hellasgarden.se\/zh\/wp-json\/wp\/v2\/pages"}],"about":[{"href":"https:\/\/hellasgarden.se\/zh\/wp-json\/wp\/v2\/types\/page"}],"author":[{"embeddable":true,"href":"https:\/\/hellasgarden.se\/zh\/wp-json\/wp\/v2\/users\/1"}],"replies":[{"embeddable":true,"href":"https:\/\/hellasgarden.se\/zh\/wp-json\/wp\/v2\/comments?post=1254"}],"version-history":[{"count":5,"href":"https:\/\/hellasgarden.se\/zh\/wp-json\/wp\/v2\/pages\/1254\/revisions"}],"predecessor-version":[{"id":46402,"href":"https:\/\/hellasgarden.se\/zh\/wp-json\/wp\/v2\/pages\/1254\/revisions\/46402"}],"wp:attachment":[{"href":"https:\/\/hellasgarden.se\/zh\/wp-json\/wp\/v2\/media?parent=1254"}],"curies":[{"name":"wp","href":"https:\/\/api.w.org\/{rel}","templated":true}]}}