{"id":1175,"date":"2018-11-27T19:40:35","date_gmt":"2018-11-27T18:40:35","guid":{"rendered":"http:\/\/hellasgarden.se\/?page_id=1175"},"modified":"2026-04-08T09:22:13","modified_gmt":"2026-04-08T07:22:13","slug":"orientering","status":"publish","type":"page","link":"https:\/\/hellasgarden.se\/zh\/aktiviteter\/orientering\/","title":{"rendered":"\u9002\u5e94\u6027"},"content":{"rendered":"<div id=\"cs-content\" class=\"cs-content\"><\/div>","protected":false},"excerpt":{"rendered":"<p>\u91ce\u5916\u5b9a\u5411\u9996\u9875\u6bcf\u5468\u91ce\u5916\u5b9a\u5411\u8bfe\u7a0b--\u68ee\u6797\u4e2d\u7684\u5168\u5e74\u6311\u6218\u5728\u8fd9\u91cc\uff0c\u60a8\u603b\u80fd\u627e\u5230\u4e0d\u540c\u96be\u5ea6\u7684\u6700\u65b0\u8bfe\u7a0b\u3002\u5728\u8fd9\u91cc\u548c\u4e0b\u9762\u9605\u8bfb\u66f4\u591a\u4fe1\u606f\u3002\u6bcf\u4e24\u5468\u90fd\u6709\u65b0\u8bfe\u7a0b\uff0c\u901a\u5e38\u65b0\u8bfe\u7a0b... <\/p>\n<div><a href=\"https:\/\/hellasgarden.se\/zh\/aktiviteter\/orientering\/\" class=\"more-link\">\u9605\u8bfb\u66f4\u591a<\/a><\/div>","protected":false},"author":1,"featured_media":0,"parent":213,"menu_order":0,"comment_status":"closed","ping_status":"closed","template":"template-blank-4.php","meta":{"_monsterinsights_skip_tracking":false,"_monsterinsights_sitenote_active":false,"_monsterinsights_sitenote_note":"","_monsterinsights_sitenote_category":0},"yoast_head":"<!-- This site is optimized with the Yoast SEO plugin v21.8.1 - https:\/\/yoast.com\/wordpress\/plugins\/seo\/ -->\n<title>Orientering i Stockholm - Hellasg\u00e5rden<\/title>\n<meta name=\"description\" content=\"Orienteringsbanor f\u00f6r elit och motion\u00e4rer varje vecka! Ny bana varannan vecka, vanligtvis byter vi bana p\u00e5 tisdagar, j\u00e4mna veckor.\" \/>\n<meta name=\"robots\" content=\"index, follow, max-snippet:-1, max-image-preview:large, max-video-preview:-1\" \/>\n<link rel=\"canonical\" href=\"https:\/\/hellasgarden.se\/zh\/aktiviteter\/orientering\/\" \/>\n<meta property=\"og:locale\" content=\"zh_CN\" \/>\n<meta property=\"og:type\" content=\"article\" \/>\n<meta property=\"og:title\" content=\"Orientering i Stockholm - Hellasg\u00e5rden\" \/>\n<meta property=\"og:description\" content=\"Orienteringsbanor f\u00f6r elit och motion\u00e4rer varje vecka! Ny bana varannan vecka, vanligtvis byter vi bana p\u00e5 tisdagar, j\u00e4mna veckor.\" \/>\n<meta property=\"og:url\" content=\"https:\/\/hellasgarden.se\/zh\/aktiviteter\/orientering\/\" \/>\n<meta property=\"og:site_name\" content=\"Hellasg\u00e5rden\" \/>\n<meta property=\"article:modified_time\" content=\"2026-04-08T07:22:13+00:00\" \/>\n<meta name=\"twitter:card\" content=\"summary_large_image\" \/>\n<meta name=\"twitter:label1\" content=\"\u9884\u8ba1\u9605\u8bfb\u65f6\u95f4\" \/>\n\t<meta name=\"twitter:data1\" content=\"4\u5206\" \/>\n<script type=\"application\/ld+json\" class=\"yoast-schema-graph\">{\"@context\":\"https:\/\/schema.org\",\"@graph\":[{\"@type\":\"WebPage\",\"@id\":\"https:\/\/hellasgarden.se\/aktiviteter\/orientering\/\",\"url\":\"https:\/\/hellasgarden.se\/aktiviteter\/orientering\/\",\"name\":\"Orientering i Stockholm - Hellasg\u00e5rden\",\"isPartOf\":{\"@id\":\"https:\/\/hellasgarden.se\/#website\"},\"datePublished\":\"2018-11-27T18:40:35+00:00\",\"dateModified\":\"2026-04-08T07:22:13+00:00\",\"description\":\"Orienteringsbanor f\u00f6r elit och motion\u00e4rer varje vecka! Ny bana varannan vecka, vanligtvis byter vi bana p\u00e5 tisdagar, j\u00e4mna veckor.\",\"breadcrumb\":{\"@id\":\"https:\/\/hellasgarden.se\/aktiviteter\/orientering\/#breadcrumb\"},\"inLanguage\":\"zh-CN\",\"potentialAction\":[{\"@type\":\"ReadAction\",\"target\":[\"https:\/\/hellasgarden.se\/aktiviteter\/orientering\/\"]}]},{\"@type\":\"BreadcrumbList\",\"@id\":\"https:\/\/hellasgarden.se\/aktiviteter\/orientering\/#breadcrumb\",\"itemListElement\":[{\"@type\":\"ListItem\",\"position\":1,\"name\":\"Hem\",\"item\":\"https:\/\/hellasgarden.se\/\"},{\"@type\":\"ListItem\",\"position\":2,\"name\":\"Aktiviteter\",\"item\":\"https:\/\/hellasgarden.se\/aktiviteter\/\"},{\"@type\":\"ListItem\",\"position\":3,\"name\":\"Orientering\"}]},{\"@type\":\"WebSite\",\"@id\":\"https:\/\/hellasgarden.se\/#website\",\"url\":\"https:\/\/hellasgarden.se\/\",\"name\":\"Hellasg\u00e5rden\",\"description\":\"Din port till naturen\",\"potentialAction\":[{\"@type\":\"SearchAction\",\"target\":{\"@type\":\"EntryPoint\",\"urlTemplate\":\"https:\/\/hellasgarden.se\/?s={search_term_string}\"},\"query-input\":\"required name=search_term_string\"}],\"inLanguage\":\"zh-CN\"}]}<\/script>\n<!-- \/ Yoast SEO plugin. -->","yoast_head_json":{"title":"Orientering i Stockholm - Hellasg\u00e5rden","description":"Orienteringsbanor f\u00f6r elit och motion\u00e4rer varje vecka! Ny bana varannan vecka, vanligtvis byter vi bana p\u00e5 tisdagar, j\u00e4mna veckor.","robots":{"index":"index","follow":"follow","max-snippet":"max-snippet:-1","max-image-preview":"max-image-preview:large","max-video-preview":"max-video-preview:-1"},"canonical":"https:\/\/hellasgarden.se\/zh\/aktiviteter\/orientering\/","og_locale":"zh_CN","og_type":"article","og_title":"Orientering i Stockholm - Hellasg\u00e5rden","og_description":"Orienteringsbanor f\u00f6r elit och motion\u00e4rer varje vecka! Ny bana varannan vecka, vanligtvis byter vi bana p\u00e5 tisdagar, j\u00e4mna veckor.","og_url":"https:\/\/hellasgarden.se\/zh\/aktiviteter\/orientering\/","og_site_name":"Hellasg\u00e5rden","article_modified_time":"2026-04-08T07:22:13+00:00","twitter_card":"summary_large_image","twitter_misc":{"\u9884\u8ba1\u9605\u8bfb\u65f6\u95f4":"4\u5206"},"schema":{"@context":"https:\/\/schema.org","@graph":[{"@type":"WebPage","@id":"https:\/\/hellasgarden.se\/aktiviteter\/orientering\/","url":"https:\/\/hellasgarden.se\/aktiviteter\/orientering\/","name":"Orientering i Stockholm - Hellasg\u00e5rden","isPartOf":{"@id":"https:\/\/hellasgarden.se\/#website"},"datePublished":"2018-11-27T18:40:35+00:00","dateModified":"2026-04-08T07:22:13+00:00","description":"Orienteringsbanor f\u00f6r elit och motion\u00e4rer varje vecka! Ny bana varannan vecka, vanligtvis byter vi bana p\u00e5 tisdagar, j\u00e4mna veckor.","breadcrumb":{"@id":"https:\/\/hellasgarden.se\/aktiviteter\/orientering\/#breadcrumb"},"inLanguage":"zh-CN","potentialAction":[{"@type":"ReadAction","target":["https:\/\/hellasgarden.se\/aktiviteter\/orientering\/"]}]},{"@type":"BreadcrumbList","@id":"https:\/\/hellasgarden.se\/aktiviteter\/orientering\/#breadcrumb","itemListElement":[{"@type":"ListItem","position":1,"name":"Hem","item":"https:\/\/hellasgarden.se\/"},{"@type":"ListItem","position":2,"name":"Aktiviteter","item":"https:\/\/hellasgarden.se\/aktiviteter\/"},{"@type":"ListItem","position":3,"name":"Orientering"}]},{"@type":"WebSite","@id":"https:\/\/hellasgarden.se\/#website","url":"https:\/\/hellasgarden.se\/","name":"Hellasg\u00e5rden","description":"Din port till naturen","potentialAction":[{"@type":"SearchAction","target":{"@type":"EntryPoint","urlTemplate":"https:\/\/hellasgarden.se\/?s={search_term_string}"},"query-input":"required name=search_term_string"}],"inLanguage":"zh-CN"}]}},"_links":{"self":[{"href":"https:\/\/hellasgarden.se\/zh\/wp-json\/wp\/v2\/pages\/1175"}],"collection":[{"href":"https:\/\/hellasgarden.se\/zh\/wp-json\/wp\/v2\/pages"}],"about":[{"href":"https:\/\/hellasgarden.se\/zh\/wp-json\/wp\/v2\/types\/page"}],"author":[{"embeddable":true,"href":"https:\/\/hellasgarden.se\/zh\/wp-json\/wp\/v2\/users\/1"}],"replies":[{"embeddable":true,"href":"https:\/\/hellasgarden.se\/zh\/wp-json\/wp\/v2\/comments?post=1175"}],"version-history":[{"count":127,"href":"https:\/\/hellasgarden.se\/zh\/wp-json\/wp\/v2\/pages\/1175\/revisions"}],"predecessor-version":[{"id":46810,"href":"https:\/\/hellasgarden.se\/zh\/wp-json\/wp\/v2\/pages\/1175\/revisions\/46810"}],"up":[{"embeddable":true,"href":"https:\/\/hellasgarden.se\/zh\/wp-json\/wp\/v2\/pages\/213"}],"wp:attachment":[{"href":"https:\/\/hellasgarden.se\/zh\/wp-json\/wp\/v2\/media?parent=1175"}],"curies":[{"name":"wp","href":"https:\/\/api.w.org\/{rel}","templated":true}]}}