{"id":606,"date":"2018-10-31T11:40:42","date_gmt":"2018-10-31T10:40:42","guid":{"rendered":"http:\/\/hellasgarden.se\/?page_id=606"},"modified":"2026-03-27T13:50:55","modified_gmt":"2026-03-27T12:50:55","slug":"yoga-nacka","status":"publish","type":"page","link":"https:\/\/hellasgarden.se\/uk\/aktiviteter\/yoga-nacka\/","title":{"rendered":"\u0419\u043e\u0433\u0430"},"content":{"rendered":"<div id=\"cs-content\" class=\"cs-content\"><\/div>","protected":false},"excerpt":{"rendered":"<p>YogaHemYoga m\u00e5ndagar klockan 18 p\u00e5 Hellasg\u00e5rden i Nacka med start den 12 januari &#8211; 8 juniTillbaks till Aktiviteter Yoga i avslappnande anspr&aring;ksl&ouml;s omgivning, g&auml;rna med ett bastubad efter&aring;t. Hanzano Lidbrink &#8230; <\/p>\n<div><a href=\"https:\/\/hellasgarden.se\/uk\/aktiviteter\/yoga-nacka\/\" class=\"more-link\">\u0427\u0438\u0442\u0430\u0442\u0438 \u0434\u0430\u043b\u0456<\/a><\/div>","protected":false},"author":1,"featured_media":0,"parent":213,"menu_order":0,"comment_status":"closed","ping_status":"closed","template":"template-blank-4.php","meta":{"_monsterinsights_skip_tracking":false,"_monsterinsights_sitenote_active":false,"_monsterinsights_sitenote_note":"","_monsterinsights_sitenote_category":0},"yoast_head":"<!-- This site is optimized with the Yoast SEO plugin v21.8.1 - https:\/\/yoast.com\/wordpress\/plugins\/seo\/ -->\n<title>Yoga i Nacka - Hellasg\u00e5rden<\/title>\n<meta name=\"description\" content=\"Hanzano Lidbrink h\u00e5ller klasser i det han kallar dynamisk hathayoga, som g\u00f6r dig &quot; varm, vig, stark och lugn&quot;, p\u00e5 Hellasg\u00e5rden i Nacka. V\u00e4lkommen!\" \/>\n<meta name=\"robots\" content=\"index, follow, max-snippet:-1, max-image-preview:large, max-video-preview:-1\" \/>\n<link rel=\"canonical\" href=\"https:\/\/hellasgarden.se\/uk\/aktiviteter\/yoga-nacka\/\" \/>\n<meta property=\"og:locale\" content=\"uk_UA\" \/>\n<meta property=\"og:type\" content=\"article\" \/>\n<meta property=\"og:title\" content=\"Yoga i Nacka - Hellasg\u00e5rden\" \/>\n<meta property=\"og:description\" content=\"Hanzano Lidbrink h\u00e5ller klasser i det han kallar dynamisk hathayoga, som g\u00f6r dig &quot; varm, vig, stark och lugn&quot;, p\u00e5 Hellasg\u00e5rden i Nacka. V\u00e4lkommen!\" \/>\n<meta property=\"og:url\" content=\"https:\/\/hellasgarden.se\/uk\/aktiviteter\/yoga-nacka\/\" \/>\n<meta property=\"og:site_name\" content=\"Hellasg\u00e5rden\" \/>\n<meta property=\"article:modified_time\" content=\"2026-03-27T12:50:55+00:00\" \/>\n<meta name=\"twitter:card\" content=\"summary_large_image\" \/>\n<meta name=\"twitter:label1\" content=\"\u041f\u0440\u0438\u0431\u043b. \u0447\u0430\u0441 \u0447\u0438\u0442\u0430\u043d\u043d\u044f\" \/>\n\t<meta name=\"twitter:data1\" content=\"4 \u0445\u0432\u0438\u043b\u0438\u043d\u0438\" \/>\n<script type=\"application\/ld+json\" class=\"yoast-schema-graph\">{\"@context\":\"https:\/\/schema.org\",\"@graph\":[{\"@type\":\"WebPage\",\"@id\":\"https:\/\/hellasgarden.se\/aktiviteter\/yoga-nacka\/\",\"url\":\"https:\/\/hellasgarden.se\/aktiviteter\/yoga-nacka\/\",\"name\":\"Yoga i Nacka - Hellasg\u00e5rden\",\"isPartOf\":{\"@id\":\"https:\/\/hellasgarden.se\/#website\"},\"datePublished\":\"2018-10-31T10:40:42+00:00\",\"dateModified\":\"2026-03-27T12:50:55+00:00\",\"description\":\"Hanzano Lidbrink h\u00e5ller klasser i det han kallar dynamisk hathayoga, som g\u00f6r dig \\\" varm, vig, stark och lugn\\\", p\u00e5 Hellasg\u00e5rden i Nacka. V\u00e4lkommen!\",\"breadcrumb\":{\"@id\":\"https:\/\/hellasgarden.se\/aktiviteter\/yoga-nacka\/#breadcrumb\"},\"inLanguage\":\"uk\",\"potentialAction\":[{\"@type\":\"ReadAction\",\"target\":[\"https:\/\/hellasgarden.se\/aktiviteter\/yoga-nacka\/\"]}]},{\"@type\":\"BreadcrumbList\",\"@id\":\"https:\/\/hellasgarden.se\/aktiviteter\/yoga-nacka\/#breadcrumb\",\"itemListElement\":[{\"@type\":\"ListItem\",\"position\":1,\"name\":\"Hem\",\"item\":\"https:\/\/hellasgarden.se\/\"},{\"@type\":\"ListItem\",\"position\":2,\"name\":\"Aktiviteter\",\"item\":\"https:\/\/hellasgarden.se\/aktiviteter\/\"},{\"@type\":\"ListItem\",\"position\":3,\"name\":\"Yoga\"}]},{\"@type\":\"WebSite\",\"@id\":\"https:\/\/hellasgarden.se\/#website\",\"url\":\"https:\/\/hellasgarden.se\/\",\"name\":\"Hellasg\u00e5rden\",\"description\":\"Din port till naturen\",\"potentialAction\":[{\"@type\":\"SearchAction\",\"target\":{\"@type\":\"EntryPoint\",\"urlTemplate\":\"https:\/\/hellasgarden.se\/?s={search_term_string}\"},\"query-input\":\"required name=search_term_string\"}],\"inLanguage\":\"uk\"}]}<\/script>\n<!-- \/ Yoast SEO plugin. -->","yoast_head_json":{"title":"Yoga i Nacka - Hellasg\u00e5rden","description":"Hanzano Lidbrink h\u00e5ller klasser i det han kallar dynamisk hathayoga, som g\u00f6r dig \" varm, vig, stark och lugn\", p\u00e5 Hellasg\u00e5rden i Nacka. V\u00e4lkommen!","robots":{"index":"index","follow":"follow","max-snippet":"max-snippet:-1","max-image-preview":"max-image-preview:large","max-video-preview":"max-video-preview:-1"},"canonical":"https:\/\/hellasgarden.se\/uk\/aktiviteter\/yoga-nacka\/","og_locale":"uk_UA","og_type":"article","og_title":"Yoga i Nacka - Hellasg\u00e5rden","og_description":"Hanzano Lidbrink h\u00e5ller klasser i det han kallar dynamisk hathayoga, som g\u00f6r dig \" varm, vig, stark och lugn\", p\u00e5 Hellasg\u00e5rden i Nacka. V\u00e4lkommen!","og_url":"https:\/\/hellasgarden.se\/uk\/aktiviteter\/yoga-nacka\/","og_site_name":"Hellasg\u00e5rden","article_modified_time":"2026-03-27T12:50:55+00:00","twitter_card":"summary_large_image","twitter_misc":{"\u041f\u0440\u0438\u0431\u043b. \u0447\u0430\u0441 \u0447\u0438\u0442\u0430\u043d\u043d\u044f":"4 \u0445\u0432\u0438\u043b\u0438\u043d\u0438"},"schema":{"@context":"https:\/\/schema.org","@graph":[{"@type":"WebPage","@id":"https:\/\/hellasgarden.se\/aktiviteter\/yoga-nacka\/","url":"https:\/\/hellasgarden.se\/aktiviteter\/yoga-nacka\/","name":"Yoga i Nacka - Hellasg\u00e5rden","isPartOf":{"@id":"https:\/\/hellasgarden.se\/#website"},"datePublished":"2018-10-31T10:40:42+00:00","dateModified":"2026-03-27T12:50:55+00:00","description":"Hanzano Lidbrink h\u00e5ller klasser i det han kallar dynamisk hathayoga, som g\u00f6r dig \" varm, vig, stark och lugn\", p\u00e5 Hellasg\u00e5rden i Nacka. V\u00e4lkommen!","breadcrumb":{"@id":"https:\/\/hellasgarden.se\/aktiviteter\/yoga-nacka\/#breadcrumb"},"inLanguage":"uk","potentialAction":[{"@type":"ReadAction","target":["https:\/\/hellasgarden.se\/aktiviteter\/yoga-nacka\/"]}]},{"@type":"BreadcrumbList","@id":"https:\/\/hellasgarden.se\/aktiviteter\/yoga-nacka\/#breadcrumb","itemListElement":[{"@type":"ListItem","position":1,"name":"Hem","item":"https:\/\/hellasgarden.se\/"},{"@type":"ListItem","position":2,"name":"Aktiviteter","item":"https:\/\/hellasgarden.se\/aktiviteter\/"},{"@type":"ListItem","position":3,"name":"Yoga"}]},{"@type":"WebSite","@id":"https:\/\/hellasgarden.se\/#website","url":"https:\/\/hellasgarden.se\/","name":"Hellasg\u00e5rden","description":"Din port till naturen","potentialAction":[{"@type":"SearchAction","target":{"@type":"EntryPoint","urlTemplate":"https:\/\/hellasgarden.se\/?s={search_term_string}"},"query-input":"required name=search_term_string"}],"inLanguage":"uk"}]}},"_links":{"self":[{"href":"https:\/\/hellasgarden.se\/uk\/wp-json\/wp\/v2\/pages\/606"}],"collection":[{"href":"https:\/\/hellasgarden.se\/uk\/wp-json\/wp\/v2\/pages"}],"about":[{"href":"https:\/\/hellasgarden.se\/uk\/wp-json\/wp\/v2\/types\/page"}],"author":[{"embeddable":true,"href":"https:\/\/hellasgarden.se\/uk\/wp-json\/wp\/v2\/users\/1"}],"replies":[{"embeddable":true,"href":"https:\/\/hellasgarden.se\/uk\/wp-json\/wp\/v2\/comments?post=606"}],"version-history":[{"count":142,"href":"https:\/\/hellasgarden.se\/uk\/wp-json\/wp\/v2\/pages\/606\/revisions"}],"predecessor-version":[{"id":46803,"href":"https:\/\/hellasgarden.se\/uk\/wp-json\/wp\/v2\/pages\/606\/revisions\/46803"}],"up":[{"embeddable":true,"href":"https:\/\/hellasgarden.se\/uk\/wp-json\/wp\/v2\/pages\/213"}],"wp:attachment":[{"href":"https:\/\/hellasgarden.se\/uk\/wp-json\/wp\/v2\/media?parent=606"}],"curies":[{"name":"wp","href":"https:\/\/api.w.org\/{rel}","templated":true}]}}