{"id":567,"date":"2018-10-31T11:32:15","date_gmt":"2018-10-31T10:32:15","guid":{"rendered":"http:\/\/hellasgarden.se\/?page_id=567"},"modified":"2024-08-23T13:22:01","modified_gmt":"2024-08-23T11:22:01","slug":"beachvolleyboll","status":"publish","type":"page","link":"https:\/\/hellasgarden.se\/uk\/aktiviteter\/beachvolleyboll\/","title":{"rendered":"\u041f\u043b\u044f\u0436\u043d\u0438\u0439 \u0432\u043e\u043b\u0435\u0439\u0431\u043e\u043b"},"content":{"rendered":"<div id=\"cs-content\" class=\"cs-content\"><\/div>","protected":false},"excerpt":{"rendered":"<p>\u041f\u043b\u044f\u0436\u043d\u0438\u0439 \u0432\u043e\u043b\u0435\u0439\u0431\u043e\u043b \u0413\u043e\u043b\u043e\u0432\u043d\u0430 \u0413\u0440\u0430\u0439\u0442\u0435 \u0432 \u043f\u043b\u044f\u0436\u043d\u0438\u0439 \u0432\u043e\u043b\u0435\u0439\u0431\u043e\u043b \u0437 \u0434\u0440\u0443\u0437\u044f\u043c\u0438! \u0412\u0438 \u043c\u043e\u0436\u0435\u0442\u0435 \u0437\u0430\u0431\u0440\u043e\u043d\u044e\u0432\u0430\u0442\u0438 \u043c\u0430\u0439\u0434\u0430\u043d\u0447\u0438\u043a \u0434\u043b\u044f \u043f\u043b\u044f\u0436\u043d\u043e\u0433\u043e \u0432\u043e\u043b\u0435\u0439\u0431\u043e\u043b\u0443 \u0437\u0430 \u0434\u043e\u043f\u043e\u043c\u043e\u0433\u043e\u044e \u043a\u043d\u043e\u043f\u043a\u0438 \u043f\u0440\u0430\u0432\u043e\u0440\u0443\u0447 \u0423 Hellasg\u00e5rden \u0432\u0438 \u043c\u043e\u0436\u0435\u0442\u0435 \u043f\u043e\u0433\u0440\u0430\u0442\u0438 \u0432 \u043f\u043b\u044f\u0436\u043d\u0438\u0439 \u0432\u043e\u043b\u0435\u0439\u0431\u043e\u043b. \u041c\u0438 \u0432\u0456\u0434\u043a\u0440\u0438\u0442\u0456 \u0449\u043e\u0434\u043d\u044f \u0456 \u043f\u0440\u0438\u0439\u043c\u0430\u0454\u043c\u043e \u043b\u0438\u0448\u0435 \u043f\u043e\u043f\u0435\u0440\u0435\u0434\u043d\u0456 \u0437\u0430\u043c\u043e\u0432\u043b\u0435\u043d\u043d\u044f \u043e\u043d\u043b\u0430\u0439\u043d.  \u0426\u0456\u043d\u0430: 320 ... <\/p>\n<div><a href=\"https:\/\/hellasgarden.se\/uk\/aktiviteter\/beachvolleyboll\/\" class=\"more-link\">\u0427\u0438\u0442\u0430\u0442\u0438 \u0434\u0430\u043b\u0456<\/a><\/div>","protected":false},"author":1,"featured_media":0,"parent":213,"menu_order":0,"comment_status":"closed","ping_status":"closed","template":"template-blank-4.php","meta":{"_monsterinsights_skip_tracking":false,"_monsterinsights_sitenote_active":false,"_monsterinsights_sitenote_note":"","_monsterinsights_sitenote_category":0},"yoast_head":"<!-- This site is optimized with the Yoast SEO plugin v21.8.1 - https:\/\/yoast.com\/wordpress\/plugins\/seo\/ -->\n<title>Beachvolleyboll - Hellasg\u00e5rden<\/title>\n<meta name=\"robots\" content=\"index, follow, max-snippet:-1, max-image-preview:large, max-video-preview:-1\" \/>\n<link rel=\"canonical\" href=\"https:\/\/hellasgarden.se\/uk\/aktiviteter\/beachvolleyboll\/\" \/>\n<meta property=\"og:locale\" content=\"uk_UA\" \/>\n<meta property=\"og:type\" content=\"article\" \/>\n<meta property=\"og:title\" content=\"Beachvolleyboll - Hellasg\u00e5rden\" \/>\n<meta property=\"og:description\" content=\"Beachvolleyboll&nbsp;HemSpela beachvolleyboll med dina v\u00e4nner!Beachvolleybollplanen bokar du p&aring; knappen till h&ouml;ger P\u00e5 Hellasg\u00e5rden kan du spela beachvolleyboll. Vi har \u00f6ppet varje dag och vi tar enbart f\u00f6rbokningar online.\u00a0 Pris: 320 ... Read More\" \/>\n<meta property=\"og:url\" content=\"https:\/\/hellasgarden.se\/uk\/aktiviteter\/beachvolleyboll\/\" \/>\n<meta property=\"og:site_name\" content=\"Hellasg\u00e5rden\" \/>\n<meta property=\"article:modified_time\" content=\"2024-08-23T11:22:01+00:00\" \/>\n<meta name=\"twitter:card\" content=\"summary_large_image\" \/>\n<meta name=\"twitter:label1\" content=\"\u041f\u0440\u0438\u0431\u043b. \u0447\u0430\u0441 \u0447\u0438\u0442\u0430\u043d\u043d\u044f\" \/>\n\t<meta name=\"twitter:data1\" content=\"2 \u0445\u0432\u0438\u043b\u0438\u043d\u0438\" \/>\n<script type=\"application\/ld+json\" class=\"yoast-schema-graph\">{\"@context\":\"https:\/\/schema.org\",\"@graph\":[{\"@type\":\"WebPage\",\"@id\":\"https:\/\/hellasgarden.se\/aktiviteter\/beachvolleyboll\/\",\"url\":\"https:\/\/hellasgarden.se\/aktiviteter\/beachvolleyboll\/\",\"name\":\"Beachvolleyboll - Hellasg\u00e5rden\",\"isPartOf\":{\"@id\":\"https:\/\/hellasgarden.se\/#website\"},\"datePublished\":\"2018-10-31T10:32:15+00:00\",\"dateModified\":\"2024-08-23T11:22:01+00:00\",\"breadcrumb\":{\"@id\":\"https:\/\/hellasgarden.se\/aktiviteter\/beachvolleyboll\/#breadcrumb\"},\"inLanguage\":\"uk\",\"potentialAction\":[{\"@type\":\"ReadAction\",\"target\":[\"https:\/\/hellasgarden.se\/aktiviteter\/beachvolleyboll\/\"]}]},{\"@type\":\"BreadcrumbList\",\"@id\":\"https:\/\/hellasgarden.se\/aktiviteter\/beachvolleyboll\/#breadcrumb\",\"itemListElement\":[{\"@type\":\"ListItem\",\"position\":1,\"name\":\"Hem\",\"item\":\"https:\/\/hellasgarden.se\/\"},{\"@type\":\"ListItem\",\"position\":2,\"name\":\"Aktiviteter\",\"item\":\"https:\/\/hellasgarden.se\/aktiviteter\/\"},{\"@type\":\"ListItem\",\"position\":3,\"name\":\"Beachvolleyboll\"}]},{\"@type\":\"WebSite\",\"@id\":\"https:\/\/hellasgarden.se\/#website\",\"url\":\"https:\/\/hellasgarden.se\/\",\"name\":\"Hellasg\u00e5rden\",\"description\":\"Din port till naturen\",\"potentialAction\":[{\"@type\":\"SearchAction\",\"target\":{\"@type\":\"EntryPoint\",\"urlTemplate\":\"https:\/\/hellasgarden.se\/?s={search_term_string}\"},\"query-input\":\"required name=search_term_string\"}],\"inLanguage\":\"uk\"}]}<\/script>\n<!-- \/ Yoast SEO plugin. -->","yoast_head_json":{"title":"Beachvolleyboll - Hellasg\u00e5rden","robots":{"index":"index","follow":"follow","max-snippet":"max-snippet:-1","max-image-preview":"max-image-preview:large","max-video-preview":"max-video-preview:-1"},"canonical":"https:\/\/hellasgarden.se\/uk\/aktiviteter\/beachvolleyboll\/","og_locale":"uk_UA","og_type":"article","og_title":"Beachvolleyboll - Hellasg\u00e5rden","og_description":"Beachvolleyboll&nbsp;HemSpela beachvolleyboll med dina v\u00e4nner!Beachvolleybollplanen bokar du p&aring; knappen till h&ouml;ger P\u00e5 Hellasg\u00e5rden kan du spela beachvolleyboll. Vi har \u00f6ppet varje dag och vi tar enbart f\u00f6rbokningar online.\u00a0 Pris: 320 ... Read More","og_url":"https:\/\/hellasgarden.se\/uk\/aktiviteter\/beachvolleyboll\/","og_site_name":"Hellasg\u00e5rden","article_modified_time":"2024-08-23T11:22:01+00:00","twitter_card":"summary_large_image","twitter_misc":{"\u041f\u0440\u0438\u0431\u043b. \u0447\u0430\u0441 \u0447\u0438\u0442\u0430\u043d\u043d\u044f":"2 \u0445\u0432\u0438\u043b\u0438\u043d\u0438"},"schema":{"@context":"https:\/\/schema.org","@graph":[{"@type":"WebPage","@id":"https:\/\/hellasgarden.se\/aktiviteter\/beachvolleyboll\/","url":"https:\/\/hellasgarden.se\/aktiviteter\/beachvolleyboll\/","name":"Beachvolleyboll - Hellasg\u00e5rden","isPartOf":{"@id":"https:\/\/hellasgarden.se\/#website"},"datePublished":"2018-10-31T10:32:15+00:00","dateModified":"2024-08-23T11:22:01+00:00","breadcrumb":{"@id":"https:\/\/hellasgarden.se\/aktiviteter\/beachvolleyboll\/#breadcrumb"},"inLanguage":"uk","potentialAction":[{"@type":"ReadAction","target":["https:\/\/hellasgarden.se\/aktiviteter\/beachvolleyboll\/"]}]},{"@type":"BreadcrumbList","@id":"https:\/\/hellasgarden.se\/aktiviteter\/beachvolleyboll\/#breadcrumb","itemListElement":[{"@type":"ListItem","position":1,"name":"Hem","item":"https:\/\/hellasgarden.se\/"},{"@type":"ListItem","position":2,"name":"Aktiviteter","item":"https:\/\/hellasgarden.se\/aktiviteter\/"},{"@type":"ListItem","position":3,"name":"Beachvolleyboll"}]},{"@type":"WebSite","@id":"https:\/\/hellasgarden.se\/#website","url":"https:\/\/hellasgarden.se\/","name":"Hellasg\u00e5rden","description":"Din port till naturen","potentialAction":[{"@type":"SearchAction","target":{"@type":"EntryPoint","urlTemplate":"https:\/\/hellasgarden.se\/?s={search_term_string}"},"query-input":"required name=search_term_string"}],"inLanguage":"uk"}]}},"_links":{"self":[{"href":"https:\/\/hellasgarden.se\/uk\/wp-json\/wp\/v2\/pages\/567"}],"collection":[{"href":"https:\/\/hellasgarden.se\/uk\/wp-json\/wp\/v2\/pages"}],"about":[{"href":"https:\/\/hellasgarden.se\/uk\/wp-json\/wp\/v2\/types\/page"}],"author":[{"embeddable":true,"href":"https:\/\/hellasgarden.se\/uk\/wp-json\/wp\/v2\/users\/1"}],"replies":[{"embeddable":true,"href":"https:\/\/hellasgarden.se\/uk\/wp-json\/wp\/v2\/comments?post=567"}],"version-history":[{"count":56,"href":"https:\/\/hellasgarden.se\/uk\/wp-json\/wp\/v2\/pages\/567\/revisions"}],"predecessor-version":[{"id":44980,"href":"https:\/\/hellasgarden.se\/uk\/wp-json\/wp\/v2\/pages\/567\/revisions\/44980"}],"up":[{"embeddable":true,"href":"https:\/\/hellasgarden.se\/uk\/wp-json\/wp\/v2\/pages\/213"}],"wp:attachment":[{"href":"https:\/\/hellasgarden.se\/uk\/wp-json\/wp\/v2\/media?parent=567"}],"curies":[{"name":"wp","href":"https:\/\/api.w.org\/{rel}","templated":true}]}}