{"id":545,"date":"2018-10-30T10:36:28","date_gmt":"2018-10-30T09:36:28","guid":{"rendered":"http:\/\/hellasgarden.se\/?page_id=545"},"modified":"2025-12-16T14:29:03","modified_gmt":"2025-12-16T13:29:03","slug":"bad","status":"publish","type":"page","link":"https:\/\/hellasgarden.se\/uk\/aktiviteter\/bad\/","title":{"rendered":"\u0411\u0430\u043d\u044f"},"content":{"rendered":"<div id=\"cs-content\" class=\"cs-content\"><\/div>","protected":false},"excerpt":{"rendered":"<p>Bad HemBathing \u0432 K\u00e4lltorpssj\u00f6n! \u0413\u043e\u0442\u0435\u043b\u044c Hellasg\u00e5rden \u0440\u043e\u0437\u0442\u0430\u0448\u043e\u0432\u0430\u043d\u0438\u0439 \u043f\u0440\u044f\u043c\u043e \u0431\u0456\u043b\u044f \u043c\u0430\u043b\u044c\u043e\u0432\u043d\u0438\u0447\u043e\u0433\u043e K\u00e4lltorpssj\u00f6n - \u0456\u0434\u0435\u0430\u043b\u044c\u043d\u043e\u0433\u043e \u043c\u0456\u0441\u0446\u044f \u0434\u043b\u044f \u0432\u0456\u0434\u043f\u043e\u0447\u0438\u043d\u043a\u0443 \u0432\u0441\u0456\u0454\u044e \u0441\u0456\u043c'\u0454\u044e. \u041f\u0440\u043e\u0442\u044f\u0433\u043e\u043c \u043b\u0456\u0442\u043d\u0456\u0445 \u043c\u0456\u0441\u044f\u0446\u0456\u0432 \u0443 \u0432\u0430\u0441 \u0454 \u0434\u043e\u0441\u0442\u0443\u043f \u0434\u043e \u0447\u0443\u0434\u043e\u0432\u043e\u0433\u043e \u043f\u0456\u0449\u0430\u043d\u043e\u0433\u043e \u043f\u043b\u044f\u0436\u0443 \u0437 \u0445\u043e\u0440\u043e\u0448\u0438\u043c\u0438 \u043c\u0456\u0441\u0446\u044f\u043c\u0438 \u0434\u043b\u044f \u0437\u0430\u0441\u043c\u0430\u0433\u0438 \u0442\u0430 \u043f\u0440\u0438\u0447\u0430\u043b\u043e\u043c. \u0422\u0443\u0442 ... <\/p>\n<div><a href=\"https:\/\/hellasgarden.se\/uk\/aktiviteter\/bad\/\" class=\"more-link\">\u0427\u0438\u0442\u0430\u0442\u0438 \u0434\u0430\u043b\u0456<\/a><\/div>","protected":false},"author":1,"featured_media":0,"parent":213,"menu_order":0,"comment_status":"closed","ping_status":"closed","template":"template-blank-4.php","meta":{"_monsterinsights_skip_tracking":false,"_monsterinsights_sitenote_active":false,"_monsterinsights_sitenote_note":"","_monsterinsights_sitenote_category":0},"yoast_head":"<!-- This site is optimized with the Yoast SEO plugin v21.8.1 - https:\/\/yoast.com\/wordpress\/plugins\/seo\/ -->\n<title>Bad - Hellasg\u00e5rden<\/title>\n<meta name=\"robots\" content=\"index, follow, max-snippet:-1, max-image-preview:large, max-video-preview:-1\" \/>\n<link rel=\"canonical\" href=\"https:\/\/hellasgarden.se\/uk\/aktiviteter\/bad\/\" \/>\n<meta property=\"og:locale\" content=\"uk_UA\" \/>\n<meta property=\"og:type\" content=\"article\" \/>\n<meta property=\"og:title\" content=\"Bad - Hellasg\u00e5rden\" \/>\n<meta property=\"og:description\" content=\"Bad&nbsp;HemBada i K&auml;lltorpssj&ouml;n!Hellasg\u00e5rden ligger precis vid natursk\u00f6na K\u00e4lltorpssj\u00f6n - ett perfekt utflykstm\u00e5l f\u00f6r hela familjen. Under sommarm\u00e5naderna har du tillg\u00e5ng till en h\u00e4rlig sandstrand med bra solplatser och badbrygga. H\u00e4r ... Read More\" \/>\n<meta property=\"og:url\" content=\"https:\/\/hellasgarden.se\/uk\/aktiviteter\/bad\/\" \/>\n<meta property=\"og:site_name\" content=\"Hellasg\u00e5rden\" \/>\n<meta property=\"article:modified_time\" content=\"2025-12-16T13:29:03+00:00\" \/>\n<meta name=\"twitter:card\" content=\"summary_large_image\" \/>\n<meta name=\"twitter:label1\" content=\"\u041f\u0440\u0438\u0431\u043b. \u0447\u0430\u0441 \u0447\u0438\u0442\u0430\u043d\u043d\u044f\" \/>\n\t<meta name=\"twitter:data1\" content=\"1 \u0445\u0432\u0438\u043b\u0438\u043d\u0430\" \/>\n<script type=\"application\/ld+json\" class=\"yoast-schema-graph\">{\"@context\":\"https:\/\/schema.org\",\"@graph\":[{\"@type\":\"WebPage\",\"@id\":\"https:\/\/hellasgarden.se\/aktiviteter\/bad\/\",\"url\":\"https:\/\/hellasgarden.se\/aktiviteter\/bad\/\",\"name\":\"Bad - Hellasg\u00e5rden\",\"isPartOf\":{\"@id\":\"https:\/\/hellasgarden.se\/#website\"},\"datePublished\":\"2018-10-30T09:36:28+00:00\",\"dateModified\":\"2025-12-16T13:29:03+00:00\",\"breadcrumb\":{\"@id\":\"https:\/\/hellasgarden.se\/aktiviteter\/bad\/#breadcrumb\"},\"inLanguage\":\"uk\",\"potentialAction\":[{\"@type\":\"ReadAction\",\"target\":[\"https:\/\/hellasgarden.se\/aktiviteter\/bad\/\"]}]},{\"@type\":\"BreadcrumbList\",\"@id\":\"https:\/\/hellasgarden.se\/aktiviteter\/bad\/#breadcrumb\",\"itemListElement\":[{\"@type\":\"ListItem\",\"position\":1,\"name\":\"Hem\",\"item\":\"https:\/\/hellasgarden.se\/\"},{\"@type\":\"ListItem\",\"position\":2,\"name\":\"Aktiviteter\",\"item\":\"https:\/\/hellasgarden.se\/aktiviteter\/\"},{\"@type\":\"ListItem\",\"position\":3,\"name\":\"Bad\"}]},{\"@type\":\"WebSite\",\"@id\":\"https:\/\/hellasgarden.se\/#website\",\"url\":\"https:\/\/hellasgarden.se\/\",\"name\":\"Hellasg\u00e5rden\",\"description\":\"Din port till naturen\",\"potentialAction\":[{\"@type\":\"SearchAction\",\"target\":{\"@type\":\"EntryPoint\",\"urlTemplate\":\"https:\/\/hellasgarden.se\/?s={search_term_string}\"},\"query-input\":\"required name=search_term_string\"}],\"inLanguage\":\"uk\"}]}<\/script>\n<!-- \/ Yoast SEO plugin. -->","yoast_head_json":{"title":"Bad - Hellasg\u00e5rden","robots":{"index":"index","follow":"follow","max-snippet":"max-snippet:-1","max-image-preview":"max-image-preview:large","max-video-preview":"max-video-preview:-1"},"canonical":"https:\/\/hellasgarden.se\/uk\/aktiviteter\/bad\/","og_locale":"uk_UA","og_type":"article","og_title":"Bad - Hellasg\u00e5rden","og_description":"Bad&nbsp;HemBada i K&auml;lltorpssj&ouml;n!Hellasg\u00e5rden ligger precis vid natursk\u00f6na K\u00e4lltorpssj\u00f6n - ett perfekt utflykstm\u00e5l f\u00f6r hela familjen. Under sommarm\u00e5naderna har du tillg\u00e5ng till en h\u00e4rlig sandstrand med bra solplatser och badbrygga. H\u00e4r ... Read More","og_url":"https:\/\/hellasgarden.se\/uk\/aktiviteter\/bad\/","og_site_name":"Hellasg\u00e5rden","article_modified_time":"2025-12-16T13:29:03+00:00","twitter_card":"summary_large_image","twitter_misc":{"\u041f\u0440\u0438\u0431\u043b. \u0447\u0430\u0441 \u0447\u0438\u0442\u0430\u043d\u043d\u044f":"1 \u0445\u0432\u0438\u043b\u0438\u043d\u0430"},"schema":{"@context":"https:\/\/schema.org","@graph":[{"@type":"WebPage","@id":"https:\/\/hellasgarden.se\/aktiviteter\/bad\/","url":"https:\/\/hellasgarden.se\/aktiviteter\/bad\/","name":"Bad - Hellasg\u00e5rden","isPartOf":{"@id":"https:\/\/hellasgarden.se\/#website"},"datePublished":"2018-10-30T09:36:28+00:00","dateModified":"2025-12-16T13:29:03+00:00","breadcrumb":{"@id":"https:\/\/hellasgarden.se\/aktiviteter\/bad\/#breadcrumb"},"inLanguage":"uk","potentialAction":[{"@type":"ReadAction","target":["https:\/\/hellasgarden.se\/aktiviteter\/bad\/"]}]},{"@type":"BreadcrumbList","@id":"https:\/\/hellasgarden.se\/aktiviteter\/bad\/#breadcrumb","itemListElement":[{"@type":"ListItem","position":1,"name":"Hem","item":"https:\/\/hellasgarden.se\/"},{"@type":"ListItem","position":2,"name":"Aktiviteter","item":"https:\/\/hellasgarden.se\/aktiviteter\/"},{"@type":"ListItem","position":3,"name":"Bad"}]},{"@type":"WebSite","@id":"https:\/\/hellasgarden.se\/#website","url":"https:\/\/hellasgarden.se\/","name":"Hellasg\u00e5rden","description":"Din port till naturen","potentialAction":[{"@type":"SearchAction","target":{"@type":"EntryPoint","urlTemplate":"https:\/\/hellasgarden.se\/?s={search_term_string}"},"query-input":"required name=search_term_string"}],"inLanguage":"uk"}]}},"_links":{"self":[{"href":"https:\/\/hellasgarden.se\/uk\/wp-json\/wp\/v2\/pages\/545"}],"collection":[{"href":"https:\/\/hellasgarden.se\/uk\/wp-json\/wp\/v2\/pages"}],"about":[{"href":"https:\/\/hellasgarden.se\/uk\/wp-json\/wp\/v2\/types\/page"}],"author":[{"embeddable":true,"href":"https:\/\/hellasgarden.se\/uk\/wp-json\/wp\/v2\/users\/1"}],"replies":[{"embeddable":true,"href":"https:\/\/hellasgarden.se\/uk\/wp-json\/wp\/v2\/comments?post=545"}],"version-history":[{"count":15,"href":"https:\/\/hellasgarden.se\/uk\/wp-json\/wp\/v2\/pages\/545\/revisions"}],"predecessor-version":[{"id":46614,"href":"https:\/\/hellasgarden.se\/uk\/wp-json\/wp\/v2\/pages\/545\/revisions\/46614"}],"up":[{"embeddable":true,"href":"https:\/\/hellasgarden.se\/uk\/wp-json\/wp\/v2\/pages\/213"}],"wp:attachment":[{"href":"https:\/\/hellasgarden.se\/uk\/wp-json\/wp\/v2\/media?parent=545"}],"curies":[{"name":"wp","href":"https:\/\/api.w.org\/{rel}","templated":true}]}}