{"id":46269,"date":"2025-02-28T16:12:04","date_gmt":"2025-02-28T15:12:04","guid":{"rendered":"https:\/\/hellasgarden.se\/?page_id=46269"},"modified":"2026-02-20T11:30:24","modified_gmt":"2026-02-20T10:30:24","slug":"markytor-och-uteplatser","status":"publish","type":"page","link":"https:\/\/hellasgarden.se\/uk\/markytor-och-uteplatser\/","title":{"rendered":"\u041d\u0430\u0437\u0435\u043c\u043d\u0456 \u043f\u043e\u0432\u0435\u0440\u0445\u043d\u0456 \u0442\u0430 \u0432\u043d\u0443\u0442\u0440\u0456\u0448\u043d\u0456 \u0434\u0432\u043e\u0440\u0438\u043a\u0438"},"content":{"rendered":"<div id=\"cs-content\" class=\"cs-content\"><\/div>","protected":false},"excerpt":{"rendered":"<p>\u0412\u0456\u0434\u043a\u0440\u0438\u0442\u0456 \u043f\u0440\u043e\u0441\u0442\u043e\u0440\u0438 \u0442\u0430 \u0432\u043d\u0443\u0442\u0440\u0456\u0448\u043d\u0456 \u0434\u0432\u043e\u0440\u0438\u043a\u0438\u0414\u0456\u043c\u0417\u0434\u0435\u0441\u044c \u0432\u0438 \u0437\u043d\u0430\u0439\u0434\u0435\u0442\u0435 \u0437\u0438\u043c\u043e\u0432\u0438\u0439 \u0441\u0430\u0434, \u0432\u043d\u0443\u0442\u0440\u0456\u0448\u043d\u0456 \u0434\u0432\u043e\u0440\u0438\u043a\u0438 \u0442\u0430 \u0432\u0456\u0434\u043a\u0440\u0438\u0442\u0456 \u043f\u0440\u043e\u0441\u0442\u043e\u0440\u0438, \u044f\u043a\u0456 \u0432\u0438 \u043c\u043e\u0436\u0435\u0442\u0435 \u0437\u0430\u0431\u0440\u043e\u043d\u044e\u0432\u0430\u0442\u0438 \u0417\u0430\u0431\u0440\u043e\u043d\u044e\u0439\u0442\u0435 \u043c\u0456\u0441\u0446\u0435 \u0456 \u043f\u0435\u0440\u0435\u043a\u043e\u043d\u0430\u0439\u0442\u0435\u0441\u044f, \u0449\u043e \u043f\u043e\u0442\u0440\u0456\u0431\u043d\u0438\u0439 \u0432\u0430\u043c \u043f\u0440\u043e\u0441\u0442\u0456\u0440 \u0432\u0456\u043b\u044c\u043d\u0438\u0439, \u0430 \u043f\u043e\u0433\u043e\u0434\u0430 ... <\/p>\n<div><a href=\"https:\/\/hellasgarden.se\/uk\/markytor-och-uteplatser\/\" class=\"more-link\">\u0427\u0438\u0442\u0430\u0442\u0438 \u0434\u0430\u043b\u0456<\/a><\/div>","protected":false},"author":1,"featured_media":0,"parent":0,"menu_order":0,"comment_status":"closed","ping_status":"closed","template":"template-blank-4.php","meta":{"_monsterinsights_skip_tracking":false,"_monsterinsights_sitenote_active":false,"_monsterinsights_sitenote_note":"","_monsterinsights_sitenote_category":0},"yoast_head":"<!-- This site is optimized with the Yoast SEO plugin v21.8.1 - https:\/\/yoast.com\/wordpress\/plugins\/seo\/ -->\n<title>Markytor och uteplatser - Hellasg\u00e5rden<\/title>\n<meta name=\"robots\" content=\"index, follow, max-snippet:-1, max-image-preview:large, max-video-preview:-1\" \/>\n<link rel=\"canonical\" href=\"https:\/\/hellasgarden.se\/uk\/markytor-och-uteplatser\/\" \/>\n<meta property=\"og:locale\" content=\"uk_UA\" \/>\n<meta property=\"og:type\" content=\"article\" \/>\n<meta property=\"og:title\" content=\"Markytor och uteplatser - Hellasg\u00e5rden\" \/>\n<meta property=\"og:description\" content=\"Markytor &amp; uteplatserHemH&auml;r hittar du uterum, uteplatser och markytor som du kan bokaBoka din plats och f\u00f6rs\u00e4kra dig om att den plats du vill disponera \u00e4r ledig, och att v\u00e4drets ... Read More\" \/>\n<meta property=\"og:url\" content=\"https:\/\/hellasgarden.se\/uk\/markytor-och-uteplatser\/\" \/>\n<meta property=\"og:site_name\" content=\"Hellasg\u00e5rden\" \/>\n<meta property=\"article:modified_time\" content=\"2026-02-20T10:30:24+00:00\" \/>\n<meta name=\"twitter:card\" content=\"summary_large_image\" \/>\n<meta name=\"twitter:label1\" content=\"\u041f\u0440\u0438\u0431\u043b. \u0447\u0430\u0441 \u0447\u0438\u0442\u0430\u043d\u043d\u044f\" \/>\n\t<meta name=\"twitter:data1\" content=\"8 \u0445\u0432\u0438\u043b\u0438\u043d\" \/>\n<script type=\"application\/ld+json\" class=\"yoast-schema-graph\">{\"@context\":\"https:\/\/schema.org\",\"@graph\":[{\"@type\":\"WebPage\",\"@id\":\"https:\/\/hellasgarden.se\/markytor-och-uteplatser\/\",\"url\":\"https:\/\/hellasgarden.se\/markytor-och-uteplatser\/\",\"name\":\"Markytor och uteplatser - Hellasg\u00e5rden\",\"isPartOf\":{\"@id\":\"https:\/\/hellasgarden.se\/#website\"},\"datePublished\":\"2025-02-28T15:12:04+00:00\",\"dateModified\":\"2026-02-20T10:30:24+00:00\",\"breadcrumb\":{\"@id\":\"https:\/\/hellasgarden.se\/markytor-och-uteplatser\/#breadcrumb\"},\"inLanguage\":\"uk\",\"potentialAction\":[{\"@type\":\"ReadAction\",\"target\":[\"https:\/\/hellasgarden.se\/markytor-och-uteplatser\/\"]}]},{\"@type\":\"BreadcrumbList\",\"@id\":\"https:\/\/hellasgarden.se\/markytor-och-uteplatser\/#breadcrumb\",\"itemListElement\":[{\"@type\":\"ListItem\",\"position\":1,\"name\":\"Hem\",\"item\":\"https:\/\/hellasgarden.se\/\"},{\"@type\":\"ListItem\",\"position\":2,\"name\":\"Markytor och uteplatser\"}]},{\"@type\":\"WebSite\",\"@id\":\"https:\/\/hellasgarden.se\/#website\",\"url\":\"https:\/\/hellasgarden.se\/\",\"name\":\"Hellasg\u00e5rden\",\"description\":\"Din port till naturen\",\"potentialAction\":[{\"@type\":\"SearchAction\",\"target\":{\"@type\":\"EntryPoint\",\"urlTemplate\":\"https:\/\/hellasgarden.se\/?s={search_term_string}\"},\"query-input\":\"required name=search_term_string\"}],\"inLanguage\":\"uk\"}]}<\/script>\n<!-- \/ Yoast SEO plugin. -->","yoast_head_json":{"title":"Markytor och uteplatser - Hellasg\u00e5rden","robots":{"index":"index","follow":"follow","max-snippet":"max-snippet:-1","max-image-preview":"max-image-preview:large","max-video-preview":"max-video-preview:-1"},"canonical":"https:\/\/hellasgarden.se\/uk\/markytor-och-uteplatser\/","og_locale":"uk_UA","og_type":"article","og_title":"Markytor och uteplatser - Hellasg\u00e5rden","og_description":"Markytor &amp; uteplatserHemH&auml;r hittar du uterum, uteplatser och markytor som du kan bokaBoka din plats och f\u00f6rs\u00e4kra dig om att den plats du vill disponera \u00e4r ledig, och att v\u00e4drets ... Read More","og_url":"https:\/\/hellasgarden.se\/uk\/markytor-och-uteplatser\/","og_site_name":"Hellasg\u00e5rden","article_modified_time":"2026-02-20T10:30:24+00:00","twitter_card":"summary_large_image","twitter_misc":{"\u041f\u0440\u0438\u0431\u043b. \u0447\u0430\u0441 \u0447\u0438\u0442\u0430\u043d\u043d\u044f":"8 \u0445\u0432\u0438\u043b\u0438\u043d"},"schema":{"@context":"https:\/\/schema.org","@graph":[{"@type":"WebPage","@id":"https:\/\/hellasgarden.se\/markytor-och-uteplatser\/","url":"https:\/\/hellasgarden.se\/markytor-och-uteplatser\/","name":"Markytor och uteplatser - Hellasg\u00e5rden","isPartOf":{"@id":"https:\/\/hellasgarden.se\/#website"},"datePublished":"2025-02-28T15:12:04+00:00","dateModified":"2026-02-20T10:30:24+00:00","breadcrumb":{"@id":"https:\/\/hellasgarden.se\/markytor-och-uteplatser\/#breadcrumb"},"inLanguage":"uk","potentialAction":[{"@type":"ReadAction","target":["https:\/\/hellasgarden.se\/markytor-och-uteplatser\/"]}]},{"@type":"BreadcrumbList","@id":"https:\/\/hellasgarden.se\/markytor-och-uteplatser\/#breadcrumb","itemListElement":[{"@type":"ListItem","position":1,"name":"Hem","item":"https:\/\/hellasgarden.se\/"},{"@type":"ListItem","position":2,"name":"Markytor och uteplatser"}]},{"@type":"WebSite","@id":"https:\/\/hellasgarden.se\/#website","url":"https:\/\/hellasgarden.se\/","name":"Hellasg\u00e5rden","description":"Din port till naturen","potentialAction":[{"@type":"SearchAction","target":{"@type":"EntryPoint","urlTemplate":"https:\/\/hellasgarden.se\/?s={search_term_string}"},"query-input":"required name=search_term_string"}],"inLanguage":"uk"}]}},"_links":{"self":[{"href":"https:\/\/hellasgarden.se\/uk\/wp-json\/wp\/v2\/pages\/46269"}],"collection":[{"href":"https:\/\/hellasgarden.se\/uk\/wp-json\/wp\/v2\/pages"}],"about":[{"href":"https:\/\/hellasgarden.se\/uk\/wp-json\/wp\/v2\/types\/page"}],"author":[{"embeddable":true,"href":"https:\/\/hellasgarden.se\/uk\/wp-json\/wp\/v2\/users\/1"}],"replies":[{"embeddable":true,"href":"https:\/\/hellasgarden.se\/uk\/wp-json\/wp\/v2\/comments?post=46269"}],"version-history":[{"count":33,"href":"https:\/\/hellasgarden.se\/uk\/wp-json\/wp\/v2\/pages\/46269\/revisions"}],"predecessor-version":[{"id":46766,"href":"https:\/\/hellasgarden.se\/uk\/wp-json\/wp\/v2\/pages\/46269\/revisions\/46766"}],"wp:attachment":[{"href":"https:\/\/hellasgarden.se\/uk\/wp-json\/wp\/v2\/media?parent=46269"}],"curies":[{"name":"wp","href":"https:\/\/api.w.org\/{rel}","templated":true}]}}