{"id":45869,"date":"2024-10-14T14:01:47","date_gmt":"2024-10-14T12:01:47","guid":{"rendered":"https:\/\/hellasgarden.se\/?page_id=45869"},"modified":"2024-10-14T14:02:36","modified_gmt":"2024-10-14T12:02:36","slug":"skolorientering","status":"publish","type":"page","link":"https:\/\/hellasgarden.se\/uk\/aktiviteter\/orientering\/skolorientering\/","title":{"rendered":"\u0428\u043a\u0456\u043b\u044c\u043d\u0430 \u043e\u0440\u0456\u0454\u043d\u0442\u0430\u0446\u0456\u044f"},"content":{"rendered":"<div id=\"cs-content\" class=\"cs-content\"><\/div>","protected":false},"excerpt":{"rendered":"<p>\u0428\u043a\u0456\u043b\u044c\u043d\u0435 \u043e\u0440\u0456\u0454\u043d\u0442\u0443\u0432\u0430\u043d\u043d\u044f\u0414\u043e\u0434\u043e\u043c\u0443Hellasg\u00e5rden \u0434\u043e\u043f\u043e\u043c\u043e\u0436\u0435 \u0432\u0430\u043c, \u044f\u043a \u0432\u0447\u0438\u0442\u0435\u043b\u044e \u0444\u0456\u0437\u043a\u0443\u043b\u044c\u0442\u0443\u0440\u0438, \u043f\u0440\u043e\u0432\u0435\u0441\u0442\u0438 \u0448\u043a\u0456\u043b\u044c\u043d\u0435 \u043e\u0440\u0456\u0454\u043d\u0442\u0443\u0432\u0430\u043d\u043d\u044fHellasg\u00e5rden \u043c\u0430\u0454 \u043a\u043e\u043c\u0430\u043d\u0434\u0443 \u043a\u0432\u0430\u043b\u0456\u0444\u0456\u043a\u043e\u0432\u0430\u043d\u0438\u0445 \u043e\u0440\u0456\u0454\u043d\u0442\u0443\u0432\u0430\u043b\u044c\u043d\u0438\u043a\u0456\u0432, \u044f\u043a\u0456 \u0434\u043e\u043f\u043e\u043c\u043e\u0436\u0443\u0442\u044c \u0432\u0430\u043c, \u044f\u043a \u0432\u0447\u0438\u0442\u0435\u043b\u044e \u0444\u0456\u0437\u043a\u0443\u043b\u044c\u0442\u0443\u0440\u0438, \u043f\u0440\u043e\u0432\u0435\u0441\u0442\u0438 \u043e\u0440\u0456\u0454\u043d\u0442\u0443\u0432\u0430\u043b\u044c\u043d\u0456 \u0434\u043d\u0456 \u0434\u043b\u044f \u0448\u043a\u0456\u043b\u044c\u043d\u0438\u0445 \u043a\u043b\u0430\u0441\u0456\u0432. \u0411\u0430\u0433\u0430\u0442\u043e \u0432\u0447\u0438\u0442\u0435\u043b\u0456\u0432 \u0441\u043f\u043e\u0440\u0442\u0443 \u0432\u0432\u0430\u0436\u0430\u044e\u0442\u044c, \u0449\u043e \u0448\u043a\u0456\u043b\u044c\u043d\u0435 \u043e\u0440\u0456\u0454\u043d\u0442\u0443\u0432\u0430\u043d\u043d\u044f \u043c\u043e\u0436\u0435 \u0431\u0443\u0442\u0438 ... <\/p>\n<div><a href=\"https:\/\/hellasgarden.se\/uk\/aktiviteter\/orientering\/skolorientering\/\" class=\"more-link\">\u0427\u0438\u0442\u0430\u0442\u0438 \u0434\u0430\u043b\u0456<\/a><\/div>","protected":false},"author":1,"featured_media":0,"parent":1175,"menu_order":0,"comment_status":"closed","ping_status":"closed","template":"template-blank-4.php","meta":{"_monsterinsights_skip_tracking":false,"_monsterinsights_sitenote_active":false,"_monsterinsights_sitenote_note":"","_monsterinsights_sitenote_category":0},"yoast_head":"<!-- This site is optimized with the Yoast SEO plugin v21.8.1 - https:\/\/yoast.com\/wordpress\/plugins\/seo\/ -->\n<title>Arrangera din skolorientering p\u00e5 Hellasg\u00e5rden i Stockholm - Hellasg\u00e5rden<\/title>\n<meta name=\"description\" content=\"Hellasg\u00e5rden har ett team av duktiga orienterare som hj\u00e4lper dig som idrottsl\u00e4rare att genomf\u00f6ra orienteringsdagar f\u00f6r skolklasser.\" \/>\n<meta name=\"robots\" content=\"index, follow, max-snippet:-1, max-image-preview:large, max-video-preview:-1\" \/>\n<link rel=\"canonical\" href=\"https:\/\/hellasgarden.se\/uk\/aktiviteter\/orientering\/skolorientering\/\" \/>\n<meta property=\"og:locale\" content=\"uk_UA\" \/>\n<meta property=\"og:type\" content=\"article\" \/>\n<meta property=\"og:title\" content=\"Arrangera din skolorientering p\u00e5 Hellasg\u00e5rden i Stockholm - Hellasg\u00e5rden\" \/>\n<meta property=\"og:description\" content=\"Hellasg\u00e5rden har ett team av duktiga orienterare som hj\u00e4lper dig som idrottsl\u00e4rare att genomf\u00f6ra orienteringsdagar f\u00f6r skolklasser.\" \/>\n<meta property=\"og:url\" content=\"https:\/\/hellasgarden.se\/uk\/aktiviteter\/orientering\/skolorientering\/\" \/>\n<meta property=\"og:site_name\" content=\"Hellasg\u00e5rden\" \/>\n<meta property=\"article:modified_time\" content=\"2024-10-14T12:02:36+00:00\" \/>\n<meta name=\"twitter:card\" content=\"summary_large_image\" \/>\n<script type=\"application\/ld+json\" class=\"yoast-schema-graph\">{\"@context\":\"https:\/\/schema.org\",\"@graph\":[{\"@type\":\"WebPage\",\"@id\":\"https:\/\/hellasgarden.se\/aktiviteter\/orientering\/skolorientering\/\",\"url\":\"https:\/\/hellasgarden.se\/aktiviteter\/orientering\/skolorientering\/\",\"name\":\"Arrangera din skolorientering p\u00e5 Hellasg\u00e5rden i Stockholm - Hellasg\u00e5rden\",\"isPartOf\":{\"@id\":\"https:\/\/hellasgarden.se\/#website\"},\"datePublished\":\"2024-10-14T12:01:47+00:00\",\"dateModified\":\"2024-10-14T12:02:36+00:00\",\"description\":\"Hellasg\u00e5rden har ett team av duktiga orienterare som hj\u00e4lper dig som idrottsl\u00e4rare att genomf\u00f6ra orienteringsdagar f\u00f6r skolklasser.\",\"breadcrumb\":{\"@id\":\"https:\/\/hellasgarden.se\/aktiviteter\/orientering\/skolorientering\/#breadcrumb\"},\"inLanguage\":\"uk\",\"potentialAction\":[{\"@type\":\"ReadAction\",\"target\":[\"https:\/\/hellasgarden.se\/aktiviteter\/orientering\/skolorientering\/\"]}]},{\"@type\":\"BreadcrumbList\",\"@id\":\"https:\/\/hellasgarden.se\/aktiviteter\/orientering\/skolorientering\/#breadcrumb\",\"itemListElement\":[{\"@type\":\"ListItem\",\"position\":1,\"name\":\"Hem\",\"item\":\"https:\/\/hellasgarden.se\/\"},{\"@type\":\"ListItem\",\"position\":2,\"name\":\"Aktiviteter\",\"item\":\"https:\/\/hellasgarden.se\/aktiviteter\/\"},{\"@type\":\"ListItem\",\"position\":3,\"name\":\"Orientering\",\"item\":\"https:\/\/hellasgarden.se\/aktiviteter\/orientering\/\"},{\"@type\":\"ListItem\",\"position\":4,\"name\":\"Skolorientering\"}]},{\"@type\":\"WebSite\",\"@id\":\"https:\/\/hellasgarden.se\/#website\",\"url\":\"https:\/\/hellasgarden.se\/\",\"name\":\"Hellasg\u00e5rden\",\"description\":\"Din port till naturen\",\"potentialAction\":[{\"@type\":\"SearchAction\",\"target\":{\"@type\":\"EntryPoint\",\"urlTemplate\":\"https:\/\/hellasgarden.se\/?s={search_term_string}\"},\"query-input\":\"required name=search_term_string\"}],\"inLanguage\":\"uk\"}]}<\/script>\n<!-- \/ Yoast SEO plugin. -->","yoast_head_json":{"title":"Arrangera din skolorientering p\u00e5 Hellasg\u00e5rden i Stockholm - Hellasg\u00e5rden","description":"Hellasg\u00e5rden har ett team av duktiga orienterare som hj\u00e4lper dig som idrottsl\u00e4rare att genomf\u00f6ra orienteringsdagar f\u00f6r skolklasser.","robots":{"index":"index","follow":"follow","max-snippet":"max-snippet:-1","max-image-preview":"max-image-preview:large","max-video-preview":"max-video-preview:-1"},"canonical":"https:\/\/hellasgarden.se\/uk\/aktiviteter\/orientering\/skolorientering\/","og_locale":"uk_UA","og_type":"article","og_title":"Arrangera din skolorientering p\u00e5 Hellasg\u00e5rden i Stockholm - Hellasg\u00e5rden","og_description":"Hellasg\u00e5rden har ett team av duktiga orienterare som hj\u00e4lper dig som idrottsl\u00e4rare att genomf\u00f6ra orienteringsdagar f\u00f6r skolklasser.","og_url":"https:\/\/hellasgarden.se\/uk\/aktiviteter\/orientering\/skolorientering\/","og_site_name":"Hellasg\u00e5rden","article_modified_time":"2024-10-14T12:02:36+00:00","twitter_card":"summary_large_image","schema":{"@context":"https:\/\/schema.org","@graph":[{"@type":"WebPage","@id":"https:\/\/hellasgarden.se\/aktiviteter\/orientering\/skolorientering\/","url":"https:\/\/hellasgarden.se\/aktiviteter\/orientering\/skolorientering\/","name":"Arrangera din skolorientering p\u00e5 Hellasg\u00e5rden i Stockholm - Hellasg\u00e5rden","isPartOf":{"@id":"https:\/\/hellasgarden.se\/#website"},"datePublished":"2024-10-14T12:01:47+00:00","dateModified":"2024-10-14T12:02:36+00:00","description":"Hellasg\u00e5rden har ett team av duktiga orienterare som hj\u00e4lper dig som idrottsl\u00e4rare att genomf\u00f6ra orienteringsdagar f\u00f6r skolklasser.","breadcrumb":{"@id":"https:\/\/hellasgarden.se\/aktiviteter\/orientering\/skolorientering\/#breadcrumb"},"inLanguage":"uk","potentialAction":[{"@type":"ReadAction","target":["https:\/\/hellasgarden.se\/aktiviteter\/orientering\/skolorientering\/"]}]},{"@type":"BreadcrumbList","@id":"https:\/\/hellasgarden.se\/aktiviteter\/orientering\/skolorientering\/#breadcrumb","itemListElement":[{"@type":"ListItem","position":1,"name":"Hem","item":"https:\/\/hellasgarden.se\/"},{"@type":"ListItem","position":2,"name":"Aktiviteter","item":"https:\/\/hellasgarden.se\/aktiviteter\/"},{"@type":"ListItem","position":3,"name":"Orientering","item":"https:\/\/hellasgarden.se\/aktiviteter\/orientering\/"},{"@type":"ListItem","position":4,"name":"Skolorientering"}]},{"@type":"WebSite","@id":"https:\/\/hellasgarden.se\/#website","url":"https:\/\/hellasgarden.se\/","name":"Hellasg\u00e5rden","description":"Din port till naturen","potentialAction":[{"@type":"SearchAction","target":{"@type":"EntryPoint","urlTemplate":"https:\/\/hellasgarden.se\/?s={search_term_string}"},"query-input":"required name=search_term_string"}],"inLanguage":"uk"}]}},"_links":{"self":[{"href":"https:\/\/hellasgarden.se\/uk\/wp-json\/wp\/v2\/pages\/45869"}],"collection":[{"href":"https:\/\/hellasgarden.se\/uk\/wp-json\/wp\/v2\/pages"}],"about":[{"href":"https:\/\/hellasgarden.se\/uk\/wp-json\/wp\/v2\/types\/page"}],"author":[{"embeddable":true,"href":"https:\/\/hellasgarden.se\/uk\/wp-json\/wp\/v2\/users\/1"}],"replies":[{"embeddable":true,"href":"https:\/\/hellasgarden.se\/uk\/wp-json\/wp\/v2\/comments?post=45869"}],"version-history":[{"count":3,"href":"https:\/\/hellasgarden.se\/uk\/wp-json\/wp\/v2\/pages\/45869\/revisions"}],"predecessor-version":[{"id":45872,"href":"https:\/\/hellasgarden.se\/uk\/wp-json\/wp\/v2\/pages\/45869\/revisions\/45872"}],"up":[{"embeddable":true,"href":"https:\/\/hellasgarden.se\/uk\/wp-json\/wp\/v2\/pages\/1175"}],"wp:attachment":[{"href":"https:\/\/hellasgarden.se\/uk\/wp-json\/wp\/v2\/media?parent=45869"}],"curies":[{"name":"wp","href":"https:\/\/api.w.org\/{rel}","templated":true}]}}