{"id":43731,"date":"2022-04-22T12:17:13","date_gmt":"2022-04-22T10:17:13","guid":{"rendered":"https:\/\/hellasgarden.se\/?page_id=43731"},"modified":"2022-04-22T12:17:13","modified_gmt":"2022-04-22T10:17:13","slug":"fotbollsgolfen-oppnad-for-sasongen","status":"publish","type":"page","link":"https:\/\/hellasgarden.se\/uk\/fotbollsgolfen-oppnad-for-sasongen\/","title":{"rendered":"\u0424\u0443\u0442\u0431\u043e\u043b\u044c\u043d\u0438\u0439 \u0433\u043e\u043b\u044c\u0444 \u0432\u0456\u0434\u043a\u0440\u0438\u0432 \u0441\u0435\u0437\u043e\u043d"},"content":{"rendered":"<p><a href=\"https:\/\/hellasgarden.se\/uk\/aktiviteter\/fotbollsgolf\/\" target=\"_blank\" rel=\"noreferrer noopener\"><strong>\u0422\u0443\u0442 \u0432\u0438 \u043c\u043e\u0436\u0435\u0442\u0435 \u043f\u0440\u043e\u0447\u0438\u0442\u0430\u0442\u0438 \u0431\u0456\u043b\u044c\u0448\u0435<\/strong><\/a> \u043f\u0440\u043e \u043e\u0434\u043d\u0443 \u0437 \u043d\u0430\u0439\u0432\u0456\u0440\u043d\u0456\u0448\u0438\u0445 \u043e\u0437\u043d\u0430\u043a \u0432\u0435\u0441\u043d\u0438 \u043d\u0430 \u0444\u0435\u0440\u043c\u0456 \"\u0415\u043b\u043b\u0430\u0434\u0430\". <\/p>","protected":false},"excerpt":{"rendered":"<p>\u0422\u0443\u0442 \u0432\u0438 \u043c\u043e\u0436\u0435\u0442\u0435 \u043f\u0440\u043e\u0447\u0438\u0442\u0430\u0442\u0438 \u0431\u0456\u043b\u044c\u0448\u0435 \u043f\u0440\u043e \u043e\u0434\u043d\u0443 \u0437 \u043d\u0430\u0439\u0432\u0456\u0440\u043d\u0456\u0448\u0438\u0445 \u043e\u0437\u043d\u0430\u043a \u0432\u0435\u0441\u043d\u0438 \u0432 \u0415\u043b\u043b\u0430\u0441\u0433\u043e\u0440\u0434\u0435\u043d\u0456.<\/p>","protected":false},"author":1,"featured_media":43732,"parent":0,"menu_order":0,"comment_status":"closed","ping_status":"closed","template":"","meta":{"_monsterinsights_skip_tracking":false,"_monsterinsights_sitenote_active":false,"_monsterinsights_sitenote_note":"","_monsterinsights_sitenote_category":0},"yoast_head":"<!-- This site is optimized with the Yoast SEO plugin v21.8.1 - https:\/\/yoast.com\/wordpress\/plugins\/seo\/ -->\n<title>Fotbollsgolfen \u00f6ppnad f\u00f6r s\u00e4songen - Hellasg\u00e5rden<\/title>\n<meta name=\"robots\" content=\"index, follow, max-snippet:-1, max-image-preview:large, max-video-preview:-1\" \/>\n<link rel=\"canonical\" href=\"https:\/\/hellasgarden.se\/uk\/fotbollsgolfen-oppnad-for-sasongen\/\" \/>\n<meta property=\"og:locale\" content=\"uk_UA\" \/>\n<meta property=\"og:type\" content=\"article\" \/>\n<meta property=\"og:title\" content=\"Fotbollsgolfen \u00f6ppnad f\u00f6r s\u00e4songen - Hellasg\u00e5rden\" \/>\n<meta property=\"og:description\" content=\"H\u00e4r kan du l\u00e4sa mer om ett av Hellasg\u00e5rdens s\u00e4kraste v\u00e5rtecken.\" \/>\n<meta property=\"og:url\" content=\"https:\/\/hellasgarden.se\/uk\/fotbollsgolfen-oppnad-for-sasongen\/\" \/>\n<meta property=\"og:site_name\" content=\"Hellasg\u00e5rden\" \/>\n<meta property=\"og:image\" content=\"https:\/\/hellasgarden.se\/wp-content\/uploads\/2022\/04\/fotbollsgolf-22.jpg\" \/>\n\t<meta property=\"og:image:width\" content=\"640\" \/>\n\t<meta property=\"og:image:height\" content=\"426\" \/>\n\t<meta property=\"og:image:type\" content=\"image\/jpeg\" \/>\n<meta name=\"twitter:card\" content=\"summary_large_image\" \/>\n<script type=\"application\/ld+json\" class=\"yoast-schema-graph\">{\"@context\":\"https:\/\/schema.org\",\"@graph\":[{\"@type\":\"WebPage\",\"@id\":\"https:\/\/hellasgarden.se\/uk\/fotbollsgolfen-oppnad-for-sasongen\/\",\"url\":\"https:\/\/hellasgarden.se\/uk\/fotbollsgolfen-oppnad-for-sasongen\/\",\"name\":\"Fotbollsgolfen \u00f6ppnad f\u00f6r s\u00e4songen - Hellasg\u00e5rden\",\"isPartOf\":{\"@id\":\"https:\/\/hellasgarden.se\/#website\"},\"datePublished\":\"2022-04-22T10:17:13+00:00\",\"dateModified\":\"2022-04-22T10:17:13+00:00\",\"breadcrumb\":{\"@id\":\"https:\/\/hellasgarden.se\/uk\/fotbollsgolfen-oppnad-for-sasongen\/#breadcrumb\"},\"inLanguage\":\"uk\",\"potentialAction\":[{\"@type\":\"ReadAction\",\"target\":[\"https:\/\/hellasgarden.se\/uk\/fotbollsgolfen-oppnad-for-sasongen\/\"]}]},{\"@type\":\"BreadcrumbList\",\"@id\":\"https:\/\/hellasgarden.se\/uk\/fotbollsgolfen-oppnad-for-sasongen\/#breadcrumb\",\"itemListElement\":[{\"@type\":\"ListItem\",\"position\":1,\"name\":\"Hem\",\"item\":\"https:\/\/hellasgarden.se\/\"},{\"@type\":\"ListItem\",\"position\":2,\"name\":\"Fotbollsgolfen \u00f6ppnad f\u00f6r s\u00e4songen\"}]},{\"@type\":\"WebSite\",\"@id\":\"https:\/\/hellasgarden.se\/#website\",\"url\":\"https:\/\/hellasgarden.se\/\",\"name\":\"Hellasg\u00e5rden\",\"description\":\"Din port till naturen\",\"potentialAction\":[{\"@type\":\"SearchAction\",\"target\":{\"@type\":\"EntryPoint\",\"urlTemplate\":\"https:\/\/hellasgarden.se\/?s={search_term_string}\"},\"query-input\":\"required name=search_term_string\"}],\"inLanguage\":\"uk\"}]}<\/script>\n<!-- \/ Yoast SEO plugin. -->","yoast_head_json":{"title":"Fotbollsgolfen \u00f6ppnad f\u00f6r s\u00e4songen - Hellasg\u00e5rden","robots":{"index":"index","follow":"follow","max-snippet":"max-snippet:-1","max-image-preview":"max-image-preview:large","max-video-preview":"max-video-preview:-1"},"canonical":"https:\/\/hellasgarden.se\/uk\/fotbollsgolfen-oppnad-for-sasongen\/","og_locale":"uk_UA","og_type":"article","og_title":"Fotbollsgolfen \u00f6ppnad f\u00f6r s\u00e4songen - Hellasg\u00e5rden","og_description":"H\u00e4r kan du l\u00e4sa mer om ett av Hellasg\u00e5rdens s\u00e4kraste v\u00e5rtecken.","og_url":"https:\/\/hellasgarden.se\/uk\/fotbollsgolfen-oppnad-for-sasongen\/","og_site_name":"Hellasg\u00e5rden","og_image":[{"width":640,"height":426,"url":"https:\/\/hellasgarden.se\/wp-content\/uploads\/2022\/04\/fotbollsgolf-22.jpg","type":"image\/jpeg"}],"twitter_card":"summary_large_image","schema":{"@context":"https:\/\/schema.org","@graph":[{"@type":"WebPage","@id":"https:\/\/hellasgarden.se\/uk\/fotbollsgolfen-oppnad-for-sasongen\/","url":"https:\/\/hellasgarden.se\/uk\/fotbollsgolfen-oppnad-for-sasongen\/","name":"Fotbollsgolfen \u00f6ppnad f\u00f6r s\u00e4songen - Hellasg\u00e5rden","isPartOf":{"@id":"https:\/\/hellasgarden.se\/#website"},"datePublished":"2022-04-22T10:17:13+00:00","dateModified":"2022-04-22T10:17:13+00:00","breadcrumb":{"@id":"https:\/\/hellasgarden.se\/uk\/fotbollsgolfen-oppnad-for-sasongen\/#breadcrumb"},"inLanguage":"uk","potentialAction":[{"@type":"ReadAction","target":["https:\/\/hellasgarden.se\/uk\/fotbollsgolfen-oppnad-for-sasongen\/"]}]},{"@type":"BreadcrumbList","@id":"https:\/\/hellasgarden.se\/uk\/fotbollsgolfen-oppnad-for-sasongen\/#breadcrumb","itemListElement":[{"@type":"ListItem","position":1,"name":"Hem","item":"https:\/\/hellasgarden.se\/"},{"@type":"ListItem","position":2,"name":"Fotbollsgolfen \u00f6ppnad f\u00f6r s\u00e4songen"}]},{"@type":"WebSite","@id":"https:\/\/hellasgarden.se\/#website","url":"https:\/\/hellasgarden.se\/","name":"Hellasg\u00e5rden","description":"Din port till naturen","potentialAction":[{"@type":"SearchAction","target":{"@type":"EntryPoint","urlTemplate":"https:\/\/hellasgarden.se\/?s={search_term_string}"},"query-input":"required name=search_term_string"}],"inLanguage":"uk"}]}},"_links":{"self":[{"href":"https:\/\/hellasgarden.se\/uk\/wp-json\/wp\/v2\/pages\/43731"}],"collection":[{"href":"https:\/\/hellasgarden.se\/uk\/wp-json\/wp\/v2\/pages"}],"about":[{"href":"https:\/\/hellasgarden.se\/uk\/wp-json\/wp\/v2\/types\/page"}],"author":[{"embeddable":true,"href":"https:\/\/hellasgarden.se\/uk\/wp-json\/wp\/v2\/users\/1"}],"replies":[{"embeddable":true,"href":"https:\/\/hellasgarden.se\/uk\/wp-json\/wp\/v2\/comments?post=43731"}],"version-history":[{"count":1,"href":"https:\/\/hellasgarden.se\/uk\/wp-json\/wp\/v2\/pages\/43731\/revisions"}],"predecessor-version":[{"id":43734,"href":"https:\/\/hellasgarden.se\/uk\/wp-json\/wp\/v2\/pages\/43731\/revisions\/43734"}],"wp:featuredmedia":[{"embeddable":true,"href":"https:\/\/hellasgarden.se\/uk\/wp-json\/wp\/v2\/media\/43732"}],"wp:attachment":[{"href":"https:\/\/hellasgarden.se\/uk\/wp-json\/wp\/v2\/media?parent=43731"}],"curies":[{"name":"wp","href":"https:\/\/api.w.org\/{rel}","templated":true}]}}