{"id":76,"date":"2018-10-12T14:00:56","date_gmt":"2018-10-12T12:00:56","guid":{"rendered":"http:\/\/hellasgarden.se\/?page_id=76"},"modified":"2025-09-22T11:48:27","modified_gmt":"2025-09-22T09:48:27","slug":"mat-dryck","status":"publish","type":"page","link":"https:\/\/hellasgarden.se\/ru\/mat-dryck\/","title":{"rendered":"\u0415\u0434\u0430 \u0438 \u043d\u0430\u043f\u0438\u0442\u043a\u0438"},"content":{"rendered":"<div id=\"cs-content\" class=\"cs-content\"><\/div>","protected":false},"excerpt":{"rendered":"<p>\u0415\u0434\u0430 \u0438 \u043d\u0430\u043f\u0438\u0442\u043a\u0438 \u0414\u043e\u0431\u0440\u043e \u043f\u043e\u0436\u0430\u043b\u043e\u0432\u0430\u0442\u044c \u0432 Sj\u00f6caf\u00e9et! \u041d\u0435\u0434\u0430\u0432\u043d\u043e \u0432 Hellasg\u00e5rden \u043e\u0442\u043a\u0440\u044b\u043b\u043e\u0441\u044c \u043d\u043e\u0432\u043e\u0435, \u0440\u0435\u043a\u043e\u043d\u0441\u0442\u0440\u0443\u0438\u0440\u043e\u0432\u0430\u043d\u043d\u043e\u0435 \u043a\u0430\u0444\u0435 Sj\u00f6caf\u00e9et. \u0417\u0434\u0435\u0441\u044c \u0432\u044b \u043c\u043e\u0436\u0435\u0442\u0435 \u0443\u0437\u043d\u0430\u0442\u044c \u0431\u043e\u043b\u044c\u0448\u0435 \u043e \u043d\u043e\u0432\u043e\u043c \u043a\u0430\u0444\u0435, \u0430\u0441\u0441\u043e\u0440\u0442\u0438\u043c\u0435\u043d\u0442\u0435 \u0438 \u0438\u043d\u0433\u0440\u0435\u0434\u0438\u0435\u043d\u0442\u0430\u0445, \u043a\u043e\u0442\u043e\u0440\u044b\u0435 \u043c\u044b \u0438\u0441\u043f\u043e\u043b\u044c\u0437\u0443\u0435\u043c! \u0412 \u0431\u043e\u043b\u044c\u0448\u043e\u043c ... <\/p>\n<div><a href=\"https:\/\/hellasgarden.se\/ru\/mat-dryck\/\" class=\"more-link\">\u0427\u0438\u0442\u0430\u0442\u044c \u0434\u0430\u043b\u0435\u0435<\/a><\/div>","protected":false},"author":1,"featured_media":0,"parent":0,"menu_order":0,"comment_status":"closed","ping_status":"closed","template":"template-blank-4.php","meta":{"_monsterinsights_skip_tracking":false,"_monsterinsights_sitenote_active":false,"_monsterinsights_sitenote_note":"","_monsterinsights_sitenote_category":0},"yoast_head":"<!-- This site is optimized with the Yoast SEO plugin v21.8.1 - https:\/\/yoast.com\/wordpress\/plugins\/seo\/ -->\n<title>Mat &amp; Dryck - Hellasg\u00e5rden<\/title>\n<meta name=\"robots\" content=\"index, follow, max-snippet:-1, max-image-preview:large, max-video-preview:-1\" \/>\n<link rel=\"canonical\" href=\"https:\/\/hellasgarden.se\/ru\/mat-dryck\/\" \/>\n<meta property=\"og:locale\" content=\"ru_RU\" \/>\n<meta property=\"og:type\" content=\"article\" \/>\n<meta property=\"og:title\" content=\"Mat &amp; Dryck - Hellasg\u00e5rden\" \/>\n<meta property=\"og:description\" content=\"Mat &amp; Dryck&nbsp;V\u00e4lkommen till Sj\u00f6caf\u00e9et! Nyligen\u00a0invigdes ny- och ombyggda Sj\u00f6caf\u00e9et h\u00e4r p\u00e5 Hellasg\u00e5rden. H\u00e4r kan du l\u00e4sa mer om nya caf\u00e9et, sortimentet och\u00a0 ingredienserna som vi anv\u00e4nder! I den stora ... Read More\" \/>\n<meta property=\"og:url\" content=\"https:\/\/hellasgarden.se\/ru\/mat-dryck\/\" \/>\n<meta property=\"og:site_name\" content=\"Hellasg\u00e5rden\" \/>\n<meta property=\"article:modified_time\" content=\"2025-09-22T09:48:27+00:00\" \/>\n<meta property=\"og:image\" content=\"http:\/\/hellasgarden.se\/wp-content\/uploads\/2023\/12\/hellas-sjocafeet-vy.jpg\" \/>\n<meta name=\"twitter:card\" content=\"summary_large_image\" \/>\n<meta name=\"twitter:label1\" content=\"\u041f\u0440\u0438\u043c\u0435\u0440\u043d\u043e\u0435 \u0432\u0440\u0435\u043c\u044f \u0434\u043b\u044f \u0447\u0442\u0435\u043d\u0438\u044f\" \/>\n\t<meta name=\"twitter:data1\" content=\"2 \u043c\u0438\u043d\u0443\u0442\u044b\" \/>\n<script type=\"application\/ld+json\" class=\"yoast-schema-graph\">{\"@context\":\"https:\/\/schema.org\",\"@graph\":[{\"@type\":\"WebPage\",\"@id\":\"https:\/\/hellasgarden.se\/mat-dryck\/\",\"url\":\"https:\/\/hellasgarden.se\/mat-dryck\/\",\"name\":\"Mat & Dryck - Hellasg\u00e5rden\",\"isPartOf\":{\"@id\":\"https:\/\/hellasgarden.se\/#website\"},\"datePublished\":\"2018-10-12T12:00:56+00:00\",\"dateModified\":\"2025-09-22T09:48:27+00:00\",\"breadcrumb\":{\"@id\":\"https:\/\/hellasgarden.se\/mat-dryck\/#breadcrumb\"},\"inLanguage\":\"ru-RU\",\"potentialAction\":[{\"@type\":\"ReadAction\",\"target\":[\"https:\/\/hellasgarden.se\/mat-dryck\/\"]}]},{\"@type\":\"BreadcrumbList\",\"@id\":\"https:\/\/hellasgarden.se\/mat-dryck\/#breadcrumb\",\"itemListElement\":[{\"@type\":\"ListItem\",\"position\":1,\"name\":\"Hem\",\"item\":\"https:\/\/hellasgarden.se\/\"},{\"@type\":\"ListItem\",\"position\":2,\"name\":\"Mat &#038; Dryck\"}]},{\"@type\":\"WebSite\",\"@id\":\"https:\/\/hellasgarden.se\/#website\",\"url\":\"https:\/\/hellasgarden.se\/\",\"name\":\"Hellasg\u00e5rden\",\"description\":\"Din port till naturen\",\"potentialAction\":[{\"@type\":\"SearchAction\",\"target\":{\"@type\":\"EntryPoint\",\"urlTemplate\":\"https:\/\/hellasgarden.se\/?s={search_term_string}\"},\"query-input\":\"required name=search_term_string\"}],\"inLanguage\":\"ru-RU\"}]}<\/script>\n<!-- \/ Yoast SEO plugin. -->","yoast_head_json":{"title":"Mat & Dryck - Hellasg\u00e5rden","robots":{"index":"index","follow":"follow","max-snippet":"max-snippet:-1","max-image-preview":"max-image-preview:large","max-video-preview":"max-video-preview:-1"},"canonical":"https:\/\/hellasgarden.se\/ru\/mat-dryck\/","og_locale":"ru_RU","og_type":"article","og_title":"Mat & Dryck - Hellasg\u00e5rden","og_description":"Mat &amp; Dryck&nbsp;V\u00e4lkommen till Sj\u00f6caf\u00e9et! Nyligen\u00a0invigdes ny- och ombyggda Sj\u00f6caf\u00e9et h\u00e4r p\u00e5 Hellasg\u00e5rden. H\u00e4r kan du l\u00e4sa mer om nya caf\u00e9et, sortimentet och\u00a0 ingredienserna som vi anv\u00e4nder! I den stora ... Read More","og_url":"https:\/\/hellasgarden.se\/ru\/mat-dryck\/","og_site_name":"Hellasg\u00e5rden","article_modified_time":"2025-09-22T09:48:27+00:00","og_image":[{"url":"http:\/\/hellasgarden.se\/wp-content\/uploads\/2023\/12\/hellas-sjocafeet-vy.jpg"}],"twitter_card":"summary_large_image","twitter_misc":{"\u041f\u0440\u0438\u043c\u0435\u0440\u043d\u043e\u0435 \u0432\u0440\u0435\u043c\u044f \u0434\u043b\u044f \u0447\u0442\u0435\u043d\u0438\u044f":"2 \u043c\u0438\u043d\u0443\u0442\u044b"},"schema":{"@context":"https:\/\/schema.org","@graph":[{"@type":"WebPage","@id":"https:\/\/hellasgarden.se\/mat-dryck\/","url":"https:\/\/hellasgarden.se\/mat-dryck\/","name":"Mat & Dryck - Hellasg\u00e5rden","isPartOf":{"@id":"https:\/\/hellasgarden.se\/#website"},"datePublished":"2018-10-12T12:00:56+00:00","dateModified":"2025-09-22T09:48:27+00:00","breadcrumb":{"@id":"https:\/\/hellasgarden.se\/mat-dryck\/#breadcrumb"},"inLanguage":"ru-RU","potentialAction":[{"@type":"ReadAction","target":["https:\/\/hellasgarden.se\/mat-dryck\/"]}]},{"@type":"BreadcrumbList","@id":"https:\/\/hellasgarden.se\/mat-dryck\/#breadcrumb","itemListElement":[{"@type":"ListItem","position":1,"name":"Hem","item":"https:\/\/hellasgarden.se\/"},{"@type":"ListItem","position":2,"name":"Mat &#038; Dryck"}]},{"@type":"WebSite","@id":"https:\/\/hellasgarden.se\/#website","url":"https:\/\/hellasgarden.se\/","name":"Hellasg\u00e5rden","description":"Din port till naturen","potentialAction":[{"@type":"SearchAction","target":{"@type":"EntryPoint","urlTemplate":"https:\/\/hellasgarden.se\/?s={search_term_string}"},"query-input":"required name=search_term_string"}],"inLanguage":"ru-RU"}]}},"_links":{"self":[{"href":"https:\/\/hellasgarden.se\/ru\/wp-json\/wp\/v2\/pages\/76"}],"collection":[{"href":"https:\/\/hellasgarden.se\/ru\/wp-json\/wp\/v2\/pages"}],"about":[{"href":"https:\/\/hellasgarden.se\/ru\/wp-json\/wp\/v2\/types\/page"}],"author":[{"embeddable":true,"href":"https:\/\/hellasgarden.se\/ru\/wp-json\/wp\/v2\/users\/1"}],"replies":[{"embeddable":true,"href":"https:\/\/hellasgarden.se\/ru\/wp-json\/wp\/v2\/comments?post=76"}],"version-history":[{"count":45,"href":"https:\/\/hellasgarden.se\/ru\/wp-json\/wp\/v2\/pages\/76\/revisions"}],"predecessor-version":[{"id":46460,"href":"https:\/\/hellasgarden.se\/ru\/wp-json\/wp\/v2\/pages\/76\/revisions\/46460"}],"wp:attachment":[{"href":"https:\/\/hellasgarden.se\/ru\/wp-json\/wp\/v2\/media?parent=76"}],"curies":[{"name":"wp","href":"https:\/\/api.w.org\/{rel}","templated":true}]}}