{"id":602,"date":"2018-10-31T11:39:49","date_gmt":"2018-10-31T10:39:49","guid":{"rendered":"http:\/\/hellasgarden.se\/?page_id=602"},"modified":"2025-06-24T13:37:32","modified_gmt":"2025-06-24T11:37:32","slug":"tennis","status":"publish","type":"page","link":"https:\/\/hellasgarden.se\/ru\/aktiviteter\/tennis\/","title":{"rendered":"\u0422\u0435\u043d\u043d\u0438\u0441"},"content":{"rendered":"<div id=\"cs-content\" class=\"cs-content\"><\/div>","protected":false},"excerpt":{"rendered":"<p>\u0422\u0435\u043d\u043d\u0438\u0441 \u0413\u043b\u0430\u0432\u043d\u0430\u044f\u0418\u0433\u0440\u0430\u0439\u0442\u0435 \u0432 \u0442\u0435\u043d\u043d\u0438\u0441 \u043d\u0430 \u0433\u043b\u0438\u043d\u0435! \u0412 Hellasg\u00e5rden \u0435\u0441\u0442\u044c \u0448\u0435\u0441\u0442\u044c \u043d\u043e\u0432\u044b\u0445 \u0442\u0435\u043d\u043d\u0438\u0441\u043d\u044b\u0445 \u043a\u043e\u0440\u0442\u043e\u0432 \u043d\u0430 \u0433\u043b\u0438\u043d\u0435. \u041e\u043d\u0438 \u043e\u0442\u043a\u0440\u044b\u0442\u044b \u0441 \u043c\u0430\u044f \u043f\u043e \u0441\u0435\u043d\u0442\u044f\u0431\u0440\u044c. \u0427\u0430\u0441\u044b \u0440\u0430\u0431\u043e\u0442\u044b \u0412\u0441\u0435 \u0434\u043d\u0438 07.00-22.00 (\u043a\u043e\u0433\u0434\u0430 \u043f\u043e\u0437\u0432\u043e\u043b\u044f\u0435\u0442 \u043f\u043e\u0433\u043e\u0434\u0430 \u0438 \u0441\u043e\u043b\u043d\u0446\u0435) \u0427\u0442\u043e\u0431\u044b \u043f\u043e\u043f\u0430\u0441\u0442\u044c \u043f\u0440\u044f\u043c\u043e ... <\/p>\n<div><a href=\"https:\/\/hellasgarden.se\/ru\/aktiviteter\/tennis\/\" class=\"more-link\">\u0427\u0438\u0442\u0430\u0442\u044c \u0434\u0430\u043b\u0435\u0435<\/a><\/div>","protected":false},"author":1,"featured_media":0,"parent":213,"menu_order":0,"comment_status":"closed","ping_status":"closed","template":"template-blank-4.php","meta":{"_monsterinsights_skip_tracking":false,"_monsterinsights_sitenote_active":false,"_monsterinsights_sitenote_note":"","_monsterinsights_sitenote_category":0},"yoast_head":"<!-- This site is optimized with the Yoast SEO plugin v21.8.1 - https:\/\/yoast.com\/wordpress\/plugins\/seo\/ -->\n<title>Tennis - Hellasg\u00e5rden<\/title>\n<meta name=\"robots\" content=\"index, follow, max-snippet:-1, max-image-preview:large, max-video-preview:-1\" \/>\n<link rel=\"canonical\" href=\"https:\/\/hellasgarden.se\/ru\/aktiviteter\/tennis\/\" \/>\n<meta property=\"og:locale\" content=\"ru_RU\" \/>\n<meta property=\"og:type\" content=\"article\" \/>\n<meta property=\"og:title\" content=\"Tennis - Hellasg\u00e5rden\" \/>\n<meta property=\"og:description\" content=\"Tennis&nbsp;HemSpela tennis p&aring; grus!Hellasg\u00e5rden har sex nya fina tennisbanor p\u00e5 grus. Anl\u00e4ggningen \u00e4r \u00f6ppen maj \u2013 september. \u00d6ppettider Alla dagar 07.00-22.00 (n\u00e4r v\u00e4der och soltimmar till\u00e5ter) F\u00f6r att komma direkt ... Read More\" \/>\n<meta property=\"og:url\" content=\"https:\/\/hellasgarden.se\/ru\/aktiviteter\/tennis\/\" \/>\n<meta property=\"og:site_name\" content=\"Hellasg\u00e5rden\" \/>\n<meta property=\"article:modified_time\" content=\"2025-06-24T11:37:32+00:00\" \/>\n<meta name=\"twitter:card\" content=\"summary_large_image\" \/>\n<meta name=\"twitter:label1\" content=\"\u041f\u0440\u0438\u043c\u0435\u0440\u043d\u043e\u0435 \u0432\u0440\u0435\u043c\u044f \u0434\u043b\u044f \u0447\u0442\u0435\u043d\u0438\u044f\" \/>\n\t<meta name=\"twitter:data1\" content=\"1 \u043c\u0438\u043d\u0443\u0442\u0430\" \/>\n<script type=\"application\/ld+json\" class=\"yoast-schema-graph\">{\"@context\":\"https:\/\/schema.org\",\"@graph\":[{\"@type\":\"WebPage\",\"@id\":\"https:\/\/hellasgarden.se\/aktiviteter\/tennis\/\",\"url\":\"https:\/\/hellasgarden.se\/aktiviteter\/tennis\/\",\"name\":\"Tennis - Hellasg\u00e5rden\",\"isPartOf\":{\"@id\":\"https:\/\/hellasgarden.se\/#website\"},\"datePublished\":\"2018-10-31T10:39:49+00:00\",\"dateModified\":\"2025-06-24T11:37:32+00:00\",\"breadcrumb\":{\"@id\":\"https:\/\/hellasgarden.se\/aktiviteter\/tennis\/#breadcrumb\"},\"inLanguage\":\"ru-RU\",\"potentialAction\":[{\"@type\":\"ReadAction\",\"target\":[\"https:\/\/hellasgarden.se\/aktiviteter\/tennis\/\"]}]},{\"@type\":\"BreadcrumbList\",\"@id\":\"https:\/\/hellasgarden.se\/aktiviteter\/tennis\/#breadcrumb\",\"itemListElement\":[{\"@type\":\"ListItem\",\"position\":1,\"name\":\"Hem\",\"item\":\"https:\/\/hellasgarden.se\/\"},{\"@type\":\"ListItem\",\"position\":2,\"name\":\"Aktiviteter\",\"item\":\"https:\/\/hellasgarden.se\/aktiviteter\/\"},{\"@type\":\"ListItem\",\"position\":3,\"name\":\"Tennis\"}]},{\"@type\":\"WebSite\",\"@id\":\"https:\/\/hellasgarden.se\/#website\",\"url\":\"https:\/\/hellasgarden.se\/\",\"name\":\"Hellasg\u00e5rden\",\"description\":\"Din port till naturen\",\"potentialAction\":[{\"@type\":\"SearchAction\",\"target\":{\"@type\":\"EntryPoint\",\"urlTemplate\":\"https:\/\/hellasgarden.se\/?s={search_term_string}\"},\"query-input\":\"required name=search_term_string\"}],\"inLanguage\":\"ru-RU\"}]}<\/script>\n<!-- \/ Yoast SEO plugin. -->","yoast_head_json":{"title":"Tennis - Hellasg\u00e5rden","robots":{"index":"index","follow":"follow","max-snippet":"max-snippet:-1","max-image-preview":"max-image-preview:large","max-video-preview":"max-video-preview:-1"},"canonical":"https:\/\/hellasgarden.se\/ru\/aktiviteter\/tennis\/","og_locale":"ru_RU","og_type":"article","og_title":"Tennis - Hellasg\u00e5rden","og_description":"Tennis&nbsp;HemSpela tennis p&aring; grus!Hellasg\u00e5rden har sex nya fina tennisbanor p\u00e5 grus. Anl\u00e4ggningen \u00e4r \u00f6ppen maj \u2013 september. \u00d6ppettider Alla dagar 07.00-22.00 (n\u00e4r v\u00e4der och soltimmar till\u00e5ter) F\u00f6r att komma direkt ... Read More","og_url":"https:\/\/hellasgarden.se\/ru\/aktiviteter\/tennis\/","og_site_name":"Hellasg\u00e5rden","article_modified_time":"2025-06-24T11:37:32+00:00","twitter_card":"summary_large_image","twitter_misc":{"\u041f\u0440\u0438\u043c\u0435\u0440\u043d\u043e\u0435 \u0432\u0440\u0435\u043c\u044f \u0434\u043b\u044f \u0447\u0442\u0435\u043d\u0438\u044f":"1 \u043c\u0438\u043d\u0443\u0442\u0430"},"schema":{"@context":"https:\/\/schema.org","@graph":[{"@type":"WebPage","@id":"https:\/\/hellasgarden.se\/aktiviteter\/tennis\/","url":"https:\/\/hellasgarden.se\/aktiviteter\/tennis\/","name":"Tennis - Hellasg\u00e5rden","isPartOf":{"@id":"https:\/\/hellasgarden.se\/#website"},"datePublished":"2018-10-31T10:39:49+00:00","dateModified":"2025-06-24T11:37:32+00:00","breadcrumb":{"@id":"https:\/\/hellasgarden.se\/aktiviteter\/tennis\/#breadcrumb"},"inLanguage":"ru-RU","potentialAction":[{"@type":"ReadAction","target":["https:\/\/hellasgarden.se\/aktiviteter\/tennis\/"]}]},{"@type":"BreadcrumbList","@id":"https:\/\/hellasgarden.se\/aktiviteter\/tennis\/#breadcrumb","itemListElement":[{"@type":"ListItem","position":1,"name":"Hem","item":"https:\/\/hellasgarden.se\/"},{"@type":"ListItem","position":2,"name":"Aktiviteter","item":"https:\/\/hellasgarden.se\/aktiviteter\/"},{"@type":"ListItem","position":3,"name":"Tennis"}]},{"@type":"WebSite","@id":"https:\/\/hellasgarden.se\/#website","url":"https:\/\/hellasgarden.se\/","name":"Hellasg\u00e5rden","description":"Din port till naturen","potentialAction":[{"@type":"SearchAction","target":{"@type":"EntryPoint","urlTemplate":"https:\/\/hellasgarden.se\/?s={search_term_string}"},"query-input":"required name=search_term_string"}],"inLanguage":"ru-RU"}]}},"_links":{"self":[{"href":"https:\/\/hellasgarden.se\/ru\/wp-json\/wp\/v2\/pages\/602"}],"collection":[{"href":"https:\/\/hellasgarden.se\/ru\/wp-json\/wp\/v2\/pages"}],"about":[{"href":"https:\/\/hellasgarden.se\/ru\/wp-json\/wp\/v2\/types\/page"}],"author":[{"embeddable":true,"href":"https:\/\/hellasgarden.se\/ru\/wp-json\/wp\/v2\/users\/1"}],"replies":[{"embeddable":true,"href":"https:\/\/hellasgarden.se\/ru\/wp-json\/wp\/v2\/comments?post=602"}],"version-history":[{"count":8,"href":"https:\/\/hellasgarden.se\/ru\/wp-json\/wp\/v2\/pages\/602\/revisions"}],"predecessor-version":[{"id":46414,"href":"https:\/\/hellasgarden.se\/ru\/wp-json\/wp\/v2\/pages\/602\/revisions\/46414"}],"up":[{"embeddable":true,"href":"https:\/\/hellasgarden.se\/ru\/wp-json\/wp\/v2\/pages\/213"}],"wp:attachment":[{"href":"https:\/\/hellasgarden.se\/ru\/wp-json\/wp\/v2\/media?parent=602"}],"curies":[{"name":"wp","href":"https:\/\/api.w.org\/{rel}","templated":true}]}}