{"id":600,"date":"2018-10-31T11:39:23","date_gmt":"2018-10-31T10:39:23","guid":{"rendered":"http:\/\/hellasgarden.se\/?page_id=600"},"modified":"2026-02-27T11:07:15","modified_gmt":"2026-02-27T10:07:15","slug":"skridskor","status":"publish","type":"page","link":"https:\/\/hellasgarden.se\/ru\/aktiviteter\/skridskor\/","title":{"rendered":"\u041a\u0430\u0442\u0430\u043d\u0438\u0435 \u043d\u0430 \u043a\u043e\u043d\u044c\u043a\u0430\u0445"},"content":{"rendered":"<div id=\"cs-content\" class=\"cs-content\"><\/div>","protected":false},"excerpt":{"rendered":"<p>Skridskor&nbsp;Hem Skridskor att hyra p&aring; Hellasg&aring;rden i Nacka. &Aring;k skridskor p&aring; K&auml;lltorpssj&ouml;n!(2026-02-27) Skridskouthyrningen \u00e4r st\u00e4ngd med anledning av bl\u00f6t is. L\u00e4s mer om isens status h\u00e4r nedan.\u00a0 Hyr toppmoderna l\u00e5ngf\u00e4rdsskridskor &#8230; <\/p>\n<div><a href=\"https:\/\/hellasgarden.se\/ru\/aktiviteter\/skridskor\/\" class=\"more-link\">\u0427\u0438\u0442\u0430\u0442\u044c \u0434\u0430\u043b\u0435\u0435<\/a><\/div>","protected":false},"author":1,"featured_media":0,"parent":213,"menu_order":0,"comment_status":"closed","ping_status":"closed","template":"template-blank-4.php","meta":{"_monsterinsights_skip_tracking":false,"_monsterinsights_sitenote_active":false,"_monsterinsights_sitenote_note":"","_monsterinsights_sitenote_category":0},"yoast_head":"<!-- This site is optimized with the Yoast SEO plugin v21.8.1 - https:\/\/yoast.com\/wordpress\/plugins\/seo\/ -->\n<title>Hyra skridskor i Nacka, Stockholm - Hellasg\u00e5rden<\/title>\n<meta name=\"description\" content=\"L\u00e5ngf\u00e4rdsskridskor f\u00f6r uthyrning p\u00e5 Hellasg\u00e5rden i Nacka. \u00c5k skridskor p\u00e5 vackra K\u00e4lltorpssj\u00f6n!\" \/>\n<meta name=\"robots\" content=\"index, follow, max-snippet:-1, max-image-preview:large, max-video-preview:-1\" \/>\n<link rel=\"canonical\" href=\"https:\/\/hellasgarden.se\/ru\/aktiviteter\/skridskor\/\" \/>\n<meta property=\"og:locale\" content=\"ru_RU\" \/>\n<meta property=\"og:type\" content=\"article\" \/>\n<meta property=\"og:title\" content=\"Hyra skridskor i Nacka, Stockholm - Hellasg\u00e5rden\" \/>\n<meta property=\"og:description\" content=\"L\u00e5ngf\u00e4rdsskridskor f\u00f6r uthyrning p\u00e5 Hellasg\u00e5rden i Nacka. \u00c5k skridskor p\u00e5 vackra K\u00e4lltorpssj\u00f6n!\" \/>\n<meta property=\"og:url\" content=\"https:\/\/hellasgarden.se\/ru\/aktiviteter\/skridskor\/\" \/>\n<meta property=\"og:site_name\" content=\"Hellasg\u00e5rden\" \/>\n<meta property=\"article:modified_time\" content=\"2026-02-27T10:07:15+00:00\" \/>\n<meta name=\"twitter:card\" content=\"summary_large_image\" \/>\n<meta name=\"twitter:label1\" content=\"\u041f\u0440\u0438\u043c\u0435\u0440\u043d\u043e\u0435 \u0432\u0440\u0435\u043c\u044f \u0434\u043b\u044f \u0447\u0442\u0435\u043d\u0438\u044f\" \/>\n\t<meta name=\"twitter:data1\" content=\"2 \u043c\u0438\u043d\u0443\u0442\u044b\" \/>\n<script type=\"application\/ld+json\" class=\"yoast-schema-graph\">{\"@context\":\"https:\/\/schema.org\",\"@graph\":[{\"@type\":\"WebPage\",\"@id\":\"https:\/\/hellasgarden.se\/aktiviteter\/skridskor\/\",\"url\":\"https:\/\/hellasgarden.se\/aktiviteter\/skridskor\/\",\"name\":\"Hyra skridskor i Nacka, Stockholm - Hellasg\u00e5rden\",\"isPartOf\":{\"@id\":\"https:\/\/hellasgarden.se\/#website\"},\"datePublished\":\"2018-10-31T10:39:23+00:00\",\"dateModified\":\"2026-02-27T10:07:15+00:00\",\"description\":\"L\u00e5ngf\u00e4rdsskridskor f\u00f6r uthyrning p\u00e5 Hellasg\u00e5rden i Nacka. \u00c5k skridskor p\u00e5 vackra K\u00e4lltorpssj\u00f6n!\",\"breadcrumb\":{\"@id\":\"https:\/\/hellasgarden.se\/aktiviteter\/skridskor\/#breadcrumb\"},\"inLanguage\":\"ru-RU\",\"potentialAction\":[{\"@type\":\"ReadAction\",\"target\":[\"https:\/\/hellasgarden.se\/aktiviteter\/skridskor\/\"]}]},{\"@type\":\"BreadcrumbList\",\"@id\":\"https:\/\/hellasgarden.se\/aktiviteter\/skridskor\/#breadcrumb\",\"itemListElement\":[{\"@type\":\"ListItem\",\"position\":1,\"name\":\"Hem\",\"item\":\"https:\/\/hellasgarden.se\/\"},{\"@type\":\"ListItem\",\"position\":2,\"name\":\"Aktiviteter\",\"item\":\"https:\/\/hellasgarden.se\/aktiviteter\/\"},{\"@type\":\"ListItem\",\"position\":3,\"name\":\"Skridskor\"}]},{\"@type\":\"WebSite\",\"@id\":\"https:\/\/hellasgarden.se\/#website\",\"url\":\"https:\/\/hellasgarden.se\/\",\"name\":\"Hellasg\u00e5rden\",\"description\":\"Din port till naturen\",\"potentialAction\":[{\"@type\":\"SearchAction\",\"target\":{\"@type\":\"EntryPoint\",\"urlTemplate\":\"https:\/\/hellasgarden.se\/?s={search_term_string}\"},\"query-input\":\"required name=search_term_string\"}],\"inLanguage\":\"ru-RU\"}]}<\/script>\n<!-- \/ Yoast SEO plugin. -->","yoast_head_json":{"title":"Hyra skridskor i Nacka, Stockholm - Hellasg\u00e5rden","description":"L\u00e5ngf\u00e4rdsskridskor f\u00f6r uthyrning p\u00e5 Hellasg\u00e5rden i Nacka. \u00c5k skridskor p\u00e5 vackra K\u00e4lltorpssj\u00f6n!","robots":{"index":"index","follow":"follow","max-snippet":"max-snippet:-1","max-image-preview":"max-image-preview:large","max-video-preview":"max-video-preview:-1"},"canonical":"https:\/\/hellasgarden.se\/ru\/aktiviteter\/skridskor\/","og_locale":"ru_RU","og_type":"article","og_title":"Hyra skridskor i Nacka, Stockholm - Hellasg\u00e5rden","og_description":"L\u00e5ngf\u00e4rdsskridskor f\u00f6r uthyrning p\u00e5 Hellasg\u00e5rden i Nacka. \u00c5k skridskor p\u00e5 vackra K\u00e4lltorpssj\u00f6n!","og_url":"https:\/\/hellasgarden.se\/ru\/aktiviteter\/skridskor\/","og_site_name":"Hellasg\u00e5rden","article_modified_time":"2026-02-27T10:07:15+00:00","twitter_card":"summary_large_image","twitter_misc":{"\u041f\u0440\u0438\u043c\u0435\u0440\u043d\u043e\u0435 \u0432\u0440\u0435\u043c\u044f \u0434\u043b\u044f \u0447\u0442\u0435\u043d\u0438\u044f":"2 \u043c\u0438\u043d\u0443\u0442\u044b"},"schema":{"@context":"https:\/\/schema.org","@graph":[{"@type":"WebPage","@id":"https:\/\/hellasgarden.se\/aktiviteter\/skridskor\/","url":"https:\/\/hellasgarden.se\/aktiviteter\/skridskor\/","name":"Hyra skridskor i Nacka, Stockholm - Hellasg\u00e5rden","isPartOf":{"@id":"https:\/\/hellasgarden.se\/#website"},"datePublished":"2018-10-31T10:39:23+00:00","dateModified":"2026-02-27T10:07:15+00:00","description":"L\u00e5ngf\u00e4rdsskridskor f\u00f6r uthyrning p\u00e5 Hellasg\u00e5rden i Nacka. \u00c5k skridskor p\u00e5 vackra K\u00e4lltorpssj\u00f6n!","breadcrumb":{"@id":"https:\/\/hellasgarden.se\/aktiviteter\/skridskor\/#breadcrumb"},"inLanguage":"ru-RU","potentialAction":[{"@type":"ReadAction","target":["https:\/\/hellasgarden.se\/aktiviteter\/skridskor\/"]}]},{"@type":"BreadcrumbList","@id":"https:\/\/hellasgarden.se\/aktiviteter\/skridskor\/#breadcrumb","itemListElement":[{"@type":"ListItem","position":1,"name":"Hem","item":"https:\/\/hellasgarden.se\/"},{"@type":"ListItem","position":2,"name":"Aktiviteter","item":"https:\/\/hellasgarden.se\/aktiviteter\/"},{"@type":"ListItem","position":3,"name":"Skridskor"}]},{"@type":"WebSite","@id":"https:\/\/hellasgarden.se\/#website","url":"https:\/\/hellasgarden.se\/","name":"Hellasg\u00e5rden","description":"Din port till naturen","potentialAction":[{"@type":"SearchAction","target":{"@type":"EntryPoint","urlTemplate":"https:\/\/hellasgarden.se\/?s={search_term_string}"},"query-input":"required name=search_term_string"}],"inLanguage":"ru-RU"}]}},"_links":{"self":[{"href":"https:\/\/hellasgarden.se\/ru\/wp-json\/wp\/v2\/pages\/600"}],"collection":[{"href":"https:\/\/hellasgarden.se\/ru\/wp-json\/wp\/v2\/pages"}],"about":[{"href":"https:\/\/hellasgarden.se\/ru\/wp-json\/wp\/v2\/types\/page"}],"author":[{"embeddable":true,"href":"https:\/\/hellasgarden.se\/ru\/wp-json\/wp\/v2\/users\/1"}],"replies":[{"embeddable":true,"href":"https:\/\/hellasgarden.se\/ru\/wp-json\/wp\/v2\/comments?post=600"}],"version-history":[{"count":274,"href":"https:\/\/hellasgarden.se\/ru\/wp-json\/wp\/v2\/pages\/600\/revisions"}],"predecessor-version":[{"id":46783,"href":"https:\/\/hellasgarden.se\/ru\/wp-json\/wp\/v2\/pages\/600\/revisions\/46783"}],"up":[{"embeddable":true,"href":"https:\/\/hellasgarden.se\/ru\/wp-json\/wp\/v2\/pages\/213"}],"wp:attachment":[{"href":"https:\/\/hellasgarden.se\/ru\/wp-json\/wp\/v2\/media?parent=600"}],"curies":[{"name":"wp","href":"https:\/\/api.w.org\/{rel}","templated":true}]}}