{"id":598,"date":"2018-10-31T11:38:56","date_gmt":"2018-10-31T10:38:56","guid":{"rendered":"http:\/\/hellasgarden.se\/?page_id=598"},"modified":"2026-02-28T18:55:42","modified_gmt":"2026-02-28T17:55:42","slug":"hyra-langdskidor","status":"publish","type":"page","link":"https:\/\/hellasgarden.se\/ru\/aktiviteter\/hyra-langdskidor\/","title":{"rendered":"\u041a\u0430\u0442\u0430\u043d\u0438\u0435 \u043d\u0430 \u043b\u044b\u0436\u0430\u0445"},"content":{"rendered":"<div id=\"cs-content\" class=\"cs-content\"><\/div>","protected":false},"excerpt":{"rendered":"<p>Skidor&nbsp; HemHyr l&auml;ngdskidor p&aring; Hellasg&aring;rden i StockholmSkidsp\u00e5r mitt i naturen &#8211; n\u00e4ra Stockholm stad!(Uppdaterad 2026-02-28, kl 18:00) Skiduthyrningen \u00e4r st\u00e4ngd. Skidsp\u00e5ren f\u00f6rvinner i rasande fart och de som \u00e4nnu \u00e4r &#8230; <\/p>\n<div><a href=\"https:\/\/hellasgarden.se\/ru\/aktiviteter\/hyra-langdskidor\/\" class=\"more-link\">\u0427\u0438\u0442\u0430\u0442\u044c \u0434\u0430\u043b\u0435\u0435<\/a><\/div>","protected":false},"author":1,"featured_media":0,"parent":213,"menu_order":0,"comment_status":"closed","ping_status":"closed","template":"template-blank-4.php","meta":{"_monsterinsights_skip_tracking":false,"_monsterinsights_sitenote_active":false,"_monsterinsights_sitenote_note":"","_monsterinsights_sitenote_category":0},"yoast_head":"<!-- This site is optimized with the Yoast SEO plugin v21.8.1 - https:\/\/yoast.com\/wordpress\/plugins\/seo\/ -->\n<title>Hyra l\u00e4ngdskidor i Stockholm - Hellasg\u00e5rden<\/title>\n<meta name=\"description\" content=\"Skidsp\u00e5r mitt i naturen - n\u00e4ra stan! Hos oss p\u00e5 Hellasg\u00e5rden i Nacka, Stockholm, kan du hyra l\u00e4ngdskidor under vinters\u00e4songen.\" \/>\n<meta name=\"robots\" content=\"index, follow, max-snippet:-1, max-image-preview:large, max-video-preview:-1\" \/>\n<link rel=\"canonical\" href=\"https:\/\/hellasgarden.se\/ru\/aktiviteter\/hyra-langdskidor\/\" \/>\n<meta property=\"og:locale\" content=\"ru_RU\" \/>\n<meta property=\"og:type\" content=\"article\" \/>\n<meta property=\"og:title\" content=\"Hyra l\u00e4ngdskidor i Stockholm - Hellasg\u00e5rden\" \/>\n<meta property=\"og:description\" content=\"Skidsp\u00e5r mitt i naturen - n\u00e4ra stan! Hos oss p\u00e5 Hellasg\u00e5rden i Nacka, Stockholm, kan du hyra l\u00e4ngdskidor under vinters\u00e4songen.\" \/>\n<meta property=\"og:url\" content=\"https:\/\/hellasgarden.se\/ru\/aktiviteter\/hyra-langdskidor\/\" \/>\n<meta property=\"og:site_name\" content=\"Hellasg\u00e5rden\" \/>\n<meta property=\"article:modified_time\" content=\"2026-02-28T17:55:42+00:00\" \/>\n<meta property=\"og:image\" content=\"http:\/\/hellasgarden.se\/wp-content\/uploads\/2026\/01\/skidor-400.jpg\" \/>\n<meta name=\"twitter:card\" content=\"summary_large_image\" \/>\n<meta name=\"twitter:label1\" content=\"\u041f\u0440\u0438\u043c\u0435\u0440\u043d\u043e\u0435 \u0432\u0440\u0435\u043c\u044f \u0434\u043b\u044f \u0447\u0442\u0435\u043d\u0438\u044f\" \/>\n\t<meta name=\"twitter:data1\" content=\"2 \u043c\u0438\u043d\u0443\u0442\u044b\" \/>\n<script type=\"application\/ld+json\" class=\"yoast-schema-graph\">{\"@context\":\"https:\/\/schema.org\",\"@graph\":[{\"@type\":\"WebPage\",\"@id\":\"https:\/\/hellasgarden.se\/aktiviteter\/hyra-langdskidor\/\",\"url\":\"https:\/\/hellasgarden.se\/aktiviteter\/hyra-langdskidor\/\",\"name\":\"Hyra l\u00e4ngdskidor i Stockholm - Hellasg\u00e5rden\",\"isPartOf\":{\"@id\":\"https:\/\/hellasgarden.se\/#website\"},\"datePublished\":\"2018-10-31T10:38:56+00:00\",\"dateModified\":\"2026-02-28T17:55:42+00:00\",\"description\":\"Skidsp\u00e5r mitt i naturen - n\u00e4ra stan! Hos oss p\u00e5 Hellasg\u00e5rden i Nacka, Stockholm, kan du hyra l\u00e4ngdskidor under vinters\u00e4songen.\",\"breadcrumb\":{\"@id\":\"https:\/\/hellasgarden.se\/aktiviteter\/hyra-langdskidor\/#breadcrumb\"},\"inLanguage\":\"ru-RU\",\"potentialAction\":[{\"@type\":\"ReadAction\",\"target\":[\"https:\/\/hellasgarden.se\/aktiviteter\/hyra-langdskidor\/\"]}]},{\"@type\":\"BreadcrumbList\",\"@id\":\"https:\/\/hellasgarden.se\/aktiviteter\/hyra-langdskidor\/#breadcrumb\",\"itemListElement\":[{\"@type\":\"ListItem\",\"position\":1,\"name\":\"Hem\",\"item\":\"https:\/\/hellasgarden.se\/\"},{\"@type\":\"ListItem\",\"position\":2,\"name\":\"Aktiviteter\",\"item\":\"https:\/\/hellasgarden.se\/aktiviteter\/\"},{\"@type\":\"ListItem\",\"position\":3,\"name\":\"Skidor\"}]},{\"@type\":\"WebSite\",\"@id\":\"https:\/\/hellasgarden.se\/#website\",\"url\":\"https:\/\/hellasgarden.se\/\",\"name\":\"Hellasg\u00e5rden\",\"description\":\"Din port till naturen\",\"potentialAction\":[{\"@type\":\"SearchAction\",\"target\":{\"@type\":\"EntryPoint\",\"urlTemplate\":\"https:\/\/hellasgarden.se\/?s={search_term_string}\"},\"query-input\":\"required name=search_term_string\"}],\"inLanguage\":\"ru-RU\"}]}<\/script>\n<!-- \/ Yoast SEO plugin. -->","yoast_head_json":{"title":"Hyra l\u00e4ngdskidor i Stockholm - Hellasg\u00e5rden","description":"Skidsp\u00e5r mitt i naturen - n\u00e4ra stan! Hos oss p\u00e5 Hellasg\u00e5rden i Nacka, Stockholm, kan du hyra l\u00e4ngdskidor under vinters\u00e4songen.","robots":{"index":"index","follow":"follow","max-snippet":"max-snippet:-1","max-image-preview":"max-image-preview:large","max-video-preview":"max-video-preview:-1"},"canonical":"https:\/\/hellasgarden.se\/ru\/aktiviteter\/hyra-langdskidor\/","og_locale":"ru_RU","og_type":"article","og_title":"Hyra l\u00e4ngdskidor i Stockholm - Hellasg\u00e5rden","og_description":"Skidsp\u00e5r mitt i naturen - n\u00e4ra stan! Hos oss p\u00e5 Hellasg\u00e5rden i Nacka, Stockholm, kan du hyra l\u00e4ngdskidor under vinters\u00e4songen.","og_url":"https:\/\/hellasgarden.se\/ru\/aktiviteter\/hyra-langdskidor\/","og_site_name":"Hellasg\u00e5rden","article_modified_time":"2026-02-28T17:55:42+00:00","og_image":[{"url":"http:\/\/hellasgarden.se\/wp-content\/uploads\/2026\/01\/skidor-400.jpg"}],"twitter_card":"summary_large_image","twitter_misc":{"\u041f\u0440\u0438\u043c\u0435\u0440\u043d\u043e\u0435 \u0432\u0440\u0435\u043c\u044f \u0434\u043b\u044f \u0447\u0442\u0435\u043d\u0438\u044f":"2 \u043c\u0438\u043d\u0443\u0442\u044b"},"schema":{"@context":"https:\/\/schema.org","@graph":[{"@type":"WebPage","@id":"https:\/\/hellasgarden.se\/aktiviteter\/hyra-langdskidor\/","url":"https:\/\/hellasgarden.se\/aktiviteter\/hyra-langdskidor\/","name":"Hyra l\u00e4ngdskidor i Stockholm - Hellasg\u00e5rden","isPartOf":{"@id":"https:\/\/hellasgarden.se\/#website"},"datePublished":"2018-10-31T10:38:56+00:00","dateModified":"2026-02-28T17:55:42+00:00","description":"Skidsp\u00e5r mitt i naturen - n\u00e4ra stan! Hos oss p\u00e5 Hellasg\u00e5rden i Nacka, Stockholm, kan du hyra l\u00e4ngdskidor under vinters\u00e4songen.","breadcrumb":{"@id":"https:\/\/hellasgarden.se\/aktiviteter\/hyra-langdskidor\/#breadcrumb"},"inLanguage":"ru-RU","potentialAction":[{"@type":"ReadAction","target":["https:\/\/hellasgarden.se\/aktiviteter\/hyra-langdskidor\/"]}]},{"@type":"BreadcrumbList","@id":"https:\/\/hellasgarden.se\/aktiviteter\/hyra-langdskidor\/#breadcrumb","itemListElement":[{"@type":"ListItem","position":1,"name":"Hem","item":"https:\/\/hellasgarden.se\/"},{"@type":"ListItem","position":2,"name":"Aktiviteter","item":"https:\/\/hellasgarden.se\/aktiviteter\/"},{"@type":"ListItem","position":3,"name":"Skidor"}]},{"@type":"WebSite","@id":"https:\/\/hellasgarden.se\/#website","url":"https:\/\/hellasgarden.se\/","name":"Hellasg\u00e5rden","description":"Din port till naturen","potentialAction":[{"@type":"SearchAction","target":{"@type":"EntryPoint","urlTemplate":"https:\/\/hellasgarden.se\/?s={search_term_string}"},"query-input":"required name=search_term_string"}],"inLanguage":"ru-RU"}]}},"_links":{"self":[{"href":"https:\/\/hellasgarden.se\/ru\/wp-json\/wp\/v2\/pages\/598"}],"collection":[{"href":"https:\/\/hellasgarden.se\/ru\/wp-json\/wp\/v2\/pages"}],"about":[{"href":"https:\/\/hellasgarden.se\/ru\/wp-json\/wp\/v2\/types\/page"}],"author":[{"embeddable":true,"href":"https:\/\/hellasgarden.se\/ru\/wp-json\/wp\/v2\/users\/1"}],"replies":[{"embeddable":true,"href":"https:\/\/hellasgarden.se\/ru\/wp-json\/wp\/v2\/comments?post=598"}],"version-history":[{"count":277,"href":"https:\/\/hellasgarden.se\/ru\/wp-json\/wp\/v2\/pages\/598\/revisions"}],"predecessor-version":[{"id":46786,"href":"https:\/\/hellasgarden.se\/ru\/wp-json\/wp\/v2\/pages\/598\/revisions\/46786"}],"up":[{"embeddable":true,"href":"https:\/\/hellasgarden.se\/ru\/wp-json\/wp\/v2\/pages\/213"}],"wp:attachment":[{"href":"https:\/\/hellasgarden.se\/ru\/wp-json\/wp\/v2\/media?parent=598"}],"curies":[{"name":"wp","href":"https:\/\/api.w.org\/{rel}","templated":true}]}}