{"id":579,"date":"2018-10-31T11:34:58","date_gmt":"2018-10-31T10:34:58","guid":{"rendered":"http:\/\/hellasgarden.se\/?page_id=579"},"modified":"2026-03-31T11:15:29","modified_gmt":"2026-03-31T09:15:29","slug":"fotbollsgolf","status":"publish","type":"page","link":"https:\/\/hellasgarden.se\/ru\/aktiviteter\/fotbollsgolf\/","title":{"rendered":"\u0424\u0443\u0442\u0431\u043e\u043b\u044c\u043d\u044b\u0439 \u0433\u043e\u043b\u044c\u0444"},"content":{"rendered":"<div id=\"cs-content\" class=\"cs-content\"><\/div>","protected":false},"excerpt":{"rendered":"<p>FotbollsgolfHemFotbollsgolf &#8211; en utmaning f\u00f6r hela familjen eller laget!(2026-03-30) Renovering av fotbollsgolfen p\u00e5g\u00e5r inf\u00f6r s\u00e4songsstart. Vi r\u00e4knar med att \u00f6ppna under andra halvan av april. Fotbollsgolf fungerar som vanlig golf, &#8230; <\/p>\n<div><a href=\"https:\/\/hellasgarden.se\/ru\/aktiviteter\/fotbollsgolf\/\" class=\"more-link\">\u0427\u0438\u0442\u0430\u0442\u044c \u0434\u0430\u043b\u0435\u0435<\/a><\/div>","protected":false},"author":1,"featured_media":0,"parent":213,"menu_order":0,"comment_status":"closed","ping_status":"closed","template":"template-blank-4.php","meta":{"_monsterinsights_skip_tracking":false,"_monsterinsights_sitenote_active":false,"_monsterinsights_sitenote_note":"","_monsterinsights_sitenote_category":0},"yoast_head":"<!-- This site is optimized with the Yoast SEO plugin v21.8.1 - https:\/\/yoast.com\/wordpress\/plugins\/seo\/ -->\n<title>Fotbollsgolf - Hellasg\u00e5rden<\/title>\n<meta name=\"robots\" content=\"index, follow, max-snippet:-1, max-image-preview:large, max-video-preview:-1\" \/>\n<link rel=\"canonical\" href=\"https:\/\/hellasgarden.se\/ru\/aktiviteter\/fotbollsgolf\/\" \/>\n<meta property=\"og:locale\" content=\"ru_RU\" \/>\n<meta property=\"og:type\" content=\"article\" \/>\n<meta property=\"og:title\" content=\"Fotbollsgolf - Hellasg\u00e5rden\" \/>\n<meta property=\"og:description\" content=\"FotbollsgolfHemFotbollsgolf - en utmaning f\u00f6r hela familjen eller laget!(2026-03-30) Renovering av fotbollsgolfen p\u00e5g\u00e5r inf\u00f6r s\u00e4songsstart. Vi r\u00e4knar med att \u00f6ppna under andra halvan av april. Fotbollsgolf fungerar som vanlig golf, ... Read More\" \/>\n<meta property=\"og:url\" content=\"https:\/\/hellasgarden.se\/ru\/aktiviteter\/fotbollsgolf\/\" \/>\n<meta property=\"og:site_name\" content=\"Hellasg\u00e5rden\" \/>\n<meta property=\"article:modified_time\" content=\"2026-03-31T09:15:29+00:00\" \/>\n<meta name=\"twitter:card\" content=\"summary_large_image\" \/>\n<meta name=\"twitter:label1\" content=\"\u041f\u0440\u0438\u043c\u0435\u0440\u043d\u043e\u0435 \u0432\u0440\u0435\u043c\u044f \u0434\u043b\u044f \u0447\u0442\u0435\u043d\u0438\u044f\" \/>\n\t<meta name=\"twitter:data1\" content=\"12 \u043c\u0438\u043d\u0443\u0442\" \/>\n<script type=\"application\/ld+json\" class=\"yoast-schema-graph\">{\"@context\":\"https:\/\/schema.org\",\"@graph\":[{\"@type\":\"WebPage\",\"@id\":\"https:\/\/hellasgarden.se\/aktiviteter\/fotbollsgolf\/\",\"url\":\"https:\/\/hellasgarden.se\/aktiviteter\/fotbollsgolf\/\",\"name\":\"Fotbollsgolf - Hellasg\u00e5rden\",\"isPartOf\":{\"@id\":\"https:\/\/hellasgarden.se\/#website\"},\"datePublished\":\"2018-10-31T10:34:58+00:00\",\"dateModified\":\"2026-03-31T09:15:29+00:00\",\"breadcrumb\":{\"@id\":\"https:\/\/hellasgarden.se\/aktiviteter\/fotbollsgolf\/#breadcrumb\"},\"inLanguage\":\"ru-RU\",\"potentialAction\":[{\"@type\":\"ReadAction\",\"target\":[\"https:\/\/hellasgarden.se\/aktiviteter\/fotbollsgolf\/\"]}]},{\"@type\":\"BreadcrumbList\",\"@id\":\"https:\/\/hellasgarden.se\/aktiviteter\/fotbollsgolf\/#breadcrumb\",\"itemListElement\":[{\"@type\":\"ListItem\",\"position\":1,\"name\":\"Hem\",\"item\":\"https:\/\/hellasgarden.se\/\"},{\"@type\":\"ListItem\",\"position\":2,\"name\":\"Aktiviteter\",\"item\":\"https:\/\/hellasgarden.se\/aktiviteter\/\"},{\"@type\":\"ListItem\",\"position\":3,\"name\":\"Fotbollsgolf\"}]},{\"@type\":\"WebSite\",\"@id\":\"https:\/\/hellasgarden.se\/#website\",\"url\":\"https:\/\/hellasgarden.se\/\",\"name\":\"Hellasg\u00e5rden\",\"description\":\"Din port till naturen\",\"potentialAction\":[{\"@type\":\"SearchAction\",\"target\":{\"@type\":\"EntryPoint\",\"urlTemplate\":\"https:\/\/hellasgarden.se\/?s={search_term_string}\"},\"query-input\":\"required name=search_term_string\"}],\"inLanguage\":\"ru-RU\"}]}<\/script>\n<!-- \/ Yoast SEO plugin. -->","yoast_head_json":{"title":"Fotbollsgolf - Hellasg\u00e5rden","robots":{"index":"index","follow":"follow","max-snippet":"max-snippet:-1","max-image-preview":"max-image-preview:large","max-video-preview":"max-video-preview:-1"},"canonical":"https:\/\/hellasgarden.se\/ru\/aktiviteter\/fotbollsgolf\/","og_locale":"ru_RU","og_type":"article","og_title":"Fotbollsgolf - Hellasg\u00e5rden","og_description":"FotbollsgolfHemFotbollsgolf - en utmaning f\u00f6r hela familjen eller laget!(2026-03-30) Renovering av fotbollsgolfen p\u00e5g\u00e5r inf\u00f6r s\u00e4songsstart. Vi r\u00e4knar med att \u00f6ppna under andra halvan av april. Fotbollsgolf fungerar som vanlig golf, ... Read More","og_url":"https:\/\/hellasgarden.se\/ru\/aktiviteter\/fotbollsgolf\/","og_site_name":"Hellasg\u00e5rden","article_modified_time":"2026-03-31T09:15:29+00:00","twitter_card":"summary_large_image","twitter_misc":{"\u041f\u0440\u0438\u043c\u0435\u0440\u043d\u043e\u0435 \u0432\u0440\u0435\u043c\u044f \u0434\u043b\u044f \u0447\u0442\u0435\u043d\u0438\u044f":"12 \u043c\u0438\u043d\u0443\u0442"},"schema":{"@context":"https:\/\/schema.org","@graph":[{"@type":"WebPage","@id":"https:\/\/hellasgarden.se\/aktiviteter\/fotbollsgolf\/","url":"https:\/\/hellasgarden.se\/aktiviteter\/fotbollsgolf\/","name":"Fotbollsgolf - Hellasg\u00e5rden","isPartOf":{"@id":"https:\/\/hellasgarden.se\/#website"},"datePublished":"2018-10-31T10:34:58+00:00","dateModified":"2026-03-31T09:15:29+00:00","breadcrumb":{"@id":"https:\/\/hellasgarden.se\/aktiviteter\/fotbollsgolf\/#breadcrumb"},"inLanguage":"ru-RU","potentialAction":[{"@type":"ReadAction","target":["https:\/\/hellasgarden.se\/aktiviteter\/fotbollsgolf\/"]}]},{"@type":"BreadcrumbList","@id":"https:\/\/hellasgarden.se\/aktiviteter\/fotbollsgolf\/#breadcrumb","itemListElement":[{"@type":"ListItem","position":1,"name":"Hem","item":"https:\/\/hellasgarden.se\/"},{"@type":"ListItem","position":2,"name":"Aktiviteter","item":"https:\/\/hellasgarden.se\/aktiviteter\/"},{"@type":"ListItem","position":3,"name":"Fotbollsgolf"}]},{"@type":"WebSite","@id":"https:\/\/hellasgarden.se\/#website","url":"https:\/\/hellasgarden.se\/","name":"Hellasg\u00e5rden","description":"Din port till naturen","potentialAction":[{"@type":"SearchAction","target":{"@type":"EntryPoint","urlTemplate":"https:\/\/hellasgarden.se\/?s={search_term_string}"},"query-input":"required name=search_term_string"}],"inLanguage":"ru-RU"}]}},"_links":{"self":[{"href":"https:\/\/hellasgarden.se\/ru\/wp-json\/wp\/v2\/pages\/579"}],"collection":[{"href":"https:\/\/hellasgarden.se\/ru\/wp-json\/wp\/v2\/pages"}],"about":[{"href":"https:\/\/hellasgarden.se\/ru\/wp-json\/wp\/v2\/types\/page"}],"author":[{"embeddable":true,"href":"https:\/\/hellasgarden.se\/ru\/wp-json\/wp\/v2\/users\/1"}],"replies":[{"embeddable":true,"href":"https:\/\/hellasgarden.se\/ru\/wp-json\/wp\/v2\/comments?post=579"}],"version-history":[{"count":78,"href":"https:\/\/hellasgarden.se\/ru\/wp-json\/wp\/v2\/pages\/579\/revisions"}],"predecessor-version":[{"id":46806,"href":"https:\/\/hellasgarden.se\/ru\/wp-json\/wp\/v2\/pages\/579\/revisions\/46806"}],"up":[{"embeddable":true,"href":"https:\/\/hellasgarden.se\/ru\/wp-json\/wp\/v2\/pages\/213"}],"wp:attachment":[{"href":"https:\/\/hellasgarden.se\/ru\/wp-json\/wp\/v2\/media?parent=579"}],"curies":[{"name":"wp","href":"https:\/\/api.w.org\/{rel}","templated":true}]}}