{"id":45168,"date":"2023-12-05T13:51:13","date_gmt":"2023-12-05T12:51:13","guid":{"rendered":"https:\/\/hellasgarden.se\/?page_id=45168"},"modified":"2023-12-05T14:34:32","modified_gmt":"2023-12-05T13:34:32","slug":"test123","status":"publish","type":"page","link":"https:\/\/hellasgarden.se\/ru\/test123\/","title":{"rendered":"\u0442\u0435\u0441\u0442123"},"content":{"rendered":"<div id=\"cs-content\" class=\"cs-content\"><\/div>","protected":false},"excerpt":{"rendered":"<p>\u0414\u043e\u0431\u0440\u043e \u043f\u043e\u0436\u0430\u043b\u043e\u0432\u0430\u0442\u044c \u0432 HELLASG\u00c5RD\u0412\u0430\u0448\u0438 \u0432\u043e\u0440\u043e\u0442\u0430 \u0432 \u043f\u0440\u0438\u0440\u043e\u0434\u0443 \u0432 15 \u043c\u0438\u043d\u0443\u0442\u0430\u0445 \u0435\u0437\u0434\u044b \u043e\u0442 \u0433\u043e\u0440\u043e\u0434\u0430\u0417\u0430\u043a\u0430\u0436\u0438\u0442\u0435 \u043c\u0435\u0440\u043e\u043f\u0440\u0438\u044f\u0442\u0438\u044f\u0423\u0441\u0442\u0440\u043e\u0439\u0442\u0435 \u043d\u0430\u043c \u0432\u0441\u0442\u0440\u0435\u0447\u0443\u0421\u0422\u0410\u0422\u0423\u0421\u041f\u043e\u0433\u043e\u0434\u0430\u0420\u0435\u0441\u0435\u043f\u0448\u043d \u041f\u043e\u043d\u0435\u0434\u0435\u043b\u044c\u043d\u0438\u043a - \u043f\u044f\u0442\u043d\u0438\u0446\u0430: 9-21 \u0421\u0443\u0431\u0431\u043e\u0442\u0430 - \u0432\u043e\u0441\u043a\u0440\u0435\u0441\u0435\u043d\u044c\u0435: 9-18 \"\u041d\u043e\u0432\u043e\u0435 \u043e\u0437\u0435\u0440\u043e \u043a\u0430\u0444\u0435\" \u041a\u0430\u0436\u0434\u044b\u0439 \u0434\u0435\u043d\u044c 9-16 (\u0432\u0442\u043e\u0440\u043d\u0438\u043a: 9-19, \u0441\u0431: ... <\/p>\n<div><a href=\"https:\/\/hellasgarden.se\/ru\/test123\/\" class=\"more-link\">\u0427\u0438\u0442\u0430\u0442\u044c \u0434\u0430\u043b\u0435\u0435<\/a><\/div>","protected":false},"author":1,"featured_media":0,"parent":0,"menu_order":0,"comment_status":"closed","ping_status":"closed","template":"template-blank-4.php","meta":{"_monsterinsights_skip_tracking":false,"_monsterinsights_sitenote_active":false,"_monsterinsights_sitenote_note":"","_monsterinsights_sitenote_category":0},"yoast_head":"<!-- This site is optimized with the Yoast SEO plugin v21.8.1 - https:\/\/yoast.com\/wordpress\/plugins\/seo\/ -->\n<title>test123 - Hellasg\u00e5rden<\/title>\n<meta name=\"robots\" content=\"index, follow, max-snippet:-1, max-image-preview:large, max-video-preview:-1\" \/>\n<link rel=\"canonical\" href=\"https:\/\/hellasgarden.se\/ru\/test123\/\" \/>\n<meta property=\"og:locale\" content=\"ru_RU\" \/>\n<meta property=\"og:type\" content=\"article\" \/>\n<meta property=\"og:title\" content=\"test123 - Hellasg\u00e5rden\" \/>\n<meta property=\"og:description\" content=\"V\u00c4LKOMMEN TILL HELLASG\u00c5RDENDin port till naturen 15 min fr\u00e5n cityBoka aktivitetArrangera hos ossSTATUSV\u00c4DERReception M\u00e5ndag - Fredag: 9-21\u00a0 L\u00f6rdag - S\u00f6ndag: 9-18 &quot;Nya sj\u00f6caf\u00e9et&quot; Alla dagar kl. 9-16 (Tisd: 9-19, L\u00f6rd: ... Read More\" \/>\n<meta property=\"og:url\" content=\"https:\/\/hellasgarden.se\/ru\/test123\/\" \/>\n<meta property=\"og:site_name\" content=\"Hellasg\u00e5rden\" \/>\n<meta property=\"article:modified_time\" content=\"2023-12-05T13:34:32+00:00\" \/>\n<meta name=\"twitter:card\" content=\"summary_large_image\" \/>\n<meta name=\"twitter:label1\" content=\"\u041f\u0440\u0438\u043c\u0435\u0440\u043d\u043e\u0435 \u0432\u0440\u0435\u043c\u044f \u0434\u043b\u044f \u0447\u0442\u0435\u043d\u0438\u044f\" \/>\n\t<meta name=\"twitter:data1\" content=\"1 \u043c\u0438\u043d\u0443\u0442\u0430\" \/>\n<script type=\"application\/ld+json\" class=\"yoast-schema-graph\">{\"@context\":\"https:\/\/schema.org\",\"@graph\":[{\"@type\":\"WebPage\",\"@id\":\"https:\/\/hellasgarden.se\/test123\/\",\"url\":\"https:\/\/hellasgarden.se\/test123\/\",\"name\":\"test123 - Hellasg\u00e5rden\",\"isPartOf\":{\"@id\":\"https:\/\/hellasgarden.se\/#website\"},\"datePublished\":\"2023-12-05T12:51:13+00:00\",\"dateModified\":\"2023-12-05T13:34:32+00:00\",\"breadcrumb\":{\"@id\":\"https:\/\/hellasgarden.se\/test123\/#breadcrumb\"},\"inLanguage\":\"ru-RU\",\"potentialAction\":[{\"@type\":\"ReadAction\",\"target\":[\"https:\/\/hellasgarden.se\/test123\/\"]}]},{\"@type\":\"BreadcrumbList\",\"@id\":\"https:\/\/hellasgarden.se\/test123\/#breadcrumb\",\"itemListElement\":[{\"@type\":\"ListItem\",\"position\":1,\"name\":\"Hem\",\"item\":\"https:\/\/hellasgarden.se\/\"},{\"@type\":\"ListItem\",\"position\":2,\"name\":\"test123\"}]},{\"@type\":\"WebSite\",\"@id\":\"https:\/\/hellasgarden.se\/#website\",\"url\":\"https:\/\/hellasgarden.se\/\",\"name\":\"Hellasg\u00e5rden\",\"description\":\"Din port till naturen\",\"potentialAction\":[{\"@type\":\"SearchAction\",\"target\":{\"@type\":\"EntryPoint\",\"urlTemplate\":\"https:\/\/hellasgarden.se\/?s={search_term_string}\"},\"query-input\":\"required name=search_term_string\"}],\"inLanguage\":\"ru-RU\"}]}<\/script>\n<!-- \/ Yoast SEO plugin. -->","yoast_head_json":{"title":"test123 - Hellasg\u00e5rden","robots":{"index":"index","follow":"follow","max-snippet":"max-snippet:-1","max-image-preview":"max-image-preview:large","max-video-preview":"max-video-preview:-1"},"canonical":"https:\/\/hellasgarden.se\/ru\/test123\/","og_locale":"ru_RU","og_type":"article","og_title":"test123 - Hellasg\u00e5rden","og_description":"V\u00c4LKOMMEN TILL HELLASG\u00c5RDENDin port till naturen 15 min fr\u00e5n cityBoka aktivitetArrangera hos ossSTATUSV\u00c4DERReception M\u00e5ndag - Fredag: 9-21\u00a0 L\u00f6rdag - S\u00f6ndag: 9-18 \"Nya sj\u00f6caf\u00e9et\" Alla dagar kl. 9-16 (Tisd: 9-19, L\u00f6rd: ... Read More","og_url":"https:\/\/hellasgarden.se\/ru\/test123\/","og_site_name":"Hellasg\u00e5rden","article_modified_time":"2023-12-05T13:34:32+00:00","twitter_card":"summary_large_image","twitter_misc":{"\u041f\u0440\u0438\u043c\u0435\u0440\u043d\u043e\u0435 \u0432\u0440\u0435\u043c\u044f \u0434\u043b\u044f \u0447\u0442\u0435\u043d\u0438\u044f":"1 \u043c\u0438\u043d\u0443\u0442\u0430"},"schema":{"@context":"https:\/\/schema.org","@graph":[{"@type":"WebPage","@id":"https:\/\/hellasgarden.se\/test123\/","url":"https:\/\/hellasgarden.se\/test123\/","name":"test123 - Hellasg\u00e5rden","isPartOf":{"@id":"https:\/\/hellasgarden.se\/#website"},"datePublished":"2023-12-05T12:51:13+00:00","dateModified":"2023-12-05T13:34:32+00:00","breadcrumb":{"@id":"https:\/\/hellasgarden.se\/test123\/#breadcrumb"},"inLanguage":"ru-RU","potentialAction":[{"@type":"ReadAction","target":["https:\/\/hellasgarden.se\/test123\/"]}]},{"@type":"BreadcrumbList","@id":"https:\/\/hellasgarden.se\/test123\/#breadcrumb","itemListElement":[{"@type":"ListItem","position":1,"name":"Hem","item":"https:\/\/hellasgarden.se\/"},{"@type":"ListItem","position":2,"name":"test123"}]},{"@type":"WebSite","@id":"https:\/\/hellasgarden.se\/#website","url":"https:\/\/hellasgarden.se\/","name":"Hellasg\u00e5rden","description":"Din port till naturen","potentialAction":[{"@type":"SearchAction","target":{"@type":"EntryPoint","urlTemplate":"https:\/\/hellasgarden.se\/?s={search_term_string}"},"query-input":"required name=search_term_string"}],"inLanguage":"ru-RU"}]}},"_links":{"self":[{"href":"https:\/\/hellasgarden.se\/ru\/wp-json\/wp\/v2\/pages\/45168"}],"collection":[{"href":"https:\/\/hellasgarden.se\/ru\/wp-json\/wp\/v2\/pages"}],"about":[{"href":"https:\/\/hellasgarden.se\/ru\/wp-json\/wp\/v2\/types\/page"}],"author":[{"embeddable":true,"href":"https:\/\/hellasgarden.se\/ru\/wp-json\/wp\/v2\/users\/1"}],"replies":[{"embeddable":true,"href":"https:\/\/hellasgarden.se\/ru\/wp-json\/wp\/v2\/comments?post=45168"}],"version-history":[{"count":12,"href":"https:\/\/hellasgarden.se\/ru\/wp-json\/wp\/v2\/pages\/45168\/revisions"}],"predecessor-version":[{"id":45182,"href":"https:\/\/hellasgarden.se\/ru\/wp-json\/wp\/v2\/pages\/45168\/revisions\/45182"}],"wp:attachment":[{"href":"https:\/\/hellasgarden.se\/ru\/wp-json\/wp\/v2\/media?parent=45168"}],"curies":[{"name":"wp","href":"https:\/\/api.w.org\/{rel}","templated":true}]}}