{"id":44698,"date":"2023-04-05T10:43:18","date_gmt":"2023-04-05T08:43:18","guid":{"rendered":"https:\/\/hellasgarden.se\/?page_id=44698"},"modified":"2023-04-05T10:44:37","modified_gmt":"2023-04-05T08:44:37","slug":"orienteringssasongen-drar-igang-med-veckans-bana-och-kurser-bade-for-vuxna-och-barn","status":"publish","type":"page","link":"https:\/\/hellasgarden.se\/ru\/orienteringssasongen-drar-igang-med-veckans-bana-och-kurser-bade-for-vuxna-och-barn\/","title":{"rendered":"\u0421\u0435\u0437\u043e\u043d \u043e\u0440\u0438\u0435\u043d\u0442\u0438\u0440\u043e\u0432\u0430\u043d\u0438\u044f \u043d\u0430\u0447\u0438\u043d\u0430\u0435\u0442\u0441\u044f \u0441 \u0435\u0436\u0435\u043d\u0435\u0434\u0435\u043b\u044c\u043d\u044b\u0445 \u043a\u0443\u0440\u0441\u043e\u0432 \u0434\u043b\u044f \u0432\u0437\u0440\u043e\u0441\u043b\u044b\u0445 \u0438 \u0434\u0435\u0442\u0435\u0439."},"content":{"rendered":"<p>(2023-04-05) \u041f\u043e\u0441\u043b\u0435 \u043d\u0435\u0431\u043e\u043b\u044c\u0448\u043e\u0433\u043e \u043f\u0435\u0440\u0435\u0440\u044b\u0432\u0430, \u0441\u0432\u044f\u0437\u0430\u043d\u043d\u043e\u0433\u043e \u0441 \u043d\u0435\u043e\u0436\u0438\u0434\u0430\u043d\u043d\u043e \u0432\u044b\u043f\u0430\u0432\u0448\u0438\u043c \u0441\u043d\u0435\u0433\u043e\u043c, \u043c\u044b \u0432\u043d\u043e\u0432\u044c \u043f\u0440\u0438\u0441\u0442\u0443\u043f\u0438\u043b\u0438 \u043a \u0437\u0430\u043d\u044f\u0442\u0438\u044f\u043c \u043f\u043e \u043e\u0440\u0438\u0435\u043d\u0442\u0438\u0440\u043e\u0432\u0430\u043d\u0438\u044e \u043d\u0430 \u044d\u0442\u043e\u0439 \u043d\u0435\u0434\u0435\u043b\u0435. \u0421\u043c\u043e\u0442\u0440\u0438\u0442\u0435 \u0442\u0430\u043a\u0436\u0435 \u043a\u0443\u0440\u0441\u044b \u043e\u0440\u0438\u0435\u043d\u0442\u0438\u0440\u043e\u0432\u0430\u043d\u0438\u044f, \u043a\u043e\u0442\u043e\u0440\u044b\u0435 \u043d\u0430\u0447\u043d\u0443\u0442\u0441\u044f 22 \u0438 25 \u0430\u043f\u0440\u0435\u043b\u044f. <a href=\"https:\/\/hellasgarden.se\/ru\/aktiviteter\/orientering\/\" target=\"_blank\" rel=\"noreferrer noopener\">\u041f\u043e\u0434\u0440\u043e\u0431\u043d\u0435\u0435 \u0447\u0438\u0442\u0430\u0439\u0442\u0435 \u0437\u0434\u0435\u0441\u044c!<\/a><\/p>","protected":false},"excerpt":{"rendered":"<p>(2023-04-05) \u041f\u043e\u0441\u043b\u0435 \u043d\u0435\u0431\u043e\u043b\u044c\u0448\u043e\u0433\u043e \u043f\u0435\u0440\u0435\u0440\u044b\u0432\u0430, \u0441\u0432\u044f\u0437\u0430\u043d\u043d\u043e\u0433\u043e \u0441 \u043d\u0435\u043e\u0436\u0438\u0434\u0430\u043d\u043d\u043e \u0432\u044b\u043f\u0430\u0432\u0448\u0438\u043c \u0441\u043d\u0435\u0433\u043e\u043c, \u043c\u044b \u0432\u043d\u043e\u0432\u044c \u043f\u0440\u0438\u0441\u0442\u0443\u043f\u0438\u043b\u0438 \u043a \u043f\u0440\u043e\u0432\u0435\u0434\u0435\u043d\u0438\u044e \u043a\u0443\u0440\u0441\u0430 \u043e\u0440\u0438\u0435\u043d\u0442\u0438\u0440\u043e\u0432\u0430\u043d\u0438\u044f \u043d\u0430 \u044d\u0442\u043e\u0439 \u043d\u0435\u0434\u0435\u043b\u0435. \u0421\u043c\u043e\u0442\u0440\u0438\u0442\u0435 \u0442\u0430\u043a\u0436\u0435 \u043a\u0443\u0440\u0441\u044b \u043e\u0440\u0438\u0435\u043d\u0442\u0438\u0440\u043e\u0432\u0430\u043d\u0438\u044f, \u043a\u043e\u0442\u043e\u0440\u044b\u0435 \u043d\u0430\u0447\u043d\u0443\u0442\u0441\u044f 22 \u0438 25 \u0430\u043f\u0440\u0435\u043b\u044f. ... <\/p>\n<div><a href=\"https:\/\/hellasgarden.se\/ru\/orienteringssasongen-drar-igang-med-veckans-bana-och-kurser-bade-for-vuxna-och-barn\/\" class=\"more-link\">\u0427\u0438\u0442\u0430\u0442\u044c \u0434\u0430\u043b\u0435\u0435<\/a><\/div>","protected":false},"author":1,"featured_media":43680,"parent":0,"menu_order":0,"comment_status":"closed","ping_status":"closed","template":"","meta":{"_monsterinsights_skip_tracking":false,"_monsterinsights_sitenote_active":false,"_monsterinsights_sitenote_note":"","_monsterinsights_sitenote_category":0},"yoast_head":"<!-- This site is optimized with the Yoast SEO plugin v21.8.1 - https:\/\/yoast.com\/wordpress\/plugins\/seo\/ -->\n<title>Orienteringss\u00e4songen drar ig\u00e5ng med veckans bana och kurser b\u00e5de f\u00f6r vuxna och barn -<\/title>\n<meta name=\"description\" content=\"Efter ett mindre uppeh\u00e5ll p\u00e5 grund av mycket och ov\u00e4ntad sn\u00f6 \u00e4r vi nu p\u00e5 g\u00e5ng igen med veckans orienteringsbana. Se \u00e4ven orienteringskurser som startar 22 respektive 25 april.\" \/>\n<meta name=\"robots\" content=\"index, follow, max-snippet:-1, max-image-preview:large, max-video-preview:-1\" \/>\n<link rel=\"canonical\" href=\"https:\/\/hellasgarden.se\/ru\/orienteringssasongen-drar-igang-med-veckans-bana-och-kurser-bade-for-vuxna-och-barn\/\" \/>\n<meta property=\"og:locale\" content=\"ru_RU\" \/>\n<meta property=\"og:type\" content=\"article\" \/>\n<meta property=\"og:title\" content=\"Orienteringss\u00e4songen drar ig\u00e5ng med veckans bana och kurser b\u00e5de f\u00f6r vuxna och barn -\" \/>\n<meta property=\"og:description\" content=\"Efter ett mindre uppeh\u00e5ll p\u00e5 grund av mycket och ov\u00e4ntad sn\u00f6 \u00e4r vi nu p\u00e5 g\u00e5ng igen med veckans orienteringsbana. Se \u00e4ven orienteringskurser som startar 22 respektive 25 april.\" \/>\n<meta property=\"og:url\" content=\"https:\/\/hellasgarden.se\/ru\/orienteringssasongen-drar-igang-med-veckans-bana-och-kurser-bade-for-vuxna-och-barn\/\" \/>\n<meta property=\"og:site_name\" content=\"Hellasg\u00e5rden\" \/>\n<meta property=\"article:modified_time\" content=\"2023-04-05T08:44:37+00:00\" \/>\n<meta property=\"og:image\" content=\"https:\/\/hellasgarden.se\/wp-content\/uploads\/2022\/03\/orientering-kurs-och-veckans-bana.jpg\" \/>\n\t<meta property=\"og:image:width\" content=\"640\" \/>\n\t<meta property=\"og:image:height\" content=\"426\" \/>\n\t<meta property=\"og:image:type\" content=\"image\/jpeg\" \/>\n<meta name=\"twitter:card\" content=\"summary_large_image\" \/>\n<meta name=\"twitter:label1\" content=\"\u041f\u0440\u0438\u043c\u0435\u0440\u043d\u043e\u0435 \u0432\u0440\u0435\u043c\u044f \u0434\u043b\u044f \u0447\u0442\u0435\u043d\u0438\u044f\" \/>\n\t<meta name=\"twitter:data1\" content=\"1 \u043c\u0438\u043d\u0443\u0442\u0430\" \/>\n<script type=\"application\/ld+json\" class=\"yoast-schema-graph\">{\"@context\":\"https:\/\/schema.org\",\"@graph\":[{\"@type\":\"WebPage\",\"@id\":\"https:\/\/hellasgarden.se\/orienteringssasongen-drar-igang-med-veckans-bana-och-kurser-bade-for-vuxna-och-barn\/\",\"url\":\"https:\/\/hellasgarden.se\/orienteringssasongen-drar-igang-med-veckans-bana-och-kurser-bade-for-vuxna-och-barn\/\",\"name\":\"Orienteringss\u00e4songen drar ig\u00e5ng med veckans bana och kurser b\u00e5de f\u00f6r vuxna och barn -\",\"isPartOf\":{\"@id\":\"https:\/\/hellasgarden.se\/#website\"},\"datePublished\":\"2023-04-05T08:43:18+00:00\",\"dateModified\":\"2023-04-05T08:44:37+00:00\",\"description\":\"Efter ett mindre uppeh\u00e5ll p\u00e5 grund av mycket och ov\u00e4ntad sn\u00f6 \u00e4r vi nu p\u00e5 g\u00e5ng igen med veckans orienteringsbana. Se \u00e4ven orienteringskurser som startar 22 respektive 25 april.\",\"breadcrumb\":{\"@id\":\"https:\/\/hellasgarden.se\/orienteringssasongen-drar-igang-med-veckans-bana-och-kurser-bade-for-vuxna-och-barn\/#breadcrumb\"},\"inLanguage\":\"ru-RU\",\"potentialAction\":[{\"@type\":\"ReadAction\",\"target\":[\"https:\/\/hellasgarden.se\/orienteringssasongen-drar-igang-med-veckans-bana-och-kurser-bade-for-vuxna-och-barn\/\"]}]},{\"@type\":\"BreadcrumbList\",\"@id\":\"https:\/\/hellasgarden.se\/orienteringssasongen-drar-igang-med-veckans-bana-och-kurser-bade-for-vuxna-och-barn\/#breadcrumb\",\"itemListElement\":[{\"@type\":\"ListItem\",\"position\":1,\"name\":\"Hem\",\"item\":\"https:\/\/hellasgarden.se\/\"},{\"@type\":\"ListItem\",\"position\":2,\"name\":\"Orienteringss\u00e4songen drar ig\u00e5ng med veckans bana och kurser b\u00e5de f\u00f6r vuxna och barn\"}]},{\"@type\":\"WebSite\",\"@id\":\"https:\/\/hellasgarden.se\/#website\",\"url\":\"https:\/\/hellasgarden.se\/\",\"name\":\"Hellasg\u00e5rden\",\"description\":\"Din port till naturen\",\"potentialAction\":[{\"@type\":\"SearchAction\",\"target\":{\"@type\":\"EntryPoint\",\"urlTemplate\":\"https:\/\/hellasgarden.se\/?s={search_term_string}\"},\"query-input\":\"required name=search_term_string\"}],\"inLanguage\":\"ru-RU\"}]}<\/script>\n<!-- \/ Yoast SEO plugin. -->","yoast_head_json":{"title":"Orienteringss\u00e4songen drar ig\u00e5ng med veckans bana och kurser b\u00e5de f\u00f6r vuxna och barn -","description":"Efter ett mindre uppeh\u00e5ll p\u00e5 grund av mycket och ov\u00e4ntad sn\u00f6 \u00e4r vi nu p\u00e5 g\u00e5ng igen med veckans orienteringsbana. Se \u00e4ven orienteringskurser som startar 22 respektive 25 april.","robots":{"index":"index","follow":"follow","max-snippet":"max-snippet:-1","max-image-preview":"max-image-preview:large","max-video-preview":"max-video-preview:-1"},"canonical":"https:\/\/hellasgarden.se\/ru\/orienteringssasongen-drar-igang-med-veckans-bana-och-kurser-bade-for-vuxna-och-barn\/","og_locale":"ru_RU","og_type":"article","og_title":"Orienteringss\u00e4songen drar ig\u00e5ng med veckans bana och kurser b\u00e5de f\u00f6r vuxna och barn -","og_description":"Efter ett mindre uppeh\u00e5ll p\u00e5 grund av mycket och ov\u00e4ntad sn\u00f6 \u00e4r vi nu p\u00e5 g\u00e5ng igen med veckans orienteringsbana. Se \u00e4ven orienteringskurser som startar 22 respektive 25 april.","og_url":"https:\/\/hellasgarden.se\/ru\/orienteringssasongen-drar-igang-med-veckans-bana-och-kurser-bade-for-vuxna-och-barn\/","og_site_name":"Hellasg\u00e5rden","article_modified_time":"2023-04-05T08:44:37+00:00","og_image":[{"width":640,"height":426,"url":"https:\/\/hellasgarden.se\/wp-content\/uploads\/2022\/03\/orientering-kurs-och-veckans-bana.jpg","type":"image\/jpeg"}],"twitter_card":"summary_large_image","twitter_misc":{"\u041f\u0440\u0438\u043c\u0435\u0440\u043d\u043e\u0435 \u0432\u0440\u0435\u043c\u044f \u0434\u043b\u044f \u0447\u0442\u0435\u043d\u0438\u044f":"1 \u043c\u0438\u043d\u0443\u0442\u0430"},"schema":{"@context":"https:\/\/schema.org","@graph":[{"@type":"WebPage","@id":"https:\/\/hellasgarden.se\/orienteringssasongen-drar-igang-med-veckans-bana-och-kurser-bade-for-vuxna-och-barn\/","url":"https:\/\/hellasgarden.se\/orienteringssasongen-drar-igang-med-veckans-bana-och-kurser-bade-for-vuxna-och-barn\/","name":"Orienteringss\u00e4songen drar ig\u00e5ng med veckans bana och kurser b\u00e5de f\u00f6r vuxna och barn -","isPartOf":{"@id":"https:\/\/hellasgarden.se\/#website"},"datePublished":"2023-04-05T08:43:18+00:00","dateModified":"2023-04-05T08:44:37+00:00","description":"Efter ett mindre uppeh\u00e5ll p\u00e5 grund av mycket och ov\u00e4ntad sn\u00f6 \u00e4r vi nu p\u00e5 g\u00e5ng igen med veckans orienteringsbana. Se \u00e4ven orienteringskurser som startar 22 respektive 25 april.","breadcrumb":{"@id":"https:\/\/hellasgarden.se\/orienteringssasongen-drar-igang-med-veckans-bana-och-kurser-bade-for-vuxna-och-barn\/#breadcrumb"},"inLanguage":"ru-RU","potentialAction":[{"@type":"ReadAction","target":["https:\/\/hellasgarden.se\/orienteringssasongen-drar-igang-med-veckans-bana-och-kurser-bade-for-vuxna-och-barn\/"]}]},{"@type":"BreadcrumbList","@id":"https:\/\/hellasgarden.se\/orienteringssasongen-drar-igang-med-veckans-bana-och-kurser-bade-for-vuxna-och-barn\/#breadcrumb","itemListElement":[{"@type":"ListItem","position":1,"name":"Hem","item":"https:\/\/hellasgarden.se\/"},{"@type":"ListItem","position":2,"name":"Orienteringss\u00e4songen drar ig\u00e5ng med veckans bana och kurser b\u00e5de f\u00f6r vuxna och barn"}]},{"@type":"WebSite","@id":"https:\/\/hellasgarden.se\/#website","url":"https:\/\/hellasgarden.se\/","name":"Hellasg\u00e5rden","description":"Din port till naturen","potentialAction":[{"@type":"SearchAction","target":{"@type":"EntryPoint","urlTemplate":"https:\/\/hellasgarden.se\/?s={search_term_string}"},"query-input":"required name=search_term_string"}],"inLanguage":"ru-RU"}]}},"_links":{"self":[{"href":"https:\/\/hellasgarden.se\/ru\/wp-json\/wp\/v2\/pages\/44698"}],"collection":[{"href":"https:\/\/hellasgarden.se\/ru\/wp-json\/wp\/v2\/pages"}],"about":[{"href":"https:\/\/hellasgarden.se\/ru\/wp-json\/wp\/v2\/types\/page"}],"author":[{"embeddable":true,"href":"https:\/\/hellasgarden.se\/ru\/wp-json\/wp\/v2\/users\/1"}],"replies":[{"embeddable":true,"href":"https:\/\/hellasgarden.se\/ru\/wp-json\/wp\/v2\/comments?post=44698"}],"version-history":[{"count":2,"href":"https:\/\/hellasgarden.se\/ru\/wp-json\/wp\/v2\/pages\/44698\/revisions"}],"predecessor-version":[{"id":44701,"href":"https:\/\/hellasgarden.se\/ru\/wp-json\/wp\/v2\/pages\/44698\/revisions\/44701"}],"wp:featuredmedia":[{"embeddable":true,"href":"https:\/\/hellasgarden.se\/ru\/wp-json\/wp\/v2\/media\/43680"}],"wp:attachment":[{"href":"https:\/\/hellasgarden.se\/ru\/wp-json\/wp\/v2\/media?parent=44698"}],"curies":[{"name":"wp","href":"https:\/\/api.w.org\/{rel}","templated":true}]}}