{"id":44197,"date":"2022-09-23T09:57:17","date_gmt":"2022-09-23T07:57:17","guid":{"rendered":"https:\/\/hellasgarden.se\/?page_id=44197"},"modified":"2025-03-11T09:10:00","modified_gmt":"2025-03-11T08:10:00","slug":"gym-nacka","status":"publish","type":"page","link":"https:\/\/hellasgarden.se\/ru\/aktiviteter\/gym-nacka\/","title":{"rendered":"\u0422\u0440\u0435\u043d\u0430\u0436\u0435\u0440\u043d\u044b\u0439 \u0437\u0430\u043b"},"content":{"rendered":"<div id=\"cs-content\" class=\"cs-content\"><\/div>","protected":false},"excerpt":{"rendered":"<p>\u0422\u0440\u0435\u043d\u0430\u0436\u0435\u0440\u043d\u044b\u0439 \u0437\u0430\u043b HomeGym \u0441\u043e \u0432\u0441\u0435\u043c\u0438 \u0441\u0430\u043c\u044b\u043c\u0438 \u0432\u0430\u0436\u043d\u044b\u043c\u0438 \u0442\u0440\u0435\u043d\u0430\u0436\u0435\u0440\u0430\u043c\u0438 (\u0438 \u043d\u0435\u043f\u0440\u0438\u0442\u044f\u0437\u0430\u0442\u0435\u043b\u044c\u043d\u044b\u043c \u0447\u0443\u0432\u0441\u0442\u0432\u043e\u043c \u0420\u043e\u043a\u043a\u0438)\u041d\u0430\u0448 \u0442\u0440\u0435\u043d\u0430\u0436\u0435\u0440\u043d\u044b\u0439 \u0437\u0430\u043b - \u044d\u0442\u043e \u043e\u0430\u0437\u0438\u0441 \u0434\u043b\u044f \u0442\u0435\u0445, \u043a\u0442\u043e \u0438\u0449\u0435\u0442 \u0442\u0440\u0435\u043d\u0430\u0436\u0435\u0440\u043d\u044b\u0439 \u0437\u0430\u043b \u0432 \u041d\u0430\u043a\u043a\u0435 \u0438\u043b\u0438 \u0421\u0442\u043e\u043a\u0433\u043e\u043b\u044c\u043c\u0435 \u0438 \u0445\u043e\u0447\u0435\u0442 \u0438\u043c\u0435\u0442\u044c \u0434\u043e\u0441\u0442\u0443\u043f \u043a\u043e \u0432\u0441\u0435\u043c ... <\/p>\n<div><a href=\"https:\/\/hellasgarden.se\/ru\/aktiviteter\/gym-nacka\/\" class=\"more-link\">\u0427\u0438\u0442\u0430\u0442\u044c \u0434\u0430\u043b\u0435\u0435<\/a><\/div>","protected":false},"author":1,"featured_media":0,"parent":213,"menu_order":0,"comment_status":"closed","ping_status":"closed","template":"template-blank-4.php","meta":{"_monsterinsights_skip_tracking":false,"_monsterinsights_sitenote_active":false,"_monsterinsights_sitenote_note":"","_monsterinsights_sitenote_category":0},"yoast_head":"<!-- This site is optimized with the Yoast SEO plugin v21.8.1 - https:\/\/yoast.com\/wordpress\/plugins\/seo\/ -->\n<title>Gym i Nacka i vacker milj\u00f6 - Hellasg\u00e5rden<\/title>\n<meta name=\"description\" content=\"I v\u00e5rt gym p\u00e5 Hellasg\u00e5rden i Nacka m\u00f6ter du en sk\u00f6n atmosf\u00e4r d\u00e4r viljan att tr\u00e4na sitter i v\u00e4ggarna sedan \u00e5rtionden.\" \/>\n<meta name=\"robots\" content=\"index, follow, max-snippet:-1, max-image-preview:large, max-video-preview:-1\" \/>\n<link rel=\"canonical\" href=\"https:\/\/hellasgarden.se\/ru\/aktiviteter\/gym-nacka\/\" \/>\n<meta property=\"og:locale\" content=\"ru_RU\" \/>\n<meta property=\"og:type\" content=\"article\" \/>\n<meta property=\"og:title\" content=\"Gym i Nacka i vacker milj\u00f6 - Hellasg\u00e5rden\" \/>\n<meta property=\"og:description\" content=\"I v\u00e5rt gym p\u00e5 Hellasg\u00e5rden i Nacka m\u00f6ter du en sk\u00f6n atmosf\u00e4r d\u00e4r viljan att tr\u00e4na sitter i v\u00e4ggarna sedan \u00e5rtionden.\" \/>\n<meta property=\"og:url\" content=\"https:\/\/hellasgarden.se\/ru\/aktiviteter\/gym-nacka\/\" \/>\n<meta property=\"og:site_name\" content=\"Hellasg\u00e5rden\" \/>\n<meta property=\"article:modified_time\" content=\"2025-03-11T08:10:00+00:00\" \/>\n<meta property=\"og:image\" content=\"http:\/\/hellasgarden.se\/wp-content\/uploads\/2025\/03\/musik-gym-hellas.jpg\" \/>\n<meta name=\"twitter:card\" content=\"summary_large_image\" \/>\n<meta name=\"twitter:label1\" content=\"\u041f\u0440\u0438\u043c\u0435\u0440\u043d\u043e\u0435 \u0432\u0440\u0435\u043c\u044f \u0434\u043b\u044f \u0447\u0442\u0435\u043d\u0438\u044f\" \/>\n\t<meta name=\"twitter:data1\" content=\"3 \u043c\u0438\u043d\u0443\u0442\u044b\" \/>\n<script type=\"application\/ld+json\" class=\"yoast-schema-graph\">{\"@context\":\"https:\/\/schema.org\",\"@graph\":[{\"@type\":\"WebPage\",\"@id\":\"https:\/\/hellasgarden.se\/fr\/aktiviteter\/gym-nacka\/\",\"url\":\"https:\/\/hellasgarden.se\/fr\/aktiviteter\/gym-nacka\/\",\"name\":\"Gym i Nacka i vacker milj\u00f6 - Hellasg\u00e5rden\",\"isPartOf\":{\"@id\":\"https:\/\/hellasgarden.se\/#website\"},\"datePublished\":\"2022-09-23T07:57:17+00:00\",\"dateModified\":\"2025-03-11T08:10:00+00:00\",\"description\":\"I v\u00e5rt gym p\u00e5 Hellasg\u00e5rden i Nacka m\u00f6ter du en sk\u00f6n atmosf\u00e4r d\u00e4r viljan att tr\u00e4na sitter i v\u00e4ggarna sedan \u00e5rtionden.\",\"breadcrumb\":{\"@id\":\"https:\/\/hellasgarden.se\/fr\/aktiviteter\/gym-nacka\/#breadcrumb\"},\"inLanguage\":\"ru-RU\",\"potentialAction\":[{\"@type\":\"ReadAction\",\"target\":[\"https:\/\/hellasgarden.se\/fr\/aktiviteter\/gym-nacka\/\"]}]},{\"@type\":\"BreadcrumbList\",\"@id\":\"https:\/\/hellasgarden.se\/fr\/aktiviteter\/gym-nacka\/#breadcrumb\",\"itemListElement\":[{\"@type\":\"ListItem\",\"position\":1,\"name\":\"Hem\",\"item\":\"https:\/\/hellasgarden.se\/\"},{\"@type\":\"ListItem\",\"position\":2,\"name\":\"Aktiviteter\",\"item\":\"https:\/\/hellasgarden.se\/aktiviteter\/\"},{\"@type\":\"ListItem\",\"position\":3,\"name\":\"Gym\"}]},{\"@type\":\"WebSite\",\"@id\":\"https:\/\/hellasgarden.se\/#website\",\"url\":\"https:\/\/hellasgarden.se\/\",\"name\":\"Hellasg\u00e5rden\",\"description\":\"Din port till naturen\",\"potentialAction\":[{\"@type\":\"SearchAction\",\"target\":{\"@type\":\"EntryPoint\",\"urlTemplate\":\"https:\/\/hellasgarden.se\/?s={search_term_string}\"},\"query-input\":\"required name=search_term_string\"}],\"inLanguage\":\"ru-RU\"}]}<\/script>\n<!-- \/ Yoast SEO plugin. -->","yoast_head_json":{"title":"Gym i Nacka i vacker milj\u00f6 - Hellasg\u00e5rden","description":"I v\u00e5rt gym p\u00e5 Hellasg\u00e5rden i Nacka m\u00f6ter du en sk\u00f6n atmosf\u00e4r d\u00e4r viljan att tr\u00e4na sitter i v\u00e4ggarna sedan \u00e5rtionden.","robots":{"index":"index","follow":"follow","max-snippet":"max-snippet:-1","max-image-preview":"max-image-preview:large","max-video-preview":"max-video-preview:-1"},"canonical":"https:\/\/hellasgarden.se\/ru\/aktiviteter\/gym-nacka\/","og_locale":"ru_RU","og_type":"article","og_title":"Gym i Nacka i vacker milj\u00f6 - Hellasg\u00e5rden","og_description":"I v\u00e5rt gym p\u00e5 Hellasg\u00e5rden i Nacka m\u00f6ter du en sk\u00f6n atmosf\u00e4r d\u00e4r viljan att tr\u00e4na sitter i v\u00e4ggarna sedan \u00e5rtionden.","og_url":"https:\/\/hellasgarden.se\/ru\/aktiviteter\/gym-nacka\/","og_site_name":"Hellasg\u00e5rden","article_modified_time":"2025-03-11T08:10:00+00:00","og_image":[{"url":"http:\/\/hellasgarden.se\/wp-content\/uploads\/2025\/03\/musik-gym-hellas.jpg"}],"twitter_card":"summary_large_image","twitter_misc":{"\u041f\u0440\u0438\u043c\u0435\u0440\u043d\u043e\u0435 \u0432\u0440\u0435\u043c\u044f \u0434\u043b\u044f \u0447\u0442\u0435\u043d\u0438\u044f":"3 \u043c\u0438\u043d\u0443\u0442\u044b"},"schema":{"@context":"https:\/\/schema.org","@graph":[{"@type":"WebPage","@id":"https:\/\/hellasgarden.se\/fr\/aktiviteter\/gym-nacka\/","url":"https:\/\/hellasgarden.se\/fr\/aktiviteter\/gym-nacka\/","name":"Gym i Nacka i vacker milj\u00f6 - Hellasg\u00e5rden","isPartOf":{"@id":"https:\/\/hellasgarden.se\/#website"},"datePublished":"2022-09-23T07:57:17+00:00","dateModified":"2025-03-11T08:10:00+00:00","description":"I v\u00e5rt gym p\u00e5 Hellasg\u00e5rden i Nacka m\u00f6ter du en sk\u00f6n atmosf\u00e4r d\u00e4r viljan att tr\u00e4na sitter i v\u00e4ggarna sedan \u00e5rtionden.","breadcrumb":{"@id":"https:\/\/hellasgarden.se\/fr\/aktiviteter\/gym-nacka\/#breadcrumb"},"inLanguage":"ru-RU","potentialAction":[{"@type":"ReadAction","target":["https:\/\/hellasgarden.se\/fr\/aktiviteter\/gym-nacka\/"]}]},{"@type":"BreadcrumbList","@id":"https:\/\/hellasgarden.se\/fr\/aktiviteter\/gym-nacka\/#breadcrumb","itemListElement":[{"@type":"ListItem","position":1,"name":"Hem","item":"https:\/\/hellasgarden.se\/"},{"@type":"ListItem","position":2,"name":"Aktiviteter","item":"https:\/\/hellasgarden.se\/aktiviteter\/"},{"@type":"ListItem","position":3,"name":"Gym"}]},{"@type":"WebSite","@id":"https:\/\/hellasgarden.se\/#website","url":"https:\/\/hellasgarden.se\/","name":"Hellasg\u00e5rden","description":"Din port till naturen","potentialAction":[{"@type":"SearchAction","target":{"@type":"EntryPoint","urlTemplate":"https:\/\/hellasgarden.se\/?s={search_term_string}"},"query-input":"required name=search_term_string"}],"inLanguage":"ru-RU"}]}},"_links":{"self":[{"href":"https:\/\/hellasgarden.se\/ru\/wp-json\/wp\/v2\/pages\/44197"}],"collection":[{"href":"https:\/\/hellasgarden.se\/ru\/wp-json\/wp\/v2\/pages"}],"about":[{"href":"https:\/\/hellasgarden.se\/ru\/wp-json\/wp\/v2\/types\/page"}],"author":[{"embeddable":true,"href":"https:\/\/hellasgarden.se\/ru\/wp-json\/wp\/v2\/users\/1"}],"replies":[{"embeddable":true,"href":"https:\/\/hellasgarden.se\/ru\/wp-json\/wp\/v2\/comments?post=44197"}],"version-history":[{"count":11,"href":"https:\/\/hellasgarden.se\/ru\/wp-json\/wp\/v2\/pages\/44197\/revisions"}],"predecessor-version":[{"id":46323,"href":"https:\/\/hellasgarden.se\/ru\/wp-json\/wp\/v2\/pages\/44197\/revisions\/46323"}],"up":[{"embeddable":true,"href":"https:\/\/hellasgarden.se\/ru\/wp-json\/wp\/v2\/pages\/213"}],"wp:attachment":[{"href":"https:\/\/hellasgarden.se\/ru\/wp-json\/wp\/v2\/media?parent=44197"}],"curies":[{"name":"wp","href":"https:\/\/api.w.org\/{rel}","templated":true}]}}