{"id":43086,"date":"2021-09-16T10:45:00","date_gmt":"2021-09-16T08:45:00","guid":{"rendered":"https:\/\/hellasgarden.se\/?page_id=43086"},"modified":"2026-03-30T11:56:37","modified_gmt":"2026-03-30T09:56:37","slug":"rullskidor","status":"publish","type":"page","link":"https:\/\/hellasgarden.se\/ru\/aktiviteter\/rullskidor\/","title":{"rendered":"\u041a\u0430\u0442\u0430\u043d\u0438\u0435 \u043d\u0430 \u0440\u043e\u043b\u0438\u043a\u043e\u0432\u044b\u0445 \u043b\u044b\u0436\u0430\u0445"},"content":{"rendered":"<div id=\"cs-content\" class=\"cs-content\"><\/div>","protected":false},"excerpt":{"rendered":"<p>RullskidorHemHyr komplett rullskidutrustning(2026-03-30) G\u00e5ngv\u00e4gen intill Hellasg\u00e5rden passar mycket bra f\u00f6r rullskidor, och anv\u00e4nds av m\u00e5nga Vasalopps\u00e5kare. G\u00e5ngv\u00e4gen \u00e4r nu sopad efter vintern. Hos oss kan du hyra komplett utrustning f\u00f6r &#8230; <\/p>\n<div><a href=\"https:\/\/hellasgarden.se\/ru\/aktiviteter\/rullskidor\/\" class=\"more-link\">\u0427\u0438\u0442\u0430\u0442\u044c \u0434\u0430\u043b\u0435\u0435<\/a><\/div>","protected":false},"author":1,"featured_media":0,"parent":213,"menu_order":0,"comment_status":"closed","ping_status":"closed","template":"template-blank-4.php","meta":{"_monsterinsights_skip_tracking":false,"_monsterinsights_sitenote_active":false,"_monsterinsights_sitenote_note":"","_monsterinsights_sitenote_category":0},"yoast_head":"<!-- This site is optimized with the Yoast SEO plugin v21.8.1 - https:\/\/yoast.com\/wordpress\/plugins\/seo\/ -->\n<title>Rullskidor - Hellasg\u00e5rden<\/title>\n<meta name=\"robots\" content=\"index, follow, max-snippet:-1, max-image-preview:large, max-video-preview:-1\" \/>\n<link rel=\"canonical\" href=\"https:\/\/hellasgarden.se\/ru\/aktiviteter\/rullskidor\/\" \/>\n<meta property=\"og:locale\" content=\"ru_RU\" \/>\n<meta property=\"og:type\" content=\"article\" \/>\n<meta property=\"og:title\" content=\"Rullskidor - Hellasg\u00e5rden\" \/>\n<meta property=\"og:description\" content=\"RullskidorHemHyr komplett rullskidutrustning(2026-03-30) G\u00e5ngv\u00e4gen intill Hellasg\u00e5rden passar mycket bra f\u00f6r rullskidor, och anv\u00e4nds av m\u00e5nga Vasalopps\u00e5kare. G\u00e5ngv\u00e4gen \u00e4r nu sopad efter vintern. Hos oss kan du hyra komplett utrustning f\u00f6r ... Read More\" \/>\n<meta property=\"og:url\" content=\"https:\/\/hellasgarden.se\/ru\/aktiviteter\/rullskidor\/\" \/>\n<meta property=\"og:site_name\" content=\"Hellasg\u00e5rden\" \/>\n<meta property=\"article:modified_time\" content=\"2026-03-30T09:56:37+00:00\" \/>\n<meta name=\"twitter:card\" content=\"summary_large_image\" \/>\n<meta name=\"twitter:label1\" content=\"\u041f\u0440\u0438\u043c\u0435\u0440\u043d\u043e\u0435 \u0432\u0440\u0435\u043c\u044f \u0434\u043b\u044f \u0447\u0442\u0435\u043d\u0438\u044f\" \/>\n\t<meta name=\"twitter:data1\" content=\"2 \u043c\u0438\u043d\u0443\u0442\u044b\" \/>\n<script type=\"application\/ld+json\" class=\"yoast-schema-graph\">{\"@context\":\"https:\/\/schema.org\",\"@graph\":[{\"@type\":\"WebPage\",\"@id\":\"https:\/\/hellasgarden.se\/aktiviteter\/rullskidor\/\",\"url\":\"https:\/\/hellasgarden.se\/aktiviteter\/rullskidor\/\",\"name\":\"Rullskidor - Hellasg\u00e5rden\",\"isPartOf\":{\"@id\":\"https:\/\/hellasgarden.se\/#website\"},\"datePublished\":\"2021-09-16T08:45:00+00:00\",\"dateModified\":\"2026-03-30T09:56:37+00:00\",\"breadcrumb\":{\"@id\":\"https:\/\/hellasgarden.se\/aktiviteter\/rullskidor\/#breadcrumb\"},\"inLanguage\":\"ru-RU\",\"potentialAction\":[{\"@type\":\"ReadAction\",\"target\":[\"https:\/\/hellasgarden.se\/aktiviteter\/rullskidor\/\"]}]},{\"@type\":\"BreadcrumbList\",\"@id\":\"https:\/\/hellasgarden.se\/aktiviteter\/rullskidor\/#breadcrumb\",\"itemListElement\":[{\"@type\":\"ListItem\",\"position\":1,\"name\":\"Hem\",\"item\":\"https:\/\/hellasgarden.se\/\"},{\"@type\":\"ListItem\",\"position\":2,\"name\":\"Aktiviteter\",\"item\":\"https:\/\/hellasgarden.se\/aktiviteter\/\"},{\"@type\":\"ListItem\",\"position\":3,\"name\":\"Rullskidor\"}]},{\"@type\":\"WebSite\",\"@id\":\"https:\/\/hellasgarden.se\/#website\",\"url\":\"https:\/\/hellasgarden.se\/\",\"name\":\"Hellasg\u00e5rden\",\"description\":\"Din port till naturen\",\"potentialAction\":[{\"@type\":\"SearchAction\",\"target\":{\"@type\":\"EntryPoint\",\"urlTemplate\":\"https:\/\/hellasgarden.se\/?s={search_term_string}\"},\"query-input\":\"required name=search_term_string\"}],\"inLanguage\":\"ru-RU\"}]}<\/script>\n<!-- \/ Yoast SEO plugin. -->","yoast_head_json":{"title":"Rullskidor - Hellasg\u00e5rden","robots":{"index":"index","follow":"follow","max-snippet":"max-snippet:-1","max-image-preview":"max-image-preview:large","max-video-preview":"max-video-preview:-1"},"canonical":"https:\/\/hellasgarden.se\/ru\/aktiviteter\/rullskidor\/","og_locale":"ru_RU","og_type":"article","og_title":"Rullskidor - Hellasg\u00e5rden","og_description":"RullskidorHemHyr komplett rullskidutrustning(2026-03-30) G\u00e5ngv\u00e4gen intill Hellasg\u00e5rden passar mycket bra f\u00f6r rullskidor, och anv\u00e4nds av m\u00e5nga Vasalopps\u00e5kare. G\u00e5ngv\u00e4gen \u00e4r nu sopad efter vintern. Hos oss kan du hyra komplett utrustning f\u00f6r ... Read More","og_url":"https:\/\/hellasgarden.se\/ru\/aktiviteter\/rullskidor\/","og_site_name":"Hellasg\u00e5rden","article_modified_time":"2026-03-30T09:56:37+00:00","twitter_card":"summary_large_image","twitter_misc":{"\u041f\u0440\u0438\u043c\u0435\u0440\u043d\u043e\u0435 \u0432\u0440\u0435\u043c\u044f \u0434\u043b\u044f \u0447\u0442\u0435\u043d\u0438\u044f":"2 \u043c\u0438\u043d\u0443\u0442\u044b"},"schema":{"@context":"https:\/\/schema.org","@graph":[{"@type":"WebPage","@id":"https:\/\/hellasgarden.se\/aktiviteter\/rullskidor\/","url":"https:\/\/hellasgarden.se\/aktiviteter\/rullskidor\/","name":"Rullskidor - Hellasg\u00e5rden","isPartOf":{"@id":"https:\/\/hellasgarden.se\/#website"},"datePublished":"2021-09-16T08:45:00+00:00","dateModified":"2026-03-30T09:56:37+00:00","breadcrumb":{"@id":"https:\/\/hellasgarden.se\/aktiviteter\/rullskidor\/#breadcrumb"},"inLanguage":"ru-RU","potentialAction":[{"@type":"ReadAction","target":["https:\/\/hellasgarden.se\/aktiviteter\/rullskidor\/"]}]},{"@type":"BreadcrumbList","@id":"https:\/\/hellasgarden.se\/aktiviteter\/rullskidor\/#breadcrumb","itemListElement":[{"@type":"ListItem","position":1,"name":"Hem","item":"https:\/\/hellasgarden.se\/"},{"@type":"ListItem","position":2,"name":"Aktiviteter","item":"https:\/\/hellasgarden.se\/aktiviteter\/"},{"@type":"ListItem","position":3,"name":"Rullskidor"}]},{"@type":"WebSite","@id":"https:\/\/hellasgarden.se\/#website","url":"https:\/\/hellasgarden.se\/","name":"Hellasg\u00e5rden","description":"Din port till naturen","potentialAction":[{"@type":"SearchAction","target":{"@type":"EntryPoint","urlTemplate":"https:\/\/hellasgarden.se\/?s={search_term_string}"},"query-input":"required name=search_term_string"}],"inLanguage":"ru-RU"}]}},"_links":{"self":[{"href":"https:\/\/hellasgarden.se\/ru\/wp-json\/wp\/v2\/pages\/43086"}],"collection":[{"href":"https:\/\/hellasgarden.se\/ru\/wp-json\/wp\/v2\/pages"}],"about":[{"href":"https:\/\/hellasgarden.se\/ru\/wp-json\/wp\/v2\/types\/page"}],"author":[{"embeddable":true,"href":"https:\/\/hellasgarden.se\/ru\/wp-json\/wp\/v2\/users\/1"}],"replies":[{"embeddable":true,"href":"https:\/\/hellasgarden.se\/ru\/wp-json\/wp\/v2\/comments?post=43086"}],"version-history":[{"count":20,"href":"https:\/\/hellasgarden.se\/ru\/wp-json\/wp\/v2\/pages\/43086\/revisions"}],"predecessor-version":[{"id":46804,"href":"https:\/\/hellasgarden.se\/ru\/wp-json\/wp\/v2\/pages\/43086\/revisions\/46804"}],"up":[{"embeddable":true,"href":"https:\/\/hellasgarden.se\/ru\/wp-json\/wp\/v2\/pages\/213"}],"wp:attachment":[{"href":"https:\/\/hellasgarden.se\/ru\/wp-json\/wp\/v2\/media?parent=43086"}],"curies":[{"name":"wp","href":"https:\/\/api.w.org\/{rel}","templated":true}]}}