{"id":3107,"date":"2020-05-13T15:34:59","date_gmt":"2020-05-13T13:34:59","guid":{"rendered":"http:\/\/hellasgarden.se\/?page_id=3107"},"modified":"2024-06-19T11:44:38","modified_gmt":"2024-06-19T09:44:38","slug":"swimrun","status":"publish","type":"page","link":"https:\/\/hellasgarden.se\/ru\/aktiviteter\/swimrun\/","title":{"rendered":"Swimrun"},"content":{"rendered":"<div id=\"cs-content\" class=\"cs-content\"><\/div>","protected":false},"excerpt":{"rendered":"<p>Swimrun HomeStockholm \u0426\u0435\u043d\u0442\u0440 Swimrun \u0432 Hellasg\u00e5rden \u0432 \u0421\u0442\u043e\u043a\u0433\u043e\u043b\u044c\u043c\u0435 \u0417\u0434\u0435\u0441\u044c \u0432\u044b \u043c\u043e\u0436\u0435\u0442\u0435 \u0441\u043a\u0430\u0447\u0430\u0442\u044c \u0434\u043e\u0440\u043e\u0436\u043a\u0443 \u0434\u043b\u044f \u043f\u043b\u0430\u0432\u0430\u043d\u0438\u044f \u0438 \u0432\u0441\u0435 \u0434\u0440\u0443\u0433\u0438\u0435 \u0434\u043e\u0440\u043e\u0436\u043a\u0438 \u0432 Hellasg\u00e5rden Swimrun \u0441\u0442\u0430\u043b \u0447\u0435\u043c-\u0442\u043e \u0432\u0440\u043e\u0434\u0435 \u043a\u043b\u0430\u0441\u0441\u0438\u0447\u0435\u0441\u043a\u043e\u0433\u043e \u0437\u0430\u043d\u044f\u0442\u0438\u044f \u0432 Hellasg\u00e5rden \u043f\u043e\u0441\u043b\u0435 ... <\/p>\n<div><a href=\"https:\/\/hellasgarden.se\/ru\/aktiviteter\/swimrun\/\" class=\"more-link\">\u0427\u0438\u0442\u0430\u0442\u044c \u0434\u0430\u043b\u0435\u0435<\/a><\/div>","protected":false},"author":1,"featured_media":0,"parent":213,"menu_order":1,"comment_status":"closed","ping_status":"closed","template":"template-blank-4.php","meta":{"_monsterinsights_skip_tracking":false,"_monsterinsights_sitenote_active":false,"_monsterinsights_sitenote_note":"","_monsterinsights_sitenote_category":0},"yoast_head":"<!-- This site is optimized with the Yoast SEO plugin v21.8.1 - https:\/\/yoast.com\/wordpress\/plugins\/seo\/ -->\n<title>Swimrun i Stockholm - Hellasg\u00e5rden<\/title>\n<meta name=\"description\" content=\"Swimrun har blivit n\u00e5got av en klassisk aktivitet vid Hellasg\u00e5rden efter att swimrunners fr\u00e5n Stockholm med omnejd har tr\u00e4nat och t\u00e4vlat h\u00e4r sedan sporten tog form i b\u00f6rjan av 2010-talet.\" \/>\n<meta name=\"robots\" content=\"index, follow, max-snippet:-1, max-image-preview:large, max-video-preview:-1\" \/>\n<link rel=\"canonical\" href=\"https:\/\/hellasgarden.se\/ru\/aktiviteter\/swimrun\/\" \/>\n<meta property=\"og:locale\" content=\"ru_RU\" \/>\n<meta property=\"og:type\" content=\"article\" \/>\n<meta property=\"og:title\" content=\"Swimrun i Stockholm - Hellasg\u00e5rden\" \/>\n<meta property=\"og:description\" content=\"Swimrun har blivit n\u00e5got av en klassisk aktivitet vid Hellasg\u00e5rden efter att swimrunners fr\u00e5n Stockholm med omnejd har tr\u00e4nat och t\u00e4vlat h\u00e4r sedan sporten tog form i b\u00f6rjan av 2010-talet.\" \/>\n<meta property=\"og:url\" content=\"https:\/\/hellasgarden.se\/ru\/aktiviteter\/swimrun\/\" \/>\n<meta property=\"og:site_name\" content=\"Hellasg\u00e5rden\" \/>\n<meta property=\"article:modified_time\" content=\"2024-06-19T09:44:38+00:00\" \/>\n<meta property=\"og:image\" content=\"http:\/\/hellasgarden.se\/wp-content\/uploads\/2024\/06\/spar-hellas-2024.jpg\" \/>\n<meta name=\"twitter:card\" content=\"summary_large_image\" \/>\n<meta name=\"twitter:label1\" content=\"\u041f\u0440\u0438\u043c\u0435\u0440\u043d\u043e\u0435 \u0432\u0440\u0435\u043c\u044f \u0434\u043b\u044f \u0447\u0442\u0435\u043d\u0438\u044f\" \/>\n\t<meta name=\"twitter:data1\" content=\"3 \u043c\u0438\u043d\u0443\u0442\u044b\" \/>\n<script type=\"application\/ld+json\" class=\"yoast-schema-graph\">{\"@context\":\"https:\/\/schema.org\",\"@graph\":[{\"@type\":\"WebPage\",\"@id\":\"https:\/\/hellasgarden.se\/aktiviteter\/swimrun\/\",\"url\":\"https:\/\/hellasgarden.se\/aktiviteter\/swimrun\/\",\"name\":\"Swimrun i Stockholm - Hellasg\u00e5rden\",\"isPartOf\":{\"@id\":\"https:\/\/hellasgarden.se\/#website\"},\"datePublished\":\"2020-05-13T13:34:59+00:00\",\"dateModified\":\"2024-06-19T09:44:38+00:00\",\"description\":\"Swimrun har blivit n\u00e5got av en klassisk aktivitet vid Hellasg\u00e5rden efter att swimrunners fr\u00e5n Stockholm med omnejd har tr\u00e4nat och t\u00e4vlat h\u00e4r sedan sporten tog form i b\u00f6rjan av 2010-talet.\",\"breadcrumb\":{\"@id\":\"https:\/\/hellasgarden.se\/aktiviteter\/swimrun\/#breadcrumb\"},\"inLanguage\":\"ru-RU\",\"potentialAction\":[{\"@type\":\"ReadAction\",\"target\":[\"https:\/\/hellasgarden.se\/aktiviteter\/swimrun\/\"]}]},{\"@type\":\"BreadcrumbList\",\"@id\":\"https:\/\/hellasgarden.se\/aktiviteter\/swimrun\/#breadcrumb\",\"itemListElement\":[{\"@type\":\"ListItem\",\"position\":1,\"name\":\"Hem\",\"item\":\"https:\/\/hellasgarden.se\/\"},{\"@type\":\"ListItem\",\"position\":2,\"name\":\"Aktiviteter\",\"item\":\"https:\/\/hellasgarden.se\/aktiviteter\/\"},{\"@type\":\"ListItem\",\"position\":3,\"name\":\"Swimrun\"}]},{\"@type\":\"WebSite\",\"@id\":\"https:\/\/hellasgarden.se\/#website\",\"url\":\"https:\/\/hellasgarden.se\/\",\"name\":\"Hellasg\u00e5rden\",\"description\":\"Din port till naturen\",\"potentialAction\":[{\"@type\":\"SearchAction\",\"target\":{\"@type\":\"EntryPoint\",\"urlTemplate\":\"https:\/\/hellasgarden.se\/?s={search_term_string}\"},\"query-input\":\"required name=search_term_string\"}],\"inLanguage\":\"ru-RU\"}]}<\/script>\n<!-- \/ Yoast SEO plugin. -->","yoast_head_json":{"title":"Swimrun i Stockholm - Hellasg\u00e5rden","description":"Swimrun har blivit n\u00e5got av en klassisk aktivitet vid Hellasg\u00e5rden efter att swimrunners fr\u00e5n Stockholm med omnejd har tr\u00e4nat och t\u00e4vlat h\u00e4r sedan sporten tog form i b\u00f6rjan av 2010-talet.","robots":{"index":"index","follow":"follow","max-snippet":"max-snippet:-1","max-image-preview":"max-image-preview:large","max-video-preview":"max-video-preview:-1"},"canonical":"https:\/\/hellasgarden.se\/ru\/aktiviteter\/swimrun\/","og_locale":"ru_RU","og_type":"article","og_title":"Swimrun i Stockholm - Hellasg\u00e5rden","og_description":"Swimrun har blivit n\u00e5got av en klassisk aktivitet vid Hellasg\u00e5rden efter att swimrunners fr\u00e5n Stockholm med omnejd har tr\u00e4nat och t\u00e4vlat h\u00e4r sedan sporten tog form i b\u00f6rjan av 2010-talet.","og_url":"https:\/\/hellasgarden.se\/ru\/aktiviteter\/swimrun\/","og_site_name":"Hellasg\u00e5rden","article_modified_time":"2024-06-19T09:44:38+00:00","og_image":[{"url":"http:\/\/hellasgarden.se\/wp-content\/uploads\/2024\/06\/spar-hellas-2024.jpg"}],"twitter_card":"summary_large_image","twitter_misc":{"\u041f\u0440\u0438\u043c\u0435\u0440\u043d\u043e\u0435 \u0432\u0440\u0435\u043c\u044f \u0434\u043b\u044f \u0447\u0442\u0435\u043d\u0438\u044f":"3 \u043c\u0438\u043d\u0443\u0442\u044b"},"schema":{"@context":"https:\/\/schema.org","@graph":[{"@type":"WebPage","@id":"https:\/\/hellasgarden.se\/aktiviteter\/swimrun\/","url":"https:\/\/hellasgarden.se\/aktiviteter\/swimrun\/","name":"Swimrun i Stockholm - Hellasg\u00e5rden","isPartOf":{"@id":"https:\/\/hellasgarden.se\/#website"},"datePublished":"2020-05-13T13:34:59+00:00","dateModified":"2024-06-19T09:44:38+00:00","description":"Swimrun har blivit n\u00e5got av en klassisk aktivitet vid Hellasg\u00e5rden efter att swimrunners fr\u00e5n Stockholm med omnejd har tr\u00e4nat och t\u00e4vlat h\u00e4r sedan sporten tog form i b\u00f6rjan av 2010-talet.","breadcrumb":{"@id":"https:\/\/hellasgarden.se\/aktiviteter\/swimrun\/#breadcrumb"},"inLanguage":"ru-RU","potentialAction":[{"@type":"ReadAction","target":["https:\/\/hellasgarden.se\/aktiviteter\/swimrun\/"]}]},{"@type":"BreadcrumbList","@id":"https:\/\/hellasgarden.se\/aktiviteter\/swimrun\/#breadcrumb","itemListElement":[{"@type":"ListItem","position":1,"name":"Hem","item":"https:\/\/hellasgarden.se\/"},{"@type":"ListItem","position":2,"name":"Aktiviteter","item":"https:\/\/hellasgarden.se\/aktiviteter\/"},{"@type":"ListItem","position":3,"name":"Swimrun"}]},{"@type":"WebSite","@id":"https:\/\/hellasgarden.se\/#website","url":"https:\/\/hellasgarden.se\/","name":"Hellasg\u00e5rden","description":"Din port till naturen","potentialAction":[{"@type":"SearchAction","target":{"@type":"EntryPoint","urlTemplate":"https:\/\/hellasgarden.se\/?s={search_term_string}"},"query-input":"required name=search_term_string"}],"inLanguage":"ru-RU"}]}},"_links":{"self":[{"href":"https:\/\/hellasgarden.se\/ru\/wp-json\/wp\/v2\/pages\/3107"}],"collection":[{"href":"https:\/\/hellasgarden.se\/ru\/wp-json\/wp\/v2\/pages"}],"about":[{"href":"https:\/\/hellasgarden.se\/ru\/wp-json\/wp\/v2\/types\/page"}],"author":[{"embeddable":true,"href":"https:\/\/hellasgarden.se\/ru\/wp-json\/wp\/v2\/users\/1"}],"replies":[{"embeddable":true,"href":"https:\/\/hellasgarden.se\/ru\/wp-json\/wp\/v2\/comments?post=3107"}],"version-history":[{"count":46,"href":"https:\/\/hellasgarden.se\/ru\/wp-json\/wp\/v2\/pages\/3107\/revisions"}],"predecessor-version":[{"id":45598,"href":"https:\/\/hellasgarden.se\/ru\/wp-json\/wp\/v2\/pages\/3107\/revisions\/45598"}],"up":[{"embeddable":true,"href":"https:\/\/hellasgarden.se\/ru\/wp-json\/wp\/v2\/pages\/213"}],"wp:attachment":[{"href":"https:\/\/hellasgarden.se\/ru\/wp-json\/wp\/v2\/media?parent=3107"}],"curies":[{"name":"wp","href":"https:\/\/api.w.org\/{rel}","templated":true}]}}