{"id":2600,"date":"2019-09-01T17:59:53","date_gmt":"2019-09-01T15:59:53","guid":{"rendered":"http:\/\/hellasgarden.se\/?page_id=2600"},"modified":"2019-10-07T16:53:14","modified_gmt":"2019-10-07T14:53:14","slug":"arrangemang","status":"publish","type":"page","link":"https:\/\/hellasgarden.se\/ru\/arrangemang\/","title":{"rendered":"\u0410\u0440\u0430\u043d\u0436\u0438\u0440\u043e\u0432\u043a\u0438"},"content":{"rendered":"<div id=\"cs-content\" class=\"cs-content\"><\/div>","protected":false},"excerpt":{"rendered":"<p>Kommande arrangemang 01 \u0410\u043f\u0440, 2026 &#8211; 01 \u0418\u044e\u043d, 2026 Aufguss &#8211; arombastu &#8211; p\u00e5 onsdagskv\u00e4llar Ongoing Hellasg\u00e5rdenHellasg\u00e5rden, 131 33 Nacka, Sverige \u041f\u043e\u0434\u0440\u043e\u0431\u043d\u0435\u0435 01 &#8211; 21 \u0410\u043f\u0440, 2026 L\u00e4r dig orientera &#8230; <\/p>\n<div><a href=\"https:\/\/hellasgarden.se\/ru\/events\/oppet-10-18\/\" class=\"more-link\">\u0427\u0438\u0442\u0430\u0442\u044c \u0434\u0430\u043b\u0435\u0435<\/a><\/div>","protected":false},"author":1,"featured_media":0,"parent":0,"menu_order":0,"comment_status":"closed","ping_status":"closed","template":"template-blank-4.php","meta":{"_monsterinsights_skip_tracking":false,"_monsterinsights_sitenote_active":false,"_monsterinsights_sitenote_note":"","_monsterinsights_sitenote_category":0},"yoast_head":"<!-- This site is optimized with the Yoast SEO plugin v21.8.1 - https:\/\/yoast.com\/wordpress\/plugins\/seo\/ -->\n<title>Arrangemang - Hellasg\u00e5rden<\/title>\n<meta name=\"robots\" content=\"index, follow, max-snippet:-1, max-image-preview:large, max-video-preview:-1\" \/>\n<link rel=\"canonical\" href=\"https:\/\/hellasgarden.se\/ru\/arrangemang\/\" \/>\n<meta property=\"og:locale\" content=\"ru_RU\" \/>\n<meta property=\"og:type\" content=\"article\" \/>\n<meta property=\"og:title\" content=\"Arrangemang - Hellasg\u00e5rden\" \/>\n<meta property=\"og:description\" content=\"Kommande arrangemang 01 \u0410\u043f\u0440, 2026 - 01 \u0418\u044e\u043d, 2026 Aufguss &#8211; arombastu &#8211; p\u00e5 onsdagskv\u00e4llar Ongoing Hellasg\u00e5rdenHellasg\u00e5rden, 131 33 Nacka, Sverige \u041f\u043e\u0434\u0440\u043e\u0431\u043d\u0435\u0435 01 - 21 \u0410\u043f\u0440, 2026 L\u00e4r dig orientera ... Read More\" \/>\n<meta property=\"og:url\" content=\"https:\/\/hellasgarden.se\/ru\/arrangemang\/\" \/>\n<meta property=\"og:site_name\" content=\"Hellasg\u00e5rden\" \/>\n<meta property=\"article:modified_time\" content=\"2019-10-07T14:53:14+00:00\" \/>\n<meta name=\"twitter:card\" content=\"summary_large_image\" \/>\n<script type=\"application\/ld+json\" class=\"yoast-schema-graph\">{\"@context\":\"https:\/\/schema.org\",\"@graph\":[{\"@type\":\"WebPage\",\"@id\":\"https:\/\/hellasgarden.se\/arrangemang\/\",\"url\":\"https:\/\/hellasgarden.se\/arrangemang\/\",\"name\":\"Arrangemang - Hellasg\u00e5rden\",\"isPartOf\":{\"@id\":\"https:\/\/hellasgarden.se\/#website\"},\"datePublished\":\"2019-09-01T15:59:53+00:00\",\"dateModified\":\"2019-10-07T14:53:14+00:00\",\"breadcrumb\":{\"@id\":\"https:\/\/hellasgarden.se\/arrangemang\/#breadcrumb\"},\"inLanguage\":\"ru-RU\",\"potentialAction\":[{\"@type\":\"ReadAction\",\"target\":[\"https:\/\/hellasgarden.se\/arrangemang\/\"]}]},{\"@type\":\"BreadcrumbList\",\"@id\":\"https:\/\/hellasgarden.se\/arrangemang\/#breadcrumb\",\"itemListElement\":[{\"@type\":\"ListItem\",\"position\":1,\"name\":\"Hem\",\"item\":\"https:\/\/hellasgarden.se\/\"},{\"@type\":\"ListItem\",\"position\":2,\"name\":\"Arrangemang\"}]},{\"@type\":\"WebSite\",\"@id\":\"https:\/\/hellasgarden.se\/#website\",\"url\":\"https:\/\/hellasgarden.se\/\",\"name\":\"Hellasg\u00e5rden\",\"description\":\"Din port till naturen\",\"potentialAction\":[{\"@type\":\"SearchAction\",\"target\":{\"@type\":\"EntryPoint\",\"urlTemplate\":\"https:\/\/hellasgarden.se\/?s={search_term_string}\"},\"query-input\":\"required name=search_term_string\"}],\"inLanguage\":\"ru-RU\"}]}<\/script>\n<!-- \/ Yoast SEO plugin. -->","yoast_head_json":{"title":"Arrangemang - Hellasg\u00e5rden","robots":{"index":"index","follow":"follow","max-snippet":"max-snippet:-1","max-image-preview":"max-image-preview:large","max-video-preview":"max-video-preview:-1"},"canonical":"https:\/\/hellasgarden.se\/ru\/arrangemang\/","og_locale":"ru_RU","og_type":"article","og_title":"Arrangemang - Hellasg\u00e5rden","og_description":"Kommande arrangemang 01 \u0410\u043f\u0440, 2026 - 01 \u0418\u044e\u043d, 2026 Aufguss &#8211; arombastu &#8211; p\u00e5 onsdagskv\u00e4llar Ongoing Hellasg\u00e5rdenHellasg\u00e5rden, 131 33 Nacka, Sverige \u041f\u043e\u0434\u0440\u043e\u0431\u043d\u0435\u0435 01 - 21 \u0410\u043f\u0440, 2026 L\u00e4r dig orientera ... Read More","og_url":"https:\/\/hellasgarden.se\/ru\/arrangemang\/","og_site_name":"Hellasg\u00e5rden","article_modified_time":"2019-10-07T14:53:14+00:00","twitter_card":"summary_large_image","schema":{"@context":"https:\/\/schema.org","@graph":[{"@type":"WebPage","@id":"https:\/\/hellasgarden.se\/arrangemang\/","url":"https:\/\/hellasgarden.se\/arrangemang\/","name":"Arrangemang - Hellasg\u00e5rden","isPartOf":{"@id":"https:\/\/hellasgarden.se\/#website"},"datePublished":"2019-09-01T15:59:53+00:00","dateModified":"2019-10-07T14:53:14+00:00","breadcrumb":{"@id":"https:\/\/hellasgarden.se\/arrangemang\/#breadcrumb"},"inLanguage":"ru-RU","potentialAction":[{"@type":"ReadAction","target":["https:\/\/hellasgarden.se\/arrangemang\/"]}]},{"@type":"BreadcrumbList","@id":"https:\/\/hellasgarden.se\/arrangemang\/#breadcrumb","itemListElement":[{"@type":"ListItem","position":1,"name":"Hem","item":"https:\/\/hellasgarden.se\/"},{"@type":"ListItem","position":2,"name":"Arrangemang"}]},{"@type":"WebSite","@id":"https:\/\/hellasgarden.se\/#website","url":"https:\/\/hellasgarden.se\/","name":"Hellasg\u00e5rden","description":"Din port till naturen","potentialAction":[{"@type":"SearchAction","target":{"@type":"EntryPoint","urlTemplate":"https:\/\/hellasgarden.se\/?s={search_term_string}"},"query-input":"required name=search_term_string"}],"inLanguage":"ru-RU"}]}},"_links":{"self":[{"href":"https:\/\/hellasgarden.se\/ru\/wp-json\/wp\/v2\/pages\/2600"}],"collection":[{"href":"https:\/\/hellasgarden.se\/ru\/wp-json\/wp\/v2\/pages"}],"about":[{"href":"https:\/\/hellasgarden.se\/ru\/wp-json\/wp\/v2\/types\/page"}],"author":[{"embeddable":true,"href":"https:\/\/hellasgarden.se\/ru\/wp-json\/wp\/v2\/users\/1"}],"replies":[{"embeddable":true,"href":"https:\/\/hellasgarden.se\/ru\/wp-json\/wp\/v2\/comments?post=2600"}],"version-history":[{"count":2,"href":"https:\/\/hellasgarden.se\/ru\/wp-json\/wp\/v2\/pages\/2600\/revisions"}],"predecessor-version":[{"id":2699,"href":"https:\/\/hellasgarden.se\/ru\/wp-json\/wp\/v2\/pages\/2600\/revisions\/2699"}],"wp:attachment":[{"href":"https:\/\/hellasgarden.se\/ru\/wp-json\/wp\/v2\/media?parent=2600"}],"curies":[{"name":"wp","href":"https:\/\/api.w.org\/{rel}","templated":true}]}}