{"id":2257,"date":"2019-05-28T13:59:43","date_gmt":"2019-05-28T11:59:43","guid":{"rendered":"http:\/\/hellasgarden.se\/?page_id=2257"},"modified":"2025-12-01T10:24:15","modified_gmt":"2025-12-01T09:24:15","slug":"kajak","status":"publish","type":"page","link":"https:\/\/hellasgarden.se\/ru\/aktiviteter\/kajak\/","title":{"rendered":"\u0411\u0430\u0439\u0434\u0430\u0440\u043a\u0430"},"content":{"rendered":"<div id=\"cs-content\" class=\"cs-content\"><\/div>","protected":false},"excerpt":{"rendered":"<p>\u0410\u0440\u0435\u043d\u0434\u0430 \u043a\u0430\u044f\u043a\u043e\u0432 \u0443 \u043d\u0430\u0441\u0412 Hellasg\u00e5rden \u0432\u044b \u043c\u043e\u0436\u0435\u0442\u0435 \u0430\u0440\u0435\u043d\u0434\u043e\u0432\u0430\u0442\u044c \u043a\u0430\u044f\u043a\u0438, \u043a\u0430\u043d\u043e\u044d \u0438 SUP. \u041c\u044b \u043f\u0440\u0438\u043d\u0438\u043c\u0430\u0435\u043c \u0442\u043e\u043b\u044c\u043a\u043e \u043e\u043d\u043b\u0430\u0439\u043d-\u0437\u0430\u043a\u0430\u0437\u044b. \u0412 \u0441\u0442\u043e\u0438\u043c\u043e\u0441\u0442\u044c \u0430\u0440\u0435\u043d\u0434\u044b \u0432\u0445\u043e\u0434\u0438\u0442 \u0441\u043f\u0430\u0441\u0430\u0442\u0435\u043b\u044c\u043d\u044b\u0439 \u0436\u0438\u043b\u0435\u0442. \u041f\u0440\u043e\u043a\u0430\u0442 \u043d\u0430\u0445\u043e\u0434\u0438\u0442\u0441\u044f \u043f\u0440\u0438\u043c\u0435\u0440\u043d\u043e \u0432 50 \u043c\u0435\u0442\u0440\u0430\u0445 \u043e\u0442 \u0441\u0442\u043e\u0439\u043a\u0438 \u0440\u0435\u0433\u0438\u0441\u0442\u0440\u0430\u0446\u0438\u0438 Hellasg\u00e5rden, ... <\/p>\n<div><a href=\"https:\/\/hellasgarden.se\/ru\/aktiviteter\/kajak\/\" class=\"more-link\">\u0427\u0438\u0442\u0430\u0442\u044c \u0434\u0430\u043b\u0435\u0435<\/a><\/div>","protected":false},"author":1,"featured_media":0,"parent":213,"menu_order":0,"comment_status":"closed","ping_status":"closed","template":"template-blank-4.php","meta":{"_monsterinsights_skip_tracking":false,"_monsterinsights_sitenote_active":false,"_monsterinsights_sitenote_note":"","_monsterinsights_sitenote_category":0},"yoast_head":"<!-- This site is optimized with the Yoast SEO plugin v21.8.1 - https:\/\/yoast.com\/wordpress\/plugins\/seo\/ -->\n<title>Kajak - Hellasg\u00e5rden<\/title>\n<meta name=\"robots\" content=\"index, follow, max-snippet:-1, max-image-preview:large, max-video-preview:-1\" \/>\n<link rel=\"canonical\" href=\"https:\/\/hellasgarden.se\/ru\/aktiviteter\/kajak\/\" \/>\n<meta property=\"og:locale\" content=\"ru_RU\" \/>\n<meta property=\"og:type\" content=\"article\" \/>\n<meta property=\"og:title\" content=\"Kajak - Hellasg\u00e5rden\" \/>\n<meta property=\"og:description\" content=\"KajakHemHyr kajak hos ossHos oss p\u00e5 Hellasg\u00e5rden kan du hyra\u00a0kajak, kanadensare och\u00a0SUP. Vi tar enbart onlinebokningar. I din bokning ing\u00e5r flytv\u00e4st. Uthyrningen hittar du cirka 50 meter fr\u00e5n Hellasg\u00e5rdens reception, ... Read More\" \/>\n<meta property=\"og:url\" content=\"https:\/\/hellasgarden.se\/ru\/aktiviteter\/kajak\/\" \/>\n<meta property=\"og:site_name\" content=\"Hellasg\u00e5rden\" \/>\n<meta property=\"article:modified_time\" content=\"2025-12-01T09:24:15+00:00\" \/>\n<meta property=\"og:image\" content=\"http:\/\/hellasgarden.se\/wp-content\/uploads\/2022\/06\/kajak-dagstur-hit-gar-du.jpg\" \/>\n<meta name=\"twitter:card\" content=\"summary_large_image\" \/>\n<meta name=\"twitter:label1\" content=\"\u041f\u0440\u0438\u043c\u0435\u0440\u043d\u043e\u0435 \u0432\u0440\u0435\u043c\u044f \u0434\u043b\u044f \u0447\u0442\u0435\u043d\u0438\u044f\" \/>\n\t<meta name=\"twitter:data1\" content=\"8 \u043c\u0438\u043d\u0443\u0442\" \/>\n<script type=\"application\/ld+json\" class=\"yoast-schema-graph\">{\"@context\":\"https:\/\/schema.org\",\"@graph\":[{\"@type\":\"WebPage\",\"@id\":\"https:\/\/hellasgarden.se\/aktiviteter\/kajak\/\",\"url\":\"https:\/\/hellasgarden.se\/aktiviteter\/kajak\/\",\"name\":\"Kajak - Hellasg\u00e5rden\",\"isPartOf\":{\"@id\":\"https:\/\/hellasgarden.se\/#website\"},\"datePublished\":\"2019-05-28T11:59:43+00:00\",\"dateModified\":\"2025-12-01T09:24:15+00:00\",\"breadcrumb\":{\"@id\":\"https:\/\/hellasgarden.se\/aktiviteter\/kajak\/#breadcrumb\"},\"inLanguage\":\"ru-RU\",\"potentialAction\":[{\"@type\":\"ReadAction\",\"target\":[\"https:\/\/hellasgarden.se\/aktiviteter\/kajak\/\"]}]},{\"@type\":\"BreadcrumbList\",\"@id\":\"https:\/\/hellasgarden.se\/aktiviteter\/kajak\/#breadcrumb\",\"itemListElement\":[{\"@type\":\"ListItem\",\"position\":1,\"name\":\"Hem\",\"item\":\"https:\/\/hellasgarden.se\/\"},{\"@type\":\"ListItem\",\"position\":2,\"name\":\"Aktiviteter\",\"item\":\"https:\/\/hellasgarden.se\/aktiviteter\/\"},{\"@type\":\"ListItem\",\"position\":3,\"name\":\"Kajak\"}]},{\"@type\":\"WebSite\",\"@id\":\"https:\/\/hellasgarden.se\/#website\",\"url\":\"https:\/\/hellasgarden.se\/\",\"name\":\"Hellasg\u00e5rden\",\"description\":\"Din port till naturen\",\"potentialAction\":[{\"@type\":\"SearchAction\",\"target\":{\"@type\":\"EntryPoint\",\"urlTemplate\":\"https:\/\/hellasgarden.se\/?s={search_term_string}\"},\"query-input\":\"required name=search_term_string\"}],\"inLanguage\":\"ru-RU\"}]}<\/script>\n<!-- \/ Yoast SEO plugin. -->","yoast_head_json":{"title":"Kajak - Hellasg\u00e5rden","robots":{"index":"index","follow":"follow","max-snippet":"max-snippet:-1","max-image-preview":"max-image-preview:large","max-video-preview":"max-video-preview:-1"},"canonical":"https:\/\/hellasgarden.se\/ru\/aktiviteter\/kajak\/","og_locale":"ru_RU","og_type":"article","og_title":"Kajak - Hellasg\u00e5rden","og_description":"KajakHemHyr kajak hos ossHos oss p\u00e5 Hellasg\u00e5rden kan du hyra\u00a0kajak, kanadensare och\u00a0SUP. Vi tar enbart onlinebokningar. I din bokning ing\u00e5r flytv\u00e4st. Uthyrningen hittar du cirka 50 meter fr\u00e5n Hellasg\u00e5rdens reception, ... Read More","og_url":"https:\/\/hellasgarden.se\/ru\/aktiviteter\/kajak\/","og_site_name":"Hellasg\u00e5rden","article_modified_time":"2025-12-01T09:24:15+00:00","og_image":[{"url":"http:\/\/hellasgarden.se\/wp-content\/uploads\/2022\/06\/kajak-dagstur-hit-gar-du.jpg"}],"twitter_card":"summary_large_image","twitter_misc":{"\u041f\u0440\u0438\u043c\u0435\u0440\u043d\u043e\u0435 \u0432\u0440\u0435\u043c\u044f \u0434\u043b\u044f \u0447\u0442\u0435\u043d\u0438\u044f":"8 \u043c\u0438\u043d\u0443\u0442"},"schema":{"@context":"https:\/\/schema.org","@graph":[{"@type":"WebPage","@id":"https:\/\/hellasgarden.se\/aktiviteter\/kajak\/","url":"https:\/\/hellasgarden.se\/aktiviteter\/kajak\/","name":"Kajak - Hellasg\u00e5rden","isPartOf":{"@id":"https:\/\/hellasgarden.se\/#website"},"datePublished":"2019-05-28T11:59:43+00:00","dateModified":"2025-12-01T09:24:15+00:00","breadcrumb":{"@id":"https:\/\/hellasgarden.se\/aktiviteter\/kajak\/#breadcrumb"},"inLanguage":"ru-RU","potentialAction":[{"@type":"ReadAction","target":["https:\/\/hellasgarden.se\/aktiviteter\/kajak\/"]}]},{"@type":"BreadcrumbList","@id":"https:\/\/hellasgarden.se\/aktiviteter\/kajak\/#breadcrumb","itemListElement":[{"@type":"ListItem","position":1,"name":"Hem","item":"https:\/\/hellasgarden.se\/"},{"@type":"ListItem","position":2,"name":"Aktiviteter","item":"https:\/\/hellasgarden.se\/aktiviteter\/"},{"@type":"ListItem","position":3,"name":"Kajak"}]},{"@type":"WebSite","@id":"https:\/\/hellasgarden.se\/#website","url":"https:\/\/hellasgarden.se\/","name":"Hellasg\u00e5rden","description":"Din port till naturen","potentialAction":[{"@type":"SearchAction","target":{"@type":"EntryPoint","urlTemplate":"https:\/\/hellasgarden.se\/?s={search_term_string}"},"query-input":"required name=search_term_string"}],"inLanguage":"ru-RU"}]}},"_links":{"self":[{"href":"https:\/\/hellasgarden.se\/ru\/wp-json\/wp\/v2\/pages\/2257"}],"collection":[{"href":"https:\/\/hellasgarden.se\/ru\/wp-json\/wp\/v2\/pages"}],"about":[{"href":"https:\/\/hellasgarden.se\/ru\/wp-json\/wp\/v2\/types\/page"}],"author":[{"embeddable":true,"href":"https:\/\/hellasgarden.se\/ru\/wp-json\/wp\/v2\/users\/1"}],"replies":[{"embeddable":true,"href":"https:\/\/hellasgarden.se\/ru\/wp-json\/wp\/v2\/comments?post=2257"}],"version-history":[{"count":61,"href":"https:\/\/hellasgarden.se\/ru\/wp-json\/wp\/v2\/pages\/2257\/revisions"}],"predecessor-version":[{"id":46582,"href":"https:\/\/hellasgarden.se\/ru\/wp-json\/wp\/v2\/pages\/2257\/revisions\/46582"}],"up":[{"embeddable":true,"href":"https:\/\/hellasgarden.se\/ru\/wp-json\/wp\/v2\/pages\/213"}],"wp:attachment":[{"href":"https:\/\/hellasgarden.se\/ru\/wp-json\/wp\/v2\/media?parent=2257"}],"curies":[{"name":"wp","href":"https:\/\/api.w.org\/{rel}","templated":true}]}}