{"id":1175,"date":"2018-11-27T19:40:35","date_gmt":"2018-11-27T18:40:35","guid":{"rendered":"http:\/\/hellasgarden.se\/?page_id=1175"},"modified":"2026-03-17T17:19:22","modified_gmt":"2026-03-17T16:19:22","slug":"orientering","status":"publish","type":"page","link":"https:\/\/hellasgarden.se\/ru\/aktiviteter\/orientering\/","title":{"rendered":"\u041e\u0440\u0438\u0435\u043d\u0442\u0430\u0446\u0438\u044f"},"content":{"rendered":"<div id=\"cs-content\" class=\"cs-content\"><\/div>","protected":false},"excerpt":{"rendered":"<p>\u041e\u0440\u0438\u0435\u043d\u0442\u0438\u0440\u043e\u0432\u0430\u043d\u0438\u0435\u0414\u043e\u043c\u0430\u0448\u043d\u0438\u0439 \u043a\u0443\u0440\u0441 \u043d\u0435\u0434\u0435\u043b\u0438 - \u0438\u0441\u043f\u044b\u0442\u0430\u043d\u0438\u0435 \u0432 \u043b\u0435\u0441\u0443 \u043a\u0440\u0443\u0433\u043b\u044b\u0439 \u0433\u043e\u0434\u0417\u0434\u0435\u0441\u044c \u0432\u044b \u0432\u0441\u0435\u0433\u0434\u0430 \u043d\u0430\u0439\u0434\u0435\u0442\u0435 \u0430\u043a\u0442\u0443\u0430\u043b\u044c\u043d\u044b\u0435 \u043a\u0443\u0440\u0441\u044b \u0440\u0430\u0437\u043d\u043e\u0433\u043e \u0443\u0440\u043e\u0432\u043d\u044f \u0441\u043b\u043e\u0436\u043d\u043e\u0441\u0442\u0438. \u041f\u043e\u0434\u0440\u043e\u0431\u043d\u0435\u0435 \u0447\u0438\u0442\u0430\u0439\u0442\u0435 \u0437\u0434\u0435\u0441\u044c \u0438 \u043d\u0438\u0436\u0435. \u041d\u043e\u0432\u044b\u0439 \u043a\u0443\u0440\u0441 \u043a\u0430\u0436\u0434\u044b\u0435 \u0434\u0432\u0435 \u043d\u0435\u0434\u0435\u043b\u0438, \u043e\u0431\u044b\u0447\u043d\u043e \u043d\u043e\u0432\u044b\u0439 \u043a\u0443\u0440\u0441 ... <\/p>\n<div><a href=\"https:\/\/hellasgarden.se\/ru\/aktiviteter\/orientering\/\" class=\"more-link\">\u0427\u0438\u0442\u0430\u0442\u044c \u0434\u0430\u043b\u0435\u0435<\/a><\/div>","protected":false},"author":1,"featured_media":0,"parent":213,"menu_order":0,"comment_status":"closed","ping_status":"closed","template":"template-blank-4.php","meta":{"_monsterinsights_skip_tracking":false,"_monsterinsights_sitenote_active":false,"_monsterinsights_sitenote_note":"","_monsterinsights_sitenote_category":0},"yoast_head":"<!-- This site is optimized with the Yoast SEO plugin v21.8.1 - https:\/\/yoast.com\/wordpress\/plugins\/seo\/ -->\n<title>Orientering i Stockholm - Hellasg\u00e5rden<\/title>\n<meta name=\"description\" content=\"Orienteringsbanor f\u00f6r elit och motion\u00e4rer varje vecka! Ny bana varannan vecka, vanligtvis byter vi bana p\u00e5 tisdagar, j\u00e4mna veckor.\" \/>\n<meta name=\"robots\" content=\"index, follow, max-snippet:-1, max-image-preview:large, max-video-preview:-1\" \/>\n<link rel=\"canonical\" href=\"https:\/\/hellasgarden.se\/ru\/aktiviteter\/orientering\/\" \/>\n<meta property=\"og:locale\" content=\"ru_RU\" \/>\n<meta property=\"og:type\" content=\"article\" \/>\n<meta property=\"og:title\" content=\"Orientering i Stockholm - Hellasg\u00e5rden\" \/>\n<meta property=\"og:description\" content=\"Orienteringsbanor f\u00f6r elit och motion\u00e4rer varje vecka! Ny bana varannan vecka, vanligtvis byter vi bana p\u00e5 tisdagar, j\u00e4mna veckor.\" \/>\n<meta property=\"og:url\" content=\"https:\/\/hellasgarden.se\/ru\/aktiviteter\/orientering\/\" \/>\n<meta property=\"og:site_name\" content=\"Hellasg\u00e5rden\" \/>\n<meta property=\"article:modified_time\" content=\"2026-03-17T16:19:22+00:00\" \/>\n<meta name=\"twitter:card\" content=\"summary_large_image\" \/>\n<meta name=\"twitter:label1\" content=\"\u041f\u0440\u0438\u043c\u0435\u0440\u043d\u043e\u0435 \u0432\u0440\u0435\u043c\u044f \u0434\u043b\u044f \u0447\u0442\u0435\u043d\u0438\u044f\" \/>\n\t<meta name=\"twitter:data1\" content=\"4 \u043c\u0438\u043d\u0443\u0442\u044b\" \/>\n<script type=\"application\/ld+json\" class=\"yoast-schema-graph\">{\"@context\":\"https:\/\/schema.org\",\"@graph\":[{\"@type\":\"WebPage\",\"@id\":\"https:\/\/hellasgarden.se\/aktiviteter\/orientering\/\",\"url\":\"https:\/\/hellasgarden.se\/aktiviteter\/orientering\/\",\"name\":\"Orientering i Stockholm - Hellasg\u00e5rden\",\"isPartOf\":{\"@id\":\"https:\/\/hellasgarden.se\/#website\"},\"datePublished\":\"2018-11-27T18:40:35+00:00\",\"dateModified\":\"2026-03-17T16:19:22+00:00\",\"description\":\"Orienteringsbanor f\u00f6r elit och motion\u00e4rer varje vecka! Ny bana varannan vecka, vanligtvis byter vi bana p\u00e5 tisdagar, j\u00e4mna veckor.\",\"breadcrumb\":{\"@id\":\"https:\/\/hellasgarden.se\/aktiviteter\/orientering\/#breadcrumb\"},\"inLanguage\":\"ru-RU\",\"potentialAction\":[{\"@type\":\"ReadAction\",\"target\":[\"https:\/\/hellasgarden.se\/aktiviteter\/orientering\/\"]}]},{\"@type\":\"BreadcrumbList\",\"@id\":\"https:\/\/hellasgarden.se\/aktiviteter\/orientering\/#breadcrumb\",\"itemListElement\":[{\"@type\":\"ListItem\",\"position\":1,\"name\":\"Hem\",\"item\":\"https:\/\/hellasgarden.se\/\"},{\"@type\":\"ListItem\",\"position\":2,\"name\":\"Aktiviteter\",\"item\":\"https:\/\/hellasgarden.se\/aktiviteter\/\"},{\"@type\":\"ListItem\",\"position\":3,\"name\":\"Orientering\"}]},{\"@type\":\"WebSite\",\"@id\":\"https:\/\/hellasgarden.se\/#website\",\"url\":\"https:\/\/hellasgarden.se\/\",\"name\":\"Hellasg\u00e5rden\",\"description\":\"Din port till naturen\",\"potentialAction\":[{\"@type\":\"SearchAction\",\"target\":{\"@type\":\"EntryPoint\",\"urlTemplate\":\"https:\/\/hellasgarden.se\/?s={search_term_string}\"},\"query-input\":\"required name=search_term_string\"}],\"inLanguage\":\"ru-RU\"}]}<\/script>\n<!-- \/ Yoast SEO plugin. -->","yoast_head_json":{"title":"Orientering i Stockholm - Hellasg\u00e5rden","description":"Orienteringsbanor f\u00f6r elit och motion\u00e4rer varje vecka! Ny bana varannan vecka, vanligtvis byter vi bana p\u00e5 tisdagar, j\u00e4mna veckor.","robots":{"index":"index","follow":"follow","max-snippet":"max-snippet:-1","max-image-preview":"max-image-preview:large","max-video-preview":"max-video-preview:-1"},"canonical":"https:\/\/hellasgarden.se\/ru\/aktiviteter\/orientering\/","og_locale":"ru_RU","og_type":"article","og_title":"Orientering i Stockholm - Hellasg\u00e5rden","og_description":"Orienteringsbanor f\u00f6r elit och motion\u00e4rer varje vecka! Ny bana varannan vecka, vanligtvis byter vi bana p\u00e5 tisdagar, j\u00e4mna veckor.","og_url":"https:\/\/hellasgarden.se\/ru\/aktiviteter\/orientering\/","og_site_name":"Hellasg\u00e5rden","article_modified_time":"2026-03-17T16:19:22+00:00","twitter_card":"summary_large_image","twitter_misc":{"\u041f\u0440\u0438\u043c\u0435\u0440\u043d\u043e\u0435 \u0432\u0440\u0435\u043c\u044f \u0434\u043b\u044f \u0447\u0442\u0435\u043d\u0438\u044f":"4 \u043c\u0438\u043d\u0443\u0442\u044b"},"schema":{"@context":"https:\/\/schema.org","@graph":[{"@type":"WebPage","@id":"https:\/\/hellasgarden.se\/aktiviteter\/orientering\/","url":"https:\/\/hellasgarden.se\/aktiviteter\/orientering\/","name":"Orientering i Stockholm - Hellasg\u00e5rden","isPartOf":{"@id":"https:\/\/hellasgarden.se\/#website"},"datePublished":"2018-11-27T18:40:35+00:00","dateModified":"2026-03-17T16:19:22+00:00","description":"Orienteringsbanor f\u00f6r elit och motion\u00e4rer varje vecka! Ny bana varannan vecka, vanligtvis byter vi bana p\u00e5 tisdagar, j\u00e4mna veckor.","breadcrumb":{"@id":"https:\/\/hellasgarden.se\/aktiviteter\/orientering\/#breadcrumb"},"inLanguage":"ru-RU","potentialAction":[{"@type":"ReadAction","target":["https:\/\/hellasgarden.se\/aktiviteter\/orientering\/"]}]},{"@type":"BreadcrumbList","@id":"https:\/\/hellasgarden.se\/aktiviteter\/orientering\/#breadcrumb","itemListElement":[{"@type":"ListItem","position":1,"name":"Hem","item":"https:\/\/hellasgarden.se\/"},{"@type":"ListItem","position":2,"name":"Aktiviteter","item":"https:\/\/hellasgarden.se\/aktiviteter\/"},{"@type":"ListItem","position":3,"name":"Orientering"}]},{"@type":"WebSite","@id":"https:\/\/hellasgarden.se\/#website","url":"https:\/\/hellasgarden.se\/","name":"Hellasg\u00e5rden","description":"Din port till naturen","potentialAction":[{"@type":"SearchAction","target":{"@type":"EntryPoint","urlTemplate":"https:\/\/hellasgarden.se\/?s={search_term_string}"},"query-input":"required name=search_term_string"}],"inLanguage":"ru-RU"}]}},"_links":{"self":[{"href":"https:\/\/hellasgarden.se\/ru\/wp-json\/wp\/v2\/pages\/1175"}],"collection":[{"href":"https:\/\/hellasgarden.se\/ru\/wp-json\/wp\/v2\/pages"}],"about":[{"href":"https:\/\/hellasgarden.se\/ru\/wp-json\/wp\/v2\/types\/page"}],"author":[{"embeddable":true,"href":"https:\/\/hellasgarden.se\/ru\/wp-json\/wp\/v2\/users\/1"}],"replies":[{"embeddable":true,"href":"https:\/\/hellasgarden.se\/ru\/wp-json\/wp\/v2\/comments?post=1175"}],"version-history":[{"count":126,"href":"https:\/\/hellasgarden.se\/ru\/wp-json\/wp\/v2\/pages\/1175\/revisions"}],"predecessor-version":[{"id":46792,"href":"https:\/\/hellasgarden.se\/ru\/wp-json\/wp\/v2\/pages\/1175\/revisions\/46792"}],"up":[{"embeddable":true,"href":"https:\/\/hellasgarden.se\/ru\/wp-json\/wp\/v2\/pages\/213"}],"wp:attachment":[{"href":"https:\/\/hellasgarden.se\/ru\/wp-json\/wp\/v2\/media?parent=1175"}],"curies":[{"name":"wp","href":"https:\/\/api.w.org\/{rel}","templated":true}]}}