{"id":102,"date":"2018-10-13T00:55:26","date_gmt":"2018-10-12T22:55:26","guid":{"rendered":"http:\/\/hellasgarden.se\/?page_id=102"},"modified":"2025-04-22T11:06:18","modified_gmt":"2025-04-22T09:06:18","slug":"om-hellasgarden","status":"publish","type":"page","link":"https:\/\/hellasgarden.se\/ru\/om-hellasgarden\/","title":{"rendered":"\u041e \u0425\u0435\u043b\u043b\u0430\u0441\u0433\u043e\u0440\u0434\u0435\u043d\u0435"},"content":{"rendered":"<div id=\"cs-content\" class=\"cs-content\"><\/div>","protected":false},"excerpt":{"rendered":"<p>\u041e Hellasg\u00e5rden \u041c\u0435\u0441\u0442\u043e \u0432\u0441\u0442\u0440\u0435\u0447\u0438 \u0434\u043b\u044f \u0432\u0430\u0441, \u043a\u043e\u043c\u043f\u0430\u043d\u0438\u0438, \u0448\u043a\u043e\u043b\u044b, \u0430\u0441\u0441\u043e\u0446\u0438\u0430\u0446\u0438\u0438 \u0438 \u0441\u0435\u043c\u044c\u0438Hellasg\u00e5rden - \u044d\u0442\u043e \u043f\u043e\u043f\u0443\u043b\u044f\u0440\u043d\u043e\u0435 \u0438 \u0436\u0438\u0432\u043e\u043f\u0438\u0441\u043d\u043e\u0435 \u043c\u0435\u0441\u0442\u043e \u0432\u0441\u0442\u0440\u0435\u0447\u0438 \u0434\u043b\u044f \u043a\u043e\u043c\u043f\u0430\u043d\u0438\u0439, \u0448\u043a\u043e\u043b, \u0430\u0441\u0441\u043e\u0446\u0438\u0430\u0446\u0438\u0439 \u0438 \u0441\u0435\u043c\u0435\u0439. \u0428\u0438\u0440\u043e\u043a\u0438\u0439 \u0441\u043f\u0435\u043a\u0442\u0440 \u043c\u0435\u0440\u043e\u043f\u0440\u0438\u044f\u0442\u0438\u0439 \u0434\u0435\u043b\u0430\u0435\u0442 Hellasg\u00e5rden \u0444\u0430\u043d\u0442\u0430\u0441\u0442\u0438\u0447\u0435\u0441\u043a\u0438\u043c ... <\/p>\n<div><a href=\"https:\/\/hellasgarden.se\/ru\/om-hellasgarden\/\" class=\"more-link\">\u0427\u0438\u0442\u0430\u0442\u044c \u0434\u0430\u043b\u0435\u0435<\/a><\/div>","protected":false},"author":1,"featured_media":0,"parent":0,"menu_order":0,"comment_status":"closed","ping_status":"closed","template":"template-blank-4.php","meta":{"_monsterinsights_skip_tracking":false,"_monsterinsights_sitenote_active":false,"_monsterinsights_sitenote_note":"","_monsterinsights_sitenote_category":0},"yoast_head":"<!-- This site is optimized with the Yoast SEO plugin v21.8.1 - https:\/\/yoast.com\/wordpress\/plugins\/seo\/ -->\n<title>Om Hellasg\u00e5rden - Hellasg\u00e5rden<\/title>\n<meta name=\"robots\" content=\"index, follow, max-snippet:-1, max-image-preview:large, max-video-preview:-1\" \/>\n<link rel=\"canonical\" href=\"https:\/\/hellasgarden.se\/ru\/om-hellasgarden\/\" \/>\n<meta property=\"og:locale\" content=\"ru_RU\" \/>\n<meta property=\"og:type\" content=\"article\" \/>\n<meta property=\"og:title\" content=\"Om Hellasg\u00e5rden - Hellasg\u00e5rden\" \/>\n<meta property=\"og:description\" content=\"Om Hellasg&aring;rdenEn m&ouml;tesplats f&ouml;r dig, f&ouml;retaget, skolan, f&ouml;reningen och familjenHellasg\u00e5rden \u00e4r en popul\u00e4r och natursk\u00f6n m\u00f6tesplats f\u00f6r f\u00f6retag, skolor, f\u00f6reningar och familjer. Ett brett utbud g\u00f6r Hellasg\u00e5rden till en fantastisk ... Read More\" \/>\n<meta property=\"og:url\" content=\"https:\/\/hellasgarden.se\/ru\/om-hellasgarden\/\" \/>\n<meta property=\"og:site_name\" content=\"Hellasg\u00e5rden\" \/>\n<meta property=\"article:modified_time\" content=\"2025-04-22T09:06:18+00:00\" \/>\n<meta name=\"twitter:card\" content=\"summary_large_image\" \/>\n<meta name=\"twitter:label1\" content=\"\u041f\u0440\u0438\u043c\u0435\u0440\u043d\u043e\u0435 \u0432\u0440\u0435\u043c\u044f \u0434\u043b\u044f \u0447\u0442\u0435\u043d\u0438\u044f\" \/>\n\t<meta name=\"twitter:data1\" content=\"4 \u043c\u0438\u043d\u0443\u0442\u044b\" \/>\n<script type=\"application\/ld+json\" class=\"yoast-schema-graph\">{\"@context\":\"https:\/\/schema.org\",\"@graph\":[{\"@type\":\"WebPage\",\"@id\":\"https:\/\/hellasgarden.se\/en\/om-hellasgarden\/\",\"url\":\"https:\/\/hellasgarden.se\/en\/om-hellasgarden\/\",\"name\":\"Om Hellasg\u00e5rden - Hellasg\u00e5rden\",\"isPartOf\":{\"@id\":\"https:\/\/hellasgarden.se\/#website\"},\"datePublished\":\"2018-10-12T22:55:26+00:00\",\"dateModified\":\"2025-04-22T09:06:18+00:00\",\"breadcrumb\":{\"@id\":\"https:\/\/hellasgarden.se\/en\/om-hellasgarden\/#breadcrumb\"},\"inLanguage\":\"ru-RU\",\"potentialAction\":[{\"@type\":\"ReadAction\",\"target\":[\"https:\/\/hellasgarden.se\/en\/om-hellasgarden\/\"]}]},{\"@type\":\"BreadcrumbList\",\"@id\":\"https:\/\/hellasgarden.se\/en\/om-hellasgarden\/#breadcrumb\",\"itemListElement\":[{\"@type\":\"ListItem\",\"position\":1,\"name\":\"Hem\",\"item\":\"https:\/\/hellasgarden.se\/\"},{\"@type\":\"ListItem\",\"position\":2,\"name\":\"Om Hellasg\u00e5rden\"}]},{\"@type\":\"WebSite\",\"@id\":\"https:\/\/hellasgarden.se\/#website\",\"url\":\"https:\/\/hellasgarden.se\/\",\"name\":\"Hellasg\u00e5rden\",\"description\":\"Din port till naturen\",\"potentialAction\":[{\"@type\":\"SearchAction\",\"target\":{\"@type\":\"EntryPoint\",\"urlTemplate\":\"https:\/\/hellasgarden.se\/?s={search_term_string}\"},\"query-input\":\"required name=search_term_string\"}],\"inLanguage\":\"ru-RU\"}]}<\/script>\n<!-- \/ Yoast SEO plugin. -->","yoast_head_json":{"title":"Om Hellasg\u00e5rden - Hellasg\u00e5rden","robots":{"index":"index","follow":"follow","max-snippet":"max-snippet:-1","max-image-preview":"max-image-preview:large","max-video-preview":"max-video-preview:-1"},"canonical":"https:\/\/hellasgarden.se\/ru\/om-hellasgarden\/","og_locale":"ru_RU","og_type":"article","og_title":"Om Hellasg\u00e5rden - Hellasg\u00e5rden","og_description":"Om Hellasg&aring;rdenEn m&ouml;tesplats f&ouml;r dig, f&ouml;retaget, skolan, f&ouml;reningen och familjenHellasg\u00e5rden \u00e4r en popul\u00e4r och natursk\u00f6n m\u00f6tesplats f\u00f6r f\u00f6retag, skolor, f\u00f6reningar och familjer. Ett brett utbud g\u00f6r Hellasg\u00e5rden till en fantastisk ... Read More","og_url":"https:\/\/hellasgarden.se\/ru\/om-hellasgarden\/","og_site_name":"Hellasg\u00e5rden","article_modified_time":"2025-04-22T09:06:18+00:00","twitter_card":"summary_large_image","twitter_misc":{"\u041f\u0440\u0438\u043c\u0435\u0440\u043d\u043e\u0435 \u0432\u0440\u0435\u043c\u044f \u0434\u043b\u044f \u0447\u0442\u0435\u043d\u0438\u044f":"4 \u043c\u0438\u043d\u0443\u0442\u044b"},"schema":{"@context":"https:\/\/schema.org","@graph":[{"@type":"WebPage","@id":"https:\/\/hellasgarden.se\/en\/om-hellasgarden\/","url":"https:\/\/hellasgarden.se\/en\/om-hellasgarden\/","name":"Om Hellasg\u00e5rden - Hellasg\u00e5rden","isPartOf":{"@id":"https:\/\/hellasgarden.se\/#website"},"datePublished":"2018-10-12T22:55:26+00:00","dateModified":"2025-04-22T09:06:18+00:00","breadcrumb":{"@id":"https:\/\/hellasgarden.se\/en\/om-hellasgarden\/#breadcrumb"},"inLanguage":"ru-RU","potentialAction":[{"@type":"ReadAction","target":["https:\/\/hellasgarden.se\/en\/om-hellasgarden\/"]}]},{"@type":"BreadcrumbList","@id":"https:\/\/hellasgarden.se\/en\/om-hellasgarden\/#breadcrumb","itemListElement":[{"@type":"ListItem","position":1,"name":"Hem","item":"https:\/\/hellasgarden.se\/"},{"@type":"ListItem","position":2,"name":"Om Hellasg\u00e5rden"}]},{"@type":"WebSite","@id":"https:\/\/hellasgarden.se\/#website","url":"https:\/\/hellasgarden.se\/","name":"Hellasg\u00e5rden","description":"Din port till naturen","potentialAction":[{"@type":"SearchAction","target":{"@type":"EntryPoint","urlTemplate":"https:\/\/hellasgarden.se\/?s={search_term_string}"},"query-input":"required name=search_term_string"}],"inLanguage":"ru-RU"}]}},"_links":{"self":[{"href":"https:\/\/hellasgarden.se\/ru\/wp-json\/wp\/v2\/pages\/102"}],"collection":[{"href":"https:\/\/hellasgarden.se\/ru\/wp-json\/wp\/v2\/pages"}],"about":[{"href":"https:\/\/hellasgarden.se\/ru\/wp-json\/wp\/v2\/types\/page"}],"author":[{"embeddable":true,"href":"https:\/\/hellasgarden.se\/ru\/wp-json\/wp\/v2\/users\/1"}],"replies":[{"embeddable":true,"href":"https:\/\/hellasgarden.se\/ru\/wp-json\/wp\/v2\/comments?post=102"}],"version-history":[{"count":7,"href":"https:\/\/hellasgarden.se\/ru\/wp-json\/wp\/v2\/pages\/102\/revisions"}],"predecessor-version":[{"id":46376,"href":"https:\/\/hellasgarden.se\/ru\/wp-json\/wp\/v2\/pages\/102\/revisions\/46376"}],"wp:attachment":[{"href":"https:\/\/hellasgarden.se\/ru\/wp-json\/wp\/v2\/media?parent=102"}],"curies":[{"name":"wp","href":"https:\/\/api.w.org\/{rel}","templated":true}]}}