{"id":44124,"date":"2022-09-08T10:09:39","date_gmt":"2022-09-08T08:09:39","guid":{"rendered":"https:\/\/hellasgarden.se\/?page_id=44124"},"modified":"2022-09-12T10:35:24","modified_gmt":"2022-09-12T08:35:24","slug":"trail-terranglopning%ef%bf%bc","status":"publish","type":"page","link":"https:\/\/hellasgarden.se\/fr\/aktiviteter\/trail-terranglopning%ef%bf%bc\/","title":{"rendered":"Course \u00e0 pied sur piste et tout-terrain\ufffc"},"content":{"rendered":"<div id=\"cs-content\" class=\"cs-content\"><\/div>","protected":false},"excerpt":{"rendered":"<p>Piste et course \u00e0 pied AccueilPiste et course \u00e0 pied \u00e0 NackareservatetVous voulez faire de l'exercice ? Nous rassemblons ici des informations sur les sentiers dans les environs de Hellasg\u00e5rden. Les installations ext\u00e9rieures de Hellasg\u00e5rden offrent plusieurs pistes d'exercice pour ceux qui veulent courir, faire du v\u00e9lo ou simplement... <\/p>\n<div><a href=\"https:\/\/hellasgarden.se\/fr\/aktiviteter\/trail-terranglopning%ef%bf%bc\/\" class=\"more-link\">Lire la suite<\/a><\/div>","protected":false},"author":1,"featured_media":0,"parent":213,"menu_order":0,"comment_status":"closed","ping_status":"closed","template":"template-blank-4.php","meta":{"_monsterinsights_skip_tracking":false,"_monsterinsights_sitenote_active":false,"_monsterinsights_sitenote_note":"","_monsterinsights_sitenote_category":0},"yoast_head":"<!-- This site is optimized with the Yoast SEO plugin v21.8.1 - https:\/\/yoast.com\/wordpress\/plugins\/seo\/ -->\n<title>Trail &amp; terr\u00e4ngl\u00f6pning\ufffc - Hellasg\u00e5rden<\/title>\n<meta name=\"robots\" content=\"index, follow, max-snippet:-1, max-image-preview:large, max-video-preview:-1\" \/>\n<link rel=\"canonical\" href=\"https:\/\/hellasgarden.se\/fr\/aktiviteter\/trail-terranglopning\ufffc\/\" \/>\n<meta property=\"og:locale\" content=\"fr_FR\" \/>\n<meta property=\"og:type\" content=\"article\" \/>\n<meta property=\"og:title\" content=\"Trail &amp; terr\u00e4ngl\u00f6pning\ufffc - Hellasg\u00e5rden\" \/>\n<meta property=\"og:description\" content=\"Trail &amp; terr&auml;ngl&ouml;pning&nbsp;HemTrail och terr&auml;ngl&ouml;pning i NackareservatetTr\u00e4ningssugen? H\u00e4r samlar vi information om trailsp\u00e5r i omgivningarna runt Hellasg\u00e5rden. Hellasg\u00e5rdens friluftsanl\u00e4ggning erbjuder flera motionsslingor f\u00f6r dig som vill l\u00f6pa, cykla eller bara ... Read More\" \/>\n<meta property=\"og:url\" content=\"https:\/\/hellasgarden.se\/fr\/aktiviteter\/trail-terranglopning\ufffc\/\" \/>\n<meta property=\"og:site_name\" content=\"Hellasg\u00e5rden\" \/>\n<meta property=\"article:modified_time\" content=\"2022-09-12T08:35:24+00:00\" \/>\n<meta property=\"og:image\" content=\"http:\/\/hellasgarden.se\/wp-content\/uploads\/2022\/08\/spar-routes-hellasgarden.jpg\" \/>\n<meta name=\"twitter:card\" content=\"summary_large_image\" \/>\n<meta name=\"twitter:label1\" content=\"Dur\u00e9e de lecture estim\u00e9e\" \/>\n\t<meta name=\"twitter:data1\" content=\"2 minutes\" \/>\n<script type=\"application\/ld+json\" class=\"yoast-schema-graph\">{\"@context\":\"https:\/\/schema.org\",\"@graph\":[{\"@type\":\"WebPage\",\"@id\":\"https:\/\/hellasgarden.se\/fr\/aktiviteter\/trail-terranglopning%ef%bf%bc\/\",\"url\":\"https:\/\/hellasgarden.se\/fr\/aktiviteter\/trail-terranglopning%ef%bf%bc\/\",\"name\":\"Trail & terr\u00e4ngl\u00f6pning\ufffc - Hellasg\u00e5rden\",\"isPartOf\":{\"@id\":\"https:\/\/hellasgarden.se\/#website\"},\"datePublished\":\"2022-09-08T08:09:39+00:00\",\"dateModified\":\"2022-09-12T08:35:24+00:00\",\"breadcrumb\":{\"@id\":\"https:\/\/hellasgarden.se\/fr\/aktiviteter\/trail-terranglopning%ef%bf%bc\/#breadcrumb\"},\"inLanguage\":\"fr-FR\",\"potentialAction\":[{\"@type\":\"ReadAction\",\"target\":[\"https:\/\/hellasgarden.se\/fr\/aktiviteter\/trail-terranglopning%ef%bf%bc\/\"]}]},{\"@type\":\"BreadcrumbList\",\"@id\":\"https:\/\/hellasgarden.se\/fr\/aktiviteter\/trail-terranglopning%ef%bf%bc\/#breadcrumb\",\"itemListElement\":[{\"@type\":\"ListItem\",\"position\":1,\"name\":\"Hem\",\"item\":\"https:\/\/hellasgarden.se\/\"},{\"@type\":\"ListItem\",\"position\":2,\"name\":\"Aktiviteter\",\"item\":\"https:\/\/hellasgarden.se\/aktiviteter\/\"},{\"@type\":\"ListItem\",\"position\":3,\"name\":\"Trail &#038; terr\u00e4ngl\u00f6pning\ufffc\"}]},{\"@type\":\"WebSite\",\"@id\":\"https:\/\/hellasgarden.se\/#website\",\"url\":\"https:\/\/hellasgarden.se\/\",\"name\":\"Hellasg\u00e5rden\",\"description\":\"Din port till naturen\",\"potentialAction\":[{\"@type\":\"SearchAction\",\"target\":{\"@type\":\"EntryPoint\",\"urlTemplate\":\"https:\/\/hellasgarden.se\/?s={search_term_string}\"},\"query-input\":\"required name=search_term_string\"}],\"inLanguage\":\"fr-FR\"}]}<\/script>\n<!-- \/ Yoast SEO plugin. -->","yoast_head_json":{"title":"Trail & terr\u00e4ngl\u00f6pning\ufffc - Hellasg\u00e5rden","robots":{"index":"index","follow":"follow","max-snippet":"max-snippet:-1","max-image-preview":"max-image-preview:large","max-video-preview":"max-video-preview:-1"},"canonical":"https:\/\/hellasgarden.se\/fr\/aktiviteter\/trail-terranglopning\ufffc\/","og_locale":"fr_FR","og_type":"article","og_title":"Trail & terr\u00e4ngl\u00f6pning\ufffc - Hellasg\u00e5rden","og_description":"Trail &amp; terr&auml;ngl&ouml;pning&nbsp;HemTrail och terr&auml;ngl&ouml;pning i NackareservatetTr\u00e4ningssugen? H\u00e4r samlar vi information om trailsp\u00e5r i omgivningarna runt Hellasg\u00e5rden. Hellasg\u00e5rdens friluftsanl\u00e4ggning erbjuder flera motionsslingor f\u00f6r dig som vill l\u00f6pa, cykla eller bara ... Read More","og_url":"https:\/\/hellasgarden.se\/fr\/aktiviteter\/trail-terranglopning\ufffc\/","og_site_name":"Hellasg\u00e5rden","article_modified_time":"2022-09-12T08:35:24+00:00","og_image":[{"url":"http:\/\/hellasgarden.se\/wp-content\/uploads\/2022\/08\/spar-routes-hellasgarden.jpg"}],"twitter_card":"summary_large_image","twitter_misc":{"Dur\u00e9e de lecture estim\u00e9e":"2 minutes"},"schema":{"@context":"https:\/\/schema.org","@graph":[{"@type":"WebPage","@id":"https:\/\/hellasgarden.se\/fr\/aktiviteter\/trail-terranglopning%ef%bf%bc\/","url":"https:\/\/hellasgarden.se\/fr\/aktiviteter\/trail-terranglopning%ef%bf%bc\/","name":"Trail & terr\u00e4ngl\u00f6pning\ufffc - Hellasg\u00e5rden","isPartOf":{"@id":"https:\/\/hellasgarden.se\/#website"},"datePublished":"2022-09-08T08:09:39+00:00","dateModified":"2022-09-12T08:35:24+00:00","breadcrumb":{"@id":"https:\/\/hellasgarden.se\/fr\/aktiviteter\/trail-terranglopning%ef%bf%bc\/#breadcrumb"},"inLanguage":"fr-FR","potentialAction":[{"@type":"ReadAction","target":["https:\/\/hellasgarden.se\/fr\/aktiviteter\/trail-terranglopning%ef%bf%bc\/"]}]},{"@type":"BreadcrumbList","@id":"https:\/\/hellasgarden.se\/fr\/aktiviteter\/trail-terranglopning%ef%bf%bc\/#breadcrumb","itemListElement":[{"@type":"ListItem","position":1,"name":"Hem","item":"https:\/\/hellasgarden.se\/"},{"@type":"ListItem","position":2,"name":"Aktiviteter","item":"https:\/\/hellasgarden.se\/aktiviteter\/"},{"@type":"ListItem","position":3,"name":"Trail &#038; terr\u00e4ngl\u00f6pning\ufffc"}]},{"@type":"WebSite","@id":"https:\/\/hellasgarden.se\/#website","url":"https:\/\/hellasgarden.se\/","name":"Hellasg\u00e5rden","description":"Din port till naturen","potentialAction":[{"@type":"SearchAction","target":{"@type":"EntryPoint","urlTemplate":"https:\/\/hellasgarden.se\/?s={search_term_string}"},"query-input":"required name=search_term_string"}],"inLanguage":"fr-FR"}]}},"_links":{"self":[{"href":"https:\/\/hellasgarden.se\/fr\/wp-json\/wp\/v2\/pages\/44124"}],"collection":[{"href":"https:\/\/hellasgarden.se\/fr\/wp-json\/wp\/v2\/pages"}],"about":[{"href":"https:\/\/hellasgarden.se\/fr\/wp-json\/wp\/v2\/types\/page"}],"author":[{"embeddable":true,"href":"https:\/\/hellasgarden.se\/fr\/wp-json\/wp\/v2\/users\/1"}],"replies":[{"embeddable":true,"href":"https:\/\/hellasgarden.se\/fr\/wp-json\/wp\/v2\/comments?post=44124"}],"version-history":[{"count":10,"href":"https:\/\/hellasgarden.se\/fr\/wp-json\/wp\/v2\/pages\/44124\/revisions"}],"predecessor-version":[{"id":44166,"href":"https:\/\/hellasgarden.se\/fr\/wp-json\/wp\/v2\/pages\/44124\/revisions\/44166"}],"up":[{"embeddable":true,"href":"https:\/\/hellasgarden.se\/fr\/wp-json\/wp\/v2\/pages\/213"}],"wp:attachment":[{"href":"https:\/\/hellasgarden.se\/fr\/wp-json\/wp\/v2\/media?parent=44124"}],"curies":[{"name":"wp","href":"https:\/\/api.w.org\/{rel}","templated":true}]}}