{"id":43017,"date":"2021-08-17T12:42:09","date_gmt":"2021-08-17T10:42:09","guid":{"rendered":"https:\/\/hellasgarden.se\/test-2\/"},"modified":"2021-08-17T16:17:33","modified_gmt":"2021-08-17T14:17:33","slug":"test-2","status":"publish","type":"page","link":"https:\/\/hellasgarden.se\/fr\/test-2\/","title":{"rendered":"test"},"content":{"rendered":"<div id=\"cs-content\" class=\"cs-content\"><\/div>","protected":false},"excerpt":{"rendered":"<p>8 Mai, 2026Kom bort fr\u00e5n kontoret \u2013 vi finns h\u00e4r f\u00f6r dig&#8230;8 Mai, 2026Fotbollsgolfen har \u00f6ppnat f\u00f6r s\u00e4songen8 Mai, 2026Kajak, kanadensare och SUP &#8211; paddla i K\u00e4lltorpssj\u00f6n eller i kanalerna &#8230; <\/p>\n<div><a href=\"https:\/\/hellasgarden.se\/fr\/test-2\/\" class=\"more-link\">Lire la suite<\/a><\/div>","protected":false},"author":1,"featured_media":0,"parent":0,"menu_order":0,"comment_status":"closed","ping_status":"closed","template":"template-blank-4.php","meta":{"_monsterinsights_skip_tracking":false,"_monsterinsights_sitenote_active":false,"_monsterinsights_sitenote_note":"","_monsterinsights_sitenote_category":0},"yoast_head":"<!-- This site is optimized with the Yoast SEO plugin v21.8.1 - https:\/\/yoast.com\/wordpress\/plugins\/seo\/ -->\n<title>test - Hellasg\u00e5rden<\/title>\n<meta name=\"robots\" content=\"index, follow, max-snippet:-1, max-image-preview:large, max-video-preview:-1\" \/>\n<link rel=\"canonical\" href=\"https:\/\/hellasgarden.se\/fr\/test-2\/\" \/>\n<meta property=\"og:locale\" content=\"fr_FR\" \/>\n<meta property=\"og:type\" content=\"article\" \/>\n<meta property=\"og:title\" content=\"test - Hellasg\u00e5rden\" \/>\n<meta property=\"og:description\" content=\"8 Mai, 2026Kom bort fr\u00e5n kontoret \u2013 vi finns h\u00e4r f\u00f6r dig&#8230;8 Mai, 2026Fotbollsgolfen har \u00f6ppnat f\u00f6r s\u00e4songen8 Mai, 2026Kajak, kanadensare och SUP &#8211; paddla i K\u00e4lltorpssj\u00f6n eller i kanalerna ... Read More\" \/>\n<meta property=\"og:url\" content=\"https:\/\/hellasgarden.se\/fr\/test-2\/\" \/>\n<meta property=\"og:site_name\" content=\"Hellasg\u00e5rden\" \/>\n<meta property=\"article:modified_time\" content=\"2021-08-17T14:17:33+00:00\" \/>\n<meta name=\"twitter:card\" content=\"summary_large_image\" \/>\n<meta name=\"twitter:label1\" content=\"Dur\u00e9e de lecture estim\u00e9e\" \/>\n\t<meta name=\"twitter:data1\" content=\"1 minute\" \/>\n<script type=\"application\/ld+json\" class=\"yoast-schema-graph\">{\"@context\":\"https:\/\/schema.org\",\"@graph\":[{\"@type\":\"WebPage\",\"@id\":\"https:\/\/hellasgarden.se\/test-2\/\",\"url\":\"https:\/\/hellasgarden.se\/test-2\/\",\"name\":\"test - Hellasg\u00e5rden\",\"isPartOf\":{\"@id\":\"https:\/\/hellasgarden.se\/#website\"},\"datePublished\":\"2021-08-17T10:42:09+00:00\",\"dateModified\":\"2021-08-17T14:17:33+00:00\",\"breadcrumb\":{\"@id\":\"https:\/\/hellasgarden.se\/test-2\/#breadcrumb\"},\"inLanguage\":\"fr-FR\",\"potentialAction\":[{\"@type\":\"ReadAction\",\"target\":[\"https:\/\/hellasgarden.se\/test-2\/\"]}]},{\"@type\":\"BreadcrumbList\",\"@id\":\"https:\/\/hellasgarden.se\/test-2\/#breadcrumb\",\"itemListElement\":[{\"@type\":\"ListItem\",\"position\":1,\"name\":\"Hem\",\"item\":\"https:\/\/hellasgarden.se\/\"},{\"@type\":\"ListItem\",\"position\":2,\"name\":\"test\"}]},{\"@type\":\"WebSite\",\"@id\":\"https:\/\/hellasgarden.se\/#website\",\"url\":\"https:\/\/hellasgarden.se\/\",\"name\":\"Hellasg\u00e5rden\",\"description\":\"Din port till naturen\",\"potentialAction\":[{\"@type\":\"SearchAction\",\"target\":{\"@type\":\"EntryPoint\",\"urlTemplate\":\"https:\/\/hellasgarden.se\/?s={search_term_string}\"},\"query-input\":\"required name=search_term_string\"}],\"inLanguage\":\"fr-FR\"}]}<\/script>\n<!-- \/ Yoast SEO plugin. -->","yoast_head_json":{"title":"test - Hellasg\u00e5rden","robots":{"index":"index","follow":"follow","max-snippet":"max-snippet:-1","max-image-preview":"max-image-preview:large","max-video-preview":"max-video-preview:-1"},"canonical":"https:\/\/hellasgarden.se\/fr\/test-2\/","og_locale":"fr_FR","og_type":"article","og_title":"test - Hellasg\u00e5rden","og_description":"8 Mai, 2026Kom bort fr\u00e5n kontoret \u2013 vi finns h\u00e4r f\u00f6r dig&#8230;8 Mai, 2026Fotbollsgolfen har \u00f6ppnat f\u00f6r s\u00e4songen8 Mai, 2026Kajak, kanadensare och SUP &#8211; paddla i K\u00e4lltorpssj\u00f6n eller i kanalerna ... Read More","og_url":"https:\/\/hellasgarden.se\/fr\/test-2\/","og_site_name":"Hellasg\u00e5rden","article_modified_time":"2021-08-17T14:17:33+00:00","twitter_card":"summary_large_image","twitter_misc":{"Dur\u00e9e de lecture estim\u00e9e":"1 minute"},"schema":{"@context":"https:\/\/schema.org","@graph":[{"@type":"WebPage","@id":"https:\/\/hellasgarden.se\/test-2\/","url":"https:\/\/hellasgarden.se\/test-2\/","name":"test - Hellasg\u00e5rden","isPartOf":{"@id":"https:\/\/hellasgarden.se\/#website"},"datePublished":"2021-08-17T10:42:09+00:00","dateModified":"2021-08-17T14:17:33+00:00","breadcrumb":{"@id":"https:\/\/hellasgarden.se\/test-2\/#breadcrumb"},"inLanguage":"fr-FR","potentialAction":[{"@type":"ReadAction","target":["https:\/\/hellasgarden.se\/test-2\/"]}]},{"@type":"BreadcrumbList","@id":"https:\/\/hellasgarden.se\/test-2\/#breadcrumb","itemListElement":[{"@type":"ListItem","position":1,"name":"Hem","item":"https:\/\/hellasgarden.se\/"},{"@type":"ListItem","position":2,"name":"test"}]},{"@type":"WebSite","@id":"https:\/\/hellasgarden.se\/#website","url":"https:\/\/hellasgarden.se\/","name":"Hellasg\u00e5rden","description":"Din port till naturen","potentialAction":[{"@type":"SearchAction","target":{"@type":"EntryPoint","urlTemplate":"https:\/\/hellasgarden.se\/?s={search_term_string}"},"query-input":"required name=search_term_string"}],"inLanguage":"fr-FR"}]}},"_links":{"self":[{"href":"https:\/\/hellasgarden.se\/fr\/wp-json\/wp\/v2\/pages\/43017"}],"collection":[{"href":"https:\/\/hellasgarden.se\/fr\/wp-json\/wp\/v2\/pages"}],"about":[{"href":"https:\/\/hellasgarden.se\/fr\/wp-json\/wp\/v2\/types\/page"}],"author":[{"embeddable":true,"href":"https:\/\/hellasgarden.se\/fr\/wp-json\/wp\/v2\/users\/1"}],"replies":[{"embeddable":true,"href":"https:\/\/hellasgarden.se\/fr\/wp-json\/wp\/v2\/comments?post=43017"}],"version-history":[{"count":6,"href":"https:\/\/hellasgarden.se\/fr\/wp-json\/wp\/v2\/pages\/43017\/revisions"}],"predecessor-version":[{"id":43024,"href":"https:\/\/hellasgarden.se\/fr\/wp-json\/wp\/v2\/pages\/43017\/revisions\/43024"}],"wp:attachment":[{"href":"https:\/\/hellasgarden.se\/fr\/wp-json\/wp\/v2\/media?parent=43017"}],"curies":[{"name":"wp","href":"https:\/\/api.w.org\/{rel}","templated":true}]}}