{"id":2592,"date":"2019-08-29T20:32:21","date_gmt":"2019-08-29T18:32:21","guid":{"rendered":"http:\/\/hellasgarden.se\/?page_id=2592"},"modified":"2019-08-29T21:02:08","modified_gmt":"2019-08-29T19:02:08","slug":"skolor-bokningsbara-tider","status":"publish","type":"page","link":"https:\/\/hellasgarden.se\/fr\/skolor-bokningsbara-tider\/","title":{"rendered":"P\u00e9riodes r\u00e9servables"},"content":{"rendered":"<h5 class=\"wp-block-heading\">P\u00e9riodes r\u00e9servables&nbsp;<\/h5>\n\n\n\n<p>Les \u00e9coles peuvent r\u00e9server le sauna et les vestiaires pour des exercices de natation sur glace :<\/p>\n\n\n\n<p>Mardi 08:00-12:00<\/p>\n\n\n\n<p>Mercredi 08:00-12:00<\/p>\n\n\n\n<p>Jeudi 08:00-12:00<\/p>\n\n\n\n<p>Vendredi 08:00-12:00<\/p>\n\n\n\n<p>Veuillez noter que la r\u00e9servation d'un vestiaire et d'un sauna pour la pratique de la natation sur glace ne signifie pas que vous avez l'usage exclusif de l'installation. D'autres personnes ont le droit d'utiliser l'installation pendant la dur\u00e9e de votre r\u00e9servation. Avant 10 heures, les clients des h\u00e9bergements et les d\u00e9tenteurs d'une carte annuelle ont acc\u00e8s \u00e0 l'installation et \u00e0 partir de 10 heures, l'installation est ouverte au public.<\/p>\n\n\n\n<p>Retour<\/p>","protected":false},"excerpt":{"rendered":"<p>Bokningsbara tider&nbsp; Skolor \u00e4r v\u00e4lkomna att boka bastu och omkl\u00e4dningsrum f\u00f6r isvaks\u00f6vningar: Tisdagar kl 08:00-12:00 Onsdagar kl 08:00-12:00 Torsdagar kl 08:00-12:00 Fredagar kl 08:00-12:00 Observera att bokning av omkl\u00e4dningsrum och &#8230; <\/p>\n<div><a href=\"https:\/\/hellasgarden.se\/fr\/skolor-bokningsbara-tider\/\" class=\"more-link\">Lire la suite<\/a><\/div>","protected":false},"author":1,"featured_media":0,"parent":0,"menu_order":0,"comment_status":"closed","ping_status":"closed","template":"","meta":{"_monsterinsights_skip_tracking":false,"_monsterinsights_sitenote_active":false,"_monsterinsights_sitenote_note":"","_monsterinsights_sitenote_category":0},"yoast_head":"<!-- This site is optimized with the Yoast SEO plugin v21.8.1 - https:\/\/yoast.com\/wordpress\/plugins\/seo\/ -->\n<title>Bokningsbara tider - Hellasg\u00e5rden<\/title>\n<meta name=\"robots\" content=\"index, follow, max-snippet:-1, max-image-preview:large, max-video-preview:-1\" \/>\n<link rel=\"canonical\" href=\"https:\/\/hellasgarden.se\/fr\/skolor-bokningsbara-tider\/\" \/>\n<meta property=\"og:locale\" content=\"fr_FR\" \/>\n<meta property=\"og:type\" content=\"article\" \/>\n<meta property=\"og:title\" content=\"Bokningsbara tider - Hellasg\u00e5rden\" \/>\n<meta property=\"og:description\" content=\"Bokningsbara tider&nbsp; Skolor \u00e4r v\u00e4lkomna att boka bastu och omkl\u00e4dningsrum f\u00f6r isvaks\u00f6vningar: Tisdagar kl 08:00-12:00 Onsdagar kl 08:00-12:00 Torsdagar kl 08:00-12:00 Fredagar kl 08:00-12:00 Observera att bokning av omkl\u00e4dningsrum och ... Read More\" \/>\n<meta property=\"og:url\" content=\"https:\/\/hellasgarden.se\/fr\/skolor-bokningsbara-tider\/\" \/>\n<meta property=\"og:site_name\" content=\"Hellasg\u00e5rden\" \/>\n<meta property=\"article:modified_time\" content=\"2019-08-29T19:02:08+00:00\" \/>\n<meta name=\"twitter:card\" content=\"summary_large_image\" \/>\n<script type=\"application\/ld+json\" class=\"yoast-schema-graph\">{\"@context\":\"https:\/\/schema.org\",\"@graph\":[{\"@type\":\"WebPage\",\"@id\":\"https:\/\/hellasgarden.se\/skolor-bokningsbara-tider\/\",\"url\":\"https:\/\/hellasgarden.se\/skolor-bokningsbara-tider\/\",\"name\":\"Bokningsbara tider - Hellasg\u00e5rden\",\"isPartOf\":{\"@id\":\"https:\/\/hellasgarden.se\/#website\"},\"datePublished\":\"2019-08-29T18:32:21+00:00\",\"dateModified\":\"2019-08-29T19:02:08+00:00\",\"breadcrumb\":{\"@id\":\"https:\/\/hellasgarden.se\/skolor-bokningsbara-tider\/#breadcrumb\"},\"inLanguage\":\"fr-FR\",\"potentialAction\":[{\"@type\":\"ReadAction\",\"target\":[\"https:\/\/hellasgarden.se\/skolor-bokningsbara-tider\/\"]}]},{\"@type\":\"BreadcrumbList\",\"@id\":\"https:\/\/hellasgarden.se\/skolor-bokningsbara-tider\/#breadcrumb\",\"itemListElement\":[{\"@type\":\"ListItem\",\"position\":1,\"name\":\"Hem\",\"item\":\"https:\/\/hellasgarden.se\/\"},{\"@type\":\"ListItem\",\"position\":2,\"name\":\"Bokningsbara tider\"}]},{\"@type\":\"WebSite\",\"@id\":\"https:\/\/hellasgarden.se\/#website\",\"url\":\"https:\/\/hellasgarden.se\/\",\"name\":\"Hellasg\u00e5rden\",\"description\":\"Din port till naturen\",\"potentialAction\":[{\"@type\":\"SearchAction\",\"target\":{\"@type\":\"EntryPoint\",\"urlTemplate\":\"https:\/\/hellasgarden.se\/?s={search_term_string}\"},\"query-input\":\"required name=search_term_string\"}],\"inLanguage\":\"fr-FR\"}]}<\/script>\n<!-- \/ Yoast SEO plugin. -->","yoast_head_json":{"title":"Bokningsbara tider - Hellasg\u00e5rden","robots":{"index":"index","follow":"follow","max-snippet":"max-snippet:-1","max-image-preview":"max-image-preview:large","max-video-preview":"max-video-preview:-1"},"canonical":"https:\/\/hellasgarden.se\/fr\/skolor-bokningsbara-tider\/","og_locale":"fr_FR","og_type":"article","og_title":"Bokningsbara tider - Hellasg\u00e5rden","og_description":"Bokningsbara tider&nbsp; Skolor \u00e4r v\u00e4lkomna att boka bastu och omkl\u00e4dningsrum f\u00f6r isvaks\u00f6vningar: Tisdagar kl 08:00-12:00 Onsdagar kl 08:00-12:00 Torsdagar kl 08:00-12:00 Fredagar kl 08:00-12:00 Observera att bokning av omkl\u00e4dningsrum och ... Read More","og_url":"https:\/\/hellasgarden.se\/fr\/skolor-bokningsbara-tider\/","og_site_name":"Hellasg\u00e5rden","article_modified_time":"2019-08-29T19:02:08+00:00","twitter_card":"summary_large_image","schema":{"@context":"https:\/\/schema.org","@graph":[{"@type":"WebPage","@id":"https:\/\/hellasgarden.se\/skolor-bokningsbara-tider\/","url":"https:\/\/hellasgarden.se\/skolor-bokningsbara-tider\/","name":"Bokningsbara tider - Hellasg\u00e5rden","isPartOf":{"@id":"https:\/\/hellasgarden.se\/#website"},"datePublished":"2019-08-29T18:32:21+00:00","dateModified":"2019-08-29T19:02:08+00:00","breadcrumb":{"@id":"https:\/\/hellasgarden.se\/skolor-bokningsbara-tider\/#breadcrumb"},"inLanguage":"fr-FR","potentialAction":[{"@type":"ReadAction","target":["https:\/\/hellasgarden.se\/skolor-bokningsbara-tider\/"]}]},{"@type":"BreadcrumbList","@id":"https:\/\/hellasgarden.se\/skolor-bokningsbara-tider\/#breadcrumb","itemListElement":[{"@type":"ListItem","position":1,"name":"Hem","item":"https:\/\/hellasgarden.se\/"},{"@type":"ListItem","position":2,"name":"Bokningsbara tider"}]},{"@type":"WebSite","@id":"https:\/\/hellasgarden.se\/#website","url":"https:\/\/hellasgarden.se\/","name":"Hellasg\u00e5rden","description":"Din port till naturen","potentialAction":[{"@type":"SearchAction","target":{"@type":"EntryPoint","urlTemplate":"https:\/\/hellasgarden.se\/?s={search_term_string}"},"query-input":"required name=search_term_string"}],"inLanguage":"fr-FR"}]}},"_links":{"self":[{"href":"https:\/\/hellasgarden.se\/fr\/wp-json\/wp\/v2\/pages\/2592"}],"collection":[{"href":"https:\/\/hellasgarden.se\/fr\/wp-json\/wp\/v2\/pages"}],"about":[{"href":"https:\/\/hellasgarden.se\/fr\/wp-json\/wp\/v2\/types\/page"}],"author":[{"embeddable":true,"href":"https:\/\/hellasgarden.se\/fr\/wp-json\/wp\/v2\/users\/1"}],"replies":[{"embeddable":true,"href":"https:\/\/hellasgarden.se\/fr\/wp-json\/wp\/v2\/comments?post=2592"}],"version-history":[{"count":0,"href":"https:\/\/hellasgarden.se\/fr\/wp-json\/wp\/v2\/pages\/2592\/revisions"}],"wp:attachment":[{"href":"https:\/\/hellasgarden.se\/fr\/wp-json\/wp\/v2\/media?parent=2592"}],"curies":[{"name":"wp","href":"https:\/\/api.w.org\/{rel}","templated":true}]}}