{"id":2558,"date":"2019-08-25T11:06:46","date_gmt":"2019-08-25T09:06:46","guid":{"rendered":"http:\/\/hellasgarden.se\/?page_id=2558"},"modified":"2025-03-13T15:02:49","modified_gmt":"2025-03-13T14:02:49","slug":"arrangera-hos-oss","status":"publish","type":"page","link":"https:\/\/hellasgarden.se\/fr\/arrangera-hos-oss\/","title":{"rendered":"Organiser avec nous"},"content":{"rendered":"<div id=\"cs-content\" class=\"cs-content\"><\/div>","protected":false},"excerpt":{"rendered":"<p>Organiser avec nousVoici ce qu'il faut faire si vous voulez organiser votre \u00e9v\u00e9nement \u00e0 Hellasg\u00e5rden1.Hellas entretient les terrains de Hellasg\u00e5rden, tels que le parking, le terrain de football, la piscine et d'autres espaces ouverts. Plusieurs de ces espaces ... <\/p>\n<div><a href=\"https:\/\/hellasgarden.se\/fr\/arrangera-hos-oss\/\" class=\"more-link\">Lire la suite<\/a><\/div>","protected":false},"author":1,"featured_media":0,"parent":0,"menu_order":0,"comment_status":"closed","ping_status":"closed","template":"template-blank-4.php","meta":{"_monsterinsights_skip_tracking":false,"_monsterinsights_sitenote_active":false,"_monsterinsights_sitenote_note":"","_monsterinsights_sitenote_category":0},"yoast_head":"<!-- This site is optimized with the Yoast SEO plugin v21.8.1 - https:\/\/yoast.com\/wordpress\/plugins\/seo\/ -->\n<title>Arrangera hos oss - Hellasg\u00e5rden<\/title>\n<meta name=\"robots\" content=\"index, follow, max-snippet:-1, max-image-preview:large, max-video-preview:-1\" \/>\n<link rel=\"canonical\" href=\"https:\/\/hellasgarden.se\/fr\/arrangera-hos-oss\/\" \/>\n<meta property=\"og:locale\" content=\"fr_FR\" \/>\n<meta property=\"og:type\" content=\"article\" \/>\n<meta property=\"og:title\" content=\"Arrangera hos oss - Hellasg\u00e5rden\" \/>\n<meta property=\"og:description\" content=\"Arrangera hos ossS\u00e5 h\u00e4r g\u00f6r du om du vill f\u00f6rl\u00e4gga ditt arrangemang vid Hellasg\u00e5rden1.Hellas underh\u00e5ller marken vid Hellasg\u00e5rden, som parkeringsplatsen, fotbollsplanen, bad\u00e4ngen och \u00f6vriga \u00f6ppna ytor. Flera av dessa ytor ... Read More\" \/>\n<meta property=\"og:url\" content=\"https:\/\/hellasgarden.se\/fr\/arrangera-hos-oss\/\" \/>\n<meta property=\"og:site_name\" content=\"Hellasg\u00e5rden\" \/>\n<meta property=\"article:modified_time\" content=\"2025-03-13T14:02:49+00:00\" \/>\n<meta name=\"twitter:card\" content=\"summary_large_image\" \/>\n<meta name=\"twitter:label1\" content=\"Dur\u00e9e de lecture estim\u00e9e\" \/>\n\t<meta name=\"twitter:data1\" content=\"3 minutes\" \/>\n<script type=\"application\/ld+json\" class=\"yoast-schema-graph\">{\"@context\":\"https:\/\/schema.org\",\"@graph\":[{\"@type\":\"WebPage\",\"@id\":\"https:\/\/hellasgarden.se\/arrangera-hos-oss\/\",\"url\":\"https:\/\/hellasgarden.se\/arrangera-hos-oss\/\",\"name\":\"Arrangera hos oss - Hellasg\u00e5rden\",\"isPartOf\":{\"@id\":\"https:\/\/hellasgarden.se\/#website\"},\"datePublished\":\"2019-08-25T09:06:46+00:00\",\"dateModified\":\"2025-03-13T14:02:49+00:00\",\"breadcrumb\":{\"@id\":\"https:\/\/hellasgarden.se\/arrangera-hos-oss\/#breadcrumb\"},\"inLanguage\":\"fr-FR\",\"potentialAction\":[{\"@type\":\"ReadAction\",\"target\":[\"https:\/\/hellasgarden.se\/arrangera-hos-oss\/\"]}]},{\"@type\":\"BreadcrumbList\",\"@id\":\"https:\/\/hellasgarden.se\/arrangera-hos-oss\/#breadcrumb\",\"itemListElement\":[{\"@type\":\"ListItem\",\"position\":1,\"name\":\"Hem\",\"item\":\"https:\/\/hellasgarden.se\/\"},{\"@type\":\"ListItem\",\"position\":2,\"name\":\"Arrangera hos oss\"}]},{\"@type\":\"WebSite\",\"@id\":\"https:\/\/hellasgarden.se\/#website\",\"url\":\"https:\/\/hellasgarden.se\/\",\"name\":\"Hellasg\u00e5rden\",\"description\":\"Din port till naturen\",\"potentialAction\":[{\"@type\":\"SearchAction\",\"target\":{\"@type\":\"EntryPoint\",\"urlTemplate\":\"https:\/\/hellasgarden.se\/?s={search_term_string}\"},\"query-input\":\"required name=search_term_string\"}],\"inLanguage\":\"fr-FR\"}]}<\/script>\n<!-- \/ Yoast SEO plugin. -->","yoast_head_json":{"title":"Arrangera hos oss - Hellasg\u00e5rden","robots":{"index":"index","follow":"follow","max-snippet":"max-snippet:-1","max-image-preview":"max-image-preview:large","max-video-preview":"max-video-preview:-1"},"canonical":"https:\/\/hellasgarden.se\/fr\/arrangera-hos-oss\/","og_locale":"fr_FR","og_type":"article","og_title":"Arrangera hos oss - Hellasg\u00e5rden","og_description":"Arrangera hos ossS\u00e5 h\u00e4r g\u00f6r du om du vill f\u00f6rl\u00e4gga ditt arrangemang vid Hellasg\u00e5rden1.Hellas underh\u00e5ller marken vid Hellasg\u00e5rden, som parkeringsplatsen, fotbollsplanen, bad\u00e4ngen och \u00f6vriga \u00f6ppna ytor. Flera av dessa ytor ... Read More","og_url":"https:\/\/hellasgarden.se\/fr\/arrangera-hos-oss\/","og_site_name":"Hellasg\u00e5rden","article_modified_time":"2025-03-13T14:02:49+00:00","twitter_card":"summary_large_image","twitter_misc":{"Dur\u00e9e de lecture estim\u00e9e":"3 minutes"},"schema":{"@context":"https:\/\/schema.org","@graph":[{"@type":"WebPage","@id":"https:\/\/hellasgarden.se\/arrangera-hos-oss\/","url":"https:\/\/hellasgarden.se\/arrangera-hos-oss\/","name":"Arrangera hos oss - Hellasg\u00e5rden","isPartOf":{"@id":"https:\/\/hellasgarden.se\/#website"},"datePublished":"2019-08-25T09:06:46+00:00","dateModified":"2025-03-13T14:02:49+00:00","breadcrumb":{"@id":"https:\/\/hellasgarden.se\/arrangera-hos-oss\/#breadcrumb"},"inLanguage":"fr-FR","potentialAction":[{"@type":"ReadAction","target":["https:\/\/hellasgarden.se\/arrangera-hos-oss\/"]}]},{"@type":"BreadcrumbList","@id":"https:\/\/hellasgarden.se\/arrangera-hos-oss\/#breadcrumb","itemListElement":[{"@type":"ListItem","position":1,"name":"Hem","item":"https:\/\/hellasgarden.se\/"},{"@type":"ListItem","position":2,"name":"Arrangera hos oss"}]},{"@type":"WebSite","@id":"https:\/\/hellasgarden.se\/#website","url":"https:\/\/hellasgarden.se\/","name":"Hellasg\u00e5rden","description":"Din port till naturen","potentialAction":[{"@type":"SearchAction","target":{"@type":"EntryPoint","urlTemplate":"https:\/\/hellasgarden.se\/?s={search_term_string}"},"query-input":"required name=search_term_string"}],"inLanguage":"fr-FR"}]}},"_links":{"self":[{"href":"https:\/\/hellasgarden.se\/fr\/wp-json\/wp\/v2\/pages\/2558"}],"collection":[{"href":"https:\/\/hellasgarden.se\/fr\/wp-json\/wp\/v2\/pages"}],"about":[{"href":"https:\/\/hellasgarden.se\/fr\/wp-json\/wp\/v2\/types\/page"}],"author":[{"embeddable":true,"href":"https:\/\/hellasgarden.se\/fr\/wp-json\/wp\/v2\/users\/1"}],"replies":[{"embeddable":true,"href":"https:\/\/hellasgarden.se\/fr\/wp-json\/wp\/v2\/comments?post=2558"}],"version-history":[{"count":8,"href":"https:\/\/hellasgarden.se\/fr\/wp-json\/wp\/v2\/pages\/2558\/revisions"}],"predecessor-version":[{"id":46331,"href":"https:\/\/hellasgarden.se\/fr\/wp-json\/wp\/v2\/pages\/2558\/revisions\/46331"}],"wp:attachment":[{"href":"https:\/\/hellasgarden.se\/fr\/wp-json\/wp\/v2\/media?parent=2558"}],"curies":[{"name":"wp","href":"https:\/\/api.w.org\/{rel}","templated":true}]}}