{"id":2263,"date":"2019-05-28T14:04:45","date_gmt":"2019-05-28T12:04:45","guid":{"rendered":"http:\/\/hellasgarden.se\/?page_id=2263"},"modified":"2025-12-01T10:20:35","modified_gmt":"2025-12-01T09:20:35","slug":"kanadensare","status":"publish","type":"page","link":"https:\/\/hellasgarden.se\/fr\/aktiviteter\/kanadensare\/","title":{"rendered":"Les Canadiens"},"content":{"rendered":"<div id=\"cs-content\" class=\"cs-content\"><\/div>","protected":false},"excerpt":{"rendered":"<p>CanadiensAccueilLouez des Canadiens avec nous \u00e0 Hellasg\u00e5rden \u00e0 Stockholm Avec nous \u00e0 Hellasg\u00e5rden, vous pouvez louer des Canadiens, des kayaks et des SUP. Nous ne prenons que des r\u00e9servations en ligne. Votre r\u00e9servation comprend un gilet de sauvetage.  Vous trouverez la location aux alentours de ... <\/p>\n<div><a href=\"https:\/\/hellasgarden.se\/fr\/aktiviteter\/kanadensare\/\" class=\"more-link\">Lire la suite<\/a><\/div>","protected":false},"author":1,"featured_media":0,"parent":213,"menu_order":0,"comment_status":"closed","ping_status":"closed","template":"template-blank-4.php","meta":{"_monsterinsights_skip_tracking":false,"_monsterinsights_sitenote_active":false,"_monsterinsights_sitenote_note":"","_monsterinsights_sitenote_category":0},"yoast_head":"<!-- This site is optimized with the Yoast SEO plugin v21.8.1 - https:\/\/yoast.com\/wordpress\/plugins\/seo\/ -->\n<title>Hyra kanadensare i Stockholm - Hellasg\u00e5rden<\/title>\n<meta name=\"description\" content=\"Hos oss p\u00e5 Hellasg\u00e5rden i Stockholm kan du hyra kanadensare och paddla i vacker natur. Bokar g\u00f6r du online.\" \/>\n<meta name=\"robots\" content=\"index, follow, max-snippet:-1, max-image-preview:large, max-video-preview:-1\" \/>\n<link rel=\"canonical\" href=\"https:\/\/hellasgarden.se\/fr\/aktiviteter\/kanadensare\/\" \/>\n<meta property=\"og:locale\" content=\"fr_FR\" \/>\n<meta property=\"og:type\" content=\"article\" \/>\n<meta property=\"og:title\" content=\"Hyra kanadensare i Stockholm - Hellasg\u00e5rden\" \/>\n<meta property=\"og:description\" content=\"Hos oss p\u00e5 Hellasg\u00e5rden i Stockholm kan du hyra kanadensare och paddla i vacker natur. Bokar g\u00f6r du online.\" \/>\n<meta property=\"og:url\" content=\"https:\/\/hellasgarden.se\/fr\/aktiviteter\/kanadensare\/\" \/>\n<meta property=\"og:site_name\" content=\"Hellasg\u00e5rden\" \/>\n<meta property=\"article:modified_time\" content=\"2025-12-01T09:20:35+00:00\" \/>\n<meta name=\"twitter:card\" content=\"summary_large_image\" \/>\n<meta name=\"twitter:label1\" content=\"Dur\u00e9e de lecture estim\u00e9e\" \/>\n\t<meta name=\"twitter:data1\" content=\"3 minutes\" \/>\n<script type=\"application\/ld+json\" class=\"yoast-schema-graph\">{\"@context\":\"https:\/\/schema.org\",\"@graph\":[{\"@type\":\"WebPage\",\"@id\":\"https:\/\/hellasgarden.se\/aktiviteter\/kanadensare\/\",\"url\":\"https:\/\/hellasgarden.se\/aktiviteter\/kanadensare\/\",\"name\":\"Hyra kanadensare i Stockholm - Hellasg\u00e5rden\",\"isPartOf\":{\"@id\":\"https:\/\/hellasgarden.se\/#website\"},\"datePublished\":\"2019-05-28T12:04:45+00:00\",\"dateModified\":\"2025-12-01T09:20:35+00:00\",\"description\":\"Hos oss p\u00e5 Hellasg\u00e5rden i Stockholm kan du hyra kanadensare och paddla i vacker natur. Bokar g\u00f6r du online.\",\"breadcrumb\":{\"@id\":\"https:\/\/hellasgarden.se\/aktiviteter\/kanadensare\/#breadcrumb\"},\"inLanguage\":\"fr-FR\",\"potentialAction\":[{\"@type\":\"ReadAction\",\"target\":[\"https:\/\/hellasgarden.se\/aktiviteter\/kanadensare\/\"]}]},{\"@type\":\"BreadcrumbList\",\"@id\":\"https:\/\/hellasgarden.se\/aktiviteter\/kanadensare\/#breadcrumb\",\"itemListElement\":[{\"@type\":\"ListItem\",\"position\":1,\"name\":\"Hem\",\"item\":\"https:\/\/hellasgarden.se\/\"},{\"@type\":\"ListItem\",\"position\":2,\"name\":\"Aktiviteter\",\"item\":\"https:\/\/hellasgarden.se\/aktiviteter\/\"},{\"@type\":\"ListItem\",\"position\":3,\"name\":\"Kanadensare\"}]},{\"@type\":\"WebSite\",\"@id\":\"https:\/\/hellasgarden.se\/#website\",\"url\":\"https:\/\/hellasgarden.se\/\",\"name\":\"Hellasg\u00e5rden\",\"description\":\"Din port till naturen\",\"potentialAction\":[{\"@type\":\"SearchAction\",\"target\":{\"@type\":\"EntryPoint\",\"urlTemplate\":\"https:\/\/hellasgarden.se\/?s={search_term_string}\"},\"query-input\":\"required name=search_term_string\"}],\"inLanguage\":\"fr-FR\"}]}<\/script>\n<!-- \/ Yoast SEO plugin. -->","yoast_head_json":{"title":"Hyra kanadensare i Stockholm - Hellasg\u00e5rden","description":"Hos oss p\u00e5 Hellasg\u00e5rden i Stockholm kan du hyra kanadensare och paddla i vacker natur. Bokar g\u00f6r du online.","robots":{"index":"index","follow":"follow","max-snippet":"max-snippet:-1","max-image-preview":"max-image-preview:large","max-video-preview":"max-video-preview:-1"},"canonical":"https:\/\/hellasgarden.se\/fr\/aktiviteter\/kanadensare\/","og_locale":"fr_FR","og_type":"article","og_title":"Hyra kanadensare i Stockholm - Hellasg\u00e5rden","og_description":"Hos oss p\u00e5 Hellasg\u00e5rden i Stockholm kan du hyra kanadensare och paddla i vacker natur. Bokar g\u00f6r du online.","og_url":"https:\/\/hellasgarden.se\/fr\/aktiviteter\/kanadensare\/","og_site_name":"Hellasg\u00e5rden","article_modified_time":"2025-12-01T09:20:35+00:00","twitter_card":"summary_large_image","twitter_misc":{"Dur\u00e9e de lecture estim\u00e9e":"3 minutes"},"schema":{"@context":"https:\/\/schema.org","@graph":[{"@type":"WebPage","@id":"https:\/\/hellasgarden.se\/aktiviteter\/kanadensare\/","url":"https:\/\/hellasgarden.se\/aktiviteter\/kanadensare\/","name":"Hyra kanadensare i Stockholm - Hellasg\u00e5rden","isPartOf":{"@id":"https:\/\/hellasgarden.se\/#website"},"datePublished":"2019-05-28T12:04:45+00:00","dateModified":"2025-12-01T09:20:35+00:00","description":"Hos oss p\u00e5 Hellasg\u00e5rden i Stockholm kan du hyra kanadensare och paddla i vacker natur. Bokar g\u00f6r du online.","breadcrumb":{"@id":"https:\/\/hellasgarden.se\/aktiviteter\/kanadensare\/#breadcrumb"},"inLanguage":"fr-FR","potentialAction":[{"@type":"ReadAction","target":["https:\/\/hellasgarden.se\/aktiviteter\/kanadensare\/"]}]},{"@type":"BreadcrumbList","@id":"https:\/\/hellasgarden.se\/aktiviteter\/kanadensare\/#breadcrumb","itemListElement":[{"@type":"ListItem","position":1,"name":"Hem","item":"https:\/\/hellasgarden.se\/"},{"@type":"ListItem","position":2,"name":"Aktiviteter","item":"https:\/\/hellasgarden.se\/aktiviteter\/"},{"@type":"ListItem","position":3,"name":"Kanadensare"}]},{"@type":"WebSite","@id":"https:\/\/hellasgarden.se\/#website","url":"https:\/\/hellasgarden.se\/","name":"Hellasg\u00e5rden","description":"Din port till naturen","potentialAction":[{"@type":"SearchAction","target":{"@type":"EntryPoint","urlTemplate":"https:\/\/hellasgarden.se\/?s={search_term_string}"},"query-input":"required name=search_term_string"}],"inLanguage":"fr-FR"}]}},"_links":{"self":[{"href":"https:\/\/hellasgarden.se\/fr\/wp-json\/wp\/v2\/pages\/2263"}],"collection":[{"href":"https:\/\/hellasgarden.se\/fr\/wp-json\/wp\/v2\/pages"}],"about":[{"href":"https:\/\/hellasgarden.se\/fr\/wp-json\/wp\/v2\/types\/page"}],"author":[{"embeddable":true,"href":"https:\/\/hellasgarden.se\/fr\/wp-json\/wp\/v2\/users\/1"}],"replies":[{"embeddable":true,"href":"https:\/\/hellasgarden.se\/fr\/wp-json\/wp\/v2\/comments?post=2263"}],"version-history":[{"count":59,"href":"https:\/\/hellasgarden.se\/fr\/wp-json\/wp\/v2\/pages\/2263\/revisions"}],"predecessor-version":[{"id":46578,"href":"https:\/\/hellasgarden.se\/fr\/wp-json\/wp\/v2\/pages\/2263\/revisions\/46578"}],"up":[{"embeddable":true,"href":"https:\/\/hellasgarden.se\/fr\/wp-json\/wp\/v2\/pages\/213"}],"wp:attachment":[{"href":"https:\/\/hellasgarden.se\/fr\/wp-json\/wp\/v2\/media?parent=2263"}],"curies":[{"name":"wp","href":"https:\/\/api.w.org\/{rel}","templated":true}]}}