{"id":2257,"date":"2019-05-28T13:59:43","date_gmt":"2019-05-28T11:59:43","guid":{"rendered":"http:\/\/hellasgarden.se\/?page_id=2257"},"modified":"2025-12-01T10:24:15","modified_gmt":"2025-12-01T09:24:15","slug":"kajak","status":"publish","type":"page","link":"https:\/\/hellasgarden.se\/fr\/aktiviteter\/kajak\/","title":{"rendered":"Kayak"},"content":{"rendered":"<div id=\"cs-content\" class=\"cs-content\"><\/div>","protected":false},"excerpt":{"rendered":"<p>KayakHomeLouez un kayak avec nousA Hellasg\u00e5rden, vous pouvez louer des kayaks, des cano\u00ebs et des SUP. Nous ne prenons que des r\u00e9servations en ligne. Votre r\u00e9servation comprend un gilet de sauvetage. Vous trouverez la location \u00e0 environ 50 m\u00e8tres de la r\u00e9ception de Hellasg\u00e5rden, ... <\/p>\n<div><a href=\"https:\/\/hellasgarden.se\/fr\/aktiviteter\/kajak\/\" class=\"more-link\">Lire la suite<\/a><\/div>","protected":false},"author":1,"featured_media":0,"parent":213,"menu_order":0,"comment_status":"closed","ping_status":"closed","template":"template-blank-4.php","meta":{"_monsterinsights_skip_tracking":false,"_monsterinsights_sitenote_active":false,"_monsterinsights_sitenote_note":"","_monsterinsights_sitenote_category":0},"yoast_head":"<!-- This site is optimized with the Yoast SEO plugin v21.8.1 - https:\/\/yoast.com\/wordpress\/plugins\/seo\/ -->\n<title>Kajak - Hellasg\u00e5rden<\/title>\n<meta name=\"robots\" content=\"index, follow, max-snippet:-1, max-image-preview:large, max-video-preview:-1\" \/>\n<link rel=\"canonical\" href=\"https:\/\/hellasgarden.se\/fr\/aktiviteter\/kajak\/\" \/>\n<meta property=\"og:locale\" content=\"fr_FR\" \/>\n<meta property=\"og:type\" content=\"article\" \/>\n<meta property=\"og:title\" content=\"Kajak - Hellasg\u00e5rden\" \/>\n<meta property=\"og:description\" content=\"KajakHemHyr kajak hos ossHos oss p\u00e5 Hellasg\u00e5rden kan du hyra\u00a0kajak, kanadensare och\u00a0SUP. Vi tar enbart onlinebokningar. I din bokning ing\u00e5r flytv\u00e4st. Uthyrningen hittar du cirka 50 meter fr\u00e5n Hellasg\u00e5rdens reception, ... Read More\" \/>\n<meta property=\"og:url\" content=\"https:\/\/hellasgarden.se\/fr\/aktiviteter\/kajak\/\" \/>\n<meta property=\"og:site_name\" content=\"Hellasg\u00e5rden\" \/>\n<meta property=\"article:modified_time\" content=\"2025-12-01T09:24:15+00:00\" \/>\n<meta property=\"og:image\" content=\"http:\/\/hellasgarden.se\/wp-content\/uploads\/2022\/06\/kajak-dagstur-hit-gar-du.jpg\" \/>\n<meta name=\"twitter:card\" content=\"summary_large_image\" \/>\n<meta name=\"twitter:label1\" content=\"Dur\u00e9e de lecture estim\u00e9e\" \/>\n\t<meta name=\"twitter:data1\" content=\"8 minutes\" \/>\n<script type=\"application\/ld+json\" class=\"yoast-schema-graph\">{\"@context\":\"https:\/\/schema.org\",\"@graph\":[{\"@type\":\"WebPage\",\"@id\":\"https:\/\/hellasgarden.se\/aktiviteter\/kajak\/\",\"url\":\"https:\/\/hellasgarden.se\/aktiviteter\/kajak\/\",\"name\":\"Kajak - Hellasg\u00e5rden\",\"isPartOf\":{\"@id\":\"https:\/\/hellasgarden.se\/#website\"},\"datePublished\":\"2019-05-28T11:59:43+00:00\",\"dateModified\":\"2025-12-01T09:24:15+00:00\",\"breadcrumb\":{\"@id\":\"https:\/\/hellasgarden.se\/aktiviteter\/kajak\/#breadcrumb\"},\"inLanguage\":\"fr-FR\",\"potentialAction\":[{\"@type\":\"ReadAction\",\"target\":[\"https:\/\/hellasgarden.se\/aktiviteter\/kajak\/\"]}]},{\"@type\":\"BreadcrumbList\",\"@id\":\"https:\/\/hellasgarden.se\/aktiviteter\/kajak\/#breadcrumb\",\"itemListElement\":[{\"@type\":\"ListItem\",\"position\":1,\"name\":\"Hem\",\"item\":\"https:\/\/hellasgarden.se\/\"},{\"@type\":\"ListItem\",\"position\":2,\"name\":\"Aktiviteter\",\"item\":\"https:\/\/hellasgarden.se\/aktiviteter\/\"},{\"@type\":\"ListItem\",\"position\":3,\"name\":\"Kajak\"}]},{\"@type\":\"WebSite\",\"@id\":\"https:\/\/hellasgarden.se\/#website\",\"url\":\"https:\/\/hellasgarden.se\/\",\"name\":\"Hellasg\u00e5rden\",\"description\":\"Din port till naturen\",\"potentialAction\":[{\"@type\":\"SearchAction\",\"target\":{\"@type\":\"EntryPoint\",\"urlTemplate\":\"https:\/\/hellasgarden.se\/?s={search_term_string}\"},\"query-input\":\"required name=search_term_string\"}],\"inLanguage\":\"fr-FR\"}]}<\/script>\n<!-- \/ Yoast SEO plugin. -->","yoast_head_json":{"title":"Kajak - Hellasg\u00e5rden","robots":{"index":"index","follow":"follow","max-snippet":"max-snippet:-1","max-image-preview":"max-image-preview:large","max-video-preview":"max-video-preview:-1"},"canonical":"https:\/\/hellasgarden.se\/fr\/aktiviteter\/kajak\/","og_locale":"fr_FR","og_type":"article","og_title":"Kajak - Hellasg\u00e5rden","og_description":"KajakHemHyr kajak hos ossHos oss p\u00e5 Hellasg\u00e5rden kan du hyra\u00a0kajak, kanadensare och\u00a0SUP. Vi tar enbart onlinebokningar. I din bokning ing\u00e5r flytv\u00e4st. Uthyrningen hittar du cirka 50 meter fr\u00e5n Hellasg\u00e5rdens reception, ... Read More","og_url":"https:\/\/hellasgarden.se\/fr\/aktiviteter\/kajak\/","og_site_name":"Hellasg\u00e5rden","article_modified_time":"2025-12-01T09:24:15+00:00","og_image":[{"url":"http:\/\/hellasgarden.se\/wp-content\/uploads\/2022\/06\/kajak-dagstur-hit-gar-du.jpg"}],"twitter_card":"summary_large_image","twitter_misc":{"Dur\u00e9e de lecture estim\u00e9e":"8 minutes"},"schema":{"@context":"https:\/\/schema.org","@graph":[{"@type":"WebPage","@id":"https:\/\/hellasgarden.se\/aktiviteter\/kajak\/","url":"https:\/\/hellasgarden.se\/aktiviteter\/kajak\/","name":"Kajak - Hellasg\u00e5rden","isPartOf":{"@id":"https:\/\/hellasgarden.se\/#website"},"datePublished":"2019-05-28T11:59:43+00:00","dateModified":"2025-12-01T09:24:15+00:00","breadcrumb":{"@id":"https:\/\/hellasgarden.se\/aktiviteter\/kajak\/#breadcrumb"},"inLanguage":"fr-FR","potentialAction":[{"@type":"ReadAction","target":["https:\/\/hellasgarden.se\/aktiviteter\/kajak\/"]}]},{"@type":"BreadcrumbList","@id":"https:\/\/hellasgarden.se\/aktiviteter\/kajak\/#breadcrumb","itemListElement":[{"@type":"ListItem","position":1,"name":"Hem","item":"https:\/\/hellasgarden.se\/"},{"@type":"ListItem","position":2,"name":"Aktiviteter","item":"https:\/\/hellasgarden.se\/aktiviteter\/"},{"@type":"ListItem","position":3,"name":"Kajak"}]},{"@type":"WebSite","@id":"https:\/\/hellasgarden.se\/#website","url":"https:\/\/hellasgarden.se\/","name":"Hellasg\u00e5rden","description":"Din port till naturen","potentialAction":[{"@type":"SearchAction","target":{"@type":"EntryPoint","urlTemplate":"https:\/\/hellasgarden.se\/?s={search_term_string}"},"query-input":"required name=search_term_string"}],"inLanguage":"fr-FR"}]}},"_links":{"self":[{"href":"https:\/\/hellasgarden.se\/fr\/wp-json\/wp\/v2\/pages\/2257"}],"collection":[{"href":"https:\/\/hellasgarden.se\/fr\/wp-json\/wp\/v2\/pages"}],"about":[{"href":"https:\/\/hellasgarden.se\/fr\/wp-json\/wp\/v2\/types\/page"}],"author":[{"embeddable":true,"href":"https:\/\/hellasgarden.se\/fr\/wp-json\/wp\/v2\/users\/1"}],"replies":[{"embeddable":true,"href":"https:\/\/hellasgarden.se\/fr\/wp-json\/wp\/v2\/comments?post=2257"}],"version-history":[{"count":61,"href":"https:\/\/hellasgarden.se\/fr\/wp-json\/wp\/v2\/pages\/2257\/revisions"}],"predecessor-version":[{"id":46582,"href":"https:\/\/hellasgarden.se\/fr\/wp-json\/wp\/v2\/pages\/2257\/revisions\/46582"}],"up":[{"embeddable":true,"href":"https:\/\/hellasgarden.se\/fr\/wp-json\/wp\/v2\/pages\/213"}],"wp:attachment":[{"href":"https:\/\/hellasgarden.se\/fr\/wp-json\/wp\/v2\/media?parent=2257"}],"curies":[{"name":"wp","href":"https:\/\/api.w.org\/{rel}","templated":true}]}}