{"id":213,"date":"2018-10-17T14:48:53","date_gmt":"2018-10-17T12:48:53","guid":{"rendered":"http:\/\/hellasgarden.se\/?page_id=213"},"modified":"2025-02-18T14:38:22","modified_gmt":"2025-02-18T13:38:22","slug":"aktiviteter","status":"publish","type":"page","link":"https:\/\/hellasgarden.se\/fr\/aktiviteter\/","title":{"rendered":"Activit\u00e9s"},"content":{"rendered":"<div id=\"cs-content\" class=\"cs-content\"><\/div>","protected":false},"excerpt":{"rendered":"<p>&nbsp;Activit\u00e9s \u00e0 Hellasg\u00e5rden \u00e0 Stockholm Participez \u00e0 plus de 20 activit\u00e9sHellasg\u00e5rden propose un large \u00e9ventail d'activit\u00e9s tout au long de l'ann\u00e9e. Sauna, salle de sport, bingo, golf, ski, glacier et bien plus encore ! \u00d7 Sauna Bain ... <\/p>\n<div><a href=\"https:\/\/hellasgarden.se\/fr\/events\/smutsa-ned-dig-med-chefen-stigcykling-med-kollegorna\/\" class=\"more-link\">Lire la suite<\/a><\/div>","protected":false},"author":1,"featured_media":0,"parent":0,"menu_order":0,"comment_status":"closed","ping_status":"closed","template":"template-blank-4.php","meta":{"_monsterinsights_skip_tracking":false,"_monsterinsights_sitenote_active":false,"_monsterinsights_sitenote_note":"","_monsterinsights_sitenote_category":0},"yoast_head":"<!-- This site is optimized with the Yoast SEO plugin v21.8.1 - https:\/\/yoast.com\/wordpress\/plugins\/seo\/ -->\n<title>Aktiviteter i Stockholm - Hellasg\u00e5rden<\/title>\n<meta name=\"robots\" content=\"index, follow, max-snippet:-1, max-image-preview:large, max-video-preview:-1\" \/>\n<link rel=\"canonical\" href=\"https:\/\/hellasgarden.se\/fr\/aktiviteter\/\" \/>\n<meta property=\"og:locale\" content=\"fr_FR\" \/>\n<meta property=\"og:type\" content=\"article\" \/>\n<meta property=\"og:title\" content=\"Aktiviteter i Stockholm - Hellasg\u00e5rden\" \/>\n<meta property=\"og:description\" content=\"&nbsp;Aktiviteter p&aring; Hellasg&aring;rden i Stockholm&nbsp;Ta del av \u00f6ver 20 aktiviteterHellasg\u00e5rden erbjuder ett stort utbud av aktiviteter \u00e5ret runt. Bastu, gym, bangolf, skidor, isvak och mycket mycket mer! \u00d7 Bastu Bad ... Read More\" \/>\n<meta property=\"og:url\" content=\"https:\/\/hellasgarden.se\/fr\/aktiviteter\/\" \/>\n<meta property=\"og:site_name\" content=\"Hellasg\u00e5rden\" \/>\n<meta property=\"article:modified_time\" content=\"2025-02-18T13:38:22+00:00\" \/>\n<meta name=\"twitter:card\" content=\"summary_large_image\" \/>\n<meta name=\"twitter:label1\" content=\"Dur\u00e9e de lecture estim\u00e9e\" \/>\n\t<meta name=\"twitter:data1\" content=\"17 minutes\" \/>\n<script type=\"application\/ld+json\" class=\"yoast-schema-graph\">{\"@context\":\"https:\/\/schema.org\",\"@graph\":[{\"@type\":\"WebPage\",\"@id\":\"https:\/\/hellasgarden.se\/aktiviteter\/\",\"url\":\"https:\/\/hellasgarden.se\/aktiviteter\/\",\"name\":\"Aktiviteter i Stockholm - Hellasg\u00e5rden\",\"isPartOf\":{\"@id\":\"https:\/\/hellasgarden.se\/#website\"},\"datePublished\":\"2018-10-17T12:48:53+00:00\",\"dateModified\":\"2025-02-18T13:38:22+00:00\",\"breadcrumb\":{\"@id\":\"https:\/\/hellasgarden.se\/aktiviteter\/#breadcrumb\"},\"inLanguage\":\"fr-FR\",\"potentialAction\":[{\"@type\":\"ReadAction\",\"target\":[\"https:\/\/hellasgarden.se\/aktiviteter\/\"]}]},{\"@type\":\"BreadcrumbList\",\"@id\":\"https:\/\/hellasgarden.se\/aktiviteter\/#breadcrumb\",\"itemListElement\":[{\"@type\":\"ListItem\",\"position\":1,\"name\":\"Hem\",\"item\":\"https:\/\/hellasgarden.se\/\"},{\"@type\":\"ListItem\",\"position\":2,\"name\":\"Aktiviteter\"}]},{\"@type\":\"WebSite\",\"@id\":\"https:\/\/hellasgarden.se\/#website\",\"url\":\"https:\/\/hellasgarden.se\/\",\"name\":\"Hellasg\u00e5rden\",\"description\":\"Din port till naturen\",\"potentialAction\":[{\"@type\":\"SearchAction\",\"target\":{\"@type\":\"EntryPoint\",\"urlTemplate\":\"https:\/\/hellasgarden.se\/?s={search_term_string}\"},\"query-input\":\"required name=search_term_string\"}],\"inLanguage\":\"fr-FR\"}]}<\/script>\n<!-- \/ Yoast SEO plugin. -->","yoast_head_json":{"title":"Aktiviteter i Stockholm - Hellasg\u00e5rden","robots":{"index":"index","follow":"follow","max-snippet":"max-snippet:-1","max-image-preview":"max-image-preview:large","max-video-preview":"max-video-preview:-1"},"canonical":"https:\/\/hellasgarden.se\/fr\/aktiviteter\/","og_locale":"fr_FR","og_type":"article","og_title":"Aktiviteter i Stockholm - Hellasg\u00e5rden","og_description":"&nbsp;Aktiviteter p&aring; Hellasg&aring;rden i Stockholm&nbsp;Ta del av \u00f6ver 20 aktiviteterHellasg\u00e5rden erbjuder ett stort utbud av aktiviteter \u00e5ret runt. Bastu, gym, bangolf, skidor, isvak och mycket mycket mer! \u00d7 Bastu Bad ... Read More","og_url":"https:\/\/hellasgarden.se\/fr\/aktiviteter\/","og_site_name":"Hellasg\u00e5rden","article_modified_time":"2025-02-18T13:38:22+00:00","twitter_card":"summary_large_image","twitter_misc":{"Dur\u00e9e de lecture estim\u00e9e":"17 minutes"},"schema":{"@context":"https:\/\/schema.org","@graph":[{"@type":"WebPage","@id":"https:\/\/hellasgarden.se\/aktiviteter\/","url":"https:\/\/hellasgarden.se\/aktiviteter\/","name":"Aktiviteter i Stockholm - Hellasg\u00e5rden","isPartOf":{"@id":"https:\/\/hellasgarden.se\/#website"},"datePublished":"2018-10-17T12:48:53+00:00","dateModified":"2025-02-18T13:38:22+00:00","breadcrumb":{"@id":"https:\/\/hellasgarden.se\/aktiviteter\/#breadcrumb"},"inLanguage":"fr-FR","potentialAction":[{"@type":"ReadAction","target":["https:\/\/hellasgarden.se\/aktiviteter\/"]}]},{"@type":"BreadcrumbList","@id":"https:\/\/hellasgarden.se\/aktiviteter\/#breadcrumb","itemListElement":[{"@type":"ListItem","position":1,"name":"Hem","item":"https:\/\/hellasgarden.se\/"},{"@type":"ListItem","position":2,"name":"Aktiviteter"}]},{"@type":"WebSite","@id":"https:\/\/hellasgarden.se\/#website","url":"https:\/\/hellasgarden.se\/","name":"Hellasg\u00e5rden","description":"Din port till naturen","potentialAction":[{"@type":"SearchAction","target":{"@type":"EntryPoint","urlTemplate":"https:\/\/hellasgarden.se\/?s={search_term_string}"},"query-input":"required name=search_term_string"}],"inLanguage":"fr-FR"}]}},"_links":{"self":[{"href":"https:\/\/hellasgarden.se\/fr\/wp-json\/wp\/v2\/pages\/213"}],"collection":[{"href":"https:\/\/hellasgarden.se\/fr\/wp-json\/wp\/v2\/pages"}],"about":[{"href":"https:\/\/hellasgarden.se\/fr\/wp-json\/wp\/v2\/types\/page"}],"author":[{"embeddable":true,"href":"https:\/\/hellasgarden.se\/fr\/wp-json\/wp\/v2\/users\/1"}],"replies":[{"embeddable":true,"href":"https:\/\/hellasgarden.se\/fr\/wp-json\/wp\/v2\/comments?post=213"}],"version-history":[{"count":56,"href":"https:\/\/hellasgarden.se\/fr\/wp-json\/wp\/v2\/pages\/213\/revisions"}],"predecessor-version":[{"id":46238,"href":"https:\/\/hellasgarden.se\/fr\/wp-json\/wp\/v2\/pages\/213\/revisions\/46238"}],"wp:attachment":[{"href":"https:\/\/hellasgarden.se\/fr\/wp-json\/wp\/v2\/media?parent=213"}],"curies":[{"name":"wp","href":"https:\/\/api.w.org\/{rel}","templated":true}]}}