{"id":102,"date":"2018-10-13T00:55:26","date_gmt":"2018-10-12T22:55:26","guid":{"rendered":"http:\/\/hellasgarden.se\/?page_id=102"},"modified":"2025-04-22T11:06:18","modified_gmt":"2025-04-22T09:06:18","slug":"om-hellasgarden","status":"publish","type":"page","link":"https:\/\/hellasgarden.se\/fr\/om-hellasgarden\/","title":{"rendered":"\u00c0 propos de Hellasg\u00e5rden"},"content":{"rendered":"<div id=\"cs-content\" class=\"cs-content\"><\/div>","protected":false},"excerpt":{"rendered":"<p>\u00c0 propos de Hellasg\u00e5rdenUn lieu de rencontre pour vous, l'entreprise, l'\u00e9cole, l'association et la familleHellasg\u00e5rden est un lieu de rencontre populaire et pittoresque pour les entreprises, les \u00e9coles, les associations et les familles. Un large \u00e9ventail d'activit\u00e9s fait de Hellasg\u00e5rden un fantastique lieu de ... <\/p>\n<div><a href=\"https:\/\/hellasgarden.se\/fr\/om-hellasgarden\/\" class=\"more-link\">Lire la suite<\/a><\/div>","protected":false},"author":1,"featured_media":0,"parent":0,"menu_order":0,"comment_status":"closed","ping_status":"closed","template":"template-blank-4.php","meta":{"_monsterinsights_skip_tracking":false,"_monsterinsights_sitenote_active":false,"_monsterinsights_sitenote_note":"","_monsterinsights_sitenote_category":0},"yoast_head":"<!-- This site is optimized with the Yoast SEO plugin v21.8.1 - https:\/\/yoast.com\/wordpress\/plugins\/seo\/ -->\n<title>Om Hellasg\u00e5rden - Hellasg\u00e5rden<\/title>\n<meta name=\"robots\" content=\"index, follow, max-snippet:-1, max-image-preview:large, max-video-preview:-1\" \/>\n<link rel=\"canonical\" href=\"https:\/\/hellasgarden.se\/fr\/om-hellasgarden\/\" \/>\n<meta property=\"og:locale\" content=\"fr_FR\" \/>\n<meta property=\"og:type\" content=\"article\" \/>\n<meta property=\"og:title\" content=\"Om Hellasg\u00e5rden - Hellasg\u00e5rden\" \/>\n<meta property=\"og:description\" content=\"Om Hellasg&aring;rdenEn m&ouml;tesplats f&ouml;r dig, f&ouml;retaget, skolan, f&ouml;reningen och familjenHellasg\u00e5rden \u00e4r en popul\u00e4r och natursk\u00f6n m\u00f6tesplats f\u00f6r f\u00f6retag, skolor, f\u00f6reningar och familjer. Ett brett utbud g\u00f6r Hellasg\u00e5rden till en fantastisk ... Read More\" \/>\n<meta property=\"og:url\" content=\"https:\/\/hellasgarden.se\/fr\/om-hellasgarden\/\" \/>\n<meta property=\"og:site_name\" content=\"Hellasg\u00e5rden\" \/>\n<meta property=\"article:modified_time\" content=\"2025-04-22T09:06:18+00:00\" \/>\n<meta name=\"twitter:card\" content=\"summary_large_image\" \/>\n<meta name=\"twitter:label1\" content=\"Dur\u00e9e de lecture estim\u00e9e\" \/>\n\t<meta name=\"twitter:data1\" content=\"4 minutes\" \/>\n<script type=\"application\/ld+json\" class=\"yoast-schema-graph\">{\"@context\":\"https:\/\/schema.org\",\"@graph\":[{\"@type\":\"WebPage\",\"@id\":\"https:\/\/hellasgarden.se\/en\/om-hellasgarden\/\",\"url\":\"https:\/\/hellasgarden.se\/en\/om-hellasgarden\/\",\"name\":\"Om Hellasg\u00e5rden - Hellasg\u00e5rden\",\"isPartOf\":{\"@id\":\"https:\/\/hellasgarden.se\/#website\"},\"datePublished\":\"2018-10-12T22:55:26+00:00\",\"dateModified\":\"2025-04-22T09:06:18+00:00\",\"breadcrumb\":{\"@id\":\"https:\/\/hellasgarden.se\/en\/om-hellasgarden\/#breadcrumb\"},\"inLanguage\":\"fr-FR\",\"potentialAction\":[{\"@type\":\"ReadAction\",\"target\":[\"https:\/\/hellasgarden.se\/en\/om-hellasgarden\/\"]}]},{\"@type\":\"BreadcrumbList\",\"@id\":\"https:\/\/hellasgarden.se\/en\/om-hellasgarden\/#breadcrumb\",\"itemListElement\":[{\"@type\":\"ListItem\",\"position\":1,\"name\":\"Hem\",\"item\":\"https:\/\/hellasgarden.se\/\"},{\"@type\":\"ListItem\",\"position\":2,\"name\":\"Om Hellasg\u00e5rden\"}]},{\"@type\":\"WebSite\",\"@id\":\"https:\/\/hellasgarden.se\/#website\",\"url\":\"https:\/\/hellasgarden.se\/\",\"name\":\"Hellasg\u00e5rden\",\"description\":\"Din port till naturen\",\"potentialAction\":[{\"@type\":\"SearchAction\",\"target\":{\"@type\":\"EntryPoint\",\"urlTemplate\":\"https:\/\/hellasgarden.se\/?s={search_term_string}\"},\"query-input\":\"required name=search_term_string\"}],\"inLanguage\":\"fr-FR\"}]}<\/script>\n<!-- \/ Yoast SEO plugin. -->","yoast_head_json":{"title":"Om Hellasg\u00e5rden - Hellasg\u00e5rden","robots":{"index":"index","follow":"follow","max-snippet":"max-snippet:-1","max-image-preview":"max-image-preview:large","max-video-preview":"max-video-preview:-1"},"canonical":"https:\/\/hellasgarden.se\/fr\/om-hellasgarden\/","og_locale":"fr_FR","og_type":"article","og_title":"Om Hellasg\u00e5rden - Hellasg\u00e5rden","og_description":"Om Hellasg&aring;rdenEn m&ouml;tesplats f&ouml;r dig, f&ouml;retaget, skolan, f&ouml;reningen och familjenHellasg\u00e5rden \u00e4r en popul\u00e4r och natursk\u00f6n m\u00f6tesplats f\u00f6r f\u00f6retag, skolor, f\u00f6reningar och familjer. Ett brett utbud g\u00f6r Hellasg\u00e5rden till en fantastisk ... Read More","og_url":"https:\/\/hellasgarden.se\/fr\/om-hellasgarden\/","og_site_name":"Hellasg\u00e5rden","article_modified_time":"2025-04-22T09:06:18+00:00","twitter_card":"summary_large_image","twitter_misc":{"Dur\u00e9e de lecture estim\u00e9e":"4 minutes"},"schema":{"@context":"https:\/\/schema.org","@graph":[{"@type":"WebPage","@id":"https:\/\/hellasgarden.se\/en\/om-hellasgarden\/","url":"https:\/\/hellasgarden.se\/en\/om-hellasgarden\/","name":"Om Hellasg\u00e5rden - Hellasg\u00e5rden","isPartOf":{"@id":"https:\/\/hellasgarden.se\/#website"},"datePublished":"2018-10-12T22:55:26+00:00","dateModified":"2025-04-22T09:06:18+00:00","breadcrumb":{"@id":"https:\/\/hellasgarden.se\/en\/om-hellasgarden\/#breadcrumb"},"inLanguage":"fr-FR","potentialAction":[{"@type":"ReadAction","target":["https:\/\/hellasgarden.se\/en\/om-hellasgarden\/"]}]},{"@type":"BreadcrumbList","@id":"https:\/\/hellasgarden.se\/en\/om-hellasgarden\/#breadcrumb","itemListElement":[{"@type":"ListItem","position":1,"name":"Hem","item":"https:\/\/hellasgarden.se\/"},{"@type":"ListItem","position":2,"name":"Om Hellasg\u00e5rden"}]},{"@type":"WebSite","@id":"https:\/\/hellasgarden.se\/#website","url":"https:\/\/hellasgarden.se\/","name":"Hellasg\u00e5rden","description":"Din port till naturen","potentialAction":[{"@type":"SearchAction","target":{"@type":"EntryPoint","urlTemplate":"https:\/\/hellasgarden.se\/?s={search_term_string}"},"query-input":"required name=search_term_string"}],"inLanguage":"fr-FR"}]}},"_links":{"self":[{"href":"https:\/\/hellasgarden.se\/fr\/wp-json\/wp\/v2\/pages\/102"}],"collection":[{"href":"https:\/\/hellasgarden.se\/fr\/wp-json\/wp\/v2\/pages"}],"about":[{"href":"https:\/\/hellasgarden.se\/fr\/wp-json\/wp\/v2\/types\/page"}],"author":[{"embeddable":true,"href":"https:\/\/hellasgarden.se\/fr\/wp-json\/wp\/v2\/users\/1"}],"replies":[{"embeddable":true,"href":"https:\/\/hellasgarden.se\/fr\/wp-json\/wp\/v2\/comments?post=102"}],"version-history":[{"count":7,"href":"https:\/\/hellasgarden.se\/fr\/wp-json\/wp\/v2\/pages\/102\/revisions"}],"predecessor-version":[{"id":46376,"href":"https:\/\/hellasgarden.se\/fr\/wp-json\/wp\/v2\/pages\/102\/revisions\/46376"}],"wp:attachment":[{"href":"https:\/\/hellasgarden.se\/fr\/wp-json\/wp\/v2\/media?parent=102"}],"curies":[{"name":"wp","href":"https:\/\/api.w.org\/{rel}","templated":true}]}}