{"id":76,"date":"2018-10-12T14:00:56","date_gmt":"2018-10-12T12:00:56","guid":{"rendered":"http:\/\/hellasgarden.se\/?page_id=76"},"modified":"2025-09-22T11:48:27","modified_gmt":"2025-09-22T09:48:27","slug":"mat-dryck","status":"publish","type":"page","link":"https:\/\/hellasgarden.se\/en\/mat-dryck\/","title":{"rendered":"Food &amp; Drink"},"content":{"rendered":"<div id=\"cs-content\" class=\"cs-content\"><\/div>","protected":false},"excerpt":{"rendered":"<p>Food &amp; Drink Welcome to Sj\u00f6caf\u00e9et! The new and remodelled Sj\u00f6caf\u00e9et was recently opened here at Hellasg\u00e5rden. Here you can read more about the new caf\u00e9, the range and the ingredients we use! In the large ... <\/p>\n<div><a href=\"https:\/\/hellasgarden.se\/en\/mat-dryck\/\" class=\"more-link\">Read More<\/a><\/div>","protected":false},"author":1,"featured_media":0,"parent":0,"menu_order":0,"comment_status":"closed","ping_status":"closed","template":"template-blank-4.php","meta":{"_monsterinsights_skip_tracking":false,"_monsterinsights_sitenote_active":false,"_monsterinsights_sitenote_note":"","_monsterinsights_sitenote_category":0},"yoast_head":"<!-- This site is optimized with the Yoast SEO plugin v21.8.1 - https:\/\/yoast.com\/wordpress\/plugins\/seo\/ -->\n<title>Mat &amp; Dryck - Hellasg\u00e5rden<\/title>\n<meta name=\"robots\" content=\"index, follow, max-snippet:-1, max-image-preview:large, max-video-preview:-1\" \/>\n<link rel=\"canonical\" href=\"https:\/\/hellasgarden.se\/en\/mat-dryck\/\" \/>\n<meta property=\"og:locale\" content=\"en_GB\" \/>\n<meta property=\"og:type\" content=\"article\" \/>\n<meta property=\"og:title\" content=\"Mat &amp; Dryck - Hellasg\u00e5rden\" \/>\n<meta property=\"og:description\" content=\"Mat &amp; Dryck&nbsp;V\u00e4lkommen till Sj\u00f6caf\u00e9et! Nyligen\u00a0invigdes ny- och ombyggda Sj\u00f6caf\u00e9et h\u00e4r p\u00e5 Hellasg\u00e5rden. H\u00e4r kan du l\u00e4sa mer om nya caf\u00e9et, sortimentet och\u00a0 ingredienserna som vi anv\u00e4nder! I den stora ... Read More\" \/>\n<meta property=\"og:url\" content=\"https:\/\/hellasgarden.se\/en\/mat-dryck\/\" \/>\n<meta property=\"og:site_name\" content=\"Hellasg\u00e5rden\" \/>\n<meta property=\"article:modified_time\" content=\"2025-09-22T09:48:27+00:00\" \/>\n<meta property=\"og:image\" content=\"http:\/\/hellasgarden.se\/wp-content\/uploads\/2023\/12\/hellas-sjocafeet-vy.jpg\" \/>\n<meta name=\"twitter:card\" content=\"summary_large_image\" \/>\n<meta name=\"twitter:label1\" content=\"Estimated reading time\" \/>\n\t<meta name=\"twitter:data1\" content=\"2 minutes\" \/>\n<script type=\"application\/ld+json\" class=\"yoast-schema-graph\">{\"@context\":\"https:\/\/schema.org\",\"@graph\":[{\"@type\":\"WebPage\",\"@id\":\"https:\/\/hellasgarden.se\/mat-dryck\/\",\"url\":\"https:\/\/hellasgarden.se\/mat-dryck\/\",\"name\":\"Mat & Dryck - Hellasg\u00e5rden\",\"isPartOf\":{\"@id\":\"https:\/\/hellasgarden.se\/#website\"},\"datePublished\":\"2018-10-12T12:00:56+00:00\",\"dateModified\":\"2025-09-22T09:48:27+00:00\",\"breadcrumb\":{\"@id\":\"https:\/\/hellasgarden.se\/mat-dryck\/#breadcrumb\"},\"inLanguage\":\"en-GB\",\"potentialAction\":[{\"@type\":\"ReadAction\",\"target\":[\"https:\/\/hellasgarden.se\/mat-dryck\/\"]}]},{\"@type\":\"BreadcrumbList\",\"@id\":\"https:\/\/hellasgarden.se\/mat-dryck\/#breadcrumb\",\"itemListElement\":[{\"@type\":\"ListItem\",\"position\":1,\"name\":\"Hem\",\"item\":\"https:\/\/hellasgarden.se\/\"},{\"@type\":\"ListItem\",\"position\":2,\"name\":\"Mat &#038; Dryck\"}]},{\"@type\":\"WebSite\",\"@id\":\"https:\/\/hellasgarden.se\/#website\",\"url\":\"https:\/\/hellasgarden.se\/\",\"name\":\"Hellasg\u00e5rden\",\"description\":\"Din port till naturen\",\"potentialAction\":[{\"@type\":\"SearchAction\",\"target\":{\"@type\":\"EntryPoint\",\"urlTemplate\":\"https:\/\/hellasgarden.se\/?s={search_term_string}\"},\"query-input\":\"required name=search_term_string\"}],\"inLanguage\":\"en-GB\"}]}<\/script>\n<!-- \/ Yoast SEO plugin. -->","yoast_head_json":{"title":"Mat & Dryck - Hellasg\u00e5rden","robots":{"index":"index","follow":"follow","max-snippet":"max-snippet:-1","max-image-preview":"max-image-preview:large","max-video-preview":"max-video-preview:-1"},"canonical":"https:\/\/hellasgarden.se\/en\/mat-dryck\/","og_locale":"en_GB","og_type":"article","og_title":"Mat & Dryck - Hellasg\u00e5rden","og_description":"Mat &amp; Dryck&nbsp;V\u00e4lkommen till Sj\u00f6caf\u00e9et! Nyligen\u00a0invigdes ny- och ombyggda Sj\u00f6caf\u00e9et h\u00e4r p\u00e5 Hellasg\u00e5rden. H\u00e4r kan du l\u00e4sa mer om nya caf\u00e9et, sortimentet och\u00a0 ingredienserna som vi anv\u00e4nder! I den stora ... Read More","og_url":"https:\/\/hellasgarden.se\/en\/mat-dryck\/","og_site_name":"Hellasg\u00e5rden","article_modified_time":"2025-09-22T09:48:27+00:00","og_image":[{"url":"http:\/\/hellasgarden.se\/wp-content\/uploads\/2023\/12\/hellas-sjocafeet-vy.jpg"}],"twitter_card":"summary_large_image","twitter_misc":{"Estimated reading time":"2 minutes"},"schema":{"@context":"https:\/\/schema.org","@graph":[{"@type":"WebPage","@id":"https:\/\/hellasgarden.se\/mat-dryck\/","url":"https:\/\/hellasgarden.se\/mat-dryck\/","name":"Mat & Dryck - Hellasg\u00e5rden","isPartOf":{"@id":"https:\/\/hellasgarden.se\/#website"},"datePublished":"2018-10-12T12:00:56+00:00","dateModified":"2025-09-22T09:48:27+00:00","breadcrumb":{"@id":"https:\/\/hellasgarden.se\/mat-dryck\/#breadcrumb"},"inLanguage":"en-GB","potentialAction":[{"@type":"ReadAction","target":["https:\/\/hellasgarden.se\/mat-dryck\/"]}]},{"@type":"BreadcrumbList","@id":"https:\/\/hellasgarden.se\/mat-dryck\/#breadcrumb","itemListElement":[{"@type":"ListItem","position":1,"name":"Hem","item":"https:\/\/hellasgarden.se\/"},{"@type":"ListItem","position":2,"name":"Mat &#038; Dryck"}]},{"@type":"WebSite","@id":"https:\/\/hellasgarden.se\/#website","url":"https:\/\/hellasgarden.se\/","name":"Hellasg\u00e5rden","description":"Din port till naturen","potentialAction":[{"@type":"SearchAction","target":{"@type":"EntryPoint","urlTemplate":"https:\/\/hellasgarden.se\/?s={search_term_string}"},"query-input":"required name=search_term_string"}],"inLanguage":"en-GB"}]}},"_links":{"self":[{"href":"https:\/\/hellasgarden.se\/en\/wp-json\/wp\/v2\/pages\/76"}],"collection":[{"href":"https:\/\/hellasgarden.se\/en\/wp-json\/wp\/v2\/pages"}],"about":[{"href":"https:\/\/hellasgarden.se\/en\/wp-json\/wp\/v2\/types\/page"}],"author":[{"embeddable":true,"href":"https:\/\/hellasgarden.se\/en\/wp-json\/wp\/v2\/users\/1"}],"replies":[{"embeddable":true,"href":"https:\/\/hellasgarden.se\/en\/wp-json\/wp\/v2\/comments?post=76"}],"version-history":[{"count":45,"href":"https:\/\/hellasgarden.se\/en\/wp-json\/wp\/v2\/pages\/76\/revisions"}],"predecessor-version":[{"id":46460,"href":"https:\/\/hellasgarden.se\/en\/wp-json\/wp\/v2\/pages\/76\/revisions\/46460"}],"wp:attachment":[{"href":"https:\/\/hellasgarden.se\/en\/wp-json\/wp\/v2\/media?parent=76"}],"curies":[{"name":"wp","href":"https:\/\/api.w.org\/{rel}","templated":true}]}}