{"id":73,"date":"2018-10-12T14:00:23","date_gmt":"2018-10-12T12:00:23","guid":{"rendered":"http:\/\/hellasgarden.se\/?page_id=73"},"modified":"2025-02-07T11:01:11","modified_gmt":"2025-02-07T10:01:11","slug":"hyra-stuga-nacka","status":"publish","type":"page","link":"https:\/\/hellasgarden.se\/en\/hyra-stuga-nacka\/","title":{"rendered":"Cottages"},"content":{"rendered":"<div id=\"cs-content\" class=\"cs-content\"><\/div>","protected":false},"excerpt":{"rendered":"<p>CottagesRent cottage in Nacka - A stone's throw from Stockholm city, Gr\u00f6na lund and other tourist attractionsBook accommodationHere you can book accommodation with classic hostel standards, just a stone's throw from Stockholm city and ... <\/p>\n<div><a href=\"https:\/\/hellasgarden.se\/en\/hyra-stuga-nacka\/\" class=\"more-link\">Read More<\/a><\/div>","protected":false},"author":1,"featured_media":0,"parent":0,"menu_order":0,"comment_status":"closed","ping_status":"closed","template":"template-blank-4.php","meta":{"_monsterinsights_skip_tracking":false,"_monsterinsights_sitenote_active":false,"_monsterinsights_sitenote_note":"","_monsterinsights_sitenote_category":0},"yoast_head":"<!-- This site is optimized with the Yoast SEO plugin v21.8.1 - https:\/\/yoast.com\/wordpress\/plugins\/seo\/ -->\n<title>Hyra stuga i Nacka - Hellasg\u00e5rden<\/title>\n<meta name=\"description\" content=\"Hyr stuga i Nacka - Ett stenkast fr\u00e5n Stockholm city &amp; andra turistattraktioner. Stugorna \u00e4r bel\u00e4gna 30 m fr\u00e5n K\u00e4lltorpssj\u00f6n, en av Nackas fina insj\u00f6ar.\" \/>\n<meta name=\"robots\" content=\"index, follow, max-snippet:-1, max-image-preview:large, max-video-preview:-1\" \/>\n<link rel=\"canonical\" href=\"https:\/\/hellasgarden.se\/en\/hyra-stuga-nacka\/\" \/>\n<meta property=\"og:locale\" content=\"en_GB\" \/>\n<meta property=\"og:type\" content=\"article\" \/>\n<meta property=\"og:title\" content=\"Hyra stuga i Nacka - Hellasg\u00e5rden\" \/>\n<meta property=\"og:description\" content=\"Hyr stuga i Nacka - Ett stenkast fr\u00e5n Stockholm city &amp; andra turistattraktioner. Stugorna \u00e4r bel\u00e4gna 30 m fr\u00e5n K\u00e4lltorpssj\u00f6n, en av Nackas fina insj\u00f6ar.\" \/>\n<meta property=\"og:url\" content=\"https:\/\/hellasgarden.se\/en\/hyra-stuga-nacka\/\" \/>\n<meta property=\"og:site_name\" content=\"Hellasg\u00e5rden\" \/>\n<meta property=\"article:modified_time\" content=\"2025-02-07T10:01:11+00:00\" \/>\n<meta property=\"og:image\" content=\"http:\/\/hellasgarden.se\/wp-content\/uploads\/2025\/02\/hellas-stuga-exterior.jpg\" \/>\n<meta name=\"twitter:card\" content=\"summary_large_image\" \/>\n<meta name=\"twitter:label1\" content=\"Estimated reading time\" \/>\n\t<meta name=\"twitter:data1\" content=\"5 minutes\" \/>\n<script type=\"application\/ld+json\" class=\"yoast-schema-graph\">{\"@context\":\"https:\/\/schema.org\",\"@graph\":[{\"@type\":\"WebPage\",\"@id\":\"https:\/\/hellasgarden.se\/hyra-stuga-nacka\/\",\"url\":\"https:\/\/hellasgarden.se\/hyra-stuga-nacka\/\",\"name\":\"Hyra stuga i Nacka - Hellasg\u00e5rden\",\"isPartOf\":{\"@id\":\"https:\/\/hellasgarden.se\/#website\"},\"datePublished\":\"2018-10-12T12:00:23+00:00\",\"dateModified\":\"2025-02-07T10:01:11+00:00\",\"description\":\"Hyr stuga i Nacka - Ett stenkast fr\u00e5n Stockholm city & andra turistattraktioner. Stugorna \u00e4r bel\u00e4gna 30 m fr\u00e5n K\u00e4lltorpssj\u00f6n, en av Nackas fina insj\u00f6ar.\",\"breadcrumb\":{\"@id\":\"https:\/\/hellasgarden.se\/hyra-stuga-nacka\/#breadcrumb\"},\"inLanguage\":\"en-GB\",\"potentialAction\":[{\"@type\":\"ReadAction\",\"target\":[\"https:\/\/hellasgarden.se\/hyra-stuga-nacka\/\"]}]},{\"@type\":\"BreadcrumbList\",\"@id\":\"https:\/\/hellasgarden.se\/hyra-stuga-nacka\/#breadcrumb\",\"itemListElement\":[{\"@type\":\"ListItem\",\"position\":1,\"name\":\"Hem\",\"item\":\"https:\/\/hellasgarden.se\/\"},{\"@type\":\"ListItem\",\"position\":2,\"name\":\"Stugor\"}]},{\"@type\":\"WebSite\",\"@id\":\"https:\/\/hellasgarden.se\/#website\",\"url\":\"https:\/\/hellasgarden.se\/\",\"name\":\"Hellasg\u00e5rden\",\"description\":\"Din port till naturen\",\"potentialAction\":[{\"@type\":\"SearchAction\",\"target\":{\"@type\":\"EntryPoint\",\"urlTemplate\":\"https:\/\/hellasgarden.se\/?s={search_term_string}\"},\"query-input\":\"required name=search_term_string\"}],\"inLanguage\":\"en-GB\"}]}<\/script>\n<!-- \/ Yoast SEO plugin. -->","yoast_head_json":{"title":"Hyra stuga i Nacka - Hellasg\u00e5rden","description":"Hyr stuga i Nacka - Ett stenkast fr\u00e5n Stockholm city & andra turistattraktioner. Stugorna \u00e4r bel\u00e4gna 30 m fr\u00e5n K\u00e4lltorpssj\u00f6n, en av Nackas fina insj\u00f6ar.","robots":{"index":"index","follow":"follow","max-snippet":"max-snippet:-1","max-image-preview":"max-image-preview:large","max-video-preview":"max-video-preview:-1"},"canonical":"https:\/\/hellasgarden.se\/en\/hyra-stuga-nacka\/","og_locale":"en_GB","og_type":"article","og_title":"Hyra stuga i Nacka - Hellasg\u00e5rden","og_description":"Hyr stuga i Nacka - Ett stenkast fr\u00e5n Stockholm city & andra turistattraktioner. Stugorna \u00e4r bel\u00e4gna 30 m fr\u00e5n K\u00e4lltorpssj\u00f6n, en av Nackas fina insj\u00f6ar.","og_url":"https:\/\/hellasgarden.se\/en\/hyra-stuga-nacka\/","og_site_name":"Hellasg\u00e5rden","article_modified_time":"2025-02-07T10:01:11+00:00","og_image":[{"url":"http:\/\/hellasgarden.se\/wp-content\/uploads\/2025\/02\/hellas-stuga-exterior.jpg"}],"twitter_card":"summary_large_image","twitter_misc":{"Estimated reading time":"5 minutes"},"schema":{"@context":"https:\/\/schema.org","@graph":[{"@type":"WebPage","@id":"https:\/\/hellasgarden.se\/hyra-stuga-nacka\/","url":"https:\/\/hellasgarden.se\/hyra-stuga-nacka\/","name":"Hyra stuga i Nacka - Hellasg\u00e5rden","isPartOf":{"@id":"https:\/\/hellasgarden.se\/#website"},"datePublished":"2018-10-12T12:00:23+00:00","dateModified":"2025-02-07T10:01:11+00:00","description":"Hyr stuga i Nacka - Ett stenkast fr\u00e5n Stockholm city & andra turistattraktioner. Stugorna \u00e4r bel\u00e4gna 30 m fr\u00e5n K\u00e4lltorpssj\u00f6n, en av Nackas fina insj\u00f6ar.","breadcrumb":{"@id":"https:\/\/hellasgarden.se\/hyra-stuga-nacka\/#breadcrumb"},"inLanguage":"en-GB","potentialAction":[{"@type":"ReadAction","target":["https:\/\/hellasgarden.se\/hyra-stuga-nacka\/"]}]},{"@type":"BreadcrumbList","@id":"https:\/\/hellasgarden.se\/hyra-stuga-nacka\/#breadcrumb","itemListElement":[{"@type":"ListItem","position":1,"name":"Hem","item":"https:\/\/hellasgarden.se\/"},{"@type":"ListItem","position":2,"name":"Stugor"}]},{"@type":"WebSite","@id":"https:\/\/hellasgarden.se\/#website","url":"https:\/\/hellasgarden.se\/","name":"Hellasg\u00e5rden","description":"Din port till naturen","potentialAction":[{"@type":"SearchAction","target":{"@type":"EntryPoint","urlTemplate":"https:\/\/hellasgarden.se\/?s={search_term_string}"},"query-input":"required name=search_term_string"}],"inLanguage":"en-GB"}]}},"_links":{"self":[{"href":"https:\/\/hellasgarden.se\/en\/wp-json\/wp\/v2\/pages\/73"}],"collection":[{"href":"https:\/\/hellasgarden.se\/en\/wp-json\/wp\/v2\/pages"}],"about":[{"href":"https:\/\/hellasgarden.se\/en\/wp-json\/wp\/v2\/types\/page"}],"author":[{"embeddable":true,"href":"https:\/\/hellasgarden.se\/en\/wp-json\/wp\/v2\/users\/1"}],"replies":[{"embeddable":true,"href":"https:\/\/hellasgarden.se\/en\/wp-json\/wp\/v2\/comments?post=73"}],"version-history":[{"count":68,"href":"https:\/\/hellasgarden.se\/en\/wp-json\/wp\/v2\/pages\/73\/revisions"}],"predecessor-version":[{"id":46195,"href":"https:\/\/hellasgarden.se\/en\/wp-json\/wp\/v2\/pages\/73\/revisions\/46195"}],"wp:attachment":[{"href":"https:\/\/hellasgarden.se\/en\/wp-json\/wp\/v2\/media?parent=73"}],"curies":[{"name":"wp","href":"https:\/\/api.w.org\/{rel}","templated":true}]}}