{"id":63,"date":"2018-10-12T12:32:45","date_gmt":"2018-10-12T10:32:45","guid":{"rendered":"http:\/\/hellasgarden.se\/?page_id=63"},"modified":"2026-03-12T10:38:16","modified_gmt":"2026-03-12T09:38:16","slug":"oppettider-och-pris","status":"publish","type":"page","link":"https:\/\/hellasgarden.se\/en\/oppettider-och-pris\/","title":{"rendered":"Opening hours"},"content":{"rendered":"<div id=\"cs-content\" class=\"cs-content\"><\/div>","protected":false},"excerpt":{"rendered":"<p>\u00d6ppet varje dag \u00e5ret om!\u00d6ppettiderReception och aktivitetscenter Kl 8:45-21 vardagar Kl. 09:15-18 helger. Tel: 08-716 39 61 (G\u00f6r ditt knappval. Om du vill tala med receptionen v\u00e4nta 40 sekunder).\u00a0 Speciella &#8230; <\/p>\n<div><a href=\"https:\/\/hellasgarden.se\/en\/oppettider-och-pris\/\" class=\"more-link\">Read More<\/a><\/div>","protected":false},"author":1,"featured_media":0,"parent":0,"menu_order":0,"comment_status":"closed","ping_status":"closed","template":"template-blank-4.php","meta":{"_monsterinsights_skip_tracking":false,"_monsterinsights_sitenote_active":false,"_monsterinsights_sitenote_note":"","_monsterinsights_sitenote_category":0},"yoast_head":"<!-- This site is optimized with the Yoast SEO plugin v21.8.1 - https:\/\/yoast.com\/wordpress\/plugins\/seo\/ -->\n<title>\u00d6ppettider - Hellasg\u00e5rden<\/title>\n<meta name=\"robots\" content=\"index, follow, max-snippet:-1, max-image-preview:large, max-video-preview:-1\" \/>\n<link rel=\"canonical\" href=\"https:\/\/hellasgarden.se\/en\/oppettider-och-pris\/\" \/>\n<meta property=\"og:locale\" content=\"en_GB\" \/>\n<meta property=\"og:type\" content=\"article\" \/>\n<meta property=\"og:title\" content=\"\u00d6ppettider - Hellasg\u00e5rden\" \/>\n<meta property=\"og:description\" content=\"\u00d6ppet varje dag \u00e5ret om!\u00d6ppettiderReception och aktivitetscenter Kl 8:45-21 vardagar Kl. 09:15-18 helger. Tel: 08-716 39 61 (G\u00f6r ditt knappval. Om du vill tala med receptionen v\u00e4nta 40 sekunder).\u00a0 Speciella ... Read More\" \/>\n<meta property=\"og:url\" content=\"https:\/\/hellasgarden.se\/en\/oppettider-och-pris\/\" \/>\n<meta property=\"og:site_name\" content=\"Hellasg\u00e5rden\" \/>\n<meta property=\"article:modified_time\" content=\"2026-03-12T09:38:16+00:00\" \/>\n<meta name=\"twitter:card\" content=\"summary_large_image\" \/>\n<meta name=\"twitter:label1\" content=\"Estimated reading time\" \/>\n\t<meta name=\"twitter:data1\" content=\"5 minutes\" \/>\n<script type=\"application\/ld+json\" class=\"yoast-schema-graph\">{\"@context\":\"https:\/\/schema.org\",\"@graph\":[{\"@type\":\"WebPage\",\"@id\":\"https:\/\/hellasgarden.se\/oppettider-och-pris\/\",\"url\":\"https:\/\/hellasgarden.se\/oppettider-och-pris\/\",\"name\":\"\u00d6ppettider - Hellasg\u00e5rden\",\"isPartOf\":{\"@id\":\"https:\/\/hellasgarden.se\/#website\"},\"datePublished\":\"2018-10-12T10:32:45+00:00\",\"dateModified\":\"2026-03-12T09:38:16+00:00\",\"breadcrumb\":{\"@id\":\"https:\/\/hellasgarden.se\/oppettider-och-pris\/#breadcrumb\"},\"inLanguage\":\"en-GB\",\"potentialAction\":[{\"@type\":\"ReadAction\",\"target\":[\"https:\/\/hellasgarden.se\/oppettider-och-pris\/\"]}]},{\"@type\":\"BreadcrumbList\",\"@id\":\"https:\/\/hellasgarden.se\/oppettider-och-pris\/#breadcrumb\",\"itemListElement\":[{\"@type\":\"ListItem\",\"position\":1,\"name\":\"Hem\",\"item\":\"https:\/\/hellasgarden.se\/\"},{\"@type\":\"ListItem\",\"position\":2,\"name\":\"\u00d6ppettider\"}]},{\"@type\":\"WebSite\",\"@id\":\"https:\/\/hellasgarden.se\/#website\",\"url\":\"https:\/\/hellasgarden.se\/\",\"name\":\"Hellasg\u00e5rden\",\"description\":\"Din port till naturen\",\"potentialAction\":[{\"@type\":\"SearchAction\",\"target\":{\"@type\":\"EntryPoint\",\"urlTemplate\":\"https:\/\/hellasgarden.se\/?s={search_term_string}\"},\"query-input\":\"required name=search_term_string\"}],\"inLanguage\":\"en-GB\"}]}<\/script>\n<!-- \/ Yoast SEO plugin. -->","yoast_head_json":{"title":"\u00d6ppettider - Hellasg\u00e5rden","robots":{"index":"index","follow":"follow","max-snippet":"max-snippet:-1","max-image-preview":"max-image-preview:large","max-video-preview":"max-video-preview:-1"},"canonical":"https:\/\/hellasgarden.se\/en\/oppettider-och-pris\/","og_locale":"en_GB","og_type":"article","og_title":"\u00d6ppettider - Hellasg\u00e5rden","og_description":"\u00d6ppet varje dag \u00e5ret om!\u00d6ppettiderReception och aktivitetscenter Kl 8:45-21 vardagar Kl. 09:15-18 helger. Tel: 08-716 39 61 (G\u00f6r ditt knappval. Om du vill tala med receptionen v\u00e4nta 40 sekunder).\u00a0 Speciella ... Read More","og_url":"https:\/\/hellasgarden.se\/en\/oppettider-och-pris\/","og_site_name":"Hellasg\u00e5rden","article_modified_time":"2026-03-12T09:38:16+00:00","twitter_card":"summary_large_image","twitter_misc":{"Estimated reading time":"5 minutes"},"schema":{"@context":"https:\/\/schema.org","@graph":[{"@type":"WebPage","@id":"https:\/\/hellasgarden.se\/oppettider-och-pris\/","url":"https:\/\/hellasgarden.se\/oppettider-och-pris\/","name":"\u00d6ppettider - Hellasg\u00e5rden","isPartOf":{"@id":"https:\/\/hellasgarden.se\/#website"},"datePublished":"2018-10-12T10:32:45+00:00","dateModified":"2026-03-12T09:38:16+00:00","breadcrumb":{"@id":"https:\/\/hellasgarden.se\/oppettider-och-pris\/#breadcrumb"},"inLanguage":"en-GB","potentialAction":[{"@type":"ReadAction","target":["https:\/\/hellasgarden.se\/oppettider-och-pris\/"]}]},{"@type":"BreadcrumbList","@id":"https:\/\/hellasgarden.se\/oppettider-och-pris\/#breadcrumb","itemListElement":[{"@type":"ListItem","position":1,"name":"Hem","item":"https:\/\/hellasgarden.se\/"},{"@type":"ListItem","position":2,"name":"\u00d6ppettider"}]},{"@type":"WebSite","@id":"https:\/\/hellasgarden.se\/#website","url":"https:\/\/hellasgarden.se\/","name":"Hellasg\u00e5rden","description":"Din port till naturen","potentialAction":[{"@type":"SearchAction","target":{"@type":"EntryPoint","urlTemplate":"https:\/\/hellasgarden.se\/?s={search_term_string}"},"query-input":"required name=search_term_string"}],"inLanguage":"en-GB"}]}},"_links":{"self":[{"href":"https:\/\/hellasgarden.se\/en\/wp-json\/wp\/v2\/pages\/63"}],"collection":[{"href":"https:\/\/hellasgarden.se\/en\/wp-json\/wp\/v2\/pages"}],"about":[{"href":"https:\/\/hellasgarden.se\/en\/wp-json\/wp\/v2\/types\/page"}],"author":[{"embeddable":true,"href":"https:\/\/hellasgarden.se\/en\/wp-json\/wp\/v2\/users\/1"}],"replies":[{"embeddable":true,"href":"https:\/\/hellasgarden.se\/en\/wp-json\/wp\/v2\/comments?post=63"}],"version-history":[{"count":317,"href":"https:\/\/hellasgarden.se\/en\/wp-json\/wp\/v2\/pages\/63\/revisions"}],"predecessor-version":[{"id":46790,"href":"https:\/\/hellasgarden.se\/en\/wp-json\/wp\/v2\/pages\/63\/revisions\/46790"}],"wp:attachment":[{"href":"https:\/\/hellasgarden.se\/en\/wp-json\/wp\/v2\/media?parent=63"}],"curies":[{"name":"wp","href":"https:\/\/api.w.org\/{rel}","templated":true}]}}